{"id":6666,"date":"2026-03-16T14:46:39","date_gmt":"2026-03-16T14:46:39","guid":{"rendered":"https:\/\/www.vcb-paris.com\/?post_type=product&#038;p=6666"},"modified":"2026-03-16T15:14:54","modified_gmt":"2026-03-16T15:14:54","slug":"collier-perles-grande-etoile-argent","status":"publish","type":"product","link":"https:\/\/www.vcb-paris.com\/en\/product\/collier-perles-grande-etoile-argent\/","title":{"rendered":"COLLIER PERLES GRANDE ETOILE ARGENT"},"content":{"rendered":"<div class=\"elementor-element elementor-element-62f6fb37 elementor-align-left elementor-widget elementor-widget-wl-single-product-title\" data-id=\"62f6fb37\" data-element_type=\"widget\" data-widget_type=\"wl-single-product-title.default\">\n<div class=\"elementor-widget-container\">\n<p class=\"product_title entry-title\"><span style=\"font-size: 16px;\">Bijoux pour mariage<\/span><\/p>\n<\/div>\n<\/div>\n<div class=\"elementor-element elementor-element-5aa70d9 elementor-widget elementor-widget-wl-single-product-description\" data-id=\"5aa70d9\" data-element_type=\"widget\" data-widget_type=\"wl-single-product-description.default\">\n<div class=\"elementor-widget-container\">\n<div class=\"woocommerce_product_description\">\n<p><strong>Type de collier : <\/strong>Enfilage \u00e0 noeuds<br \/>\n<strong>Mesures : <\/strong>45-50 \u00a0cm<br \/>\n<strong>Type of stone :<\/strong> Perles de culture<br \/>\n<strong>Form :<\/strong> Ovales<br \/>\n<strong>Stone color :<\/strong> Blanc<br \/>\n<strong>Fermoir : <\/strong>Argent<strong><br \/>\n<\/strong><strong>Type de fil :<\/strong> Soie<strong><br \/>\n<\/strong><strong>Couleur du fil : <\/strong>Variable<br \/>\n<strong>Pendentif : <\/strong>M\u00e9daill\u00e9 en argent avec une \u00e9toile et pierre<strong><br \/>\nPierre centrale : <\/strong>Aigue-marine, diam\u00e8tre 4 mm<br \/>\n<strong>Pays de fabrication :<\/strong> France<\/p>\n<p data-start=\"110\" data-end=\"465\">Ce collier de perles de culture est une cr\u00e9ation d\u00e9licate pens\u00e9e pour accompagner les moments les plus pr\u00e9cieux. R\u00e9alis\u00e9 \u00e0 la main en France, il associe la douceur lumineuse des perles blanches \u00e0 une m\u00e9daille en argent orn\u00e9e d\u2019une \u00e9toile et d\u2019une pierre centrale en aigue-marine. \u00c9l\u00e9gant et discret, ce bijou s\u2019int\u00e8gre parfaitement \u00e0 l\u2019univers du mariage.<\/p>\n<p data-start=\"494\" data-end=\"915\">Les perles de culture ovales de petit diam\u00e8tre cr\u00e9ent un collier fin et harmonieux, id\u00e9al pour sublimer un d\u00e9collet\u00e9 sans surcharger la silhouette. La m\u00e9daille en argent, d\u00e9cor\u00e9e d\u2019une \u00e9toile et d\u2019une aigue-marine centrale, apporte une touche symbolique au bijou. Le fil de soie peut \u00eatre choisi dans diff\u00e9rentes couleurs afin de s\u2019harmoniser avec les tons de la robe, du bouquet ou de l\u2019ambiance du mariage. Ce collier est id\u00e9al pour :<\/p>\n<ul data-start=\"973\" data-end=\"1238\">\n<li data-section-id=\"dfvb9l\" data-start=\"973\" data-end=\"1031\">\n<p data-start=\"975\" data-end=\"1031\">Une <strong data-start=\"979\" data-end=\"1029\">mari\u00e9e recherchant un bijou discret et \u00e9l\u00e9gant<\/strong><\/p>\n<\/li>\n<li data-section-id=\"sgqtj8\" data-start=\"1032\" data-end=\"1102\">\n<p data-start=\"1034\" data-end=\"1102\">Des <strong data-start=\"1038\" data-end=\"1063\">demoiselles d\u2019honneur<\/strong> souhaitant porter un bijou harmonis\u00e9<\/p>\n<\/li>\n<li data-section-id=\"1nvzle2\" data-start=\"1103\" data-end=\"1172\">\n<p data-start=\"1105\" data-end=\"1172\">Celles qui appr\u00e9cient les <strong data-start=\"1131\" data-end=\"1170\">bijoux personnalisables et d\u00e9licats, fabriqu\u00e9s en France<\/strong><\/p>\n<\/li>\n<li data-section-id=\"4v00ex\" data-start=\"1173\" data-end=\"1238\">\n<p data-start=\"1175\" data-end=\"1238\">Les personnes cherchant un <strong data-start=\"1202\" data-end=\"1238\">bijou raffin\u00e9 pour une c\u00e9r\u00e9monie<\/strong><\/p>\n<\/li>\n<\/ul>\n<p data-start=\"1464\" data-end=\"1814\">Chaque collier est r\u00e9alis\u00e9 \u00e0 la main en France selon la technique traditionnelle d\u2019enfilage de perles avec n\u0153uds sur fil de soie. La m\u00e9daille en argent 925 est fabriqu\u00e9e artisanalement en collaboration avec l\u2019atelier Bloomfield, sp\u00e9cialis\u00e9 dans la cr\u00e9ation de m\u00e9dailles travaill\u00e9es \u00e0 la main. Ce savoir-faire garantit un bijou unique et personnalis\u00e9.<\/p>\n<\/div>\n<\/div>\n<\/div>","protected":false},"excerpt":{"rendered":"<p><strong>Temps d\u2019envoi :<\/strong><strong><br \/>\n<\/strong>Le temps d\u2019envoi en France m\u00e9tropolitaine est de 5 jours. Pour les envois internationaux me contacter.<br \/>\nLe collier sera emball\u00e9 avec soin dans un sac en tissu et une enveloppe renforc\u00e9e.<\/p>\n<p><strong>Follow me on the networks:<\/strong><strong><br \/>\nInstagram<\/strong>\u00a0 <a href=\"https:\/\/www.instagram.com\/veronicacyrot_bijoux\/\">@veronicacyrot_bijoux<\/a><br \/>\n<strong>Pinterest<\/strong> \u00a0\u00a0<a href=\"https:\/\/www.pinterest.fr\/veronicacyrot\/\">veronicacyrot<\/a><\/p>\n<p><strong>Order a personalized jewel :<\/strong><strong><br \/>\n<\/strong>Si vous avez toujours r\u00eavez de cr\u00e9er un bijou sur mesure pour votre Mariage qui s\u2019adapte parfaitement \u00e0 votre style, vous \u00eates arriv\u00e9 au bon endroit. N\u2019h\u00e9sitez pas \u00e0 me contacter pour avoir plus d\u2019information sur le processus de conception et de fabrication pour votre nouveau bijou. <a href=\"https:\/\/www.vcb-paris.com\/en\/contact\/\"><strong>Here<\/strong><\/a><\/p>\n<p>&nbsp;<\/p>","protected":false},"featured_media":6619,"template":"","meta":{"inline_featured_image":false,"site-sidebar-layout":"default","site-content-layout":"","ast-site-content-layout":"default","site-content-style":"default","site-sidebar-style":"default","ast-global-header-display":"","ast-banner-title-visibility":"","ast-main-header-display":"","ast-hfb-above-header-display":"","ast-hfb-below-header-display":"","ast-hfb-mobile-header-display":"","site-post-title":"","ast-breadcrumbs-content":"","ast-featured-img":"","footer-sml-layout":"","theme-transparent-header-meta":"default","adv-header-id-meta":"","stick-header-meta":"","header-above-stick-meta":"","header-main-stick-meta":"","header-below-stick-meta":"","astra-migrate-meta-layouts":"set","ast-page-background-enabled":"default","ast-page-background-meta":{"desktop":{"background-color":"var(--ast-global-color-4)","background-image":"","background-repeat":"repeat","background-position":"center center","background-size":"auto","background-attachment":"scroll","background-type":"","background-media":"","overlay-type":"","overlay-color":"","overlay-opacity":"","overlay-gradient":""},"tablet":{"background-color":"","background-image":"","background-repeat":"repeat","background-position":"center center","background-size":"auto","background-attachment":"scroll","background-type":"","background-media":"","overlay-type":"","overlay-color":"","overlay-opacity":"","overlay-gradient":""},"mobile":{"background-color":"","background-image":"","background-repeat":"repeat","background-position":"center center","background-size":"auto","background-attachment":"scroll","background-type":"","background-media":"","overlay-type":"","overlay-color":"","overlay-opacity":"","overlay-gradient":""}},"ast-content-background-meta":{"desktop":{"background-color":"var(--ast-global-color-5)","background-image":"","background-repeat":"repeat","background-position":"center center","background-size":"auto","background-attachment":"scroll","background-type":"","background-media":"","overlay-type":"","overlay-color":"","overlay-opacity":"","overlay-gradient":""},"tablet":{"background-color":"var(--ast-global-color-5)","background-image":"","background-repeat":"repeat","background-position":"center center","background-size":"auto","background-attachment":"scroll","background-type":"","background-media":"","overlay-type":"","overlay-color":"","overlay-opacity":"","overlay-gradient":""},"mobile":{"background-color":"var(--ast-global-color-5)","background-image":"","background-repeat":"repeat","background-position":"center center","background-size":"auto","background-attachment":"scroll","background-type":"","background-media":"","overlay-type":"","overlay-color":"","overlay-opacity":"","overlay-gradient":""}}},"product_brand":[],"product_cat":[41,68,59,67,70],"product_tag":[62,61],"class_list":{"0":"post-6666","1":"product","2":"type-product","3":"status-publish","4":"has-post-thumbnail","6":"product_cat-collier","7":"product_cat-marriage","8":"product_cat-perles","9":"product_cat-perles-de-culture","10":"product_cat-saint-valentin","11":"product_tag-collier","12":"product_tag-pierres","13":"desktop-align-center","14":"tablet-align-left","15":"mobile-align-left","17":"first","18":"instock","19":"shipping-taxable","20":"purchasable","21":"product-type-simple"},"yoast_head":"<!-- This site is optimized with the Yoast SEO plugin v26.5 - https:\/\/yoast.com\/wordpress\/plugins\/seo\/ -->\n<title>COLLIER PERLES GRANDE ETOILE ARGENT - VERONICA CYROT<\/title>\n<meta name=\"robots\" content=\"index, follow, max-snippet:-1, max-image-preview:large, max-video-preview:-1\" \/>\n<link rel=\"canonical\" href=\"https:\/\/www.vcb-paris.com\/en\/product\/collier-perles-grande-etoile-argent\/\" \/>\n<meta property=\"og:locale\" content=\"en_US\" \/>\n<meta property=\"og:type\" content=\"article\" \/>\n<meta property=\"og:title\" content=\"COLLIER PERLES GRANDE ETOILE ARGENT - VERONICA CYROT\" \/>\n<meta property=\"og:description\" content=\"Temps d\u2019envoi : Le temps d\u2019envoi en France m\u00e9tropolitaine est de 5 jours. Pour les envois internationaux me contacter. Le collier sera emball\u00e9 avec soin dans un sac en tissu et une enveloppe renforc\u00e9e.  Suivez-moi sur les r\u00e9seaux : Instagram\u00a0 @veronicacyrot_bijoux Pinterest \u00a0\u00a0veronicacyrot  Commander un Bijou personnalis\u00e9 : Si vous avez toujours r\u00eavez de cr\u00e9er un bijou sur mesure pour votre Mariage qui s\u2019adapte parfaitement \u00e0 votre style, vous \u00eates arriv\u00e9 au bon endroit. N\u2019h\u00e9sitez pas \u00e0 me contacter pour avoir plus d\u2019information sur le processus de conception et de fabrication pour votre nouveau bijou. Ici  &nbsp;\" \/>\n<meta property=\"og:url\" content=\"https:\/\/www.vcb-paris.com\/en\/product\/collier-perles-grande-etoile-argent\/\" \/>\n<meta property=\"og:site_name\" content=\"VERONICA CYROT\" \/>\n<meta property=\"article:publisher\" content=\"https:\/\/www.facebook.com\/veronicacyrotbijoux\" \/>\n<meta property=\"article:modified_time\" content=\"2026-03-16T15:14:54+00:00\" \/>\n<meta property=\"og:image\" content=\"https:\/\/www.vcb-paris.com\/wp-content\/uploads\/2026\/03\/COLLIERS_PERLES_NATURELLES_DEMOISSELLES_MARIEE.jpg\" \/>\n\t<meta property=\"og:image:width\" content=\"1080\" \/>\n\t<meta property=\"og:image:height\" content=\"1080\" \/>\n\t<meta property=\"og:image:type\" content=\"image\/jpeg\" \/>\n<meta name=\"twitter:card\" content=\"summary_large_image\" \/>\n<meta name=\"twitter:label1\" content=\"Est. reading time\" \/>\n\t<meta name=\"twitter:data1\" content=\"2 minutes\" \/>\n<script type=\"application\/ld+json\" class=\"yoast-schema-graph\">{\"@context\":\"https:\/\/schema.org\",\"@graph\":[{\"@type\":\"WebPage\",\"@id\":\"https:\/\/www.vcb-paris.com\/produit\/collier-perles-grande-etoile-argent\/\",\"url\":\"https:\/\/www.vcb-paris.com\/produit\/collier-perles-grande-etoile-argent\/\",\"name\":\"COLLIER PERLES GRANDE ETOILE ARGENT - VERONICA CYROT\",\"isPartOf\":{\"@id\":\"https:\/\/www.vcb-paris.com\/#website\"},\"primaryImageOfPage\":{\"@id\":\"https:\/\/www.vcb-paris.com\/produit\/collier-perles-grande-etoile-argent\/#primaryimage\"},\"image\":{\"@id\":\"https:\/\/www.vcb-paris.com\/produit\/collier-perles-grande-etoile-argent\/#primaryimage\"},\"thumbnailUrl\":\"https:\/\/www.vcb-paris.com\/wp-content\/uploads\/2026\/03\/COLLIERS_PERLES_NATURELLES_DEMOISSELLES_MARIEE.jpg\",\"datePublished\":\"2026-03-16T14:46:39+00:00\",\"dateModified\":\"2026-03-16T15:14:54+00:00\",\"breadcrumb\":{\"@id\":\"https:\/\/www.vcb-paris.com\/produit\/collier-perles-grande-etoile-argent\/#breadcrumb\"},\"inLanguage\":\"en-US\",\"potentialAction\":[{\"@type\":\"ReadAction\",\"target\":[\"https:\/\/www.vcb-paris.com\/produit\/collier-perles-grande-etoile-argent\/\"]}]},{\"@type\":\"ImageObject\",\"inLanguage\":\"en-US\",\"@id\":\"https:\/\/www.vcb-paris.com\/produit\/collier-perles-grande-etoile-argent\/#primaryimage\",\"url\":\"https:\/\/www.vcb-paris.com\/wp-content\/uploads\/2026\/03\/COLLIERS_PERLES_NATURELLES_DEMOISSELLES_MARIEE.jpg\",\"contentUrl\":\"https:\/\/www.vcb-paris.com\/wp-content\/uploads\/2026\/03\/COLLIERS_PERLES_NATURELLES_DEMOISSELLES_MARIEE.jpg\",\"width\":1080,\"height\":1080,\"caption\":\"colliers perles enfilage \u00e9toile demoisselles mari\u00e9es argent\"},{\"@type\":\"BreadcrumbList\",\"@id\":\"https:\/\/www.vcb-paris.com\/produit\/collier-perles-grande-etoile-argent\/#breadcrumb\",\"itemListElement\":[{\"@type\":\"ListItem\",\"position\":1,\"name\":\"Accueil\",\"item\":\"https:\/\/www.vcb-paris.com\/\"},{\"@type\":\"ListItem\",\"position\":2,\"name\":\"Products\",\"item\":\"https:\/\/www.vcb-paris.com\/en\/boutique__trashed\/\"},{\"@type\":\"ListItem\",\"position\":3,\"name\":\"COLLIER PERLES GRANDE ETOILE ARGENT\"}]},{\"@type\":\"WebSite\",\"@id\":\"https:\/\/www.vcb-paris.com\/#website\",\"url\":\"https:\/\/www.vcb-paris.com\/\",\"name\":\"VERONICA CYROT BIJOUX\",\"description\":\"Une id\u00e9e, un dessin, un bijou.\",\"publisher\":{\"@id\":\"https:\/\/www.vcb-paris.com\/#organization\"},\"potentialAction\":[{\"@type\":\"SearchAction\",\"target\":{\"@type\":\"EntryPoint\",\"urlTemplate\":\"https:\/\/www.vcb-paris.com\/?s={search_term_string}\"},\"query-input\":{\"@type\":\"PropertyValueSpecification\",\"valueRequired\":true,\"valueName\":\"search_term_string\"}}],\"inLanguage\":\"en-US\"},{\"@type\":\"Organization\",\"@id\":\"https:\/\/www.vcb-paris.com\/#organization\",\"name\":\"VERONICA CYROT BIJOUX\",\"url\":\"https:\/\/www.vcb-paris.com\/\",\"logo\":{\"@type\":\"ImageObject\",\"inLanguage\":\"en-US\",\"@id\":\"https:\/\/www.vcb-paris.com\/#\/schema\/logo\/image\/\",\"url\":\"https:\/\/www.vcb-paris.com\/wp-content\/uploads\/2022\/09\/Logo-Veronica-Cyrot-Bijoux.svg\",\"contentUrl\":\"https:\/\/www.vcb-paris.com\/wp-content\/uploads\/2022\/09\/Logo-Veronica-Cyrot-Bijoux.svg\",\"width\":160,\"height\":160,\"caption\":\"VERONICA CYROT BIJOUX\"},\"image\":{\"@id\":\"https:\/\/www.vcb-paris.com\/#\/schema\/logo\/image\/\"},\"sameAs\":[\"https:\/\/www.facebook.com\/veronicacyrotbijoux\",\"https:\/\/www.instagram.com\/veronicacyrot_bijoux\/\",\"https:\/\/www.pinterest.fr\/veronicacyrot\/\"]}]}<\/script>\n<!-- \/ Yoast SEO plugin. -->","yoast_head_json":{"title":"COLLIER PERLES GRANDE ETOILE ARGENT - VERONICA CYROT","robots":{"index":"index","follow":"follow","max-snippet":"max-snippet:-1","max-image-preview":"max-image-preview:large","max-video-preview":"max-video-preview:-1"},"canonical":"https:\/\/www.vcb-paris.com\/en\/product\/collier-perles-grande-etoile-argent\/","og_locale":"en_US","og_type":"article","og_title":"COLLIER PERLES GRANDE ETOILE ARGENT - VERONICA CYROT","og_description":"Temps d\u2019envoi : Le temps d\u2019envoi en France m\u00e9tropolitaine est de 5 jours. Pour les envois internationaux me contacter. Le collier sera emball\u00e9 avec soin dans un sac en tissu et une enveloppe renforc\u00e9e.  Suivez-moi sur les r\u00e9seaux : Instagram\u00a0 @veronicacyrot_bijoux Pinterest \u00a0\u00a0veronicacyrot  Commander un Bijou personnalis\u00e9 : Si vous avez toujours r\u00eavez de cr\u00e9er un bijou sur mesure pour votre Mariage qui s\u2019adapte parfaitement \u00e0 votre style, vous \u00eates arriv\u00e9 au bon endroit. N\u2019h\u00e9sitez pas \u00e0 me contacter pour avoir plus d\u2019information sur le processus de conception et de fabrication pour votre nouveau bijou. Ici  &nbsp;","og_url":"https:\/\/www.vcb-paris.com\/en\/product\/collier-perles-grande-etoile-argent\/","og_site_name":"VERONICA CYROT","article_publisher":"https:\/\/www.facebook.com\/veronicacyrotbijoux","article_modified_time":"2026-03-16T15:14:54+00:00","og_image":[{"width":1080,"height":1080,"url":"https:\/\/www.vcb-paris.com\/wp-content\/uploads\/2026\/03\/COLLIERS_PERLES_NATURELLES_DEMOISSELLES_MARIEE.jpg","type":"image\/jpeg"}],"twitter_card":"summary_large_image","twitter_misc":{"Est. reading time":"2 minutes"},"schema":{"@context":"https:\/\/schema.org","@graph":[{"@type":"WebPage","@id":"https:\/\/www.vcb-paris.com\/produit\/collier-perles-grande-etoile-argent\/","url":"https:\/\/www.vcb-paris.com\/produit\/collier-perles-grande-etoile-argent\/","name":"COLLIER PERLES GRANDE ETOILE ARGENT - VERONICA CYROT","isPartOf":{"@id":"https:\/\/www.vcb-paris.com\/#website"},"primaryImageOfPage":{"@id":"https:\/\/www.vcb-paris.com\/produit\/collier-perles-grande-etoile-argent\/#primaryimage"},"image":{"@id":"https:\/\/www.vcb-paris.com\/produit\/collier-perles-grande-etoile-argent\/#primaryimage"},"thumbnailUrl":"https:\/\/www.vcb-paris.com\/wp-content\/uploads\/2026\/03\/COLLIERS_PERLES_NATURELLES_DEMOISSELLES_MARIEE.jpg","datePublished":"2026-03-16T14:46:39+00:00","dateModified":"2026-03-16T15:14:54+00:00","breadcrumb":{"@id":"https:\/\/www.vcb-paris.com\/produit\/collier-perles-grande-etoile-argent\/#breadcrumb"},"inLanguage":"en-US","potentialAction":[{"@type":"ReadAction","target":["https:\/\/www.vcb-paris.com\/produit\/collier-perles-grande-etoile-argent\/"]}]},{"@type":"ImageObject","inLanguage":"en-US","@id":"https:\/\/www.vcb-paris.com\/produit\/collier-perles-grande-etoile-argent\/#primaryimage","url":"https:\/\/www.vcb-paris.com\/wp-content\/uploads\/2026\/03\/COLLIERS_PERLES_NATURELLES_DEMOISSELLES_MARIEE.jpg","contentUrl":"https:\/\/www.vcb-paris.com\/wp-content\/uploads\/2026\/03\/COLLIERS_PERLES_NATURELLES_DEMOISSELLES_MARIEE.jpg","width":1080,"height":1080,"caption":"colliers perles enfilage \u00e9toile demoisselles mari\u00e9es argent"},{"@type":"BreadcrumbList","@id":"https:\/\/www.vcb-paris.com\/produit\/collier-perles-grande-etoile-argent\/#breadcrumb","itemListElement":[{"@type":"ListItem","position":1,"name":"Accueil","item":"https:\/\/www.vcb-paris.com\/"},{"@type":"ListItem","position":2,"name":"Products","item":"https:\/\/www.vcb-paris.com\/en\/boutique__trashed\/"},{"@type":"ListItem","position":3,"name":"COLLIER PERLES GRANDE ETOILE ARGENT"}]},{"@type":"WebSite","@id":"https:\/\/www.vcb-paris.com\/#website","url":"https:\/\/www.vcb-paris.com\/","name":"VERONICA CYROT BIJOUX","description":"Une id\u00e9e, un dessin, un bijou.","publisher":{"@id":"https:\/\/www.vcb-paris.com\/#organization"},"potentialAction":[{"@type":"SearchAction","target":{"@type":"EntryPoint","urlTemplate":"https:\/\/www.vcb-paris.com\/?s={search_term_string}"},"query-input":{"@type":"PropertyValueSpecification","valueRequired":true,"valueName":"search_term_string"}}],"inLanguage":"en-US"},{"@type":"Organization","@id":"https:\/\/www.vcb-paris.com\/#organization","name":"VERONICA CYROT BIJOUX","url":"https:\/\/www.vcb-paris.com\/","logo":{"@type":"ImageObject","inLanguage":"en-US","@id":"https:\/\/www.vcb-paris.com\/#\/schema\/logo\/image\/","url":"https:\/\/www.vcb-paris.com\/wp-content\/uploads\/2022\/09\/Logo-Veronica-Cyrot-Bijoux.svg","contentUrl":"https:\/\/www.vcb-paris.com\/wp-content\/uploads\/2022\/09\/Logo-Veronica-Cyrot-Bijoux.svg","width":160,"height":160,"caption":"VERONICA CYROT BIJOUX"},"image":{"@id":"https:\/\/www.vcb-paris.com\/#\/schema\/logo\/image\/"},"sameAs":["https:\/\/www.facebook.com\/veronicacyrotbijoux","https:\/\/www.instagram.com\/veronicacyrot_bijoux\/","https:\/\/www.pinterest.fr\/veronicacyrot\/"]}]}},"_links":{"self":[{"href":"https:\/\/www.vcb-paris.com\/en\/wp-json\/wp\/v2\/product\/6666","targetHints":{"allow":["GET"]}}],"collection":[{"href":"https:\/\/www.vcb-paris.com\/en\/wp-json\/wp\/v2\/product"}],"about":[{"href":"https:\/\/www.vcb-paris.com\/en\/wp-json\/wp\/v2\/types\/product"}],"wp:featuredmedia":[{"embeddable":true,"href":"https:\/\/www.vcb-paris.com\/en\/wp-json\/wp\/v2\/media\/6619"}],"wp:attachment":[{"href":"https:\/\/www.vcb-paris.com\/en\/wp-json\/wp\/v2\/media?parent=6666"}],"wp:term":[{"taxonomy":"product_brand","embeddable":true,"href":"https:\/\/www.vcb-paris.com\/en\/wp-json\/wp\/v2\/product_brand?post=6666"},{"taxonomy":"product_cat","embeddable":true,"href":"https:\/\/www.vcb-paris.com\/en\/wp-json\/wp\/v2\/product_cat?post=6666"},{"taxonomy":"product_tag","embeddable":true,"href":"https:\/\/www.vcb-paris.com\/en\/wp-json\/wp\/v2\/product_tag?post=6666"}],"curies":[{"name":"wp","href":"https:\/\/api.w.org\/{rel}","templated":true}]}}