{"id":6489,"date":"2026-02-11T14:31:52","date_gmt":"2026-02-11T14:31:52","guid":{"rendered":"https:\/\/www.vcb-paris.com\/?post_type=product&#038;p=6489"},"modified":"2026-02-11T14:33:02","modified_gmt":"2026-02-11T14:33:02","slug":"collier-tigre-fluorite-vert","status":"publish","type":"product","link":"https:\/\/www.vcb-paris.com\/en\/product\/collier-tigre-fluorite-vert\/","title":{"rendered":"COLLIER TIGRE FLUORITE VERT"},"content":{"rendered":"<p><strong style=\"font-weight: 400;\">Mesures :\u00a0<\/strong>42 cm<br \/>\n<strong style=\"font-weight: 400;\">Type de pierre :<\/strong> Fluorite<br \/>\n<strong style=\"font-weight: 400;\">Form :<\/strong> Donuts<br \/>\n<strong style=\"font-weight: 400;\">Stone color :<\/strong> Vert claire<br \/>\n<strong style=\"font-weight: 400;\">Diametre de la pierre :<\/strong> Variable<strong style=\"font-weight: 400;\"><br \/>\nPendentif :\u00a0<\/strong>M\u00e9daill\u00e9 Tigre, dor\u00e9<strong><br \/>\n<span style=\"font-weight: 400;\"><strong>Fermoir :<\/strong>\u00a0<\/span><\/strong>Dor\u00e9<strong style=\"font-weight: 400;\"><br \/>\nType de collier : <\/strong>Chaine dor\u00e9<strong style=\"font-weight: 400;\"><br \/>\nType de fil :<\/strong> Cable<strong style=\"font-weight: 400;\"><br \/>\n<\/strong><strong style=\"font-weight: 400;\">Pays de fabrication :<\/strong>\u00a0France<\/p>\n<p style=\"font-weight: 400;\">D\u00e9marquez vous avec ce collier fabriqu\u00e9 en France avec des pierres de fluorite vert clair, 100% naturelles. Donnez une touche de caract\u00e8re a vos tenue du quotidien et pr\u00e9parez vous pour le porter sans h\u00e9sitation tout au long du printemps et l&rsquo;\u00e9t\u00e9.<\/p>\n<p style=\"font-weight: 400;\">","protected":false},"excerpt":{"rendered":"<div>\n<p><strong>Temps d\u2019envoi :<\/strong><b><br \/>\n<\/b>Le temps d\u2019envoi en France m\u00e9tropolitaine est de 5 jours. Pour les envois internationaux, me contacter.<br \/>\nLe collier sera emball\u00e9 avec soin dans une boite et une enveloppe renforc\u00e9e.<\/p>\n<\/div>\n<div>\n<p><strong>Follow me on the networks:<\/strong><b><br \/>\n<strong>Instagram<\/strong><\/b>\u00a0<span class=\"apple-converted-space\">\u00a0<\/span><a href=\"https:\/\/www.instagram.com\/veronicacyrot_bijoux\/\">@veronicacyrot_bijoux<\/a><br \/>\n<strong>Pinterest<\/strong><span class=\"apple-converted-space\">\u00a0<\/span>\u00a0\u00a0<a href=\"https:\/\/www.pinterest.fr\/veronicacyrot\/\">veronicacyrot<\/a><\/p>\n<\/div>\n<div>\n<p><strong>Order a personalized jewel :<\/strong><b><br \/>\n<\/b>Si vous avez toujours r\u00eavez de cr\u00e9er un bijou sur mesure pour votre Mariage qui s\u2019adapte parfaitement \u00e0 votre style, vous \u00eates arriv\u00e9 au bon endroit. N\u2019h\u00e9sitez pas \u00e0 me contacter pour avoir plus d\u2019information sur le processus de conception et de fabrication pour votre nouveau bijou.<span class=\"apple-converted-space\">\u00a0<\/span><a href=\"https:\/\/www.vcb-paris.com\/en\/contact\/\"><strong>Here<\/strong><\/a><\/p>\n<\/div>","protected":false},"featured_media":6468,"template":"","meta":{"inline_featured_image":false,"site-sidebar-layout":"default","site-content-layout":"","ast-site-content-layout":"default","site-content-style":"default","site-sidebar-style":"default","ast-global-header-display":"","ast-banner-title-visibility":"","ast-main-header-display":"","ast-hfb-above-header-display":"","ast-hfb-below-header-display":"","ast-hfb-mobile-header-display":"","site-post-title":"","ast-breadcrumbs-content":"","ast-featured-img":"","footer-sml-layout":"","theme-transparent-header-meta":"default","adv-header-id-meta":"","stick-header-meta":"","header-above-stick-meta":"","header-main-stick-meta":"","header-below-stick-meta":"","astra-migrate-meta-layouts":"set","ast-page-background-enabled":"default","ast-page-background-meta":{"desktop":{"background-color":"var(--ast-global-color-4)","background-image":"","background-repeat":"repeat","background-position":"center center","background-size":"auto","background-attachment":"scroll","background-type":"","background-media":"","overlay-type":"","overlay-color":"","overlay-opacity":"","overlay-gradient":""},"tablet":{"background-color":"","background-image":"","background-repeat":"repeat","background-position":"center center","background-size":"auto","background-attachment":"scroll","background-type":"","background-media":"","overlay-type":"","overlay-color":"","overlay-opacity":"","overlay-gradient":""},"mobile":{"background-color":"","background-image":"","background-repeat":"repeat","background-position":"center center","background-size":"auto","background-attachment":"scroll","background-type":"","background-media":"","overlay-type":"","overlay-color":"","overlay-opacity":"","overlay-gradient":""}},"ast-content-background-meta":{"desktop":{"background-color":"var(--ast-global-color-5)","background-image":"","background-repeat":"repeat","background-position":"center center","background-size":"auto","background-attachment":"scroll","background-type":"","background-media":"","overlay-type":"","overlay-color":"","overlay-opacity":"","overlay-gradient":""},"tablet":{"background-color":"var(--ast-global-color-5)","background-image":"","background-repeat":"repeat","background-position":"center center","background-size":"auto","background-attachment":"scroll","background-type":"","background-media":"","overlay-type":"","overlay-color":"","overlay-opacity":"","overlay-gradient":""},"mobile":{"background-color":"var(--ast-global-color-5)","background-image":"","background-repeat":"repeat","background-position":"center center","background-size":"auto","background-attachment":"scroll","background-type":"","background-media":"","overlay-type":"","overlay-color":"","overlay-opacity":"","overlay-gradient":""}}},"product_brand":[],"product_cat":[41,25,60],"product_tag":[],"class_list":{"0":"post-6489","1":"product","2":"type-product","3":"status-publish","4":"has-post-thumbnail","6":"product_cat-collier","7":"product_cat-non-classe","8":"product_cat-pierres-naturelles","9":"desktop-align-center","10":"tablet-align-left","11":"mobile-align-left","13":"first","14":"instock","15":"shipping-taxable","16":"purchasable","17":"product-type-simple"},"yoast_head":"<!-- This site is optimized with the Yoast SEO plugin v26.5 - https:\/\/yoast.com\/wordpress\/plugins\/seo\/ -->\n<title>COLLIER TIGRE FLUORITE VERT - VERONICA CYROT<\/title>\n<meta name=\"robots\" content=\"index, follow, max-snippet:-1, max-image-preview:large, max-video-preview:-1\" \/>\n<link rel=\"canonical\" href=\"https:\/\/www.vcb-paris.com\/en\/product\/collier-tigre-fluorite-vert\/\" \/>\n<meta property=\"og:locale\" content=\"en_US\" \/>\n<meta property=\"og:type\" content=\"article\" \/>\n<meta property=\"og:title\" content=\"COLLIER TIGRE FLUORITE VERT - VERONICA CYROT\" \/>\n<meta property=\"og:description\" content=\"Temps d\u2019envoi : Le temps d\u2019envoi en France m\u00e9tropolitaine est de 5 jours. Pour les envois internationaux, me contacter. Le collier sera emball\u00e9 avec soin dans une boite et une enveloppe renforc\u00e9e.     Suivez-moi sur les r\u00e9seaux : Instagram\u00a0\u00a0@veronicacyrot_bijoux Pinterest\u00a0\u00a0\u00a0veronicacyrot     Commander un Bijou personnalis\u00e9 : Si vous avez toujours r\u00eavez de cr\u00e9er un bijou sur mesure pour votre Mariage qui s\u2019adapte parfaitement \u00e0 votre style, vous \u00eates arriv\u00e9 au bon endroit. N\u2019h\u00e9sitez pas \u00e0 me contacter pour avoir plus d\u2019information sur le processus de conception et de fabrication pour votre nouveau bijou.\u00a0Ici\" \/>\n<meta property=\"og:url\" content=\"https:\/\/www.vcb-paris.com\/en\/product\/collier-tigre-fluorite-vert\/\" \/>\n<meta property=\"og:site_name\" content=\"VERONICA CYROT\" \/>\n<meta property=\"article:publisher\" content=\"https:\/\/www.facebook.com\/veronicacyrotbijoux\" \/>\n<meta property=\"article:modified_time\" content=\"2026-02-11T14:33:02+00:00\" \/>\n<meta property=\"og:image\" content=\"https:\/\/www.vcb-paris.com\/wp-content\/uploads\/2026\/02\/COLLIER-TIGRE-FLUORITE-VCB-PARIS.jpg\" \/>\n\t<meta property=\"og:image:width\" content=\"1024\" \/>\n\t<meta property=\"og:image:height\" content=\"1024\" \/>\n\t<meta property=\"og:image:type\" content=\"image\/jpeg\" \/>\n<meta name=\"twitter:card\" content=\"summary_large_image\" \/>\n<meta name=\"twitter:label1\" content=\"Est. reading time\" \/>\n\t<meta name=\"twitter:data1\" content=\"1 minute\" \/>\n<script type=\"application\/ld+json\" class=\"yoast-schema-graph\">{\"@context\":\"https:\/\/schema.org\",\"@graph\":[{\"@type\":\"WebPage\",\"@id\":\"https:\/\/www.vcb-paris.com\/produit\/collier-tigre-fluorite-vert\/\",\"url\":\"https:\/\/www.vcb-paris.com\/produit\/collier-tigre-fluorite-vert\/\",\"name\":\"COLLIER TIGRE FLUORITE VERT - VERONICA CYROT\",\"isPartOf\":{\"@id\":\"https:\/\/www.vcb-paris.com\/#website\"},\"primaryImageOfPage\":{\"@id\":\"https:\/\/www.vcb-paris.com\/produit\/collier-tigre-fluorite-vert\/#primaryimage\"},\"image\":{\"@id\":\"https:\/\/www.vcb-paris.com\/produit\/collier-tigre-fluorite-vert\/#primaryimage\"},\"thumbnailUrl\":\"https:\/\/www.vcb-paris.com\/wp-content\/uploads\/2026\/02\/COLLIER-TIGRE-FLUORITE-VCB-PARIS.jpg\",\"datePublished\":\"2026-02-11T14:31:52+00:00\",\"dateModified\":\"2026-02-11T14:33:02+00:00\",\"breadcrumb\":{\"@id\":\"https:\/\/www.vcb-paris.com\/produit\/collier-tigre-fluorite-vert\/#breadcrumb\"},\"inLanguage\":\"en-US\",\"potentialAction\":[{\"@type\":\"ReadAction\",\"target\":[\"https:\/\/www.vcb-paris.com\/produit\/collier-tigre-fluorite-vert\/\"]}]},{\"@type\":\"ImageObject\",\"inLanguage\":\"en-US\",\"@id\":\"https:\/\/www.vcb-paris.com\/produit\/collier-tigre-fluorite-vert\/#primaryimage\",\"url\":\"https:\/\/www.vcb-paris.com\/wp-content\/uploads\/2026\/02\/COLLIER-TIGRE-FLUORITE-VCB-PARIS.jpg\",\"contentUrl\":\"https:\/\/www.vcb-paris.com\/wp-content\/uploads\/2026\/02\/COLLIER-TIGRE-FLUORITE-VCB-PARIS.jpg\",\"width\":1024,\"height\":1024,\"caption\":\"collier tigre fluorite femme pierre naturelle\"},{\"@type\":\"BreadcrumbList\",\"@id\":\"https:\/\/www.vcb-paris.com\/produit\/collier-tigre-fluorite-vert\/#breadcrumb\",\"itemListElement\":[{\"@type\":\"ListItem\",\"position\":1,\"name\":\"Accueil\",\"item\":\"https:\/\/www.vcb-paris.com\/\"},{\"@type\":\"ListItem\",\"position\":2,\"name\":\"Products\",\"item\":\"https:\/\/www.vcb-paris.com\/en\/boutique__trashed\/\"},{\"@type\":\"ListItem\",\"position\":3,\"name\":\"COLLIER TIGRE FLUORITE VERT\"}]},{\"@type\":\"WebSite\",\"@id\":\"https:\/\/www.vcb-paris.com\/#website\",\"url\":\"https:\/\/www.vcb-paris.com\/\",\"name\":\"VERONICA CYROT BIJOUX\",\"description\":\"Une id\u00e9e, un dessin, un bijou.\",\"publisher\":{\"@id\":\"https:\/\/www.vcb-paris.com\/#organization\"},\"potentialAction\":[{\"@type\":\"SearchAction\",\"target\":{\"@type\":\"EntryPoint\",\"urlTemplate\":\"https:\/\/www.vcb-paris.com\/?s={search_term_string}\"},\"query-input\":{\"@type\":\"PropertyValueSpecification\",\"valueRequired\":true,\"valueName\":\"search_term_string\"}}],\"inLanguage\":\"en-US\"},{\"@type\":\"Organization\",\"@id\":\"https:\/\/www.vcb-paris.com\/#organization\",\"name\":\"VERONICA CYROT BIJOUX\",\"url\":\"https:\/\/www.vcb-paris.com\/\",\"logo\":{\"@type\":\"ImageObject\",\"inLanguage\":\"en-US\",\"@id\":\"https:\/\/www.vcb-paris.com\/#\/schema\/logo\/image\/\",\"url\":\"https:\/\/www.vcb-paris.com\/wp-content\/uploads\/2022\/09\/Logo-Veronica-Cyrot-Bijoux.svg\",\"contentUrl\":\"https:\/\/www.vcb-paris.com\/wp-content\/uploads\/2022\/09\/Logo-Veronica-Cyrot-Bijoux.svg\",\"width\":160,\"height\":160,\"caption\":\"VERONICA CYROT BIJOUX\"},\"image\":{\"@id\":\"https:\/\/www.vcb-paris.com\/#\/schema\/logo\/image\/\"},\"sameAs\":[\"https:\/\/www.facebook.com\/veronicacyrotbijoux\",\"https:\/\/www.instagram.com\/veronicacyrot_bijoux\/\",\"https:\/\/www.pinterest.fr\/veronicacyrot\/\"]}]}<\/script>\n<!-- \/ Yoast SEO plugin. -->","yoast_head_json":{"title":"COLLIER TIGRE FLUORITE VERT - VERONICA CYROT","robots":{"index":"index","follow":"follow","max-snippet":"max-snippet:-1","max-image-preview":"max-image-preview:large","max-video-preview":"max-video-preview:-1"},"canonical":"https:\/\/www.vcb-paris.com\/en\/product\/collier-tigre-fluorite-vert\/","og_locale":"en_US","og_type":"article","og_title":"COLLIER TIGRE FLUORITE VERT - VERONICA CYROT","og_description":"Temps d\u2019envoi : Le temps d\u2019envoi en France m\u00e9tropolitaine est de 5 jours. Pour les envois internationaux, me contacter. Le collier sera emball\u00e9 avec soin dans une boite et une enveloppe renforc\u00e9e.     Suivez-moi sur les r\u00e9seaux : Instagram\u00a0\u00a0@veronicacyrot_bijoux Pinterest\u00a0\u00a0\u00a0veronicacyrot     Commander un Bijou personnalis\u00e9 : Si vous avez toujours r\u00eavez de cr\u00e9er un bijou sur mesure pour votre Mariage qui s\u2019adapte parfaitement \u00e0 votre style, vous \u00eates arriv\u00e9 au bon endroit. N\u2019h\u00e9sitez pas \u00e0 me contacter pour avoir plus d\u2019information sur le processus de conception et de fabrication pour votre nouveau bijou.\u00a0Ici","og_url":"https:\/\/www.vcb-paris.com\/en\/product\/collier-tigre-fluorite-vert\/","og_site_name":"VERONICA CYROT","article_publisher":"https:\/\/www.facebook.com\/veronicacyrotbijoux","article_modified_time":"2026-02-11T14:33:02+00:00","og_image":[{"width":1024,"height":1024,"url":"https:\/\/www.vcb-paris.com\/wp-content\/uploads\/2026\/02\/COLLIER-TIGRE-FLUORITE-VCB-PARIS.jpg","type":"image\/jpeg"}],"twitter_card":"summary_large_image","twitter_misc":{"Est. reading time":"1 minute"},"schema":{"@context":"https:\/\/schema.org","@graph":[{"@type":"WebPage","@id":"https:\/\/www.vcb-paris.com\/produit\/collier-tigre-fluorite-vert\/","url":"https:\/\/www.vcb-paris.com\/produit\/collier-tigre-fluorite-vert\/","name":"COLLIER TIGRE FLUORITE VERT - VERONICA CYROT","isPartOf":{"@id":"https:\/\/www.vcb-paris.com\/#website"},"primaryImageOfPage":{"@id":"https:\/\/www.vcb-paris.com\/produit\/collier-tigre-fluorite-vert\/#primaryimage"},"image":{"@id":"https:\/\/www.vcb-paris.com\/produit\/collier-tigre-fluorite-vert\/#primaryimage"},"thumbnailUrl":"https:\/\/www.vcb-paris.com\/wp-content\/uploads\/2026\/02\/COLLIER-TIGRE-FLUORITE-VCB-PARIS.jpg","datePublished":"2026-02-11T14:31:52+00:00","dateModified":"2026-02-11T14:33:02+00:00","breadcrumb":{"@id":"https:\/\/www.vcb-paris.com\/produit\/collier-tigre-fluorite-vert\/#breadcrumb"},"inLanguage":"en-US","potentialAction":[{"@type":"ReadAction","target":["https:\/\/www.vcb-paris.com\/produit\/collier-tigre-fluorite-vert\/"]}]},{"@type":"ImageObject","inLanguage":"en-US","@id":"https:\/\/www.vcb-paris.com\/produit\/collier-tigre-fluorite-vert\/#primaryimage","url":"https:\/\/www.vcb-paris.com\/wp-content\/uploads\/2026\/02\/COLLIER-TIGRE-FLUORITE-VCB-PARIS.jpg","contentUrl":"https:\/\/www.vcb-paris.com\/wp-content\/uploads\/2026\/02\/COLLIER-TIGRE-FLUORITE-VCB-PARIS.jpg","width":1024,"height":1024,"caption":"collier tigre fluorite femme pierre naturelle"},{"@type":"BreadcrumbList","@id":"https:\/\/www.vcb-paris.com\/produit\/collier-tigre-fluorite-vert\/#breadcrumb","itemListElement":[{"@type":"ListItem","position":1,"name":"Accueil","item":"https:\/\/www.vcb-paris.com\/"},{"@type":"ListItem","position":2,"name":"Products","item":"https:\/\/www.vcb-paris.com\/en\/boutique__trashed\/"},{"@type":"ListItem","position":3,"name":"COLLIER TIGRE FLUORITE VERT"}]},{"@type":"WebSite","@id":"https:\/\/www.vcb-paris.com\/#website","url":"https:\/\/www.vcb-paris.com\/","name":"VERONICA CYROT BIJOUX","description":"Une id\u00e9e, un dessin, un bijou.","publisher":{"@id":"https:\/\/www.vcb-paris.com\/#organization"},"potentialAction":[{"@type":"SearchAction","target":{"@type":"EntryPoint","urlTemplate":"https:\/\/www.vcb-paris.com\/?s={search_term_string}"},"query-input":{"@type":"PropertyValueSpecification","valueRequired":true,"valueName":"search_term_string"}}],"inLanguage":"en-US"},{"@type":"Organization","@id":"https:\/\/www.vcb-paris.com\/#organization","name":"VERONICA CYROT BIJOUX","url":"https:\/\/www.vcb-paris.com\/","logo":{"@type":"ImageObject","inLanguage":"en-US","@id":"https:\/\/www.vcb-paris.com\/#\/schema\/logo\/image\/","url":"https:\/\/www.vcb-paris.com\/wp-content\/uploads\/2022\/09\/Logo-Veronica-Cyrot-Bijoux.svg","contentUrl":"https:\/\/www.vcb-paris.com\/wp-content\/uploads\/2022\/09\/Logo-Veronica-Cyrot-Bijoux.svg","width":160,"height":160,"caption":"VERONICA CYROT BIJOUX"},"image":{"@id":"https:\/\/www.vcb-paris.com\/#\/schema\/logo\/image\/"},"sameAs":["https:\/\/www.facebook.com\/veronicacyrotbijoux","https:\/\/www.instagram.com\/veronicacyrot_bijoux\/","https:\/\/www.pinterest.fr\/veronicacyrot\/"]}]}},"_links":{"self":[{"href":"https:\/\/www.vcb-paris.com\/en\/wp-json\/wp\/v2\/product\/6489","targetHints":{"allow":["GET"]}}],"collection":[{"href":"https:\/\/www.vcb-paris.com\/en\/wp-json\/wp\/v2\/product"}],"about":[{"href":"https:\/\/www.vcb-paris.com\/en\/wp-json\/wp\/v2\/types\/product"}],"wp:featuredmedia":[{"embeddable":true,"href":"https:\/\/www.vcb-paris.com\/en\/wp-json\/wp\/v2\/media\/6468"}],"wp:attachment":[{"href":"https:\/\/www.vcb-paris.com\/en\/wp-json\/wp\/v2\/media?parent=6489"}],"wp:term":[{"taxonomy":"product_brand","embeddable":true,"href":"https:\/\/www.vcb-paris.com\/en\/wp-json\/wp\/v2\/product_brand?post=6489"},{"taxonomy":"product_cat","embeddable":true,"href":"https:\/\/www.vcb-paris.com\/en\/wp-json\/wp\/v2\/product_cat?post=6489"},{"taxonomy":"product_tag","embeddable":true,"href":"https:\/\/www.vcb-paris.com\/en\/wp-json\/wp\/v2\/product_tag?post=6489"}],"curies":[{"name":"wp","href":"https:\/\/api.w.org\/{rel}","templated":true}]}}