{"id":6456,"date":"2026-02-06T12:41:08","date_gmt":"2026-02-06T12:41:08","guid":{"rendered":"https:\/\/www.vcb-paris.com\/?post_type=product&#038;p=6456"},"modified":"2026-02-06T14:37:30","modified_gmt":"2026-02-06T14:37:30","slug":"collier-coeur-vert-et-perles-de-culture","status":"publish","type":"product","link":"https:\/\/www.vcb-paris.com\/en\/product\/collier-coeur-vert-et-perles-de-culture\/","title":{"rendered":"COLLIER COEUR VERT ET PERLES DE CULTURE"},"content":{"rendered":"<div>\n<p>Unique piece<\/p>\n<\/div>\n<div>\n<p><strong>Mesures :<\/strong><span class=\"apple-converted-space\"><b>\u00a0<\/b><\/span>42 cm<br \/>\n<strong>Type de pierre 1 :<\/strong><span class=\"apple-converted-space\">\u00a0<\/span>Perle de culture<br \/>\n<strong>Form :<\/strong><span class=\"apple-converted-space\">\u00a0<\/span>Ovale<br \/>\n<strong>Stone color :<\/strong><span class=\"apple-converted-space\">\u00a0<\/span>Blanc<br \/>\n<strong>Diametre de la pierre :<\/strong><span class=\"apple-converted-space\"> Variable<br \/>\n<strong>Type de pierre 2 :<\/strong> Malachite<\/span><b><br \/>\n<strong>Pendentif :<\/strong><\/b>Coeur en argent et pierre verte<b><strong><br \/>\nFermoir : <\/strong><\/b>Argent\u00e9<b><br \/>\n<strong>Type de collier :<\/strong><\/b>Enfilage \u00e0 noeuds<b><strong><br \/>\nType de fil :<\/strong><\/b><span class=\"apple-converted-space\">\u00a0<\/span>Soie<b><br \/>\n<strong>Couleur du fil :<\/strong><span class=\"apple-converted-space\">\u00a0<\/span><\/b>Vert \u00e9meraude<b><br \/>\n<strong>Country of manufacture :<\/strong><\/b><span class=\"apple-converted-space\">\u00a0<\/span>France<\/p>\n<\/div>\n<div><\/div>\n<div>\n<p data-start=\"451\" data-end=\"712\">Moderne et r\u00e9solument romantique, ce collier de perles de culture blanches est sublim\u00e9 par un pendentif c\u0153ur en argent orn\u00e9 d\u2019une pierre verte \u00e9clatante. Chaque perle\u00a0est enfil\u00e9e \u00e0 la main sur un fil de soie vert \u00e9meraude, avec des n\u0153uds entre chaque perle, qui apporte souplesse, s\u00e9curit\u00e9 et une finition raffin\u00e9e au collier. Ce collier se porte pr\u00e8s du cou et met d\u00e9licatement en valeur le d\u00e9collet\u00e9. La touche de vert apporte une note de modernit\u00e9 et d\u2019originalit\u00e9, id\u00e9ale pour celles qui aiment les bijoux \u00e9l\u00e9gants mais affirm\u00e9s. \u00c0 porter lors d\u2019un d\u00eener romantique, d\u2019un mariage, d\u2019une soir\u00e9e ou simplement pour sublimer une tenue du quotidien, ce bijou se distingue par son design unique.<\/p>\n<p data-start=\"1266\" data-end=\"1484\">Le cadeau parfait pour offrir a la Saint-Valentin ou pour vous offrir vous m\u00eame un bijou symbolique, car s\u2019aimer soi-m\u00eame est le plus beau des cadeaux.<\/p>\n<p data-start=\"1697\" data-end=\"1783\">Un bijou fabriqu\u00e9 en France, pens\u00e9 pour c\u00e9l\u00e9brer l\u2019amour sous toutes ses formes.<\/p>\n<\/div>\n<div>\n<p data-start=\"388\" data-end=\"469\">\n<\/div>","protected":false},"excerpt":{"rendered":"<div>\n<p><strong>Temps d\u2019envoi :<\/strong><b><br \/>\n<\/b>Le temps d\u2019envoi en France m\u00e9tropolitaine est de 5 jours. Pour les envois internationaux, me contacter.<br \/>\nLe collier sera emball\u00e9 avec soin dans une boite et une enveloppe renforc\u00e9e.<\/p>\n<\/div>\n<div>\n<p><strong>Follow me on the networks:<\/strong><b><br \/>\n<strong>Instagram<\/strong><\/b>\u00a0<span class=\"apple-converted-space\">\u00a0<\/span><a href=\"https:\/\/www.instagram.com\/veronicacyrot_bijoux\/\">@veronicacyrot_bijoux<\/a><br \/>\n<strong>Pinterest<\/strong><span class=\"apple-converted-space\">\u00a0<\/span>\u00a0\u00a0<a href=\"https:\/\/www.pinterest.fr\/veronicacyrot\/\">veronicacyrot<\/a><\/p>\n<\/div>\n<div>\n<p><strong>Order a personalized jewel :<\/strong><b><br \/>\n<\/b>Si vous avez toujours r\u00eavez de cr\u00e9er un bijou sur mesure pour votre Mariage qui s\u2019adapte parfaitement \u00e0 votre style, vous \u00eates arriv\u00e9 au bon endroit. N\u2019h\u00e9sitez pas \u00e0 me contacter pour avoir plus d\u2019information sur le processus de conception et de fabrication pour votre nouveau bijou.<span class=\"apple-converted-space\">\u00a0<\/span><a href=\"https:\/\/www.vcb-paris.com\/en\/contact\/\"><strong>Here<\/strong><\/a><\/p>\n<\/div>","protected":false},"featured_media":6463,"template":"","meta":{"inline_featured_image":false,"site-sidebar-layout":"default","site-content-layout":"","ast-site-content-layout":"default","site-content-style":"default","site-sidebar-style":"default","ast-global-header-display":"","ast-banner-title-visibility":"","ast-main-header-display":"","ast-hfb-above-header-display":"","ast-hfb-below-header-display":"","ast-hfb-mobile-header-display":"","site-post-title":"","ast-breadcrumbs-content":"","ast-featured-img":"","footer-sml-layout":"","theme-transparent-header-meta":"default","adv-header-id-meta":"","stick-header-meta":"","header-above-stick-meta":"","header-main-stick-meta":"","header-below-stick-meta":"","astra-migrate-meta-layouts":"set","ast-page-background-enabled":"default","ast-page-background-meta":{"desktop":{"background-color":"var(--ast-global-color-4)","background-image":"","background-repeat":"repeat","background-position":"center center","background-size":"auto","background-attachment":"scroll","background-type":"","background-media":"","overlay-type":"","overlay-color":"","overlay-opacity":"","overlay-gradient":""},"tablet":{"background-color":"","background-image":"","background-repeat":"repeat","background-position":"center center","background-size":"auto","background-attachment":"scroll","background-type":"","background-media":"","overlay-type":"","overlay-color":"","overlay-opacity":"","overlay-gradient":""},"mobile":{"background-color":"","background-image":"","background-repeat":"repeat","background-position":"center center","background-size":"auto","background-attachment":"scroll","background-type":"","background-media":"","overlay-type":"","overlay-color":"","overlay-opacity":"","overlay-gradient":""}},"ast-content-background-meta":{"desktop":{"background-color":"var(--ast-global-color-5)","background-image":"","background-repeat":"repeat","background-position":"center center","background-size":"auto","background-attachment":"scroll","background-type":"","background-media":"","overlay-type":"","overlay-color":"","overlay-opacity":"","overlay-gradient":""},"tablet":{"background-color":"var(--ast-global-color-5)","background-image":"","background-repeat":"repeat","background-position":"center center","background-size":"auto","background-attachment":"scroll","background-type":"","background-media":"","overlay-type":"","overlay-color":"","overlay-opacity":"","overlay-gradient":""},"mobile":{"background-color":"var(--ast-global-color-5)","background-image":"","background-repeat":"repeat","background-position":"center center","background-size":"auto","background-attachment":"scroll","background-type":"","background-media":"","overlay-type":"","overlay-color":"","overlay-opacity":"","overlay-gradient":""}}},"product_brand":[],"product_cat":[41,59,67,70],"product_tag":[],"class_list":{"0":"post-6456","1":"product","2":"type-product","3":"status-publish","4":"has-post-thumbnail","6":"product_cat-collier","7":"product_cat-perles","8":"product_cat-perles-de-culture","9":"product_cat-saint-valentin","10":"desktop-align-center","11":"tablet-align-left","12":"mobile-align-left","14":"first","15":"instock","16":"shipping-taxable","17":"purchasable","18":"product-type-simple"},"yoast_head":"<!-- This site is optimized with the Yoast SEO plugin v26.5 - https:\/\/yoast.com\/wordpress\/plugins\/seo\/ -->\n<title>COLLIER COEUR VERT ET PERLES DE CULTURE - VERONICA CYROT<\/title>\n<meta name=\"robots\" content=\"index, follow, max-snippet:-1, max-image-preview:large, max-video-preview:-1\" \/>\n<link rel=\"canonical\" href=\"https:\/\/www.vcb-paris.com\/en\/product\/collier-coeur-vert-et-perles-de-culture\/\" \/>\n<meta property=\"og:locale\" content=\"en_US\" \/>\n<meta property=\"og:type\" content=\"article\" \/>\n<meta property=\"og:title\" content=\"COLLIER COEUR VERT ET PERLES DE CULTURE - VERONICA CYROT\" \/>\n<meta property=\"og:description\" content=\"Temps d\u2019envoi : Le temps d\u2019envoi en France m\u00e9tropolitaine est de 5 jours. Pour les envois internationaux, me contacter. Le collier sera emball\u00e9 avec soin dans une boite et une enveloppe renforc\u00e9e.     Suivez-moi sur les r\u00e9seaux : Instagram\u00a0\u00a0@veronicacyrot_bijoux Pinterest\u00a0\u00a0\u00a0veronicacyrot     Commander un Bijou personnalis\u00e9 : Si vous avez toujours r\u00eavez de cr\u00e9er un bijou sur mesure pour votre Mariage qui s\u2019adapte parfaitement \u00e0 votre style, vous \u00eates arriv\u00e9 au bon endroit. N\u2019h\u00e9sitez pas \u00e0 me contacter pour avoir plus d\u2019information sur le processus de conception et de fabrication pour votre nouveau bijou.\u00a0Ici\" \/>\n<meta property=\"og:url\" content=\"https:\/\/www.vcb-paris.com\/en\/product\/collier-coeur-vert-et-perles-de-culture\/\" \/>\n<meta property=\"og:site_name\" content=\"VERONICA CYROT\" \/>\n<meta property=\"article:publisher\" content=\"https:\/\/www.facebook.com\/veronicacyrotbijoux\" \/>\n<meta property=\"article:modified_time\" content=\"2026-02-06T14:37:30+00:00\" \/>\n<meta property=\"og:image\" content=\"https:\/\/www.vcb-paris.com\/wp-content\/uploads\/2026\/02\/COLLIER-COEUR-VERT-PERLES-VERONICA-CYROT-01.jpg\" \/>\n\t<meta property=\"og:image:width\" content=\"1024\" \/>\n\t<meta property=\"og:image:height\" content=\"1024\" \/>\n\t<meta property=\"og:image:type\" content=\"image\/jpeg\" \/>\n<meta name=\"twitter:card\" content=\"summary_large_image\" \/>\n<meta name=\"twitter:label1\" content=\"Est. reading time\" \/>\n\t<meta name=\"twitter:data1\" content=\"2 minutes\" \/>\n<script type=\"application\/ld+json\" class=\"yoast-schema-graph\">{\"@context\":\"https:\/\/schema.org\",\"@graph\":[{\"@type\":\"WebPage\",\"@id\":\"https:\/\/www.vcb-paris.com\/produit\/collier-coeur-vert-et-perles-de-culture\/\",\"url\":\"https:\/\/www.vcb-paris.com\/produit\/collier-coeur-vert-et-perles-de-culture\/\",\"name\":\"COLLIER COEUR VERT ET PERLES DE CULTURE - VERONICA CYROT\",\"isPartOf\":{\"@id\":\"https:\/\/www.vcb-paris.com\/#website\"},\"primaryImageOfPage\":{\"@id\":\"https:\/\/www.vcb-paris.com\/produit\/collier-coeur-vert-et-perles-de-culture\/#primaryimage\"},\"image\":{\"@id\":\"https:\/\/www.vcb-paris.com\/produit\/collier-coeur-vert-et-perles-de-culture\/#primaryimage\"},\"thumbnailUrl\":\"https:\/\/www.vcb-paris.com\/wp-content\/uploads\/2026\/02\/COLLIER-COEUR-VERT-PERLES-VERONICA-CYROT-01.jpg\",\"datePublished\":\"2026-02-06T12:41:08+00:00\",\"dateModified\":\"2026-02-06T14:37:30+00:00\",\"breadcrumb\":{\"@id\":\"https:\/\/www.vcb-paris.com\/produit\/collier-coeur-vert-et-perles-de-culture\/#breadcrumb\"},\"inLanguage\":\"en-US\",\"potentialAction\":[{\"@type\":\"ReadAction\",\"target\":[\"https:\/\/www.vcb-paris.com\/produit\/collier-coeur-vert-et-perles-de-culture\/\"]}]},{\"@type\":\"ImageObject\",\"inLanguage\":\"en-US\",\"@id\":\"https:\/\/www.vcb-paris.com\/produit\/collier-coeur-vert-et-perles-de-culture\/#primaryimage\",\"url\":\"https:\/\/www.vcb-paris.com\/wp-content\/uploads\/2026\/02\/COLLIER-COEUR-VERT-PERLES-VERONICA-CYROT-01.jpg\",\"contentUrl\":\"https:\/\/www.vcb-paris.com\/wp-content\/uploads\/2026\/02\/COLLIER-COEUR-VERT-PERLES-VERONICA-CYROT-01.jpg\",\"width\":1024,\"height\":1024,\"caption\":\"collier perles culture coeur saint valentin femme\"},{\"@type\":\"BreadcrumbList\",\"@id\":\"https:\/\/www.vcb-paris.com\/produit\/collier-coeur-vert-et-perles-de-culture\/#breadcrumb\",\"itemListElement\":[{\"@type\":\"ListItem\",\"position\":1,\"name\":\"Accueil\",\"item\":\"https:\/\/www.vcb-paris.com\/\"},{\"@type\":\"ListItem\",\"position\":2,\"name\":\"Products\",\"item\":\"https:\/\/www.vcb-paris.com\/en\/boutique__trashed\/\"},{\"@type\":\"ListItem\",\"position\":3,\"name\":\"COLLIER COEUR VERT ET PERLES DE CULTURE\"}]},{\"@type\":\"WebSite\",\"@id\":\"https:\/\/www.vcb-paris.com\/#website\",\"url\":\"https:\/\/www.vcb-paris.com\/\",\"name\":\"VERONICA CYROT BIJOUX\",\"description\":\"Une id\u00e9e, un dessin, un bijou.\",\"publisher\":{\"@id\":\"https:\/\/www.vcb-paris.com\/#organization\"},\"potentialAction\":[{\"@type\":\"SearchAction\",\"target\":{\"@type\":\"EntryPoint\",\"urlTemplate\":\"https:\/\/www.vcb-paris.com\/?s={search_term_string}\"},\"query-input\":{\"@type\":\"PropertyValueSpecification\",\"valueRequired\":true,\"valueName\":\"search_term_string\"}}],\"inLanguage\":\"en-US\"},{\"@type\":\"Organization\",\"@id\":\"https:\/\/www.vcb-paris.com\/#organization\",\"name\":\"VERONICA CYROT BIJOUX\",\"url\":\"https:\/\/www.vcb-paris.com\/\",\"logo\":{\"@type\":\"ImageObject\",\"inLanguage\":\"en-US\",\"@id\":\"https:\/\/www.vcb-paris.com\/#\/schema\/logo\/image\/\",\"url\":\"https:\/\/www.vcb-paris.com\/wp-content\/uploads\/2022\/09\/Logo-Veronica-Cyrot-Bijoux.svg\",\"contentUrl\":\"https:\/\/www.vcb-paris.com\/wp-content\/uploads\/2022\/09\/Logo-Veronica-Cyrot-Bijoux.svg\",\"width\":160,\"height\":160,\"caption\":\"VERONICA CYROT BIJOUX\"},\"image\":{\"@id\":\"https:\/\/www.vcb-paris.com\/#\/schema\/logo\/image\/\"},\"sameAs\":[\"https:\/\/www.facebook.com\/veronicacyrotbijoux\",\"https:\/\/www.instagram.com\/veronicacyrot_bijoux\/\",\"https:\/\/www.pinterest.fr\/veronicacyrot\/\"]}]}<\/script>\n<!-- \/ Yoast SEO plugin. -->","yoast_head_json":{"title":"COLLIER COEUR VERT ET PERLES DE CULTURE - VERONICA CYROT","robots":{"index":"index","follow":"follow","max-snippet":"max-snippet:-1","max-image-preview":"max-image-preview:large","max-video-preview":"max-video-preview:-1"},"canonical":"https:\/\/www.vcb-paris.com\/en\/product\/collier-coeur-vert-et-perles-de-culture\/","og_locale":"en_US","og_type":"article","og_title":"COLLIER COEUR VERT ET PERLES DE CULTURE - VERONICA CYROT","og_description":"Temps d\u2019envoi : Le temps d\u2019envoi en France m\u00e9tropolitaine est de 5 jours. Pour les envois internationaux, me contacter. Le collier sera emball\u00e9 avec soin dans une boite et une enveloppe renforc\u00e9e.     Suivez-moi sur les r\u00e9seaux : Instagram\u00a0\u00a0@veronicacyrot_bijoux Pinterest\u00a0\u00a0\u00a0veronicacyrot     Commander un Bijou personnalis\u00e9 : Si vous avez toujours r\u00eavez de cr\u00e9er un bijou sur mesure pour votre Mariage qui s\u2019adapte parfaitement \u00e0 votre style, vous \u00eates arriv\u00e9 au bon endroit. N\u2019h\u00e9sitez pas \u00e0 me contacter pour avoir plus d\u2019information sur le processus de conception et de fabrication pour votre nouveau bijou.\u00a0Ici","og_url":"https:\/\/www.vcb-paris.com\/en\/product\/collier-coeur-vert-et-perles-de-culture\/","og_site_name":"VERONICA CYROT","article_publisher":"https:\/\/www.facebook.com\/veronicacyrotbijoux","article_modified_time":"2026-02-06T14:37:30+00:00","og_image":[{"width":1024,"height":1024,"url":"https:\/\/www.vcb-paris.com\/wp-content\/uploads\/2026\/02\/COLLIER-COEUR-VERT-PERLES-VERONICA-CYROT-01.jpg","type":"image\/jpeg"}],"twitter_card":"summary_large_image","twitter_misc":{"Est. reading time":"2 minutes"},"schema":{"@context":"https:\/\/schema.org","@graph":[{"@type":"WebPage","@id":"https:\/\/www.vcb-paris.com\/produit\/collier-coeur-vert-et-perles-de-culture\/","url":"https:\/\/www.vcb-paris.com\/produit\/collier-coeur-vert-et-perles-de-culture\/","name":"COLLIER COEUR VERT ET PERLES DE CULTURE - VERONICA CYROT","isPartOf":{"@id":"https:\/\/www.vcb-paris.com\/#website"},"primaryImageOfPage":{"@id":"https:\/\/www.vcb-paris.com\/produit\/collier-coeur-vert-et-perles-de-culture\/#primaryimage"},"image":{"@id":"https:\/\/www.vcb-paris.com\/produit\/collier-coeur-vert-et-perles-de-culture\/#primaryimage"},"thumbnailUrl":"https:\/\/www.vcb-paris.com\/wp-content\/uploads\/2026\/02\/COLLIER-COEUR-VERT-PERLES-VERONICA-CYROT-01.jpg","datePublished":"2026-02-06T12:41:08+00:00","dateModified":"2026-02-06T14:37:30+00:00","breadcrumb":{"@id":"https:\/\/www.vcb-paris.com\/produit\/collier-coeur-vert-et-perles-de-culture\/#breadcrumb"},"inLanguage":"en-US","potentialAction":[{"@type":"ReadAction","target":["https:\/\/www.vcb-paris.com\/produit\/collier-coeur-vert-et-perles-de-culture\/"]}]},{"@type":"ImageObject","inLanguage":"en-US","@id":"https:\/\/www.vcb-paris.com\/produit\/collier-coeur-vert-et-perles-de-culture\/#primaryimage","url":"https:\/\/www.vcb-paris.com\/wp-content\/uploads\/2026\/02\/COLLIER-COEUR-VERT-PERLES-VERONICA-CYROT-01.jpg","contentUrl":"https:\/\/www.vcb-paris.com\/wp-content\/uploads\/2026\/02\/COLLIER-COEUR-VERT-PERLES-VERONICA-CYROT-01.jpg","width":1024,"height":1024,"caption":"collier perles culture coeur saint valentin femme"},{"@type":"BreadcrumbList","@id":"https:\/\/www.vcb-paris.com\/produit\/collier-coeur-vert-et-perles-de-culture\/#breadcrumb","itemListElement":[{"@type":"ListItem","position":1,"name":"Accueil","item":"https:\/\/www.vcb-paris.com\/"},{"@type":"ListItem","position":2,"name":"Products","item":"https:\/\/www.vcb-paris.com\/en\/boutique__trashed\/"},{"@type":"ListItem","position":3,"name":"COLLIER COEUR VERT ET PERLES DE CULTURE"}]},{"@type":"WebSite","@id":"https:\/\/www.vcb-paris.com\/#website","url":"https:\/\/www.vcb-paris.com\/","name":"VERONICA CYROT BIJOUX","description":"Une id\u00e9e, un dessin, un bijou.","publisher":{"@id":"https:\/\/www.vcb-paris.com\/#organization"},"potentialAction":[{"@type":"SearchAction","target":{"@type":"EntryPoint","urlTemplate":"https:\/\/www.vcb-paris.com\/?s={search_term_string}"},"query-input":{"@type":"PropertyValueSpecification","valueRequired":true,"valueName":"search_term_string"}}],"inLanguage":"en-US"},{"@type":"Organization","@id":"https:\/\/www.vcb-paris.com\/#organization","name":"VERONICA CYROT BIJOUX","url":"https:\/\/www.vcb-paris.com\/","logo":{"@type":"ImageObject","inLanguage":"en-US","@id":"https:\/\/www.vcb-paris.com\/#\/schema\/logo\/image\/","url":"https:\/\/www.vcb-paris.com\/wp-content\/uploads\/2022\/09\/Logo-Veronica-Cyrot-Bijoux.svg","contentUrl":"https:\/\/www.vcb-paris.com\/wp-content\/uploads\/2022\/09\/Logo-Veronica-Cyrot-Bijoux.svg","width":160,"height":160,"caption":"VERONICA CYROT BIJOUX"},"image":{"@id":"https:\/\/www.vcb-paris.com\/#\/schema\/logo\/image\/"},"sameAs":["https:\/\/www.facebook.com\/veronicacyrotbijoux","https:\/\/www.instagram.com\/veronicacyrot_bijoux\/","https:\/\/www.pinterest.fr\/veronicacyrot\/"]}]}},"_links":{"self":[{"href":"https:\/\/www.vcb-paris.com\/en\/wp-json\/wp\/v2\/product\/6456","targetHints":{"allow":["GET"]}}],"collection":[{"href":"https:\/\/www.vcb-paris.com\/en\/wp-json\/wp\/v2\/product"}],"about":[{"href":"https:\/\/www.vcb-paris.com\/en\/wp-json\/wp\/v2\/types\/product"}],"wp:featuredmedia":[{"embeddable":true,"href":"https:\/\/www.vcb-paris.com\/en\/wp-json\/wp\/v2\/media\/6463"}],"wp:attachment":[{"href":"https:\/\/www.vcb-paris.com\/en\/wp-json\/wp\/v2\/media?parent=6456"}],"wp:term":[{"taxonomy":"product_brand","embeddable":true,"href":"https:\/\/www.vcb-paris.com\/en\/wp-json\/wp\/v2\/product_brand?post=6456"},{"taxonomy":"product_cat","embeddable":true,"href":"https:\/\/www.vcb-paris.com\/en\/wp-json\/wp\/v2\/product_cat?post=6456"},{"taxonomy":"product_tag","embeddable":true,"href":"https:\/\/www.vcb-paris.com\/en\/wp-json\/wp\/v2\/product_tag?post=6456"}],"curies":[{"name":"wp","href":"https:\/\/api.w.org\/{rel}","templated":true}]}}