{"id":6377,"date":"2025-12-09T19:18:30","date_gmt":"2025-12-09T19:18:30","guid":{"rendered":"https:\/\/www.vcb-paris.com\/?post_type=product&#038;p=6377"},"modified":"2025-12-09T21:40:05","modified_gmt":"2025-12-09T21:40:05","slug":"collier-cascade-upcycling","status":"publish","type":"product","link":"https:\/\/www.vcb-paris.com\/en\/product\/collier-cascade-upcycling\/","title":{"rendered":"COLLIER CASCADE UPCYCLING"},"content":{"rendered":"<p>Unique piece<\/p>\n<p><strong>Type de collier : <\/strong>Upcycling<br \/>\n<strong>Mesures : <\/strong>44,5 \u00a0cm (ajustable)<br \/>\n<strong>Type of stone :<\/strong> Perles de culture, oeil de chat, rubellite, pyrite, agathe mousse, quartz fum\u00e9<br \/>\n<strong>Form :<\/strong> Vari\u00e9e<br \/>\n<strong>Stone color :<\/strong> Dor\u00e9, blanc, marron, rouge, rose<br \/>\n<strong>Diametre de la pierre :<\/strong> Variable<strong><br \/>\n<\/strong><strong>Fermoir : <\/strong>Dor\u00e9<strong><br \/>\n<\/strong><strong>Type de fil :<\/strong> Corde<strong><br \/>\n<\/strong><strong>Pendentif : <\/strong>Chaines, perles, pendentifs vari\u00e9es<strong><br \/>\nCountry of manufacture :<\/strong> France<\/p>\n<p data-start=\"516\" data-end=\"829\">Le <strong>collier Cascade<\/strong> r\u00e9unit diff\u00e9rents types de perles de culture et de pierres naturelles pour cr\u00e9er une pi\u00e8ce unique, contemporaine et pleine de caract\u00e8re. Con\u00e7u en upcycling, cette v\u00e9ritable cascade de couleurs \u00e9voque toute la magie de No\u00ebl : \u00e9clats dor\u00e9s, nuances f\u00e9eriques et lumi\u00e8re scintillante. Pour une femme qui aime le m\u00e9lange entre beaut\u00e9, versatilit\u00e9 et d\u00e9marche responsable gr\u00e2ce \u00e0 la r\u00e9utilisation de mat\u00e9riaux vari\u00e9s. Id\u00e9al pour les f\u00eates de fin d&rsquo;ann\u00e9e.<\/p>","protected":false},"excerpt":{"rendered":"<p><strong>Temps d\u2019envoi :<\/strong><strong><br \/>\n<\/strong>Le temps d\u2019envoi en France m\u00e9tropolitaine est de 5 jours. Pour les envois internationaux, me contacter.<br \/>\nLe collier sera emball\u00e9 avec soin dans un petit sac en toile et une enveloppe renforc\u00e9e.<\/p>\n<p><strong>Follow me on the networks:<\/strong><strong><br \/>\nInstagram<\/strong>\u00a0 <a href=\"https:\/\/www.instagram.com\/veronicacyrot_bijoux\/\">@veronicacyrot_bijoux<\/a><br \/>\n<strong>Pinterest<\/strong> \u00a0\u00a0<a href=\"https:\/\/www.pinterest.fr\/veronicacyrot\/\">veronicacyrot<\/a><\/p>\n<p><strong>Commander un bijou personnalis\u00e9 :<\/strong><strong><br \/>\n<\/strong>Si vous avez toujours r\u00eavez de cr\u00e9er un bijou sur mesure qui s\u2019adapte parfaitement \u00e0 votre style, vous \u00eates arriv\u00e9 au bon endroit. N\u2019h\u00e9sitez pas \u00e0 me contacter pour avoir plus d\u2019information sur le processus de conception et de fabrication pour votre nouveau bijou. <a href=\"https:\/\/www.vcb-paris.com\/en\/contact\/\"><strong>Here<\/strong><\/a><\/p>\n<p>&nbsp;<\/p>","protected":false},"featured_media":6386,"template":"","meta":{"inline_featured_image":false,"site-sidebar-layout":"default","site-content-layout":"","ast-site-content-layout":"default","site-content-style":"default","site-sidebar-style":"default","ast-global-header-display":"","ast-banner-title-visibility":"","ast-main-header-display":"","ast-hfb-above-header-display":"","ast-hfb-below-header-display":"","ast-hfb-mobile-header-display":"","site-post-title":"","ast-breadcrumbs-content":"","ast-featured-img":"","footer-sml-layout":"","theme-transparent-header-meta":"default","adv-header-id-meta":"","stick-header-meta":"","header-above-stick-meta":"","header-main-stick-meta":"","header-below-stick-meta":"","astra-migrate-meta-layouts":"set","ast-page-background-enabled":"default","ast-page-background-meta":{"desktop":{"background-color":"var(--ast-global-color-4)","background-image":"","background-repeat":"repeat","background-position":"center center","background-size":"auto","background-attachment":"scroll","background-type":"","background-media":"","overlay-type":"","overlay-color":"","overlay-opacity":"","overlay-gradient":""},"tablet":{"background-color":"","background-image":"","background-repeat":"repeat","background-position":"center center","background-size":"auto","background-attachment":"scroll","background-type":"","background-media":"","overlay-type":"","overlay-color":"","overlay-opacity":"","overlay-gradient":""},"mobile":{"background-color":"","background-image":"","background-repeat":"repeat","background-position":"center center","background-size":"auto","background-attachment":"scroll","background-type":"","background-media":"","overlay-type":"","overlay-color":"","overlay-opacity":"","overlay-gradient":""}},"ast-content-background-meta":{"desktop":{"background-color":"var(--ast-global-color-5)","background-image":"","background-repeat":"repeat","background-position":"center center","background-size":"auto","background-attachment":"scroll","background-type":"","background-media":"","overlay-type":"","overlay-color":"","overlay-opacity":"","overlay-gradient":""},"tablet":{"background-color":"var(--ast-global-color-5)","background-image":"","background-repeat":"repeat","background-position":"center center","background-size":"auto","background-attachment":"scroll","background-type":"","background-media":"","overlay-type":"","overlay-color":"","overlay-opacity":"","overlay-gradient":""},"mobile":{"background-color":"var(--ast-global-color-5)","background-image":"","background-repeat":"repeat","background-position":"center center","background-size":"auto","background-attachment":"scroll","background-type":"","background-media":"","overlay-type":"","overlay-color":"","overlay-opacity":"","overlay-gradient":""}}},"product_brand":[],"product_cat":[41,59,67,60,69],"product_tag":[62,61],"class_list":{"0":"post-6377","1":"product","2":"type-product","3":"status-publish","4":"has-post-thumbnail","6":"product_cat-collier","7":"product_cat-perles","8":"product_cat-perles-de-culture","9":"product_cat-pierres-naturelles","10":"product_cat-upcycling","11":"product_tag-collier","12":"product_tag-pierres","13":"desktop-align-center","14":"tablet-align-left","15":"mobile-align-left","17":"first","18":"instock","19":"shipping-taxable","20":"purchasable","21":"product-type-simple"},"yoast_head":"<!-- This site is optimized with the Yoast SEO plugin v26.5 - https:\/\/yoast.com\/wordpress\/plugins\/seo\/ -->\n<title>COLLIER CASCADE UPCYCLING - VERONICA CYROT<\/title>\n<meta name=\"robots\" content=\"index, follow, max-snippet:-1, max-image-preview:large, max-video-preview:-1\" \/>\n<link rel=\"canonical\" href=\"https:\/\/www.vcb-paris.com\/en\/product\/collier-cascade-upcycling\/\" \/>\n<meta property=\"og:locale\" content=\"en_US\" \/>\n<meta property=\"og:type\" content=\"article\" \/>\n<meta property=\"og:title\" content=\"COLLIER CASCADE UPCYCLING - VERONICA CYROT\" \/>\n<meta property=\"og:description\" content=\"Temps d\u2019envoi : Le temps d\u2019envoi en France m\u00e9tropolitaine est de 5 jours. Pour les envois internationaux, me contacter. Le collier sera emball\u00e9 avec soin dans un petit sac en toile et une enveloppe renforc\u00e9e.  Suivez-moi sur les r\u00e9seaux : Instagram\u00a0 @veronicacyrot_bijoux Pinterest \u00a0\u00a0veronicacyrot  Commander un bijou personnalis\u00e9 : Si vous avez toujours r\u00eavez de cr\u00e9er un bijou sur mesure qui s\u2019adapte parfaitement \u00e0 votre style, vous \u00eates arriv\u00e9 au bon endroit. N\u2019h\u00e9sitez pas \u00e0 me contacter pour avoir plus d\u2019information sur le processus de conception et de fabrication pour votre nouveau bijou. Ici  &nbsp;\" \/>\n<meta property=\"og:url\" content=\"https:\/\/www.vcb-paris.com\/en\/product\/collier-cascade-upcycling\/\" \/>\n<meta property=\"og:site_name\" content=\"VERONICA CYROT\" \/>\n<meta property=\"article:publisher\" content=\"https:\/\/www.facebook.com\/veronicacyrotbijoux\" \/>\n<meta property=\"article:modified_time\" content=\"2025-12-09T21:40:05+00:00\" \/>\n<meta property=\"og:image\" content=\"https:\/\/www.vcb-paris.com\/wp-content\/uploads\/2025\/12\/COLLIER_UPCYCLING_CASCADE_VERONICA_CYROT_BIJOUX.jpg\" \/>\n\t<meta property=\"og:image:width\" content=\"1080\" \/>\n\t<meta property=\"og:image:height\" content=\"1628\" \/>\n\t<meta property=\"og:image:type\" content=\"image\/jpeg\" \/>\n<meta name=\"twitter:card\" content=\"summary_large_image\" \/>\n<meta name=\"twitter:label1\" content=\"Est. reading time\" \/>\n\t<meta name=\"twitter:data1\" content=\"1 minute\" \/>\n<script type=\"application\/ld+json\" class=\"yoast-schema-graph\">{\"@context\":\"https:\/\/schema.org\",\"@graph\":[{\"@type\":\"WebPage\",\"@id\":\"https:\/\/www.vcb-paris.com\/produit\/collier-cascade-upcycling\/\",\"url\":\"https:\/\/www.vcb-paris.com\/produit\/collier-cascade-upcycling\/\",\"name\":\"COLLIER CASCADE UPCYCLING - VERONICA CYROT\",\"isPartOf\":{\"@id\":\"https:\/\/www.vcb-paris.com\/#website\"},\"primaryImageOfPage\":{\"@id\":\"https:\/\/www.vcb-paris.com\/produit\/collier-cascade-upcycling\/#primaryimage\"},\"image\":{\"@id\":\"https:\/\/www.vcb-paris.com\/produit\/collier-cascade-upcycling\/#primaryimage\"},\"thumbnailUrl\":\"https:\/\/www.vcb-paris.com\/wp-content\/uploads\/2025\/12\/COLLIER_UPCYCLING_CASCADE_VERONICA_CYROT_BIJOUX.jpg\",\"datePublished\":\"2025-12-09T19:18:30+00:00\",\"dateModified\":\"2025-12-09T21:40:05+00:00\",\"breadcrumb\":{\"@id\":\"https:\/\/www.vcb-paris.com\/produit\/collier-cascade-upcycling\/#breadcrumb\"},\"inLanguage\":\"en-US\",\"potentialAction\":[{\"@type\":\"ReadAction\",\"target\":[\"https:\/\/www.vcb-paris.com\/produit\/collier-cascade-upcycling\/\"]}]},{\"@type\":\"ImageObject\",\"inLanguage\":\"en-US\",\"@id\":\"https:\/\/www.vcb-paris.com\/produit\/collier-cascade-upcycling\/#primaryimage\",\"url\":\"https:\/\/www.vcb-paris.com\/wp-content\/uploads\/2025\/12\/COLLIER_UPCYCLING_CASCADE_VERONICA_CYROT_BIJOUX.jpg\",\"contentUrl\":\"https:\/\/www.vcb-paris.com\/wp-content\/uploads\/2025\/12\/COLLIER_UPCYCLING_CASCADE_VERONICA_CYROT_BIJOUX.jpg\",\"width\":1080,\"height\":1628,\"caption\":\"COLLIER UPCYCLING FEMME PERLES CULTURE PARIS\"},{\"@type\":\"BreadcrumbList\",\"@id\":\"https:\/\/www.vcb-paris.com\/produit\/collier-cascade-upcycling\/#breadcrumb\",\"itemListElement\":[{\"@type\":\"ListItem\",\"position\":1,\"name\":\"Accueil\",\"item\":\"https:\/\/www.vcb-paris.com\/\"},{\"@type\":\"ListItem\",\"position\":2,\"name\":\"Products\",\"item\":\"https:\/\/www.vcb-paris.com\/en\/boutique__trashed\/\"},{\"@type\":\"ListItem\",\"position\":3,\"name\":\"COLLIER CASCADE UPCYCLING\"}]},{\"@type\":\"WebSite\",\"@id\":\"https:\/\/www.vcb-paris.com\/#website\",\"url\":\"https:\/\/www.vcb-paris.com\/\",\"name\":\"VERONICA CYROT BIJOUX\",\"description\":\"Une id\u00e9e, un dessin, un bijou.\",\"publisher\":{\"@id\":\"https:\/\/www.vcb-paris.com\/#organization\"},\"potentialAction\":[{\"@type\":\"SearchAction\",\"target\":{\"@type\":\"EntryPoint\",\"urlTemplate\":\"https:\/\/www.vcb-paris.com\/?s={search_term_string}\"},\"query-input\":{\"@type\":\"PropertyValueSpecification\",\"valueRequired\":true,\"valueName\":\"search_term_string\"}}],\"inLanguage\":\"en-US\"},{\"@type\":\"Organization\",\"@id\":\"https:\/\/www.vcb-paris.com\/#organization\",\"name\":\"VERONICA CYROT BIJOUX\",\"url\":\"https:\/\/www.vcb-paris.com\/\",\"logo\":{\"@type\":\"ImageObject\",\"inLanguage\":\"en-US\",\"@id\":\"https:\/\/www.vcb-paris.com\/#\/schema\/logo\/image\/\",\"url\":\"https:\/\/www.vcb-paris.com\/wp-content\/uploads\/2022\/09\/Logo-Veronica-Cyrot-Bijoux.svg\",\"contentUrl\":\"https:\/\/www.vcb-paris.com\/wp-content\/uploads\/2022\/09\/Logo-Veronica-Cyrot-Bijoux.svg\",\"width\":160,\"height\":160,\"caption\":\"VERONICA CYROT BIJOUX\"},\"image\":{\"@id\":\"https:\/\/www.vcb-paris.com\/#\/schema\/logo\/image\/\"},\"sameAs\":[\"https:\/\/www.facebook.com\/veronicacyrotbijoux\",\"https:\/\/www.instagram.com\/veronicacyrot_bijoux\/\",\"https:\/\/www.pinterest.fr\/veronicacyrot\/\"]}]}<\/script>\n<!-- \/ Yoast SEO plugin. -->","yoast_head_json":{"title":"COLLIER CASCADE UPCYCLING - VERONICA CYROT","robots":{"index":"index","follow":"follow","max-snippet":"max-snippet:-1","max-image-preview":"max-image-preview:large","max-video-preview":"max-video-preview:-1"},"canonical":"https:\/\/www.vcb-paris.com\/en\/product\/collier-cascade-upcycling\/","og_locale":"en_US","og_type":"article","og_title":"COLLIER CASCADE UPCYCLING - VERONICA CYROT","og_description":"Temps d\u2019envoi : Le temps d\u2019envoi en France m\u00e9tropolitaine est de 5 jours. Pour les envois internationaux, me contacter. Le collier sera emball\u00e9 avec soin dans un petit sac en toile et une enveloppe renforc\u00e9e.  Suivez-moi sur les r\u00e9seaux : Instagram\u00a0 @veronicacyrot_bijoux Pinterest \u00a0\u00a0veronicacyrot  Commander un bijou personnalis\u00e9 : Si vous avez toujours r\u00eavez de cr\u00e9er un bijou sur mesure qui s\u2019adapte parfaitement \u00e0 votre style, vous \u00eates arriv\u00e9 au bon endroit. N\u2019h\u00e9sitez pas \u00e0 me contacter pour avoir plus d\u2019information sur le processus de conception et de fabrication pour votre nouveau bijou. Ici  &nbsp;","og_url":"https:\/\/www.vcb-paris.com\/en\/product\/collier-cascade-upcycling\/","og_site_name":"VERONICA CYROT","article_publisher":"https:\/\/www.facebook.com\/veronicacyrotbijoux","article_modified_time":"2025-12-09T21:40:05+00:00","og_image":[{"width":1080,"height":1628,"url":"https:\/\/www.vcb-paris.com\/wp-content\/uploads\/2025\/12\/COLLIER_UPCYCLING_CASCADE_VERONICA_CYROT_BIJOUX.jpg","type":"image\/jpeg"}],"twitter_card":"summary_large_image","twitter_misc":{"Est. reading time":"1 minute"},"schema":{"@context":"https:\/\/schema.org","@graph":[{"@type":"WebPage","@id":"https:\/\/www.vcb-paris.com\/produit\/collier-cascade-upcycling\/","url":"https:\/\/www.vcb-paris.com\/produit\/collier-cascade-upcycling\/","name":"COLLIER CASCADE UPCYCLING - VERONICA CYROT","isPartOf":{"@id":"https:\/\/www.vcb-paris.com\/#website"},"primaryImageOfPage":{"@id":"https:\/\/www.vcb-paris.com\/produit\/collier-cascade-upcycling\/#primaryimage"},"image":{"@id":"https:\/\/www.vcb-paris.com\/produit\/collier-cascade-upcycling\/#primaryimage"},"thumbnailUrl":"https:\/\/www.vcb-paris.com\/wp-content\/uploads\/2025\/12\/COLLIER_UPCYCLING_CASCADE_VERONICA_CYROT_BIJOUX.jpg","datePublished":"2025-12-09T19:18:30+00:00","dateModified":"2025-12-09T21:40:05+00:00","breadcrumb":{"@id":"https:\/\/www.vcb-paris.com\/produit\/collier-cascade-upcycling\/#breadcrumb"},"inLanguage":"en-US","potentialAction":[{"@type":"ReadAction","target":["https:\/\/www.vcb-paris.com\/produit\/collier-cascade-upcycling\/"]}]},{"@type":"ImageObject","inLanguage":"en-US","@id":"https:\/\/www.vcb-paris.com\/produit\/collier-cascade-upcycling\/#primaryimage","url":"https:\/\/www.vcb-paris.com\/wp-content\/uploads\/2025\/12\/COLLIER_UPCYCLING_CASCADE_VERONICA_CYROT_BIJOUX.jpg","contentUrl":"https:\/\/www.vcb-paris.com\/wp-content\/uploads\/2025\/12\/COLLIER_UPCYCLING_CASCADE_VERONICA_CYROT_BIJOUX.jpg","width":1080,"height":1628,"caption":"COLLIER UPCYCLING FEMME PERLES CULTURE PARIS"},{"@type":"BreadcrumbList","@id":"https:\/\/www.vcb-paris.com\/produit\/collier-cascade-upcycling\/#breadcrumb","itemListElement":[{"@type":"ListItem","position":1,"name":"Accueil","item":"https:\/\/www.vcb-paris.com\/"},{"@type":"ListItem","position":2,"name":"Products","item":"https:\/\/www.vcb-paris.com\/en\/boutique__trashed\/"},{"@type":"ListItem","position":3,"name":"COLLIER CASCADE UPCYCLING"}]},{"@type":"WebSite","@id":"https:\/\/www.vcb-paris.com\/#website","url":"https:\/\/www.vcb-paris.com\/","name":"VERONICA CYROT BIJOUX","description":"Une id\u00e9e, un dessin, un bijou.","publisher":{"@id":"https:\/\/www.vcb-paris.com\/#organization"},"potentialAction":[{"@type":"SearchAction","target":{"@type":"EntryPoint","urlTemplate":"https:\/\/www.vcb-paris.com\/?s={search_term_string}"},"query-input":{"@type":"PropertyValueSpecification","valueRequired":true,"valueName":"search_term_string"}}],"inLanguage":"en-US"},{"@type":"Organization","@id":"https:\/\/www.vcb-paris.com\/#organization","name":"VERONICA CYROT BIJOUX","url":"https:\/\/www.vcb-paris.com\/","logo":{"@type":"ImageObject","inLanguage":"en-US","@id":"https:\/\/www.vcb-paris.com\/#\/schema\/logo\/image\/","url":"https:\/\/www.vcb-paris.com\/wp-content\/uploads\/2022\/09\/Logo-Veronica-Cyrot-Bijoux.svg","contentUrl":"https:\/\/www.vcb-paris.com\/wp-content\/uploads\/2022\/09\/Logo-Veronica-Cyrot-Bijoux.svg","width":160,"height":160,"caption":"VERONICA CYROT BIJOUX"},"image":{"@id":"https:\/\/www.vcb-paris.com\/#\/schema\/logo\/image\/"},"sameAs":["https:\/\/www.facebook.com\/veronicacyrotbijoux","https:\/\/www.instagram.com\/veronicacyrot_bijoux\/","https:\/\/www.pinterest.fr\/veronicacyrot\/"]}]}},"_links":{"self":[{"href":"https:\/\/www.vcb-paris.com\/en\/wp-json\/wp\/v2\/product\/6377","targetHints":{"allow":["GET"]}}],"collection":[{"href":"https:\/\/www.vcb-paris.com\/en\/wp-json\/wp\/v2\/product"}],"about":[{"href":"https:\/\/www.vcb-paris.com\/en\/wp-json\/wp\/v2\/types\/product"}],"wp:featuredmedia":[{"embeddable":true,"href":"https:\/\/www.vcb-paris.com\/en\/wp-json\/wp\/v2\/media\/6386"}],"wp:attachment":[{"href":"https:\/\/www.vcb-paris.com\/en\/wp-json\/wp\/v2\/media?parent=6377"}],"wp:term":[{"taxonomy":"product_brand","embeddable":true,"href":"https:\/\/www.vcb-paris.com\/en\/wp-json\/wp\/v2\/product_brand?post=6377"},{"taxonomy":"product_cat","embeddable":true,"href":"https:\/\/www.vcb-paris.com\/en\/wp-json\/wp\/v2\/product_cat?post=6377"},{"taxonomy":"product_tag","embeddable":true,"href":"https:\/\/www.vcb-paris.com\/en\/wp-json\/wp\/v2\/product_tag?post=6377"}],"curies":[{"name":"wp","href":"https:\/\/api.w.org\/{rel}","templated":true}]}}