{"id":6001,"date":"2025-11-29T13:01:42","date_gmt":"2025-11-29T13:01:42","guid":{"rendered":"https:\/\/www.vcb-paris.com\/?post_type=product&#038;p=6001"},"modified":"2026-03-16T14:30:48","modified_gmt":"2026-03-16T14:30:48","slug":"collier-perles-coeu-brillant","status":"publish","type":"product","link":"https:\/\/www.vcb-paris.com\/en\/product\/collier-perles-coeu-brillant\/","title":{"rendered":"COLLIER PERLES COEUR BRILLANT"},"content":{"rendered":"<p>Pi\u00e8ce unique, Fait \u00e0 la main<\/p>\n<p><strong>Type de collier : <\/strong>Enfilage \u00e0 noeuds<br \/>\n<strong>Mesures : <\/strong>44 cm<br \/>\n<strong>Type of stone :<\/strong> Perles de culture<br \/>\n<strong>Form :<\/strong> Ovales<br \/>\n<strong>Stone color :<\/strong> Blanc<br \/>\n<strong>Diametre de la pierre : <\/strong>8-10 mm<strong><br \/>\n<\/strong><strong>Fermoir : <\/strong>Dor\u00e9<strong><br \/>\n<\/strong><strong>Type de fil :<\/strong> Soie<strong><br \/>\n<\/strong><strong>Couleur du fil : <\/strong>Bleu marine<br \/>\n<strong>Pendentif : <\/strong>Coeur dor\u00e9 compos\u00e9 de pierres facett\u00e9es<strong><br \/>\nCountry of manufacture :<\/strong> France<\/p>\n<p>Ce collier de perles de culture est une pi\u00e8ce unique qui incarne l\u2019\u00e9l\u00e9gance intemporelle et le romantisme. R\u00e9alis\u00e9 \u00e0 la main en France, il associe la douceur lumineuse des perles blanches \u00e0 l\u2019\u00e9clat d\u2019un pendentif en forme de c\u0153ur serti de pierres facett\u00e9es. Un bijou raffin\u00e9 qui attire naturellement le regard et illumine le d\u00e9collet\u00e9.<\/p>\n<p>Les perles de culture ovales cr\u00e9ent une ligne classique et harmonieuse autour du cou. Elles sont subtilement mises en valeur par un fil de soie blanc, Au centre du collier, un pendentif c\u0153ur dor\u00e9 compos\u00e9 de pierres facett\u00e9es de diff\u00e9rentes formes et tailles capte la lumi\u00e8re et donne au bijou une pr\u00e9sence lumineuse et romantique. Vous pouvez utiliser ce collier pour une f\u00eate de fin d\u2019ann\u00e9e ou c\u00e9l\u00e9bration sp\u00e9ciale, un mariage ou une c\u00e9r\u00e9monie ou une soir\u00e9e \u00e9l\u00e9gante.<\/p>\n<p>Tous mes colliers sont r\u00e9alis\u00e9s \u00e0 la main en France selon la technique traditionnelle d\u2019enfilage de perles avec n\u0153uds sur fil de soie. Ce savoir-faire artisanal permet de prot\u00e9ger les perles, d\u2019assurer une belle souplesse au collier et d\u2019offrir un bijou durable.<\/p>\n<p><span style=\"font-size: 16px;\">Le collier <strong>coeur brillant<\/strong> est id\u00e9al pour :<\/span><\/p>\n<ul data-start=\"912\" data-end=\"1178\">\n<li data-section-id=\"vaw0p7\" data-start=\"912\" data-end=\"976\">Les femmes qui aiment les <strong data-start=\"940\" data-end=\"974\">bijoux \u00e9l\u00e9gants et romantiques<br \/>\n<\/strong><\/li>\n<li data-section-id=\"vaw0p7\" data-start=\"912\" data-end=\"976\">Celles qui recherchent un <strong data-start=\"1005\" data-end=\"1052\">collier de perles avec une touche originale<\/strong><\/li>\n<li data-section-id=\"vaw0p7\" data-start=\"912\" data-end=\"976\">Les personnes souhaitant offrir un <strong data-start=\"1092\" data-end=\"1124\">cadeau raffin\u00e9 et symbolique<\/strong><\/li>\n<li data-section-id=\"vaw0p7\" data-start=\"912\" data-end=\"976\">Les amateurs de <strong data-start=\"1145\" data-end=\"1178\">bijoux intemporels faits main<\/strong><\/li>\n<\/ul>\n<p data-section-id=\"1s898av\" data-start=\"2351\" data-end=\"2392\">Ce bijou est id\u00e9al si vous cherchez :<\/p>\n<ul data-start=\"2394\" data-end=\"2657\" data-is-last-node=\"\" data-is-only-node=\"\">\n<li data-section-id=\"1tqg6kk\" data-start=\"2394\" data-end=\"2450\">Un <strong data-start=\"2399\" data-end=\"2448\">collier de perles \u00e9l\u00e9gant avec pendentif c\u0153ur<\/strong><\/li>\n<li data-section-id=\"1yrl140\" data-start=\"2451\" data-end=\"2512\">Un <strong data-start=\"2456\" data-end=\"2510\">bijou romantique pour mariage ou occasion sp\u00e9ciale<\/strong><\/li>\n<li data-section-id=\"55nztm\" data-start=\"2513\" data-end=\"2561\">Un <strong data-start=\"2518\" data-end=\"2559\">collier de perles fait main en France<\/strong><\/li>\n<li data-section-id=\"e8fhsp\" data-start=\"2562\" data-end=\"2602\">Un <strong data-start=\"2567\" data-end=\"2600\">cadeau raffin\u00e9 pour une femme<\/strong><\/li>\n<li data-section-id=\"1ph0iz3\" data-start=\"2603\" data-end=\"2657\" data-is-last-node=\"\">Un <strong data-start=\"2608\" data-end=\"2655\">bijou lumineux pour les f\u00eates ou c\u00e9r\u00e9monies<\/strong><\/li>\n<\/ul>","protected":false},"excerpt":{"rendered":"<p><strong>Temps d\u2019envoi :<\/strong><strong><br \/>\n<\/strong>Le temps d\u2019envoi en France m\u00e9tropolitaine est de 5 jours. Pour les envois internationaux me contacter.<br \/>\nLe collier sera emball\u00e9 avec soin dans un sac en tissu et une enveloppe renforc\u00e9e.<\/p>\n<p><strong>Follow me on the networks:<\/strong><strong><br \/>\nInstagram<\/strong>\u00a0 <a href=\"https:\/\/www.instagram.com\/veronicacyrot_bijoux\/\">@veronicacyrot_bijoux<\/a><br \/>\n<strong>Pinterest<\/strong> \u00a0\u00a0<a href=\"https:\/\/www.pinterest.fr\/veronicacyrot\/\">veronicacyrot<\/a><\/p>\n<p><strong>Order a personalized jewel :<\/strong><strong><br \/>\n<\/strong>Si vous avez toujours r\u00eavez de cr\u00e9er un bijou sur mesure pour votre Mariage qui s\u2019adapte parfaitement \u00e0 votre style, vous \u00eates arriv\u00e9 au bon endroit. N\u2019h\u00e9sitez pas \u00e0 me contacter pour avoir plus d\u2019information sur le processus de conception et de fabrication pour votre nouveau bijou. <a href=\"https:\/\/www.vcb-paris.com\/en\/contact\/\"><strong>Here<\/strong><\/a><\/p>\n<p>&nbsp;<\/p>","protected":false},"featured_media":5276,"template":"","meta":{"inline_featured_image":false,"site-sidebar-layout":"default","site-content-layout":"","ast-site-content-layout":"default","site-content-style":"default","site-sidebar-style":"default","ast-global-header-display":"","ast-banner-title-visibility":"","ast-main-header-display":"","ast-hfb-above-header-display":"","ast-hfb-below-header-display":"","ast-hfb-mobile-header-display":"","site-post-title":"","ast-breadcrumbs-content":"","ast-featured-img":"","footer-sml-layout":"","theme-transparent-header-meta":"default","adv-header-id-meta":"","stick-header-meta":"","header-above-stick-meta":"","header-main-stick-meta":"","header-below-stick-meta":"","astra-migrate-meta-layouts":"set","ast-page-background-enabled":"default","ast-page-background-meta":{"desktop":{"background-color":"var(--ast-global-color-4)","background-image":"","background-repeat":"repeat","background-position":"center center","background-size":"auto","background-attachment":"scroll","background-type":"","background-media":"","overlay-type":"","overlay-color":"","overlay-opacity":"","overlay-gradient":""},"tablet":{"background-color":"","background-image":"","background-repeat":"repeat","background-position":"center center","background-size":"auto","background-attachment":"scroll","background-type":"","background-media":"","overlay-type":"","overlay-color":"","overlay-opacity":"","overlay-gradient":""},"mobile":{"background-color":"","background-image":"","background-repeat":"repeat","background-position":"center center","background-size":"auto","background-attachment":"scroll","background-type":"","background-media":"","overlay-type":"","overlay-color":"","overlay-opacity":"","overlay-gradient":""}},"ast-content-background-meta":{"desktop":{"background-color":"var(--ast-global-color-5)","background-image":"","background-repeat":"repeat","background-position":"center center","background-size":"auto","background-attachment":"scroll","background-type":"","background-media":"","overlay-type":"","overlay-color":"","overlay-opacity":"","overlay-gradient":""},"tablet":{"background-color":"var(--ast-global-color-5)","background-image":"","background-repeat":"repeat","background-position":"center center","background-size":"auto","background-attachment":"scroll","background-type":"","background-media":"","overlay-type":"","overlay-color":"","overlay-opacity":"","overlay-gradient":""},"mobile":{"background-color":"var(--ast-global-color-5)","background-image":"","background-repeat":"repeat","background-position":"center center","background-size":"auto","background-attachment":"scroll","background-type":"","background-media":"","overlay-type":"","overlay-color":"","overlay-opacity":"","overlay-gradient":""}}},"product_brand":[],"product_cat":[41,68,59,67,70],"product_tag":[62,61],"class_list":{"0":"post-6001","1":"product","2":"type-product","3":"status-publish","4":"has-post-thumbnail","6":"product_cat-collier","7":"product_cat-marriage","8":"product_cat-perles","9":"product_cat-perles-de-culture","10":"product_cat-saint-valentin","11":"product_tag-collier","12":"product_tag-pierres","13":"desktop-align-center","14":"tablet-align-left","15":"mobile-align-left","17":"first","18":"instock","19":"shipping-taxable","20":"purchasable","21":"product-type-simple"},"yoast_head":"<!-- This site is optimized with the Yoast SEO plugin v26.5 - https:\/\/yoast.com\/wordpress\/plugins\/seo\/ -->\n<title>COLLIER PERLES COEUR BRILLANT - VERONICA CYROT<\/title>\n<meta name=\"robots\" content=\"index, follow, max-snippet:-1, max-image-preview:large, max-video-preview:-1\" \/>\n<link rel=\"canonical\" href=\"https:\/\/www.vcb-paris.com\/en\/product\/collier-perles-coeu-brillant\/\" \/>\n<meta property=\"og:locale\" content=\"en_US\" \/>\n<meta property=\"og:type\" content=\"article\" \/>\n<meta property=\"og:title\" content=\"COLLIER PERLES COEUR BRILLANT - VERONICA CYROT\" \/>\n<meta property=\"og:description\" content=\"Temps d\u2019envoi : Le temps d\u2019envoi en France m\u00e9tropolitaine est de 5 jours. Pour les envois internationaux me contacter. Le collier sera emball\u00e9 avec soin dans un sac en tissu et une enveloppe renforc\u00e9e.  Suivez-moi sur les r\u00e9seaux : Instagram\u00a0 @veronicacyrot_bijoux Pinterest \u00a0\u00a0veronicacyrot  Commander un Bijou personnalis\u00e9 : Si vous avez toujours r\u00eavez de cr\u00e9er un bijou sur mesure pour votre Mariage qui s\u2019adapte parfaitement \u00e0 votre style, vous \u00eates arriv\u00e9 au bon endroit. N\u2019h\u00e9sitez pas \u00e0 me contacter pour avoir plus d\u2019information sur le processus de conception et de fabrication pour votre nouveau bijou. Ici  &nbsp;\" \/>\n<meta property=\"og:url\" content=\"https:\/\/www.vcb-paris.com\/en\/product\/collier-perles-coeu-brillant\/\" \/>\n<meta property=\"og:site_name\" content=\"VERONICA CYROT\" \/>\n<meta property=\"article:publisher\" content=\"https:\/\/www.facebook.com\/veronicacyrotbijoux\" \/>\n<meta property=\"article:modified_time\" content=\"2026-03-16T14:30:48+00:00\" \/>\n<meta property=\"og:image\" content=\"https:\/\/www.vcb-paris.com\/wp-content\/uploads\/2025\/11\/PERLES_COLLIER_COEUR_PERLES_VERONICA_CYROT_BIJOUX.jpg\" \/>\n\t<meta property=\"og:image:width\" content=\"1080\" \/>\n\t<meta property=\"og:image:height\" content=\"1080\" \/>\n\t<meta property=\"og:image:type\" content=\"image\/jpeg\" \/>\n<meta name=\"twitter:card\" content=\"summary_large_image\" \/>\n<meta name=\"twitter:label1\" content=\"Est. reading time\" \/>\n\t<meta name=\"twitter:data1\" content=\"2 minutes\" \/>\n<script type=\"application\/ld+json\" class=\"yoast-schema-graph\">{\"@context\":\"https:\/\/schema.org\",\"@graph\":[{\"@type\":\"WebPage\",\"@id\":\"https:\/\/www.vcb-paris.com\/produit\/collier-perles-coeu-brillant\/\",\"url\":\"https:\/\/www.vcb-paris.com\/produit\/collier-perles-coeu-brillant\/\",\"name\":\"COLLIER PERLES COEUR BRILLANT - VERONICA CYROT\",\"isPartOf\":{\"@id\":\"https:\/\/www.vcb-paris.com\/#website\"},\"primaryImageOfPage\":{\"@id\":\"https:\/\/www.vcb-paris.com\/produit\/collier-perles-coeu-brillant\/#primaryimage\"},\"image\":{\"@id\":\"https:\/\/www.vcb-paris.com\/produit\/collier-perles-coeu-brillant\/#primaryimage\"},\"thumbnailUrl\":\"https:\/\/www.vcb-paris.com\/wp-content\/uploads\/2025\/11\/PERLES_COLLIER_COEUR_PERLES_VERONICA_CYROT_BIJOUX.jpg\",\"datePublished\":\"2025-11-29T13:01:42+00:00\",\"dateModified\":\"2026-03-16T14:30:48+00:00\",\"breadcrumb\":{\"@id\":\"https:\/\/www.vcb-paris.com\/produit\/collier-perles-coeu-brillant\/#breadcrumb\"},\"inLanguage\":\"en-US\",\"potentialAction\":[{\"@type\":\"ReadAction\",\"target\":[\"https:\/\/www.vcb-paris.com\/produit\/collier-perles-coeu-brillant\/\"]}]},{\"@type\":\"ImageObject\",\"inLanguage\":\"en-US\",\"@id\":\"https:\/\/www.vcb-paris.com\/produit\/collier-perles-coeu-brillant\/#primaryimage\",\"url\":\"https:\/\/www.vcb-paris.com\/wp-content\/uploads\/2025\/11\/PERLES_COLLIER_COEUR_PERLES_VERONICA_CYROT_BIJOUX.jpg\",\"contentUrl\":\"https:\/\/www.vcb-paris.com\/wp-content\/uploads\/2025\/11\/PERLES_COLLIER_COEUR_PERLES_VERONICA_CYROT_BIJOUX.jpg\",\"width\":1080,\"height\":1080,\"caption\":\"COLLIER PERLES COEUR PIERRES ENFILAGE FEMME MARIAGE\"},{\"@type\":\"BreadcrumbList\",\"@id\":\"https:\/\/www.vcb-paris.com\/produit\/collier-perles-coeu-brillant\/#breadcrumb\",\"itemListElement\":[{\"@type\":\"ListItem\",\"position\":1,\"name\":\"Accueil\",\"item\":\"https:\/\/www.vcb-paris.com\/\"},{\"@type\":\"ListItem\",\"position\":2,\"name\":\"Products\",\"item\":\"https:\/\/www.vcb-paris.com\/en\/boutique__trashed\/\"},{\"@type\":\"ListItem\",\"position\":3,\"name\":\"COLLIER PERLES COEUR BRILLANT\"}]},{\"@type\":\"WebSite\",\"@id\":\"https:\/\/www.vcb-paris.com\/#website\",\"url\":\"https:\/\/www.vcb-paris.com\/\",\"name\":\"VERONICA CYROT BIJOUX\",\"description\":\"Une id\u00e9e, un dessin, un bijou.\",\"publisher\":{\"@id\":\"https:\/\/www.vcb-paris.com\/#organization\"},\"potentialAction\":[{\"@type\":\"SearchAction\",\"target\":{\"@type\":\"EntryPoint\",\"urlTemplate\":\"https:\/\/www.vcb-paris.com\/?s={search_term_string}\"},\"query-input\":{\"@type\":\"PropertyValueSpecification\",\"valueRequired\":true,\"valueName\":\"search_term_string\"}}],\"inLanguage\":\"en-US\"},{\"@type\":\"Organization\",\"@id\":\"https:\/\/www.vcb-paris.com\/#organization\",\"name\":\"VERONICA CYROT BIJOUX\",\"url\":\"https:\/\/www.vcb-paris.com\/\",\"logo\":{\"@type\":\"ImageObject\",\"inLanguage\":\"en-US\",\"@id\":\"https:\/\/www.vcb-paris.com\/#\/schema\/logo\/image\/\",\"url\":\"https:\/\/www.vcb-paris.com\/wp-content\/uploads\/2022\/09\/Logo-Veronica-Cyrot-Bijoux.svg\",\"contentUrl\":\"https:\/\/www.vcb-paris.com\/wp-content\/uploads\/2022\/09\/Logo-Veronica-Cyrot-Bijoux.svg\",\"width\":160,\"height\":160,\"caption\":\"VERONICA CYROT BIJOUX\"},\"image\":{\"@id\":\"https:\/\/www.vcb-paris.com\/#\/schema\/logo\/image\/\"},\"sameAs\":[\"https:\/\/www.facebook.com\/veronicacyrotbijoux\",\"https:\/\/www.instagram.com\/veronicacyrot_bijoux\/\",\"https:\/\/www.pinterest.fr\/veronicacyrot\/\"]}]}<\/script>\n<!-- \/ Yoast SEO plugin. -->","yoast_head_json":{"title":"COLLIER PERLES COEUR BRILLANT - VERONICA CYROT","robots":{"index":"index","follow":"follow","max-snippet":"max-snippet:-1","max-image-preview":"max-image-preview:large","max-video-preview":"max-video-preview:-1"},"canonical":"https:\/\/www.vcb-paris.com\/en\/product\/collier-perles-coeu-brillant\/","og_locale":"en_US","og_type":"article","og_title":"COLLIER PERLES COEUR BRILLANT - VERONICA CYROT","og_description":"Temps d\u2019envoi : Le temps d\u2019envoi en France m\u00e9tropolitaine est de 5 jours. Pour les envois internationaux me contacter. Le collier sera emball\u00e9 avec soin dans un sac en tissu et une enveloppe renforc\u00e9e.  Suivez-moi sur les r\u00e9seaux : Instagram\u00a0 @veronicacyrot_bijoux Pinterest \u00a0\u00a0veronicacyrot  Commander un Bijou personnalis\u00e9 : Si vous avez toujours r\u00eavez de cr\u00e9er un bijou sur mesure pour votre Mariage qui s\u2019adapte parfaitement \u00e0 votre style, vous \u00eates arriv\u00e9 au bon endroit. N\u2019h\u00e9sitez pas \u00e0 me contacter pour avoir plus d\u2019information sur le processus de conception et de fabrication pour votre nouveau bijou. Ici  &nbsp;","og_url":"https:\/\/www.vcb-paris.com\/en\/product\/collier-perles-coeu-brillant\/","og_site_name":"VERONICA CYROT","article_publisher":"https:\/\/www.facebook.com\/veronicacyrotbijoux","article_modified_time":"2026-03-16T14:30:48+00:00","og_image":[{"width":1080,"height":1080,"url":"https:\/\/www.vcb-paris.com\/wp-content\/uploads\/2025\/11\/PERLES_COLLIER_COEUR_PERLES_VERONICA_CYROT_BIJOUX.jpg","type":"image\/jpeg"}],"twitter_card":"summary_large_image","twitter_misc":{"Est. reading time":"2 minutes"},"schema":{"@context":"https:\/\/schema.org","@graph":[{"@type":"WebPage","@id":"https:\/\/www.vcb-paris.com\/produit\/collier-perles-coeu-brillant\/","url":"https:\/\/www.vcb-paris.com\/produit\/collier-perles-coeu-brillant\/","name":"COLLIER PERLES COEUR BRILLANT - VERONICA CYROT","isPartOf":{"@id":"https:\/\/www.vcb-paris.com\/#website"},"primaryImageOfPage":{"@id":"https:\/\/www.vcb-paris.com\/produit\/collier-perles-coeu-brillant\/#primaryimage"},"image":{"@id":"https:\/\/www.vcb-paris.com\/produit\/collier-perles-coeu-brillant\/#primaryimage"},"thumbnailUrl":"https:\/\/www.vcb-paris.com\/wp-content\/uploads\/2025\/11\/PERLES_COLLIER_COEUR_PERLES_VERONICA_CYROT_BIJOUX.jpg","datePublished":"2025-11-29T13:01:42+00:00","dateModified":"2026-03-16T14:30:48+00:00","breadcrumb":{"@id":"https:\/\/www.vcb-paris.com\/produit\/collier-perles-coeu-brillant\/#breadcrumb"},"inLanguage":"en-US","potentialAction":[{"@type":"ReadAction","target":["https:\/\/www.vcb-paris.com\/produit\/collier-perles-coeu-brillant\/"]}]},{"@type":"ImageObject","inLanguage":"en-US","@id":"https:\/\/www.vcb-paris.com\/produit\/collier-perles-coeu-brillant\/#primaryimage","url":"https:\/\/www.vcb-paris.com\/wp-content\/uploads\/2025\/11\/PERLES_COLLIER_COEUR_PERLES_VERONICA_CYROT_BIJOUX.jpg","contentUrl":"https:\/\/www.vcb-paris.com\/wp-content\/uploads\/2025\/11\/PERLES_COLLIER_COEUR_PERLES_VERONICA_CYROT_BIJOUX.jpg","width":1080,"height":1080,"caption":"COLLIER PERLES COEUR PIERRES ENFILAGE FEMME MARIAGE"},{"@type":"BreadcrumbList","@id":"https:\/\/www.vcb-paris.com\/produit\/collier-perles-coeu-brillant\/#breadcrumb","itemListElement":[{"@type":"ListItem","position":1,"name":"Accueil","item":"https:\/\/www.vcb-paris.com\/"},{"@type":"ListItem","position":2,"name":"Products","item":"https:\/\/www.vcb-paris.com\/en\/boutique__trashed\/"},{"@type":"ListItem","position":3,"name":"COLLIER PERLES COEUR BRILLANT"}]},{"@type":"WebSite","@id":"https:\/\/www.vcb-paris.com\/#website","url":"https:\/\/www.vcb-paris.com\/","name":"VERONICA CYROT BIJOUX","description":"Une id\u00e9e, un dessin, un bijou.","publisher":{"@id":"https:\/\/www.vcb-paris.com\/#organization"},"potentialAction":[{"@type":"SearchAction","target":{"@type":"EntryPoint","urlTemplate":"https:\/\/www.vcb-paris.com\/?s={search_term_string}"},"query-input":{"@type":"PropertyValueSpecification","valueRequired":true,"valueName":"search_term_string"}}],"inLanguage":"en-US"},{"@type":"Organization","@id":"https:\/\/www.vcb-paris.com\/#organization","name":"VERONICA CYROT BIJOUX","url":"https:\/\/www.vcb-paris.com\/","logo":{"@type":"ImageObject","inLanguage":"en-US","@id":"https:\/\/www.vcb-paris.com\/#\/schema\/logo\/image\/","url":"https:\/\/www.vcb-paris.com\/wp-content\/uploads\/2022\/09\/Logo-Veronica-Cyrot-Bijoux.svg","contentUrl":"https:\/\/www.vcb-paris.com\/wp-content\/uploads\/2022\/09\/Logo-Veronica-Cyrot-Bijoux.svg","width":160,"height":160,"caption":"VERONICA CYROT BIJOUX"},"image":{"@id":"https:\/\/www.vcb-paris.com\/#\/schema\/logo\/image\/"},"sameAs":["https:\/\/www.facebook.com\/veronicacyrotbijoux","https:\/\/www.instagram.com\/veronicacyrot_bijoux\/","https:\/\/www.pinterest.fr\/veronicacyrot\/"]}]}},"_links":{"self":[{"href":"https:\/\/www.vcb-paris.com\/en\/wp-json\/wp\/v2\/product\/6001","targetHints":{"allow":["GET"]}}],"collection":[{"href":"https:\/\/www.vcb-paris.com\/en\/wp-json\/wp\/v2\/product"}],"about":[{"href":"https:\/\/www.vcb-paris.com\/en\/wp-json\/wp\/v2\/types\/product"}],"wp:featuredmedia":[{"embeddable":true,"href":"https:\/\/www.vcb-paris.com\/en\/wp-json\/wp\/v2\/media\/5276"}],"wp:attachment":[{"href":"https:\/\/www.vcb-paris.com\/en\/wp-json\/wp\/v2\/media?parent=6001"}],"wp:term":[{"taxonomy":"product_brand","embeddable":true,"href":"https:\/\/www.vcb-paris.com\/en\/wp-json\/wp\/v2\/product_brand?post=6001"},{"taxonomy":"product_cat","embeddable":true,"href":"https:\/\/www.vcb-paris.com\/en\/wp-json\/wp\/v2\/product_cat?post=6001"},{"taxonomy":"product_tag","embeddable":true,"href":"https:\/\/www.vcb-paris.com\/en\/wp-json\/wp\/v2\/product_tag?post=6001"}],"curies":[{"name":"wp","href":"https:\/\/api.w.org\/{rel}","templated":true}]}}