{"id":5998,"date":"2025-11-29T12:12:48","date_gmt":"2025-11-29T12:12:48","guid":{"rendered":"https:\/\/www.vcb-paris.com\/?post_type=product&#038;p=5998"},"modified":"2026-03-16T11:26:19","modified_gmt":"2026-03-16T11:26:19","slug":"collier-perles-soleil-bleu","status":"publish","type":"product","link":"https:\/\/www.vcb-paris.com\/en\/product\/collier-perles-soleil-bleu\/","title":{"rendered":"COLLIER PERLES SOLEIL BLEU"},"content":{"rendered":"<p>Pi\u00e8ce unique, Fait \u00e0 la main<\/p>\n<p><strong>Type de collier : <\/strong>Enfilage \u00e0 noeuds<br \/>\n<strong>Mesures : <\/strong>48 cm<br \/>\n<strong>Type of stone :<\/strong> Perles de culture<br \/>\n<strong>Form :<\/strong> Ovales<br \/>\n<strong>Stone color :<\/strong> Blanc<br \/>\n<strong>Diametre de la pierre : <\/strong>8-10 mm<strong><br \/>\n<\/strong><strong>Fermoir : <\/strong>Dor\u00e9<strong><br \/>\n<\/strong><strong>Type de fil :<\/strong> Soie<strong><br \/>\n<\/strong><strong>Couleur du fil : <\/strong>Bleu marine<br \/>\n<strong>Pendentif : <\/strong>Soleil dor\u00e9 avec de pierres de couleurs<strong><br \/>\nCountry of manufacture :<\/strong> France<\/p>\n<p data-start=\"586\" data-end=\"874\">Ce collier de perles de culture est une pi\u00e8ce unique qui allie \u00e9l\u00e9gance classique et caract\u00e8re contemporain. R\u00e9alis\u00e9 \u00e0 la main en France, il se compose de perles blanches ovales soigneusement s\u00e9lectionn\u00e9es et enfil\u00e9es sur un fil de soie bleu marine, cr\u00e9ant un contraste subtil et raffin\u00e9. Au centre du collier, un pendentif dor\u00e9 en forme de soleil serti de pierres aux nuances bleut\u00e9es attire la lumi\u00e8re et illumine le d\u00e9collet\u00e9. Ce d\u00e9tail lumineux donne au bijou une personnalit\u00e9 forte tout en conservant l\u2019\u00e9l\u00e9gance intemporelle des perles.<\/p>\n<p data-start=\"1130\" data-end=\"1380\">Chaque perle est enfil\u00e9e selon la technique traditionnelle d\u2019enfilage avec n\u0153uds sur fil de soie, garantissant souplesse, s\u00e9curit\u00e9 et durabilit\u00e9 du bijou.<\/p>\n<p data-start=\"1130\" data-end=\"1380\">Ce collier est id\u00e9al si vous cherchez :<\/p>\n<ul>\n<li data-start=\"2654\" data-end=\"2698\">Un <strong data-start=\"2657\" data-end=\"2698\">collier de perles \u00e9l\u00e9gant et original<\/strong><\/li>\n<li data-start=\"2654\" data-end=\"2698\">Sublimer une <strong>robe de soir\u00e9e <\/strong><\/li>\n<li data-start=\"2654\" data-end=\"2698\">Un <strong data-start=\"2704\" data-end=\"2742\">bijou artisanal fabriqu\u00e9 en France<\/strong><\/li>\n<li data-start=\"2654\" data-end=\"2698\">Un <strong data-start=\"2748\" data-end=\"2793\">collier de perles avec pendentif lumineux<\/strong><\/li>\n<li data-start=\"2654\" data-end=\"2698\">Un <strong data-start=\"2799\" data-end=\"2839\">bijou raffin\u00e9 et moderne pour mariage<\/strong><\/li>\n<\/ul>\n<p>&nbsp;<\/p>","protected":false},"excerpt":{"rendered":"<p><strong>Temps d\u2019envoi :<\/strong><strong><br \/>\n<\/strong>Le temps d\u2019envoi en France m\u00e9tropolitaine est de 5 jours. Pour les envois internationaux me contacter.<br \/>\nLe collier sera emball\u00e9 avec soin dans une boite et une enveloppe renforc\u00e9e.<\/p>\n<p><strong>Follow me on the networks:<\/strong><strong><br \/>\nInstagram<\/strong>\u00a0 <a href=\"https:\/\/www.instagram.com\/veronicacyrot_bijoux\/\">@veronicacyrot_bijoux<\/a><br \/>\n<strong>Pinterest<\/strong> \u00a0\u00a0<a href=\"https:\/\/www.pinterest.fr\/veronicacyrot\/\">veronicacyrot<\/a><\/p>\n<p><strong>Order a personalized jewel :<\/strong><strong><br \/>\n<\/strong>Si vous avez toujours r\u00eavez de cr\u00e9er un bijou original qui s\u2019adapte parfaitement \u00e0 votre style, vous \u00eates arriv\u00e9 au bon endroit. N\u2019h\u00e9sitez pas \u00e0 me contacter pour avoir plus d\u2019information sur le processus de conception et de fabrication pour votre nouveau bijou. <a href=\"https:\/\/www.vcb-paris.com\/en\/contact\/\"><strong>Here<\/strong><\/a><\/p>\n<p>&nbsp;<\/p>","protected":false},"featured_media":5960,"template":"","meta":{"inline_featured_image":false,"site-sidebar-layout":"default","site-content-layout":"","ast-site-content-layout":"default","site-content-style":"default","site-sidebar-style":"default","ast-global-header-display":"","ast-banner-title-visibility":"","ast-main-header-display":"","ast-hfb-above-header-display":"","ast-hfb-below-header-display":"","ast-hfb-mobile-header-display":"","site-post-title":"","ast-breadcrumbs-content":"","ast-featured-img":"","footer-sml-layout":"","theme-transparent-header-meta":"default","adv-header-id-meta":"","stick-header-meta":"","header-above-stick-meta":"","header-main-stick-meta":"","header-below-stick-meta":"","astra-migrate-meta-layouts":"set","ast-page-background-enabled":"default","ast-page-background-meta":{"desktop":{"background-color":"var(--ast-global-color-4)","background-image":"","background-repeat":"repeat","background-position":"center center","background-size":"auto","background-attachment":"scroll","background-type":"","background-media":"","overlay-type":"","overlay-color":"","overlay-opacity":"","overlay-gradient":""},"tablet":{"background-color":"","background-image":"","background-repeat":"repeat","background-position":"center center","background-size":"auto","background-attachment":"scroll","background-type":"","background-media":"","overlay-type":"","overlay-color":"","overlay-opacity":"","overlay-gradient":""},"mobile":{"background-color":"","background-image":"","background-repeat":"repeat","background-position":"center center","background-size":"auto","background-attachment":"scroll","background-type":"","background-media":"","overlay-type":"","overlay-color":"","overlay-opacity":"","overlay-gradient":""}},"ast-content-background-meta":{"desktop":{"background-color":"var(--ast-global-color-5)","background-image":"","background-repeat":"repeat","background-position":"center center","background-size":"auto","background-attachment":"scroll","background-type":"","background-media":"","overlay-type":"","overlay-color":"","overlay-opacity":"","overlay-gradient":""},"tablet":{"background-color":"var(--ast-global-color-5)","background-image":"","background-repeat":"repeat","background-position":"center center","background-size":"auto","background-attachment":"scroll","background-type":"","background-media":"","overlay-type":"","overlay-color":"","overlay-opacity":"","overlay-gradient":""},"mobile":{"background-color":"var(--ast-global-color-5)","background-image":"","background-repeat":"repeat","background-position":"center center","background-size":"auto","background-attachment":"scroll","background-type":"","background-media":"","overlay-type":"","overlay-color":"","overlay-opacity":"","overlay-gradient":""}}},"product_brand":[],"product_cat":[41,68,59,67],"product_tag":[62,61],"class_list":{"0":"post-5998","1":"product","2":"type-product","3":"status-publish","4":"has-post-thumbnail","6":"product_cat-collier","7":"product_cat-marriage","8":"product_cat-perles","9":"product_cat-perles-de-culture","10":"product_tag-collier","11":"product_tag-pierres","12":"desktop-align-center","13":"tablet-align-left","14":"mobile-align-left","16":"first","17":"instock","18":"shipping-taxable","19":"purchasable","20":"product-type-simple"},"yoast_head":"<!-- This site is optimized with the Yoast SEO plugin v26.5 - https:\/\/yoast.com\/wordpress\/plugins\/seo\/ -->\n<title>COLLIER PERLES SOLEIL BLEU - VERONICA CYROT<\/title>\n<meta name=\"robots\" content=\"index, follow, max-snippet:-1, max-image-preview:large, max-video-preview:-1\" \/>\n<link rel=\"canonical\" href=\"https:\/\/www.vcb-paris.com\/en\/product\/collier-perles-soleil-bleu\/\" \/>\n<meta property=\"og:locale\" content=\"en_US\" \/>\n<meta property=\"og:type\" content=\"article\" \/>\n<meta property=\"og:title\" content=\"COLLIER PERLES SOLEIL BLEU - VERONICA CYROT\" \/>\n<meta property=\"og:description\" content=\"Temps d\u2019envoi : Le temps d\u2019envoi en France m\u00e9tropolitaine est de 5 jours. Pour les envois internationaux me contacter. Le collier sera emball\u00e9 avec soin dans une boite et une enveloppe renforc\u00e9e.  Suivez-moi sur les r\u00e9seaux : Instagram\u00a0 @veronicacyrot_bijoux Pinterest \u00a0\u00a0veronicacyrot  Commander un Bijou personnalis\u00e9 : Si vous avez toujours r\u00eavez de cr\u00e9er un bijou original qui s\u2019adapte parfaitement \u00e0 votre style, vous \u00eates arriv\u00e9 au bon endroit. N\u2019h\u00e9sitez pas \u00e0 me contacter pour avoir plus d\u2019information sur le processus de conception et de fabrication pour votre nouveau bijou. Ici  &nbsp;\" \/>\n<meta property=\"og:url\" content=\"https:\/\/www.vcb-paris.com\/en\/product\/collier-perles-soleil-bleu\/\" \/>\n<meta property=\"og:site_name\" content=\"VERONICA CYROT\" \/>\n<meta property=\"article:publisher\" content=\"https:\/\/www.facebook.com\/veronicacyrotbijoux\" \/>\n<meta property=\"article:modified_time\" content=\"2026-03-16T11:26:19+00:00\" \/>\n<meta property=\"og:image\" content=\"https:\/\/www.vcb-paris.com\/wp-content\/uploads\/2025\/11\/COLLIER_PERLES_SOLEIL_BLEU_VCB_PARIS_petit.jpg\" \/>\n\t<meta property=\"og:image:width\" content=\"1080\" \/>\n\t<meta property=\"og:image:height\" content=\"1080\" \/>\n\t<meta property=\"og:image:type\" content=\"image\/jpeg\" \/>\n<meta name=\"twitter:card\" content=\"summary_large_image\" \/>\n<meta name=\"twitter:label1\" content=\"Est. reading time\" \/>\n\t<meta name=\"twitter:data1\" content=\"2 minutes\" \/>\n<script type=\"application\/ld+json\" class=\"yoast-schema-graph\">{\"@context\":\"https:\/\/schema.org\",\"@graph\":[{\"@type\":\"WebPage\",\"@id\":\"https:\/\/www.vcb-paris.com\/produit\/collier-perles-soleil-bleu\/\",\"url\":\"https:\/\/www.vcb-paris.com\/produit\/collier-perles-soleil-bleu\/\",\"name\":\"COLLIER PERLES SOLEIL BLEU - VERONICA CYROT\",\"isPartOf\":{\"@id\":\"https:\/\/www.vcb-paris.com\/#website\"},\"primaryImageOfPage\":{\"@id\":\"https:\/\/www.vcb-paris.com\/produit\/collier-perles-soleil-bleu\/#primaryimage\"},\"image\":{\"@id\":\"https:\/\/www.vcb-paris.com\/produit\/collier-perles-soleil-bleu\/#primaryimage\"},\"thumbnailUrl\":\"https:\/\/www.vcb-paris.com\/wp-content\/uploads\/2025\/11\/COLLIER_PERLES_SOLEIL_BLEU_VCB_PARIS_petit.jpg\",\"datePublished\":\"2025-11-29T12:12:48+00:00\",\"dateModified\":\"2026-03-16T11:26:19+00:00\",\"breadcrumb\":{\"@id\":\"https:\/\/www.vcb-paris.com\/produit\/collier-perles-soleil-bleu\/#breadcrumb\"},\"inLanguage\":\"en-US\",\"potentialAction\":[{\"@type\":\"ReadAction\",\"target\":[\"https:\/\/www.vcb-paris.com\/produit\/collier-perles-soleil-bleu\/\"]}]},{\"@type\":\"ImageObject\",\"inLanguage\":\"en-US\",\"@id\":\"https:\/\/www.vcb-paris.com\/produit\/collier-perles-soleil-bleu\/#primaryimage\",\"url\":\"https:\/\/www.vcb-paris.com\/wp-content\/uploads\/2025\/11\/COLLIER_PERLES_SOLEIL_BLEU_VCB_PARIS_petit.jpg\",\"contentUrl\":\"https:\/\/www.vcb-paris.com\/wp-content\/uploads\/2025\/11\/COLLIER_PERLES_SOLEIL_BLEU_VCB_PARIS_petit.jpg\",\"width\":1080,\"height\":1080,\"caption\":\"collier perles soleil bleu culture naturelles enfilage\"},{\"@type\":\"BreadcrumbList\",\"@id\":\"https:\/\/www.vcb-paris.com\/produit\/collier-perles-soleil-bleu\/#breadcrumb\",\"itemListElement\":[{\"@type\":\"ListItem\",\"position\":1,\"name\":\"Accueil\",\"item\":\"https:\/\/www.vcb-paris.com\/\"},{\"@type\":\"ListItem\",\"position\":2,\"name\":\"Products\",\"item\":\"https:\/\/www.vcb-paris.com\/en\/boutique__trashed\/\"},{\"@type\":\"ListItem\",\"position\":3,\"name\":\"COLLIER PERLES SOLEIL BLEU\"}]},{\"@type\":\"WebSite\",\"@id\":\"https:\/\/www.vcb-paris.com\/#website\",\"url\":\"https:\/\/www.vcb-paris.com\/\",\"name\":\"VERONICA CYROT BIJOUX\",\"description\":\"Une id\u00e9e, un dessin, un bijou.\",\"publisher\":{\"@id\":\"https:\/\/www.vcb-paris.com\/#organization\"},\"potentialAction\":[{\"@type\":\"SearchAction\",\"target\":{\"@type\":\"EntryPoint\",\"urlTemplate\":\"https:\/\/www.vcb-paris.com\/?s={search_term_string}\"},\"query-input\":{\"@type\":\"PropertyValueSpecification\",\"valueRequired\":true,\"valueName\":\"search_term_string\"}}],\"inLanguage\":\"en-US\"},{\"@type\":\"Organization\",\"@id\":\"https:\/\/www.vcb-paris.com\/#organization\",\"name\":\"VERONICA CYROT BIJOUX\",\"url\":\"https:\/\/www.vcb-paris.com\/\",\"logo\":{\"@type\":\"ImageObject\",\"inLanguage\":\"en-US\",\"@id\":\"https:\/\/www.vcb-paris.com\/#\/schema\/logo\/image\/\",\"url\":\"https:\/\/www.vcb-paris.com\/wp-content\/uploads\/2022\/09\/Logo-Veronica-Cyrot-Bijoux.svg\",\"contentUrl\":\"https:\/\/www.vcb-paris.com\/wp-content\/uploads\/2022\/09\/Logo-Veronica-Cyrot-Bijoux.svg\",\"width\":160,\"height\":160,\"caption\":\"VERONICA CYROT BIJOUX\"},\"image\":{\"@id\":\"https:\/\/www.vcb-paris.com\/#\/schema\/logo\/image\/\"},\"sameAs\":[\"https:\/\/www.facebook.com\/veronicacyrotbijoux\",\"https:\/\/www.instagram.com\/veronicacyrot_bijoux\/\",\"https:\/\/www.pinterest.fr\/veronicacyrot\/\"]}]}<\/script>\n<!-- \/ Yoast SEO plugin. -->","yoast_head_json":{"title":"COLLIER PERLES SOLEIL BLEU - VERONICA CYROT","robots":{"index":"index","follow":"follow","max-snippet":"max-snippet:-1","max-image-preview":"max-image-preview:large","max-video-preview":"max-video-preview:-1"},"canonical":"https:\/\/www.vcb-paris.com\/en\/product\/collier-perles-soleil-bleu\/","og_locale":"en_US","og_type":"article","og_title":"COLLIER PERLES SOLEIL BLEU - VERONICA CYROT","og_description":"Temps d\u2019envoi : Le temps d\u2019envoi en France m\u00e9tropolitaine est de 5 jours. Pour les envois internationaux me contacter. Le collier sera emball\u00e9 avec soin dans une boite et une enveloppe renforc\u00e9e.  Suivez-moi sur les r\u00e9seaux : Instagram\u00a0 @veronicacyrot_bijoux Pinterest \u00a0\u00a0veronicacyrot  Commander un Bijou personnalis\u00e9 : Si vous avez toujours r\u00eavez de cr\u00e9er un bijou original qui s\u2019adapte parfaitement \u00e0 votre style, vous \u00eates arriv\u00e9 au bon endroit. N\u2019h\u00e9sitez pas \u00e0 me contacter pour avoir plus d\u2019information sur le processus de conception et de fabrication pour votre nouveau bijou. Ici  &nbsp;","og_url":"https:\/\/www.vcb-paris.com\/en\/product\/collier-perles-soleil-bleu\/","og_site_name":"VERONICA CYROT","article_publisher":"https:\/\/www.facebook.com\/veronicacyrotbijoux","article_modified_time":"2026-03-16T11:26:19+00:00","og_image":[{"width":1080,"height":1080,"url":"https:\/\/www.vcb-paris.com\/wp-content\/uploads\/2025\/11\/COLLIER_PERLES_SOLEIL_BLEU_VCB_PARIS_petit.jpg","type":"image\/jpeg"}],"twitter_card":"summary_large_image","twitter_misc":{"Est. reading time":"2 minutes"},"schema":{"@context":"https:\/\/schema.org","@graph":[{"@type":"WebPage","@id":"https:\/\/www.vcb-paris.com\/produit\/collier-perles-soleil-bleu\/","url":"https:\/\/www.vcb-paris.com\/produit\/collier-perles-soleil-bleu\/","name":"COLLIER PERLES SOLEIL BLEU - VERONICA CYROT","isPartOf":{"@id":"https:\/\/www.vcb-paris.com\/#website"},"primaryImageOfPage":{"@id":"https:\/\/www.vcb-paris.com\/produit\/collier-perles-soleil-bleu\/#primaryimage"},"image":{"@id":"https:\/\/www.vcb-paris.com\/produit\/collier-perles-soleil-bleu\/#primaryimage"},"thumbnailUrl":"https:\/\/www.vcb-paris.com\/wp-content\/uploads\/2025\/11\/COLLIER_PERLES_SOLEIL_BLEU_VCB_PARIS_petit.jpg","datePublished":"2025-11-29T12:12:48+00:00","dateModified":"2026-03-16T11:26:19+00:00","breadcrumb":{"@id":"https:\/\/www.vcb-paris.com\/produit\/collier-perles-soleil-bleu\/#breadcrumb"},"inLanguage":"en-US","potentialAction":[{"@type":"ReadAction","target":["https:\/\/www.vcb-paris.com\/produit\/collier-perles-soleil-bleu\/"]}]},{"@type":"ImageObject","inLanguage":"en-US","@id":"https:\/\/www.vcb-paris.com\/produit\/collier-perles-soleil-bleu\/#primaryimage","url":"https:\/\/www.vcb-paris.com\/wp-content\/uploads\/2025\/11\/COLLIER_PERLES_SOLEIL_BLEU_VCB_PARIS_petit.jpg","contentUrl":"https:\/\/www.vcb-paris.com\/wp-content\/uploads\/2025\/11\/COLLIER_PERLES_SOLEIL_BLEU_VCB_PARIS_petit.jpg","width":1080,"height":1080,"caption":"collier perles soleil bleu culture naturelles enfilage"},{"@type":"BreadcrumbList","@id":"https:\/\/www.vcb-paris.com\/produit\/collier-perles-soleil-bleu\/#breadcrumb","itemListElement":[{"@type":"ListItem","position":1,"name":"Accueil","item":"https:\/\/www.vcb-paris.com\/"},{"@type":"ListItem","position":2,"name":"Products","item":"https:\/\/www.vcb-paris.com\/en\/boutique__trashed\/"},{"@type":"ListItem","position":3,"name":"COLLIER PERLES SOLEIL BLEU"}]},{"@type":"WebSite","@id":"https:\/\/www.vcb-paris.com\/#website","url":"https:\/\/www.vcb-paris.com\/","name":"VERONICA CYROT BIJOUX","description":"Une id\u00e9e, un dessin, un bijou.","publisher":{"@id":"https:\/\/www.vcb-paris.com\/#organization"},"potentialAction":[{"@type":"SearchAction","target":{"@type":"EntryPoint","urlTemplate":"https:\/\/www.vcb-paris.com\/?s={search_term_string}"},"query-input":{"@type":"PropertyValueSpecification","valueRequired":true,"valueName":"search_term_string"}}],"inLanguage":"en-US"},{"@type":"Organization","@id":"https:\/\/www.vcb-paris.com\/#organization","name":"VERONICA CYROT BIJOUX","url":"https:\/\/www.vcb-paris.com\/","logo":{"@type":"ImageObject","inLanguage":"en-US","@id":"https:\/\/www.vcb-paris.com\/#\/schema\/logo\/image\/","url":"https:\/\/www.vcb-paris.com\/wp-content\/uploads\/2022\/09\/Logo-Veronica-Cyrot-Bijoux.svg","contentUrl":"https:\/\/www.vcb-paris.com\/wp-content\/uploads\/2022\/09\/Logo-Veronica-Cyrot-Bijoux.svg","width":160,"height":160,"caption":"VERONICA CYROT BIJOUX"},"image":{"@id":"https:\/\/www.vcb-paris.com\/#\/schema\/logo\/image\/"},"sameAs":["https:\/\/www.facebook.com\/veronicacyrotbijoux","https:\/\/www.instagram.com\/veronicacyrot_bijoux\/","https:\/\/www.pinterest.fr\/veronicacyrot\/"]}]}},"_links":{"self":[{"href":"https:\/\/www.vcb-paris.com\/en\/wp-json\/wp\/v2\/product\/5998","targetHints":{"allow":["GET"]}}],"collection":[{"href":"https:\/\/www.vcb-paris.com\/en\/wp-json\/wp\/v2\/product"}],"about":[{"href":"https:\/\/www.vcb-paris.com\/en\/wp-json\/wp\/v2\/types\/product"}],"wp:featuredmedia":[{"embeddable":true,"href":"https:\/\/www.vcb-paris.com\/en\/wp-json\/wp\/v2\/media\/5960"}],"wp:attachment":[{"href":"https:\/\/www.vcb-paris.com\/en\/wp-json\/wp\/v2\/media?parent=5998"}],"wp:term":[{"taxonomy":"product_brand","embeddable":true,"href":"https:\/\/www.vcb-paris.com\/en\/wp-json\/wp\/v2\/product_brand?post=5998"},{"taxonomy":"product_cat","embeddable":true,"href":"https:\/\/www.vcb-paris.com\/en\/wp-json\/wp\/v2\/product_cat?post=5998"},{"taxonomy":"product_tag","embeddable":true,"href":"https:\/\/www.vcb-paris.com\/en\/wp-json\/wp\/v2\/product_tag?post=5998"}],"curies":[{"name":"wp","href":"https:\/\/api.w.org\/{rel}","templated":true}]}}