{"id":4460,"date":"2024-09-01T18:46:16","date_gmt":"2024-09-01T18:46:16","guid":{"rendered":"https:\/\/www.vcb-paris.com\/?post_type=product&#038;p=4460"},"modified":"2024-12-19T12:26:07","modified_gmt":"2024-12-19T12:26:07","slug":"collier-unaka-tourmaline-veronica-cyrot","status":"publish","type":"product","link":"https:\/\/www.vcb-paris.com\/en\/product\/collier-unaka-tourmaline-veronica-cyrot\/","title":{"rendered":"COLLIER UNAKA"},"content":{"rendered":"<p><strong>Type de pierre : <\/strong>Jade, unakita<br \/>\n<strong>Couleur de la pierre :\u00a0 <\/strong>Vert clair, vert fonc\u00e9 et rose<strong><br \/>\n<\/strong><strong>Mesure du collier : <\/strong>50 cm<strong><br \/>\n<\/strong><strong>Fils : <\/strong>Acier inoxydable enduit de nylon<br \/>\n<strong>Total weight :<\/strong> 31 gr<br \/>\n<strong>Fermoir :<\/strong> Dor\u00e9<br \/>\n<strong>Accessoires : <\/strong>Dor\u00e9s<strong><br \/>\nCountry of manufacture :<\/strong> France<\/p>\n<p>Le<strong> Collier Unaka<\/strong> a \u00e9t\u00e9 fabriqu\u00e9 \u00e0 la main et avec grand soin. J&rsquo;ai choisi de perles de jade et unakita pour cette cr\u00e9ation inspir\u00e9e dans les montagnes d&rsquo;Unaka. Il est parfait pour donner une touche de fraicheur \u00e0 vos tenues de printemps et \u00e9t\u00e9.<\/p>","protected":false},"excerpt":{"rendered":"<section class=\"elementor-section elementor-top-section elementor-element elementor-element-5233fb3f elementor-section-boxed elementor-section-height-default elementor-section-height-default\" data-id=\"5233fb3f\" data-element_type=\"section\">\n<div class=\"elementor-container elementor-column-gap-default\">\n<div class=\"elementor-column elementor-col-100 elementor-top-column elementor-element elementor-element-2fe4f796\" data-id=\"2fe4f796\" data-element_type=\"column\" data-settings=\"{&quot;background_background&quot;:&quot;classic&quot;}\">\n<div class=\"elementor-widget-wrap elementor-element-populated\">\n<div class=\"elementor-element elementor-element-a42c829 elementor-widget elementor-widget-wl-single-product-short-description\" data-id=\"a42c829\" data-element_type=\"widget\" data-widget_type=\"wl-single-product-short-description.default\">\n<div class=\"elementor-widget-container\">\n<div class=\"woocommerce-product-details__short-description\">\n<p>Le <strong>Collier Unaka <\/strong>est une pi\u00e8ce unique.<\/p>\n<p><strong>Temps d\u2019envoi :<\/strong><b><br \/>\n<\/b>Le temps d\u2019envoi en France m\u00e9tropolitaine est de 5 jours. Il est de 10 \u00e0 15 jours pour les envois internationaux. Pour les envois sp\u00e9ciaux n\u2019h\u00e9sitez pas \u00e0 me contacter par mail : contact@vcb-paris.com ou par t\u00e9l\u00e9phone : +33 780145185<\/p>\n<p>Le collier sera emball\u00e9e avec soin dans une boite et un enveloppe renforc\u00e9.<\/p>\n<p><strong>Follow me on the networks:<\/strong><b><br \/>\n<strong>Instagram<\/strong><\/b>\u00a0 <a href=\"https:\/\/www.instagram.com\/veronicacyrot_bijoux\/\">@veronicacyrot_bijoux<\/a><br \/>\n<strong>Pinterest<\/strong> \u00a0\u00a0<a href=\"https:\/\/www.pinterest.fr\/veronicacyrot\/\">veronicacyrot<\/a><\/p>\n<\/div>\n<\/div>\n<\/div>\n<\/div>\n<\/div>\n<\/div>\n<\/section>","protected":false},"featured_media":4156,"template":"","meta":{"inline_featured_image":false,"site-sidebar-layout":"default","site-content-layout":"","ast-site-content-layout":"default","site-content-style":"default","site-sidebar-style":"default","ast-global-header-display":"","ast-banner-title-visibility":"","ast-main-header-display":"","ast-hfb-above-header-display":"","ast-hfb-below-header-display":"","ast-hfb-mobile-header-display":"","site-post-title":"","ast-breadcrumbs-content":"","ast-featured-img":"","footer-sml-layout":"","theme-transparent-header-meta":"default","adv-header-id-meta":"","stick-header-meta":"","header-above-stick-meta":"","header-main-stick-meta":"","header-below-stick-meta":"","astra-migrate-meta-layouts":"set","ast-page-background-enabled":"default","ast-page-background-meta":{"desktop":{"background-color":"var(--ast-global-color-4)","background-image":"","background-repeat":"repeat","background-position":"center center","background-size":"auto","background-attachment":"scroll","background-type":"","background-media":"","overlay-type":"","overlay-color":"","overlay-opacity":"","overlay-gradient":""},"tablet":{"background-color":"","background-image":"","background-repeat":"repeat","background-position":"center center","background-size":"auto","background-attachment":"scroll","background-type":"","background-media":"","overlay-type":"","overlay-color":"","overlay-opacity":"","overlay-gradient":""},"mobile":{"background-color":"","background-image":"","background-repeat":"repeat","background-position":"center center","background-size":"auto","background-attachment":"scroll","background-type":"","background-media":"","overlay-type":"","overlay-color":"","overlay-opacity":"","overlay-gradient":""}},"ast-content-background-meta":{"desktop":{"background-color":"var(--ast-global-color-5)","background-image":"","background-repeat":"repeat","background-position":"center center","background-size":"auto","background-attachment":"scroll","background-type":"","background-media":"","overlay-type":"","overlay-color":"","overlay-opacity":"","overlay-gradient":""},"tablet":{"background-color":"var(--ast-global-color-5)","background-image":"","background-repeat":"repeat","background-position":"center center","background-size":"auto","background-attachment":"scroll","background-type":"","background-media":"","overlay-type":"","overlay-color":"","overlay-opacity":"","overlay-gradient":""},"mobile":{"background-color":"var(--ast-global-color-5)","background-image":"","background-repeat":"repeat","background-position":"center center","background-size":"auto","background-attachment":"scroll","background-type":"","background-media":"","overlay-type":"","overlay-color":"","overlay-opacity":"","overlay-gradient":""}}},"product_brand":[],"product_cat":[52],"product_tag":[],"class_list":{"0":"post-4460","1":"product","2":"type-product","3":"status-publish","4":"has-post-thumbnail","6":"product_cat-collier-pierres","7":"desktop-align-center","8":"tablet-align-left","9":"mobile-align-left","11":"first","12":"outofstock","13":"sold-individually","14":"shipping-taxable","15":"purchasable","16":"product-type-simple"},"yoast_head":"<!-- This site is optimized with the Yoast SEO plugin v26.5 - https:\/\/yoast.com\/wordpress\/plugins\/seo\/ -->\n<title>COLLIER UNAKA - VERONICA CYROT<\/title>\n<meta name=\"robots\" content=\"index, follow, max-snippet:-1, max-image-preview:large, max-video-preview:-1\" \/>\n<link rel=\"canonical\" href=\"https:\/\/www.vcb-paris.com\/en\/product\/collier-unaka-tourmaline-veronica-cyrot\/\" \/>\n<meta property=\"og:locale\" content=\"en_US\" \/>\n<meta property=\"og:type\" content=\"article\" \/>\n<meta property=\"og:title\" content=\"COLLIER UNAKA - VERONICA CYROT\" \/>\n<meta property=\"og:description\" content=\"Le Collier Unaka est une pi\u00e8ce unique.  Temps d\u2019envoi : Le temps d\u2019envoi en France m\u00e9tropolitaine est de 5 jours. Il est de 10 \u00e0 15 jours pour les envois internationaux. Pour les envois sp\u00e9ciaux n\u2019h\u00e9sitez pas \u00e0 me contacter par mail : contact@vcb-paris.com ou par t\u00e9l\u00e9phone : +33 780145185  Le collier sera emball\u00e9e avec soin dans une boite et un enveloppe renforc\u00e9.  Suivez-moi sur les r\u00e9seaux : Instagram\u00a0 @veronicacyrot_bijoux Pinterest \u00a0\u00a0veronicacyrot\" \/>\n<meta property=\"og:url\" content=\"https:\/\/www.vcb-paris.com\/en\/product\/collier-unaka-tourmaline-veronica-cyrot\/\" \/>\n<meta property=\"og:site_name\" content=\"VERONICA CYROT\" \/>\n<meta property=\"article:publisher\" content=\"https:\/\/www.facebook.com\/veronicacyrotbijoux\" \/>\n<meta property=\"article:modified_time\" content=\"2024-12-19T12:26:07+00:00\" \/>\n<meta property=\"og:image\" content=\"https:\/\/www.vcb-paris.com\/wp-content\/uploads\/2024\/07\/COLLIER-UNAKA-JADE-UNAKITE.jpg\" \/>\n\t<meta property=\"og:image:width\" content=\"1080\" \/>\n\t<meta property=\"og:image:height\" content=\"1080\" \/>\n\t<meta property=\"og:image:type\" content=\"image\/jpeg\" \/>\n<meta name=\"twitter:card\" content=\"summary_large_image\" \/>\n<meta name=\"twitter:label1\" content=\"Est. reading time\" \/>\n\t<meta name=\"twitter:data1\" content=\"1 minute\" \/>\n<script type=\"application\/ld+json\" class=\"yoast-schema-graph\">{\"@context\":\"https:\/\/schema.org\",\"@graph\":[{\"@type\":\"WebPage\",\"@id\":\"https:\/\/www.vcb-paris.com\/en\/product\/collier-unaka-tourmaline-veronica-cyrot\/\",\"url\":\"https:\/\/www.vcb-paris.com\/en\/product\/collier-unaka-tourmaline-veronica-cyrot\/\",\"name\":\"COLLIER UNAKA - VERONICA CYROT\",\"isPartOf\":{\"@id\":\"https:\/\/www.vcb-paris.com\/#website\"},\"primaryImageOfPage\":{\"@id\":\"https:\/\/www.vcb-paris.com\/en\/product\/collier-unaka-tourmaline-veronica-cyrot\/#primaryimage\"},\"image\":{\"@id\":\"https:\/\/www.vcb-paris.com\/en\/product\/collier-unaka-tourmaline-veronica-cyrot\/#primaryimage\"},\"thumbnailUrl\":\"https:\/\/www.vcb-paris.com\/wp-content\/uploads\/2024\/07\/COLLIER-UNAKA-JADE-UNAKITE.jpg\",\"datePublished\":\"2024-09-01T18:46:16+00:00\",\"dateModified\":\"2024-12-19T12:26:07+00:00\",\"breadcrumb\":{\"@id\":\"https:\/\/www.vcb-paris.com\/en\/product\/collier-unaka-tourmaline-veronica-cyrot\/#breadcrumb\"},\"inLanguage\":\"en-US\",\"potentialAction\":[{\"@type\":\"ReadAction\",\"target\":[\"https:\/\/www.vcb-paris.com\/en\/product\/collier-unaka-tourmaline-veronica-cyrot\/\"]}]},{\"@type\":\"ImageObject\",\"inLanguage\":\"en-US\",\"@id\":\"https:\/\/www.vcb-paris.com\/en\/product\/collier-unaka-tourmaline-veronica-cyrot\/#primaryimage\",\"url\":\"https:\/\/www.vcb-paris.com\/wp-content\/uploads\/2024\/07\/COLLIER-UNAKA-JADE-UNAKITE.jpg\",\"contentUrl\":\"https:\/\/www.vcb-paris.com\/wp-content\/uploads\/2024\/07\/COLLIER-UNAKA-JADE-UNAKITE.jpg\",\"width\":1080,\"height\":1080,\"caption\":\"Collier jade unakite femme paris\"},{\"@type\":\"BreadcrumbList\",\"@id\":\"https:\/\/www.vcb-paris.com\/en\/product\/collier-unaka-tourmaline-veronica-cyrot\/#breadcrumb\",\"itemListElement\":[{\"@type\":\"ListItem\",\"position\":1,\"name\":\"Accueil\",\"item\":\"https:\/\/www.vcb-paris.com\/\"},{\"@type\":\"ListItem\",\"position\":2,\"name\":\"Products\",\"item\":\"https:\/\/www.vcb-paris.com\/en\/boutique__trashed\/\"},{\"@type\":\"ListItem\",\"position\":3,\"name\":\"COLLIER UNAKA\"}]},{\"@type\":\"WebSite\",\"@id\":\"https:\/\/www.vcb-paris.com\/#website\",\"url\":\"https:\/\/www.vcb-paris.com\/\",\"name\":\"VERONICA CYROT BIJOUX\",\"description\":\"Une id\u00e9e, un dessin, un bijou.\",\"publisher\":{\"@id\":\"https:\/\/www.vcb-paris.com\/#organization\"},\"potentialAction\":[{\"@type\":\"SearchAction\",\"target\":{\"@type\":\"EntryPoint\",\"urlTemplate\":\"https:\/\/www.vcb-paris.com\/?s={search_term_string}\"},\"query-input\":{\"@type\":\"PropertyValueSpecification\",\"valueRequired\":true,\"valueName\":\"search_term_string\"}}],\"inLanguage\":\"en-US\"},{\"@type\":\"Organization\",\"@id\":\"https:\/\/www.vcb-paris.com\/#organization\",\"name\":\"VERONICA CYROT BIJOUX\",\"url\":\"https:\/\/www.vcb-paris.com\/\",\"logo\":{\"@type\":\"ImageObject\",\"inLanguage\":\"en-US\",\"@id\":\"https:\/\/www.vcb-paris.com\/#\/schema\/logo\/image\/\",\"url\":\"https:\/\/www.vcb-paris.com\/wp-content\/uploads\/2022\/09\/Logo-Veronica-Cyrot-Bijoux.svg\",\"contentUrl\":\"https:\/\/www.vcb-paris.com\/wp-content\/uploads\/2022\/09\/Logo-Veronica-Cyrot-Bijoux.svg\",\"width\":160,\"height\":160,\"caption\":\"VERONICA CYROT BIJOUX\"},\"image\":{\"@id\":\"https:\/\/www.vcb-paris.com\/#\/schema\/logo\/image\/\"},\"sameAs\":[\"https:\/\/www.facebook.com\/veronicacyrotbijoux\",\"https:\/\/www.instagram.com\/veronicacyrot_bijoux\/\",\"https:\/\/www.pinterest.fr\/veronicacyrot\/\"]}]}<\/script>\n<!-- \/ Yoast SEO plugin. -->","yoast_head_json":{"title":"COLLIER UNAKA - VERONICA CYROT","robots":{"index":"index","follow":"follow","max-snippet":"max-snippet:-1","max-image-preview":"max-image-preview:large","max-video-preview":"max-video-preview:-1"},"canonical":"https:\/\/www.vcb-paris.com\/en\/product\/collier-unaka-tourmaline-veronica-cyrot\/","og_locale":"en_US","og_type":"article","og_title":"COLLIER UNAKA - VERONICA CYROT","og_description":"Le Collier Unaka est une pi\u00e8ce unique.  Temps d\u2019envoi : Le temps d\u2019envoi en France m\u00e9tropolitaine est de 5 jours. Il est de 10 \u00e0 15 jours pour les envois internationaux. Pour les envois sp\u00e9ciaux n\u2019h\u00e9sitez pas \u00e0 me contacter par mail : contact@vcb-paris.com ou par t\u00e9l\u00e9phone : +33 780145185  Le collier sera emball\u00e9e avec soin dans une boite et un enveloppe renforc\u00e9.  Suivez-moi sur les r\u00e9seaux : Instagram\u00a0 @veronicacyrot_bijoux Pinterest \u00a0\u00a0veronicacyrot","og_url":"https:\/\/www.vcb-paris.com\/en\/product\/collier-unaka-tourmaline-veronica-cyrot\/","og_site_name":"VERONICA CYROT","article_publisher":"https:\/\/www.facebook.com\/veronicacyrotbijoux","article_modified_time":"2024-12-19T12:26:07+00:00","og_image":[{"width":1080,"height":1080,"url":"https:\/\/www.vcb-paris.com\/wp-content\/uploads\/2024\/07\/COLLIER-UNAKA-JADE-UNAKITE.jpg","type":"image\/jpeg"}],"twitter_card":"summary_large_image","twitter_misc":{"Est. reading time":"1 minute"},"schema":{"@context":"https:\/\/schema.org","@graph":[{"@type":"WebPage","@id":"https:\/\/www.vcb-paris.com\/en\/product\/collier-unaka-tourmaline-veronica-cyrot\/","url":"https:\/\/www.vcb-paris.com\/en\/product\/collier-unaka-tourmaline-veronica-cyrot\/","name":"COLLIER UNAKA - VERONICA CYROT","isPartOf":{"@id":"https:\/\/www.vcb-paris.com\/#website"},"primaryImageOfPage":{"@id":"https:\/\/www.vcb-paris.com\/en\/product\/collier-unaka-tourmaline-veronica-cyrot\/#primaryimage"},"image":{"@id":"https:\/\/www.vcb-paris.com\/en\/product\/collier-unaka-tourmaline-veronica-cyrot\/#primaryimage"},"thumbnailUrl":"https:\/\/www.vcb-paris.com\/wp-content\/uploads\/2024\/07\/COLLIER-UNAKA-JADE-UNAKITE.jpg","datePublished":"2024-09-01T18:46:16+00:00","dateModified":"2024-12-19T12:26:07+00:00","breadcrumb":{"@id":"https:\/\/www.vcb-paris.com\/en\/product\/collier-unaka-tourmaline-veronica-cyrot\/#breadcrumb"},"inLanguage":"en-US","potentialAction":[{"@type":"ReadAction","target":["https:\/\/www.vcb-paris.com\/en\/product\/collier-unaka-tourmaline-veronica-cyrot\/"]}]},{"@type":"ImageObject","inLanguage":"en-US","@id":"https:\/\/www.vcb-paris.com\/en\/product\/collier-unaka-tourmaline-veronica-cyrot\/#primaryimage","url":"https:\/\/www.vcb-paris.com\/wp-content\/uploads\/2024\/07\/COLLIER-UNAKA-JADE-UNAKITE.jpg","contentUrl":"https:\/\/www.vcb-paris.com\/wp-content\/uploads\/2024\/07\/COLLIER-UNAKA-JADE-UNAKITE.jpg","width":1080,"height":1080,"caption":"Collier jade unakite femme paris"},{"@type":"BreadcrumbList","@id":"https:\/\/www.vcb-paris.com\/en\/product\/collier-unaka-tourmaline-veronica-cyrot\/#breadcrumb","itemListElement":[{"@type":"ListItem","position":1,"name":"Accueil","item":"https:\/\/www.vcb-paris.com\/"},{"@type":"ListItem","position":2,"name":"Products","item":"https:\/\/www.vcb-paris.com\/en\/boutique__trashed\/"},{"@type":"ListItem","position":3,"name":"COLLIER UNAKA"}]},{"@type":"WebSite","@id":"https:\/\/www.vcb-paris.com\/#website","url":"https:\/\/www.vcb-paris.com\/","name":"VERONICA CYROT BIJOUX","description":"Une id\u00e9e, un dessin, un bijou.","publisher":{"@id":"https:\/\/www.vcb-paris.com\/#organization"},"potentialAction":[{"@type":"SearchAction","target":{"@type":"EntryPoint","urlTemplate":"https:\/\/www.vcb-paris.com\/?s={search_term_string}"},"query-input":{"@type":"PropertyValueSpecification","valueRequired":true,"valueName":"search_term_string"}}],"inLanguage":"en-US"},{"@type":"Organization","@id":"https:\/\/www.vcb-paris.com\/#organization","name":"VERONICA CYROT BIJOUX","url":"https:\/\/www.vcb-paris.com\/","logo":{"@type":"ImageObject","inLanguage":"en-US","@id":"https:\/\/www.vcb-paris.com\/#\/schema\/logo\/image\/","url":"https:\/\/www.vcb-paris.com\/wp-content\/uploads\/2022\/09\/Logo-Veronica-Cyrot-Bijoux.svg","contentUrl":"https:\/\/www.vcb-paris.com\/wp-content\/uploads\/2022\/09\/Logo-Veronica-Cyrot-Bijoux.svg","width":160,"height":160,"caption":"VERONICA CYROT BIJOUX"},"image":{"@id":"https:\/\/www.vcb-paris.com\/#\/schema\/logo\/image\/"},"sameAs":["https:\/\/www.facebook.com\/veronicacyrotbijoux","https:\/\/www.instagram.com\/veronicacyrot_bijoux\/","https:\/\/www.pinterest.fr\/veronicacyrot\/"]}]}},"_links":{"self":[{"href":"https:\/\/www.vcb-paris.com\/en\/wp-json\/wp\/v2\/product\/4460","targetHints":{"allow":["GET"]}}],"collection":[{"href":"https:\/\/www.vcb-paris.com\/en\/wp-json\/wp\/v2\/product"}],"about":[{"href":"https:\/\/www.vcb-paris.com\/en\/wp-json\/wp\/v2\/types\/product"}],"wp:featuredmedia":[{"embeddable":true,"href":"https:\/\/www.vcb-paris.com\/en\/wp-json\/wp\/v2\/media\/4156"}],"wp:attachment":[{"href":"https:\/\/www.vcb-paris.com\/en\/wp-json\/wp\/v2\/media?parent=4460"}],"wp:term":[{"taxonomy":"product_brand","embeddable":true,"href":"https:\/\/www.vcb-paris.com\/en\/wp-json\/wp\/v2\/product_brand?post=4460"},{"taxonomy":"product_cat","embeddable":true,"href":"https:\/\/www.vcb-paris.com\/en\/wp-json\/wp\/v2\/product_cat?post=4460"},{"taxonomy":"product_tag","embeddable":true,"href":"https:\/\/www.vcb-paris.com\/en\/wp-json\/wp\/v2\/product_tag?post=4460"}],"curies":[{"name":"wp","href":"https:\/\/api.w.org\/{rel}","templated":true}]}}