{"id":3560,"date":"2024-06-03T08:54:45","date_gmt":"2024-06-03T08:54:45","guid":{"rendered":"https:\/\/www.vcb-paris.com\/?post_type=product&#038;p=3560"},"modified":"2024-06-19T17:22:10","modified_gmt":"2024-06-19T17:22:10","slug":"bague-printemps-couleur-saphir-copie","status":"publish","type":"product","link":"https:\/\/www.vcb-paris.com\/en\/product\/bague-printemps-couleur-saphir-copie\/","title":{"rendered":"SAPPHIRE COLORED SPRING RING"},"content":{"rendered":"<p>Demi-Mesure<\/p>\n<p><strong>Finger circumference :<\/strong> 52<br \/>\n<strong>Ring style :<\/strong> Fil<br \/>\n<strong>Setting:<\/strong> griffes<br \/>\n<strong>Material :<\/strong> Yellow gold<br \/>\n<strong>Total weight :<\/strong> 1,8 gr<br \/>\n<strong>Type of stone :<\/strong> Saphir<br \/>\n<strong>Form :<\/strong> Rond brillant<br \/>\n<strong>Stone color :<\/strong> bleu fonc\u00e9<br \/>\n<strong>Poids\u00a0: <\/strong>O,05 ct<strong><br \/>\nCountry of manufacture :<\/strong> France<\/p>\n<p>The <strong>Bague Printemps Couleurs<\/strong> est une bague en forme de fleur double qui a \u00e9t\u00e9 fabriqu\u00e9 en or recycl\u00e9 18k et sertie d&rsquo;un saphir bleu en taille brillant. Elle a \u00e9t\u00e9 inspir\u00e9e de la nature et du \u00ab printemps \u00e9ternel \u00bb de mon pays d\u2019origine le Venezuela.\u00a0 Grace a son dessin est moderne et raffin\u00e9, vous pouvez la porter aussi bien avec un jean pour aller en terrasse qu&rsquo;avec une robe pour une soir\u00e9e&#8230;<\/p>\n<p><strong><em>PORTEZ LE PRINTEMPS TOUJOURS AVEC VOUS !<\/em><\/strong><\/p>","protected":false},"excerpt":{"rendered":"<p>The <strong>Bague Printemps Couleurs<\/strong> peut \u00e9galement \u00eatre fabriqu\u00e9e <strong>\u00ab\u00a0SUR COMMANDE\u00a0\u00bb<\/strong> en or jaune, or blanc ou or rose. Pour le centre je vous propose trois types de pierres : un saphir bleu, un rubis et une \u00e9meraude en forme rond brillant. <strong>Le temps de fabrication sera d\u2019environ 4 semaines. <\/strong>Pour choisir la couleur de la pierre centrale et la taille de votre bague vous pouvez me contacter \u00e0 l\u2019adresse suivante : <a href=\"mailto:contact@vcb-paris.com\">contact@vcb-paris.com<\/a><\/p>\n<p><strong>Shipping time :<\/strong><strong><br \/>\n<\/strong>Le temps d\u2019envoi en France m\u00e9tropolitaine est de 5 jours. Il est de 10 \u00e0 15 jours Pour les envois internationaux.<br \/>\nThe ring will be carefully packaged in a reinforced box and envelope.<\/p>\n<p><strong>Follow me on the networks:<\/strong><strong><br \/>\nInstagram<\/strong>\u00a0 <a href=\"https:\/\/www.instagram.com\/veronicacyrot_bijoux\/\">@veronicacyrot_bijoux<\/a><br \/>\n<strong>Pinterest<\/strong> \u00a0\u00a0<a href=\"https:\/\/www.pinterest.fr\/veronicacyrot\/\">veronicacyrot<\/a><\/p>","protected":false},"featured_media":3346,"template":"","meta":{"inline_featured_image":false,"site-sidebar-layout":"default","site-content-layout":"","ast-site-content-layout":"default","site-content-style":"default","site-sidebar-style":"default","ast-global-header-display":"","ast-banner-title-visibility":"","ast-main-header-display":"","ast-hfb-above-header-display":"","ast-hfb-below-header-display":"","ast-hfb-mobile-header-display":"","site-post-title":"","ast-breadcrumbs-content":"","ast-featured-img":"","footer-sml-layout":"","theme-transparent-header-meta":"default","adv-header-id-meta":"","stick-header-meta":"","header-above-stick-meta":"","header-main-stick-meta":"","header-below-stick-meta":"","astra-migrate-meta-layouts":"set","ast-page-background-enabled":"default","ast-page-background-meta":{"desktop":{"background-color":"var(--ast-global-color-4)","background-image":"","background-repeat":"repeat","background-position":"center center","background-size":"auto","background-attachment":"scroll","background-type":"","background-media":"","overlay-type":"","overlay-color":"","overlay-opacity":"","overlay-gradient":""},"tablet":{"background-color":"","background-image":"","background-repeat":"repeat","background-position":"center center","background-size":"auto","background-attachment":"scroll","background-type":"","background-media":"","overlay-type":"","overlay-color":"","overlay-opacity":"","overlay-gradient":""},"mobile":{"background-color":"","background-image":"","background-repeat":"repeat","background-position":"center center","background-size":"auto","background-attachment":"scroll","background-type":"","background-media":"","overlay-type":"","overlay-color":"","overlay-opacity":"","overlay-gradient":""}},"ast-content-background-meta":{"desktop":{"background-color":"var(--ast-global-color-5)","background-image":"","background-repeat":"repeat","background-position":"center center","background-size":"auto","background-attachment":"scroll","background-type":"","background-media":"","overlay-type":"","overlay-color":"","overlay-opacity":"","overlay-gradient":""},"tablet":{"background-color":"var(--ast-global-color-5)","background-image":"","background-repeat":"repeat","background-position":"center center","background-size":"auto","background-attachment":"scroll","background-type":"","background-media":"","overlay-type":"","overlay-color":"","overlay-opacity":"","overlay-gradient":""},"mobile":{"background-color":"var(--ast-global-color-5)","background-image":"","background-repeat":"repeat","background-position":"center center","background-size":"auto","background-attachment":"scroll","background-type":"","background-media":"","overlay-type":"","overlay-color":"","overlay-opacity":"","overlay-gradient":""}}},"product_brand":[],"product_cat":[27],"product_tag":[40],"class_list":{"0":"post-3560","1":"product","2":"type-product","3":"status-publish","4":"has-post-thumbnail","6":"product_cat-bijoux","7":"product_tag-bijoux","8":"desktop-align-center","9":"tablet-align-left","10":"mobile-align-left","12":"first","13":"instock","14":"sold-individually","15":"shipping-taxable","16":"purchasable","17":"product-type-simple"},"yoast_head":"<!-- This site is optimized with the Yoast SEO plugin v26.5 - https:\/\/yoast.com\/wordpress\/plugins\/seo\/ -->\n<title>BAGUE PRINTEMPS COULEUR SAPHIR - VERONICA CYROT<\/title>\n<meta name=\"robots\" content=\"index, follow, max-snippet:-1, max-image-preview:large, max-video-preview:-1\" \/>\n<link rel=\"canonical\" href=\"https:\/\/www.vcb-paris.com\/en\/product\/bague-printemps-couleur-saphir-copie\/\" \/>\n<meta property=\"og:locale\" content=\"en_US\" \/>\n<meta property=\"og:type\" content=\"article\" \/>\n<meta property=\"og:title\" content=\"BAGUE PRINTEMPS COULEUR SAPHIR - VERONICA CYROT\" \/>\n<meta property=\"og:description\" content=\"La Bague Printemps Couleurs peut \u00e9galement \u00eatre fabriqu\u00e9e &quot;SUR COMMANDE&quot; en or jaune, or blanc ou or rose. Pour le centre je vous propose trois types de pierres : un saphir bleu, un rubis et une \u00e9meraude en forme rond brillant. Le temps de fabrication sera d\u2019environ 4 semaines. Pour choisir la couleur de la pierre centrale et la taille de votre bague vous pouvez me contacter \u00e0 l\u2019adresse suivante : contact@vcb-paris.com  Temps d&#039;envoi : Le temps d\u2019envoi en France m\u00e9tropolitaine est de 5 jours. Il est de 10 \u00e0 15 jours Pour les envois internationaux. La bague sera emball\u00e9e avec soin dans une boite et une enveloppe renforc\u00e9.  Suivez-moi sur les r\u00e9seaux : Instagram\u00a0 @veronicacyrot_bijoux Pinterest \u00a0\u00a0veronicacyrot\" \/>\n<meta property=\"og:url\" content=\"https:\/\/www.vcb-paris.com\/en\/product\/bague-printemps-couleur-saphir-copie\/\" \/>\n<meta property=\"og:site_name\" content=\"VERONICA CYROT\" \/>\n<meta property=\"article:publisher\" content=\"https:\/\/www.facebook.com\/veronicacyrotbijoux\" \/>\n<meta property=\"article:modified_time\" content=\"2024-06-19T17:22:10+00:00\" \/>\n<meta property=\"og:image\" content=\"https:\/\/www.vcb-paris.com\/wp-content\/uploads\/2024\/05\/BAGUE-PRINTEMPS-COULEUR-SAPHIR.jpg\" \/>\n\t<meta property=\"og:image:width\" content=\"1500\" \/>\n\t<meta property=\"og:image:height\" content=\"1500\" \/>\n\t<meta property=\"og:image:type\" content=\"image\/jpeg\" \/>\n<meta name=\"twitter:card\" content=\"summary_large_image\" \/>\n<meta name=\"twitter:label1\" content=\"Est. reading time\" \/>\n\t<meta name=\"twitter:data1\" content=\"1 minute\" \/>\n<script type=\"application\/ld+json\" class=\"yoast-schema-graph\">{\"@context\":\"https:\/\/schema.org\",\"@graph\":[{\"@type\":\"WebPage\",\"@id\":\"https:\/\/www.vcb-paris.com\/produit\/bague-printemps-couleur-saphir-copie\/\",\"url\":\"https:\/\/www.vcb-paris.com\/produit\/bague-printemps-couleur-saphir-copie\/\",\"name\":\"BAGUE PRINTEMPS COULEUR SAPHIR - VERONICA CYROT\",\"isPartOf\":{\"@id\":\"https:\/\/www.vcb-paris.com\/#website\"},\"primaryImageOfPage\":{\"@id\":\"https:\/\/www.vcb-paris.com\/produit\/bague-printemps-couleur-saphir-copie\/#primaryimage\"},\"image\":{\"@id\":\"https:\/\/www.vcb-paris.com\/produit\/bague-printemps-couleur-saphir-copie\/#primaryimage\"},\"thumbnailUrl\":\"https:\/\/www.vcb-paris.com\/wp-content\/uploads\/2024\/05\/BAGUE-PRINTEMPS-COULEUR-SAPHIR.jpg\",\"datePublished\":\"2024-06-03T08:54:45+00:00\",\"dateModified\":\"2024-06-19T17:22:10+00:00\",\"breadcrumb\":{\"@id\":\"https:\/\/www.vcb-paris.com\/produit\/bague-printemps-couleur-saphir-copie\/#breadcrumb\"},\"inLanguage\":\"en-US\",\"potentialAction\":[{\"@type\":\"ReadAction\",\"target\":[\"https:\/\/www.vcb-paris.com\/produit\/bague-printemps-couleur-saphir-copie\/\"]}]},{\"@type\":\"ImageObject\",\"inLanguage\":\"en-US\",\"@id\":\"https:\/\/www.vcb-paris.com\/produit\/bague-printemps-couleur-saphir-copie\/#primaryimage\",\"url\":\"https:\/\/www.vcb-paris.com\/wp-content\/uploads\/2024\/05\/BAGUE-PRINTEMPS-COULEUR-SAPHIR.jpg\",\"contentUrl\":\"https:\/\/www.vcb-paris.com\/wp-content\/uploads\/2024\/05\/BAGUE-PRINTEMPS-COULEUR-SAPHIR.jpg\",\"width\":1500,\"height\":1500,\"caption\":\"Bague printemps couleurs saphir or jaune Paris\"},{\"@type\":\"BreadcrumbList\",\"@id\":\"https:\/\/www.vcb-paris.com\/produit\/bague-printemps-couleur-saphir-copie\/#breadcrumb\",\"itemListElement\":[{\"@type\":\"ListItem\",\"position\":1,\"name\":\"Accueil\",\"item\":\"https:\/\/www.vcb-paris.com\/\"},{\"@type\":\"ListItem\",\"position\":2,\"name\":\"Products\",\"item\":\"https:\/\/www.vcb-paris.com\/en\/boutique__trashed\/\"},{\"@type\":\"ListItem\",\"position\":3,\"name\":\"BAGUE PRINTEMPS COULEUR SAPHIR\"}]},{\"@type\":\"WebSite\",\"@id\":\"https:\/\/www.vcb-paris.com\/#website\",\"url\":\"https:\/\/www.vcb-paris.com\/\",\"name\":\"VERONICA CYROT BIJOUX\",\"description\":\"Une id\u00e9e, un dessin, un bijou.\",\"publisher\":{\"@id\":\"https:\/\/www.vcb-paris.com\/#organization\"},\"potentialAction\":[{\"@type\":\"SearchAction\",\"target\":{\"@type\":\"EntryPoint\",\"urlTemplate\":\"https:\/\/www.vcb-paris.com\/?s={search_term_string}\"},\"query-input\":{\"@type\":\"PropertyValueSpecification\",\"valueRequired\":true,\"valueName\":\"search_term_string\"}}],\"inLanguage\":\"en-US\"},{\"@type\":\"Organization\",\"@id\":\"https:\/\/www.vcb-paris.com\/#organization\",\"name\":\"VERONICA CYROT BIJOUX\",\"url\":\"https:\/\/www.vcb-paris.com\/\",\"logo\":{\"@type\":\"ImageObject\",\"inLanguage\":\"en-US\",\"@id\":\"https:\/\/www.vcb-paris.com\/#\/schema\/logo\/image\/\",\"url\":\"https:\/\/www.vcb-paris.com\/wp-content\/uploads\/2022\/09\/Logo-Veronica-Cyrot-Bijoux.svg\",\"contentUrl\":\"https:\/\/www.vcb-paris.com\/wp-content\/uploads\/2022\/09\/Logo-Veronica-Cyrot-Bijoux.svg\",\"width\":160,\"height\":160,\"caption\":\"VERONICA CYROT BIJOUX\"},\"image\":{\"@id\":\"https:\/\/www.vcb-paris.com\/#\/schema\/logo\/image\/\"},\"sameAs\":[\"https:\/\/www.facebook.com\/veronicacyrotbijoux\",\"https:\/\/www.instagram.com\/veronicacyrot_bijoux\/\",\"https:\/\/www.pinterest.fr\/veronicacyrot\/\"]}]}<\/script>\n<!-- \/ Yoast SEO plugin. -->","yoast_head_json":{"title":"BAGUE PRINTEMPS COULEUR SAPHIR - VERONICA CYROT","robots":{"index":"index","follow":"follow","max-snippet":"max-snippet:-1","max-image-preview":"max-image-preview:large","max-video-preview":"max-video-preview:-1"},"canonical":"https:\/\/www.vcb-paris.com\/en\/product\/bague-printemps-couleur-saphir-copie\/","og_locale":"en_US","og_type":"article","og_title":"BAGUE PRINTEMPS COULEUR SAPHIR - VERONICA CYROT","og_description":"La Bague Printemps Couleurs peut \u00e9galement \u00eatre fabriqu\u00e9e \"SUR COMMANDE\" en or jaune, or blanc ou or rose. Pour le centre je vous propose trois types de pierres : un saphir bleu, un rubis et une \u00e9meraude en forme rond brillant. Le temps de fabrication sera d\u2019environ 4 semaines. Pour choisir la couleur de la pierre centrale et la taille de votre bague vous pouvez me contacter \u00e0 l\u2019adresse suivante : contact@vcb-paris.com  Temps d'envoi : Le temps d\u2019envoi en France m\u00e9tropolitaine est de 5 jours. Il est de 10 \u00e0 15 jours Pour les envois internationaux. La bague sera emball\u00e9e avec soin dans une boite et une enveloppe renforc\u00e9.  Suivez-moi sur les r\u00e9seaux : Instagram\u00a0 @veronicacyrot_bijoux Pinterest \u00a0\u00a0veronicacyrot","og_url":"https:\/\/www.vcb-paris.com\/en\/product\/bague-printemps-couleur-saphir-copie\/","og_site_name":"VERONICA CYROT","article_publisher":"https:\/\/www.facebook.com\/veronicacyrotbijoux","article_modified_time":"2024-06-19T17:22:10+00:00","og_image":[{"width":1500,"height":1500,"url":"https:\/\/www.vcb-paris.com\/wp-content\/uploads\/2024\/05\/BAGUE-PRINTEMPS-COULEUR-SAPHIR.jpg","type":"image\/jpeg"}],"twitter_card":"summary_large_image","twitter_misc":{"Est. reading time":"1 minute"},"schema":{"@context":"https:\/\/schema.org","@graph":[{"@type":"WebPage","@id":"https:\/\/www.vcb-paris.com\/produit\/bague-printemps-couleur-saphir-copie\/","url":"https:\/\/www.vcb-paris.com\/produit\/bague-printemps-couleur-saphir-copie\/","name":"BAGUE PRINTEMPS COULEUR SAPHIR - VERONICA CYROT","isPartOf":{"@id":"https:\/\/www.vcb-paris.com\/#website"},"primaryImageOfPage":{"@id":"https:\/\/www.vcb-paris.com\/produit\/bague-printemps-couleur-saphir-copie\/#primaryimage"},"image":{"@id":"https:\/\/www.vcb-paris.com\/produit\/bague-printemps-couleur-saphir-copie\/#primaryimage"},"thumbnailUrl":"https:\/\/www.vcb-paris.com\/wp-content\/uploads\/2024\/05\/BAGUE-PRINTEMPS-COULEUR-SAPHIR.jpg","datePublished":"2024-06-03T08:54:45+00:00","dateModified":"2024-06-19T17:22:10+00:00","breadcrumb":{"@id":"https:\/\/www.vcb-paris.com\/produit\/bague-printemps-couleur-saphir-copie\/#breadcrumb"},"inLanguage":"en-US","potentialAction":[{"@type":"ReadAction","target":["https:\/\/www.vcb-paris.com\/produit\/bague-printemps-couleur-saphir-copie\/"]}]},{"@type":"ImageObject","inLanguage":"en-US","@id":"https:\/\/www.vcb-paris.com\/produit\/bague-printemps-couleur-saphir-copie\/#primaryimage","url":"https:\/\/www.vcb-paris.com\/wp-content\/uploads\/2024\/05\/BAGUE-PRINTEMPS-COULEUR-SAPHIR.jpg","contentUrl":"https:\/\/www.vcb-paris.com\/wp-content\/uploads\/2024\/05\/BAGUE-PRINTEMPS-COULEUR-SAPHIR.jpg","width":1500,"height":1500,"caption":"Bague printemps couleurs saphir or jaune Paris"},{"@type":"BreadcrumbList","@id":"https:\/\/www.vcb-paris.com\/produit\/bague-printemps-couleur-saphir-copie\/#breadcrumb","itemListElement":[{"@type":"ListItem","position":1,"name":"Accueil","item":"https:\/\/www.vcb-paris.com\/"},{"@type":"ListItem","position":2,"name":"Products","item":"https:\/\/www.vcb-paris.com\/en\/boutique__trashed\/"},{"@type":"ListItem","position":3,"name":"BAGUE PRINTEMPS COULEUR SAPHIR"}]},{"@type":"WebSite","@id":"https:\/\/www.vcb-paris.com\/#website","url":"https:\/\/www.vcb-paris.com\/","name":"VERONICA CYROT BIJOUX","description":"Une id\u00e9e, un dessin, un bijou.","publisher":{"@id":"https:\/\/www.vcb-paris.com\/#organization"},"potentialAction":[{"@type":"SearchAction","target":{"@type":"EntryPoint","urlTemplate":"https:\/\/www.vcb-paris.com\/?s={search_term_string}"},"query-input":{"@type":"PropertyValueSpecification","valueRequired":true,"valueName":"search_term_string"}}],"inLanguage":"en-US"},{"@type":"Organization","@id":"https:\/\/www.vcb-paris.com\/#organization","name":"VERONICA CYROT BIJOUX","url":"https:\/\/www.vcb-paris.com\/","logo":{"@type":"ImageObject","inLanguage":"en-US","@id":"https:\/\/www.vcb-paris.com\/#\/schema\/logo\/image\/","url":"https:\/\/www.vcb-paris.com\/wp-content\/uploads\/2022\/09\/Logo-Veronica-Cyrot-Bijoux.svg","contentUrl":"https:\/\/www.vcb-paris.com\/wp-content\/uploads\/2022\/09\/Logo-Veronica-Cyrot-Bijoux.svg","width":160,"height":160,"caption":"VERONICA CYROT BIJOUX"},"image":{"@id":"https:\/\/www.vcb-paris.com\/#\/schema\/logo\/image\/"},"sameAs":["https:\/\/www.facebook.com\/veronicacyrotbijoux","https:\/\/www.instagram.com\/veronicacyrot_bijoux\/","https:\/\/www.pinterest.fr\/veronicacyrot\/"]}]}},"_links":{"self":[{"href":"https:\/\/www.vcb-paris.com\/en\/wp-json\/wp\/v2\/product\/3560","targetHints":{"allow":["GET"]}}],"collection":[{"href":"https:\/\/www.vcb-paris.com\/en\/wp-json\/wp\/v2\/product"}],"about":[{"href":"https:\/\/www.vcb-paris.com\/en\/wp-json\/wp\/v2\/types\/product"}],"wp:featuredmedia":[{"embeddable":true,"href":"https:\/\/www.vcb-paris.com\/en\/wp-json\/wp\/v2\/media\/3346"}],"wp:attachment":[{"href":"https:\/\/www.vcb-paris.com\/en\/wp-json\/wp\/v2\/media?parent=3560"}],"wp:term":[{"taxonomy":"product_brand","embeddable":true,"href":"https:\/\/www.vcb-paris.com\/en\/wp-json\/wp\/v2\/product_brand?post=3560"},{"taxonomy":"product_cat","embeddable":true,"href":"https:\/\/www.vcb-paris.com\/en\/wp-json\/wp\/v2\/product_cat?post=3560"},{"taxonomy":"product_tag","embeddable":true,"href":"https:\/\/www.vcb-paris.com\/en\/wp-json\/wp\/v2\/product_tag?post=3560"}],"curies":[{"name":"wp","href":"https:\/\/api.w.org\/{rel}","templated":true}]}}