{"id":3558,"date":"2024-06-03T08:51:36","date_gmt":"2024-06-03T08:51:36","guid":{"rendered":"https:\/\/www.vcb-paris.com\/?post_type=product&#038;p=3558"},"modified":"2024-06-19T17:17:10","modified_gmt":"2024-06-19T17:17:10","slug":"collier-printemps-couleurs-saphir-copie","status":"publish","type":"product","link":"https:\/\/www.vcb-paris.com\/en\/product\/collier-printemps-couleurs-saphir-copie\/","title":{"rendered":"SAPPHIRE COLORED SPRING NECKLACE"},"content":{"rendered":"<p>Demi-Mesure<\/p>\n<p><strong>Type de collier : <\/strong>Chaine<br \/>\n<strong>Mesures : <\/strong>40 cm<strong><br \/>\n<\/strong><strong>Material : <\/strong>Yellow gold<strong><br \/>\n<\/strong><strong>Setting:<\/strong> Griffes<br \/>\n<strong>Total weight :<\/strong> 2,8 gr<br \/>\n<strong>Type of stone :<\/strong> Saphir<br \/>\n<strong>Form :<\/strong> Rond brillant<br \/>\n<strong>Stone color :<\/strong> Bleu fonc\u00e9<br \/>\n<strong>Mesures : <\/strong><br \/>\n<strong>Poids\u00a0: <\/strong>O,05 ct<strong><br \/>\nCountry of manufacture :<\/strong> France<\/p>\n<p>Le<strong> Collier Printemps Couleurs<\/strong> est un collier avec un pendentif en forme de fleur double qui a \u00e9t\u00e9 fabriqu\u00e9 en or 18k et serti d&rsquo;un saphir bleu en taille brillant. \u00a0Il a \u00e9t\u00e9 inspir\u00e9 de la nature et du \u00ab printemps \u00e9ternel \u00bb de mon pays d\u2019origine le Venezuela. Gr\u00e2ce a son dessin moderne et raffin\u00e9, vous pouvez le porter aussi bien avec un jean pour aller en terrasse ainsi qu\u2019avec une robe pour une soir\u00e9e\u2026<\/p>\n<p><em><strong>PORTEZ LE PRINTEMPS TOUJOURS AVEC VOUS !<\/strong><\/em><\/p>","protected":false},"excerpt":{"rendered":"<p><span style=\"font-family: Times;\">L<\/span><span style=\"font-family: Times;\">e <\/span><strong><span style=\"font-family: Times;\">Collier Printemps Couleurs<\/span><\/strong> peut \u00e9galement \u00eatre fabriqu\u00e9e <strong><span style=\"font-family: Times;\">\u00ab\u00a0SUR COMMANDE\u00a0\u00bb<\/span><\/strong> en or jaune, or blanc ou or rose. Pour le centre je vous propose trois types de pierres : un saphir bleu, un rubis et une \u00e9meraude en forme rond brillant. <strong><span style=\"font-family: Times;\">Le temps de fabrication sera d\u2019environ 4 semaines. <\/span><\/strong>Pour choisir la couleur de l&rsquo;or et la pierre centrale de votre collier vous pouvez me contacter \u00e0 l\u2019adresse suivante : <a href=\"mailto:contact@vcb-paris.com\">contact@vcb-paris.com<\/a><\/p>\n<p><strong><span style=\"font-family: Times;\">Shipping time :<\/span><\/strong><b><br \/>\n<\/b>Le temps d\u2019envoi en France m\u00e9tropolitaine est de 5 jours. Il est de 10 \u00e0 15 jours Pour les envois internationaux<br \/>\nLe collier sera emball\u00e9e avec soin dans une boite et une enveloppe renforc\u00e9.<\/p>\n<p><strong><span style=\"font-family: Times;\">Follow me on the networks:<\/span><\/strong><b><br \/>\n<strong><span style=\"font-family: Times;\">Instagram<\/span><\/strong><\/b>\u00a0 <a href=\"https:\/\/www.instagram.com\/veronicacyrot_bijoux\/\">@veronicacyrot_bijoux<\/a><br \/>\n<strong><span style=\"font-family: Times;\">Pinterest<\/span><\/strong> \u00a0\u00a0<a href=\"https:\/\/www.pinterest.fr\/veronicacyrot\/\">veronicacyrot<\/a><\/p>","protected":false},"featured_media":3325,"template":"","meta":{"inline_featured_image":false,"site-sidebar-layout":"default","site-content-layout":"","ast-site-content-layout":"default","site-content-style":"default","site-sidebar-style":"default","ast-global-header-display":"","ast-banner-title-visibility":"","ast-main-header-display":"","ast-hfb-above-header-display":"","ast-hfb-below-header-display":"","ast-hfb-mobile-header-display":"","site-post-title":"","ast-breadcrumbs-content":"","ast-featured-img":"","footer-sml-layout":"","theme-transparent-header-meta":"default","adv-header-id-meta":"","stick-header-meta":"","header-above-stick-meta":"","header-main-stick-meta":"","header-below-stick-meta":"","astra-migrate-meta-layouts":"set","ast-page-background-enabled":"default","ast-page-background-meta":{"desktop":{"background-color":"var(--ast-global-color-4)","background-image":"","background-repeat":"repeat","background-position":"center center","background-size":"auto","background-attachment":"scroll","background-type":"","background-media":"","overlay-type":"","overlay-color":"","overlay-opacity":"","overlay-gradient":""},"tablet":{"background-color":"","background-image":"","background-repeat":"repeat","background-position":"center center","background-size":"auto","background-attachment":"scroll","background-type":"","background-media":"","overlay-type":"","overlay-color":"","overlay-opacity":"","overlay-gradient":""},"mobile":{"background-color":"","background-image":"","background-repeat":"repeat","background-position":"center center","background-size":"auto","background-attachment":"scroll","background-type":"","background-media":"","overlay-type":"","overlay-color":"","overlay-opacity":"","overlay-gradient":""}},"ast-content-background-meta":{"desktop":{"background-color":"var(--ast-global-color-5)","background-image":"","background-repeat":"repeat","background-position":"center center","background-size":"auto","background-attachment":"scroll","background-type":"","background-media":"","overlay-type":"","overlay-color":"","overlay-opacity":"","overlay-gradient":""},"tablet":{"background-color":"var(--ast-global-color-5)","background-image":"","background-repeat":"repeat","background-position":"center center","background-size":"auto","background-attachment":"scroll","background-type":"","background-media":"","overlay-type":"","overlay-color":"","overlay-opacity":"","overlay-gradient":""},"mobile":{"background-color":"var(--ast-global-color-5)","background-image":"","background-repeat":"repeat","background-position":"center center","background-size":"auto","background-attachment":"scroll","background-type":"","background-media":"","overlay-type":"","overlay-color":"","overlay-opacity":"","overlay-gradient":""}}},"product_brand":[],"product_cat":[27,41],"product_tag":[40],"class_list":{"0":"post-3558","1":"product","2":"type-product","3":"status-publish","4":"has-post-thumbnail","6":"product_cat-bijoux","7":"product_cat-collier","8":"product_tag-bijoux","9":"desktop-align-center","10":"tablet-align-left","11":"mobile-align-left","13":"first","14":"instock","15":"sold-individually","16":"shipping-taxable","17":"purchasable","18":"product-type-simple"},"yoast_head":"<!-- This site is optimized with the Yoast SEO plugin v26.5 - https:\/\/yoast.com\/wordpress\/plugins\/seo\/ -->\n<title>COLLIER PRINTEMPS COULEURS SAPHIR - VERONICA CYROT<\/title>\n<meta name=\"robots\" content=\"index, follow, max-snippet:-1, max-image-preview:large, max-video-preview:-1\" \/>\n<link rel=\"canonical\" href=\"https:\/\/www.vcb-paris.com\/en\/product\/collier-printemps-couleurs-saphir-copie\/\" \/>\n<meta property=\"og:locale\" content=\"en_US\" \/>\n<meta property=\"og:type\" content=\"article\" \/>\n<meta property=\"og:title\" content=\"COLLIER PRINTEMPS COULEURS SAPHIR - VERONICA CYROT\" \/>\n<meta property=\"og:description\" content=\"Le Collier Printemps Couleurs peut \u00e9galement \u00eatre fabriqu\u00e9e &quot;SUR COMMANDE&quot; en or jaune, or blanc ou or rose. Pour le centre je vous propose trois types de pierres : un saphir bleu, un rubis et une \u00e9meraude en forme rond brillant. Le temps de fabrication sera d\u2019environ 4 semaines. Pour choisir la couleur de l&#039;or et la pierre centrale de votre collier vous pouvez me contacter \u00e0 l\u2019adresse suivante : contact@vcb-paris.com  Temps d&#039;envoi : Le temps d\u2019envoi en France m\u00e9tropolitaine est de 5 jours. Il est de 10 \u00e0 15 jours Pour les envois internationaux Le collier sera emball\u00e9e avec soin dans une boite et une enveloppe renforc\u00e9.  Suivez-moi sur les r\u00e9seaux : Instagram\u00a0 @veronicacyrot_bijoux Pinterest \u00a0\u00a0veronicacyrot\" \/>\n<meta property=\"og:url\" content=\"https:\/\/www.vcb-paris.com\/en\/product\/collier-printemps-couleurs-saphir-copie\/\" \/>\n<meta property=\"og:site_name\" content=\"VERONICA CYROT\" \/>\n<meta property=\"article:publisher\" content=\"https:\/\/www.facebook.com\/veronicacyrotbijoux\" \/>\n<meta property=\"article:modified_time\" content=\"2024-06-19T17:17:10+00:00\" \/>\n<meta property=\"og:image\" content=\"https:\/\/www.vcb-paris.com\/wp-content\/uploads\/2024\/05\/COLLIER-PRINTEMPS-COULEUR.jpg\" \/>\n\t<meta property=\"og:image:width\" content=\"1080\" \/>\n\t<meta property=\"og:image:height\" content=\"1080\" \/>\n\t<meta property=\"og:image:type\" content=\"image\/jpeg\" \/>\n<meta name=\"twitter:card\" content=\"summary_large_image\" \/>\n<meta name=\"twitter:label1\" content=\"Est. reading time\" \/>\n\t<meta name=\"twitter:data1\" content=\"1 minute\" \/>\n<script type=\"application\/ld+json\" class=\"yoast-schema-graph\">{\"@context\":\"https:\/\/schema.org\",\"@graph\":[{\"@type\":\"WebPage\",\"@id\":\"https:\/\/www.vcb-paris.com\/produit\/collier-printemps-couleurs-saphir-copie\/\",\"url\":\"https:\/\/www.vcb-paris.com\/produit\/collier-printemps-couleurs-saphir-copie\/\",\"name\":\"COLLIER PRINTEMPS COULEURS SAPHIR - VERONICA CYROT\",\"isPartOf\":{\"@id\":\"https:\/\/www.vcb-paris.com\/#website\"},\"primaryImageOfPage\":{\"@id\":\"https:\/\/www.vcb-paris.com\/produit\/collier-printemps-couleurs-saphir-copie\/#primaryimage\"},\"image\":{\"@id\":\"https:\/\/www.vcb-paris.com\/produit\/collier-printemps-couleurs-saphir-copie\/#primaryimage\"},\"thumbnailUrl\":\"https:\/\/www.vcb-paris.com\/wp-content\/uploads\/2024\/05\/COLLIER-PRINTEMPS-COULEUR.jpg\",\"datePublished\":\"2024-06-03T08:51:36+00:00\",\"dateModified\":\"2024-06-19T17:17:10+00:00\",\"breadcrumb\":{\"@id\":\"https:\/\/www.vcb-paris.com\/produit\/collier-printemps-couleurs-saphir-copie\/#breadcrumb\"},\"inLanguage\":\"en-US\",\"potentialAction\":[{\"@type\":\"ReadAction\",\"target\":[\"https:\/\/www.vcb-paris.com\/produit\/collier-printemps-couleurs-saphir-copie\/\"]}]},{\"@type\":\"ImageObject\",\"inLanguage\":\"en-US\",\"@id\":\"https:\/\/www.vcb-paris.com\/produit\/collier-printemps-couleurs-saphir-copie\/#primaryimage\",\"url\":\"https:\/\/www.vcb-paris.com\/wp-content\/uploads\/2024\/05\/COLLIER-PRINTEMPS-COULEUR.jpg\",\"contentUrl\":\"https:\/\/www.vcb-paris.com\/wp-content\/uploads\/2024\/05\/COLLIER-PRINTEMPS-COULEUR.jpg\",\"width\":1080,\"height\":1080,\"caption\":\"COLLIER PRINTEMPS OR JAUNE SAPHIR FLEUR\"},{\"@type\":\"BreadcrumbList\",\"@id\":\"https:\/\/www.vcb-paris.com\/produit\/collier-printemps-couleurs-saphir-copie\/#breadcrumb\",\"itemListElement\":[{\"@type\":\"ListItem\",\"position\":1,\"name\":\"Accueil\",\"item\":\"https:\/\/www.vcb-paris.com\/\"},{\"@type\":\"ListItem\",\"position\":2,\"name\":\"Products\",\"item\":\"https:\/\/www.vcb-paris.com\/en\/boutique__trashed\/\"},{\"@type\":\"ListItem\",\"position\":3,\"name\":\"COLLIER PRINTEMPS COULEURS SAPHIR\"}]},{\"@type\":\"WebSite\",\"@id\":\"https:\/\/www.vcb-paris.com\/#website\",\"url\":\"https:\/\/www.vcb-paris.com\/\",\"name\":\"VERONICA CYROT BIJOUX\",\"description\":\"Une id\u00e9e, un dessin, un bijou.\",\"publisher\":{\"@id\":\"https:\/\/www.vcb-paris.com\/#organization\"},\"potentialAction\":[{\"@type\":\"SearchAction\",\"target\":{\"@type\":\"EntryPoint\",\"urlTemplate\":\"https:\/\/www.vcb-paris.com\/?s={search_term_string}\"},\"query-input\":{\"@type\":\"PropertyValueSpecification\",\"valueRequired\":true,\"valueName\":\"search_term_string\"}}],\"inLanguage\":\"en-US\"},{\"@type\":\"Organization\",\"@id\":\"https:\/\/www.vcb-paris.com\/#organization\",\"name\":\"VERONICA CYROT BIJOUX\",\"url\":\"https:\/\/www.vcb-paris.com\/\",\"logo\":{\"@type\":\"ImageObject\",\"inLanguage\":\"en-US\",\"@id\":\"https:\/\/www.vcb-paris.com\/#\/schema\/logo\/image\/\",\"url\":\"https:\/\/www.vcb-paris.com\/wp-content\/uploads\/2022\/09\/Logo-Veronica-Cyrot-Bijoux.svg\",\"contentUrl\":\"https:\/\/www.vcb-paris.com\/wp-content\/uploads\/2022\/09\/Logo-Veronica-Cyrot-Bijoux.svg\",\"width\":160,\"height\":160,\"caption\":\"VERONICA CYROT BIJOUX\"},\"image\":{\"@id\":\"https:\/\/www.vcb-paris.com\/#\/schema\/logo\/image\/\"},\"sameAs\":[\"https:\/\/www.facebook.com\/veronicacyrotbijoux\",\"https:\/\/www.instagram.com\/veronicacyrot_bijoux\/\",\"https:\/\/www.pinterest.fr\/veronicacyrot\/\"]}]}<\/script>\n<!-- \/ Yoast SEO plugin. -->","yoast_head_json":{"title":"COLLIER PRINTEMPS COULEURS SAPHIR - VERONICA CYROT","robots":{"index":"index","follow":"follow","max-snippet":"max-snippet:-1","max-image-preview":"max-image-preview:large","max-video-preview":"max-video-preview:-1"},"canonical":"https:\/\/www.vcb-paris.com\/en\/product\/collier-printemps-couleurs-saphir-copie\/","og_locale":"en_US","og_type":"article","og_title":"COLLIER PRINTEMPS COULEURS SAPHIR - VERONICA CYROT","og_description":"Le Collier Printemps Couleurs peut \u00e9galement \u00eatre fabriqu\u00e9e \"SUR COMMANDE\" en or jaune, or blanc ou or rose. Pour le centre je vous propose trois types de pierres : un saphir bleu, un rubis et une \u00e9meraude en forme rond brillant. Le temps de fabrication sera d\u2019environ 4 semaines. Pour choisir la couleur de l'or et la pierre centrale de votre collier vous pouvez me contacter \u00e0 l\u2019adresse suivante : contact@vcb-paris.com  Temps d'envoi : Le temps d\u2019envoi en France m\u00e9tropolitaine est de 5 jours. Il est de 10 \u00e0 15 jours Pour les envois internationaux Le collier sera emball\u00e9e avec soin dans une boite et une enveloppe renforc\u00e9.  Suivez-moi sur les r\u00e9seaux : Instagram\u00a0 @veronicacyrot_bijoux Pinterest \u00a0\u00a0veronicacyrot","og_url":"https:\/\/www.vcb-paris.com\/en\/product\/collier-printemps-couleurs-saphir-copie\/","og_site_name":"VERONICA CYROT","article_publisher":"https:\/\/www.facebook.com\/veronicacyrotbijoux","article_modified_time":"2024-06-19T17:17:10+00:00","og_image":[{"width":1080,"height":1080,"url":"https:\/\/www.vcb-paris.com\/wp-content\/uploads\/2024\/05\/COLLIER-PRINTEMPS-COULEUR.jpg","type":"image\/jpeg"}],"twitter_card":"summary_large_image","twitter_misc":{"Est. reading time":"1 minute"},"schema":{"@context":"https:\/\/schema.org","@graph":[{"@type":"WebPage","@id":"https:\/\/www.vcb-paris.com\/produit\/collier-printemps-couleurs-saphir-copie\/","url":"https:\/\/www.vcb-paris.com\/produit\/collier-printemps-couleurs-saphir-copie\/","name":"COLLIER PRINTEMPS COULEURS SAPHIR - VERONICA CYROT","isPartOf":{"@id":"https:\/\/www.vcb-paris.com\/#website"},"primaryImageOfPage":{"@id":"https:\/\/www.vcb-paris.com\/produit\/collier-printemps-couleurs-saphir-copie\/#primaryimage"},"image":{"@id":"https:\/\/www.vcb-paris.com\/produit\/collier-printemps-couleurs-saphir-copie\/#primaryimage"},"thumbnailUrl":"https:\/\/www.vcb-paris.com\/wp-content\/uploads\/2024\/05\/COLLIER-PRINTEMPS-COULEUR.jpg","datePublished":"2024-06-03T08:51:36+00:00","dateModified":"2024-06-19T17:17:10+00:00","breadcrumb":{"@id":"https:\/\/www.vcb-paris.com\/produit\/collier-printemps-couleurs-saphir-copie\/#breadcrumb"},"inLanguage":"en-US","potentialAction":[{"@type":"ReadAction","target":["https:\/\/www.vcb-paris.com\/produit\/collier-printemps-couleurs-saphir-copie\/"]}]},{"@type":"ImageObject","inLanguage":"en-US","@id":"https:\/\/www.vcb-paris.com\/produit\/collier-printemps-couleurs-saphir-copie\/#primaryimage","url":"https:\/\/www.vcb-paris.com\/wp-content\/uploads\/2024\/05\/COLLIER-PRINTEMPS-COULEUR.jpg","contentUrl":"https:\/\/www.vcb-paris.com\/wp-content\/uploads\/2024\/05\/COLLIER-PRINTEMPS-COULEUR.jpg","width":1080,"height":1080,"caption":"COLLIER PRINTEMPS OR JAUNE SAPHIR FLEUR"},{"@type":"BreadcrumbList","@id":"https:\/\/www.vcb-paris.com\/produit\/collier-printemps-couleurs-saphir-copie\/#breadcrumb","itemListElement":[{"@type":"ListItem","position":1,"name":"Accueil","item":"https:\/\/www.vcb-paris.com\/"},{"@type":"ListItem","position":2,"name":"Products","item":"https:\/\/www.vcb-paris.com\/en\/boutique__trashed\/"},{"@type":"ListItem","position":3,"name":"COLLIER PRINTEMPS COULEURS SAPHIR"}]},{"@type":"WebSite","@id":"https:\/\/www.vcb-paris.com\/#website","url":"https:\/\/www.vcb-paris.com\/","name":"VERONICA CYROT BIJOUX","description":"Une id\u00e9e, un dessin, un bijou.","publisher":{"@id":"https:\/\/www.vcb-paris.com\/#organization"},"potentialAction":[{"@type":"SearchAction","target":{"@type":"EntryPoint","urlTemplate":"https:\/\/www.vcb-paris.com\/?s={search_term_string}"},"query-input":{"@type":"PropertyValueSpecification","valueRequired":true,"valueName":"search_term_string"}}],"inLanguage":"en-US"},{"@type":"Organization","@id":"https:\/\/www.vcb-paris.com\/#organization","name":"VERONICA CYROT BIJOUX","url":"https:\/\/www.vcb-paris.com\/","logo":{"@type":"ImageObject","inLanguage":"en-US","@id":"https:\/\/www.vcb-paris.com\/#\/schema\/logo\/image\/","url":"https:\/\/www.vcb-paris.com\/wp-content\/uploads\/2022\/09\/Logo-Veronica-Cyrot-Bijoux.svg","contentUrl":"https:\/\/www.vcb-paris.com\/wp-content\/uploads\/2022\/09\/Logo-Veronica-Cyrot-Bijoux.svg","width":160,"height":160,"caption":"VERONICA CYROT BIJOUX"},"image":{"@id":"https:\/\/www.vcb-paris.com\/#\/schema\/logo\/image\/"},"sameAs":["https:\/\/www.facebook.com\/veronicacyrotbijoux","https:\/\/www.instagram.com\/veronicacyrot_bijoux\/","https:\/\/www.pinterest.fr\/veronicacyrot\/"]}]}},"_links":{"self":[{"href":"https:\/\/www.vcb-paris.com\/en\/wp-json\/wp\/v2\/product\/3558","targetHints":{"allow":["GET"]}}],"collection":[{"href":"https:\/\/www.vcb-paris.com\/en\/wp-json\/wp\/v2\/product"}],"about":[{"href":"https:\/\/www.vcb-paris.com\/en\/wp-json\/wp\/v2\/types\/product"}],"wp:featuredmedia":[{"embeddable":true,"href":"https:\/\/www.vcb-paris.com\/en\/wp-json\/wp\/v2\/media\/3325"}],"wp:attachment":[{"href":"https:\/\/www.vcb-paris.com\/en\/wp-json\/wp\/v2\/media?parent=3558"}],"wp:term":[{"taxonomy":"product_brand","embeddable":true,"href":"https:\/\/www.vcb-paris.com\/en\/wp-json\/wp\/v2\/product_brand?post=3558"},{"taxonomy":"product_cat","embeddable":true,"href":"https:\/\/www.vcb-paris.com\/en\/wp-json\/wp\/v2\/product_cat?post=3558"},{"taxonomy":"product_tag","embeddable":true,"href":"https:\/\/www.vcb-paris.com\/en\/wp-json\/wp\/v2\/product_tag?post=3558"}],"curies":[{"name":"wp","href":"https:\/\/api.w.org\/{rel}","templated":true}]}}