{"id":3557,"date":"2024-06-23T08:48:29","date_gmt":"2024-06-23T08:48:29","guid":{"rendered":"https:\/\/www.vcb-paris.com\/?post_type=product&#038;p=3557"},"modified":"2024-06-25T17:51:38","modified_gmt":"2024-06-25T17:51:38","slug":"bague-vitamine-amethyste-et-citrine","status":"publish","type":"product","link":"https:\/\/www.vcb-paris.com\/en\/product\/bague-vitamine-amethyste-et-citrine\/","title":{"rendered":"AMETHYST AND CITRINE VITAMIN RING"},"content":{"rendered":"<p>Demi-Mesure<\/p>\n<p><strong>Finger circumference :<\/strong> 53<br \/>\n<strong>Ring style :<\/strong> Plat<br \/>\n<strong>Setting:<\/strong> Mixte (\u00e0 griffes et clos)<br \/>\n<strong>Material :<\/strong> Yellow gold<br \/>\n<strong>Total weight :<\/strong> 2,5 gr<br \/>\n<strong>Type de pierre #1 :<\/strong> Am\u00e9thyste<br \/>\n<strong>Form :<\/strong> Rectangle \u00e0 pains coup\u00e9s<br \/>\n<strong>Stone color :<\/strong> Violet<br \/>\n<strong>Measurements : <\/strong>6,20 x 8,10 x 3,99 mm<br \/>\n<strong>Poids : <\/strong>1,565 ct<br \/>\n<strong>Type de pierre #2 :<\/strong> Citrine<br \/>\n<strong>Form :<\/strong> Rond brillant<br \/>\n<strong>Stone color :<\/strong> Jaune orang\u00e9<br \/>\n<strong>Measurements : <\/strong>4 mm de diam\u00e8tre<br \/>\n<strong>Poids : <\/strong>0,17 ct<br \/>\n<strong>Country of manufacture :<\/strong> France<\/p>\n<p>The <strong>Vitamin Ring<\/strong> est une pi\u00e8ce festive et joyeuse. Son design ultra-moderne est dot\u00e9 d&rsquo;une ouverture sup\u00e9rieure, qui met en valeur deux magnifiques pierres de tailles et formes diff\u00e9rentes. J&rsquo;ai choisi une am\u00e9thyste d&rsquo;un violet intense et une belle citrine jaune l\u00e9g\u00e8rement orang\u00e9e pour cr\u00e9er un contraste de couleur et pour insuffler une dose d&rsquo;\u00e9nergie. Vous pouvez porter cette bague sans h\u00e9sitation lors de vos f\u00eates, mariages, bapt\u00eames ou soir\u00e9es d&rsquo;\u00e9t\u00e9 et vous d\u00e9marquer avec \u00e9l\u00e9gance et originalit\u00e9.<\/p>\n<p><strong>Promotion sp\u00e9ciale :<br \/>\n<\/strong>Avec l\u2019achat de cette bague un <strong>\u00ab\u00a0gouach\u00e9 original\u00a0\u00bb<\/strong>, taille A5 <strong>est offert !<\/strong><\/p>","protected":false},"excerpt":{"rendered":"<p>The <strong>Vitamin Ring<\/strong> peut \u00e9galement \u00eatre fabriqu\u00e9 \u00ab <strong>SUR COMMANDE\u00bb<\/strong> Je vous propose trois magnifiques combinaisons avec des pierres de la m\u00eame taille et forme mais diff\u00e9rents couleurs (Am\u00e9thyste et citrine &#8211; P\u00e9ridot et tourmaline &#8211; Topaze bleu et am\u00e9thyste). <strong>Le temps de fabrication sera d\u2019environ 4 semaines. <\/strong>Pour choisir la couleur de pierres et la taille de votre bague vous pouvez me contacter sur : <a href=\"mailto:contact@vcb-paris.com\">contact@vcb-paris.com<\/a><\/p>\n<p><strong>Shipping time :<\/strong><strong><br \/>\n<\/strong>Le temps d\u2019envoi en France m\u00e9tropolitaine est de 5 jours. Il est de 10 \u00e0 15 jours Pour les envois internationaux<br \/>\nThe ring will be carefully packaged in a reinforced box and envelope.<\/p>\n<p><strong>Follow me on the networks:<\/strong><strong><br \/>\nInstagram<\/strong>\u00a0 <a href=\"https:\/\/www.instagram.com\/veronicacyrot_bijoux\/\">@veronicacyrot_bijoux<\/a><br \/>\n<strong>Pinterest<\/strong> \u00a0\u00a0<a href=\"https:\/\/www.pinterest.fr\/veronicacyrot\/\">veronicacyrot<\/a><\/p>","protected":false},"featured_media":3329,"template":"","meta":{"inline_featured_image":false,"site-sidebar-layout":"default","site-content-layout":"","ast-site-content-layout":"default","site-content-style":"default","site-sidebar-style":"default","ast-global-header-display":"","ast-banner-title-visibility":"","ast-main-header-display":"","ast-hfb-above-header-display":"","ast-hfb-below-header-display":"","ast-hfb-mobile-header-display":"","site-post-title":"","ast-breadcrumbs-content":"","ast-featured-img":"","footer-sml-layout":"","theme-transparent-header-meta":"default","adv-header-id-meta":"","stick-header-meta":"","header-above-stick-meta":"","header-main-stick-meta":"","header-below-stick-meta":"","astra-migrate-meta-layouts":"set","ast-page-background-enabled":"default","ast-page-background-meta":{"desktop":{"background-color":"var(--ast-global-color-4)","background-image":"","background-repeat":"repeat","background-position":"center center","background-size":"auto","background-attachment":"scroll","background-type":"","background-media":"","overlay-type":"","overlay-color":"","overlay-opacity":"","overlay-gradient":""},"tablet":{"background-color":"","background-image":"","background-repeat":"repeat","background-position":"center center","background-size":"auto","background-attachment":"scroll","background-type":"","background-media":"","overlay-type":"","overlay-color":"","overlay-opacity":"","overlay-gradient":""},"mobile":{"background-color":"","background-image":"","background-repeat":"repeat","background-position":"center center","background-size":"auto","background-attachment":"scroll","background-type":"","background-media":"","overlay-type":"","overlay-color":"","overlay-opacity":"","overlay-gradient":""}},"ast-content-background-meta":{"desktop":{"background-color":"var(--ast-global-color-5)","background-image":"","background-repeat":"repeat","background-position":"center center","background-size":"auto","background-attachment":"scroll","background-type":"","background-media":"","overlay-type":"","overlay-color":"","overlay-opacity":"","overlay-gradient":""},"tablet":{"background-color":"var(--ast-global-color-5)","background-image":"","background-repeat":"repeat","background-position":"center center","background-size":"auto","background-attachment":"scroll","background-type":"","background-media":"","overlay-type":"","overlay-color":"","overlay-opacity":"","overlay-gradient":""},"mobile":{"background-color":"var(--ast-global-color-5)","background-image":"","background-repeat":"repeat","background-position":"center center","background-size":"auto","background-attachment":"scroll","background-type":"","background-media":"","overlay-type":"","overlay-color":"","overlay-opacity":"","overlay-gradient":""}}},"product_brand":[],"product_cat":[27],"product_tag":[40],"class_list":{"0":"post-3557","1":"product","2":"type-product","3":"status-publish","4":"has-post-thumbnail","6":"product_cat-bijoux","7":"product_tag-bijoux","8":"desktop-align-center","9":"tablet-align-left","10":"mobile-align-left","12":"first","13":"instock","14":"sold-individually","15":"shipping-taxable","16":"purchasable","17":"product-type-simple"},"yoast_head":"<!-- This site is optimized with the Yoast SEO plugin v26.5 - https:\/\/yoast.com\/wordpress\/plugins\/seo\/ -->\n<title>BAGUE VITAMINE AM\u00c9THYSTE ET CITRINE - VERONICA CYROT<\/title>\n<meta name=\"robots\" content=\"index, follow, max-snippet:-1, max-image-preview:large, max-video-preview:-1\" \/>\n<link rel=\"canonical\" href=\"https:\/\/www.vcb-paris.com\/en\/product\/bague-vitamine-amethyste-et-citrine\/\" \/>\n<meta property=\"og:locale\" content=\"en_US\" \/>\n<meta property=\"og:type\" content=\"article\" \/>\n<meta property=\"og:title\" content=\"BAGUE VITAMINE AM\u00c9THYSTE ET CITRINE - VERONICA CYROT\" \/>\n<meta property=\"og:description\" content=\"La Bague Vitamine peut \u00e9galement \u00eatre fabriqu\u00e9 \u00ab SUR COMMANDE\u00bb Je vous propose trois magnifiques combinaisons avec des pierres de la m\u00eame taille et forme mais diff\u00e9rents couleurs (Am\u00e9thyste et citrine - P\u00e9ridot et tourmaline - Topaze bleu et am\u00e9thyste). Le temps de fabrication sera d\u2019environ 4 semaines. Pour choisir la couleur de pierres et la taille de votre bague vous pouvez me contacter sur : contact@vcb-paris.com  Temps d&#039;envoi : Le temps d\u2019envoi en France m\u00e9tropolitaine est de 5 jours. Il est de 10 \u00e0 15 jours Pour les envois internationaux La bague sera emball\u00e9e avec soin dans une boite et une enveloppe renforc\u00e9.  Suivez-moi sur les r\u00e9seaux : Instagram\u00a0 @veronicacyrot_bijoux Pinterest \u00a0\u00a0veronicacyrot\" \/>\n<meta property=\"og:url\" content=\"https:\/\/www.vcb-paris.com\/en\/product\/bague-vitamine-amethyste-et-citrine\/\" \/>\n<meta property=\"og:site_name\" content=\"VERONICA CYROT\" \/>\n<meta property=\"article:publisher\" content=\"https:\/\/www.facebook.com\/veronicacyrotbijoux\" \/>\n<meta property=\"article:modified_time\" content=\"2024-06-25T17:51:38+00:00\" \/>\n<meta property=\"og:image\" content=\"https:\/\/www.vcb-paris.com\/wp-content\/uploads\/2024\/05\/BAGUE-VITAMINE-AMETHYSTE-CITRINE.jpg\" \/>\n\t<meta property=\"og:image:width\" content=\"1500\" \/>\n\t<meta property=\"og:image:height\" content=\"1500\" \/>\n\t<meta property=\"og:image:type\" content=\"image\/jpeg\" \/>\n<meta name=\"twitter:card\" content=\"summary_large_image\" \/>\n<meta name=\"twitter:label1\" content=\"Est. reading time\" \/>\n\t<meta name=\"twitter:data1\" content=\"1 minute\" \/>\n<script type=\"application\/ld+json\" class=\"yoast-schema-graph\">{\"@context\":\"https:\/\/schema.org\",\"@graph\":[{\"@type\":\"WebPage\",\"@id\":\"https:\/\/www.vcb-paris.com\/produit\/bague-vitamine-amethyste-et-citrine\/\",\"url\":\"https:\/\/www.vcb-paris.com\/produit\/bague-vitamine-amethyste-et-citrine\/\",\"name\":\"BAGUE VITAMINE AM\u00c9THYSTE ET CITRINE - VERONICA CYROT\",\"isPartOf\":{\"@id\":\"https:\/\/www.vcb-paris.com\/#website\"},\"primaryImageOfPage\":{\"@id\":\"https:\/\/www.vcb-paris.com\/produit\/bague-vitamine-amethyste-et-citrine\/#primaryimage\"},\"image\":{\"@id\":\"https:\/\/www.vcb-paris.com\/produit\/bague-vitamine-amethyste-et-citrine\/#primaryimage\"},\"thumbnailUrl\":\"https:\/\/www.vcb-paris.com\/wp-content\/uploads\/2024\/05\/BAGUE-VITAMINE-AMETHYSTE-CITRINE.jpg\",\"datePublished\":\"2024-06-23T08:48:29+00:00\",\"dateModified\":\"2024-06-25T17:51:38+00:00\",\"breadcrumb\":{\"@id\":\"https:\/\/www.vcb-paris.com\/produit\/bague-vitamine-amethyste-et-citrine\/#breadcrumb\"},\"inLanguage\":\"en-US\",\"potentialAction\":[{\"@type\":\"ReadAction\",\"target\":[\"https:\/\/www.vcb-paris.com\/produit\/bague-vitamine-amethyste-et-citrine\/\"]}]},{\"@type\":\"ImageObject\",\"inLanguage\":\"en-US\",\"@id\":\"https:\/\/www.vcb-paris.com\/produit\/bague-vitamine-amethyste-et-citrine\/#primaryimage\",\"url\":\"https:\/\/www.vcb-paris.com\/wp-content\/uploads\/2024\/05\/BAGUE-VITAMINE-AMETHYSTE-CITRINE.jpg\",\"contentUrl\":\"https:\/\/www.vcb-paris.com\/wp-content\/uploads\/2024\/05\/BAGUE-VITAMINE-AMETHYSTE-CITRINE.jpg\",\"width\":1500,\"height\":1500,\"caption\":\"Bague vitamine or jaune citrine am\u00e9thyste Paris\"},{\"@type\":\"BreadcrumbList\",\"@id\":\"https:\/\/www.vcb-paris.com\/produit\/bague-vitamine-amethyste-et-citrine\/#breadcrumb\",\"itemListElement\":[{\"@type\":\"ListItem\",\"position\":1,\"name\":\"Accueil\",\"item\":\"https:\/\/www.vcb-paris.com\/\"},{\"@type\":\"ListItem\",\"position\":2,\"name\":\"Products\",\"item\":\"https:\/\/www.vcb-paris.com\/en\/boutique__trashed\/\"},{\"@type\":\"ListItem\",\"position\":3,\"name\":\"BAGUE VITAMINE AM\u00c9THYSTE ET CITRINE\"}]},{\"@type\":\"WebSite\",\"@id\":\"https:\/\/www.vcb-paris.com\/#website\",\"url\":\"https:\/\/www.vcb-paris.com\/\",\"name\":\"VERONICA CYROT BIJOUX\",\"description\":\"Une id\u00e9e, un dessin, un bijou.\",\"publisher\":{\"@id\":\"https:\/\/www.vcb-paris.com\/#organization\"},\"potentialAction\":[{\"@type\":\"SearchAction\",\"target\":{\"@type\":\"EntryPoint\",\"urlTemplate\":\"https:\/\/www.vcb-paris.com\/?s={search_term_string}\"},\"query-input\":{\"@type\":\"PropertyValueSpecification\",\"valueRequired\":true,\"valueName\":\"search_term_string\"}}],\"inLanguage\":\"en-US\"},{\"@type\":\"Organization\",\"@id\":\"https:\/\/www.vcb-paris.com\/#organization\",\"name\":\"VERONICA CYROT BIJOUX\",\"url\":\"https:\/\/www.vcb-paris.com\/\",\"logo\":{\"@type\":\"ImageObject\",\"inLanguage\":\"en-US\",\"@id\":\"https:\/\/www.vcb-paris.com\/#\/schema\/logo\/image\/\",\"url\":\"https:\/\/www.vcb-paris.com\/wp-content\/uploads\/2022\/09\/Logo-Veronica-Cyrot-Bijoux.svg\",\"contentUrl\":\"https:\/\/www.vcb-paris.com\/wp-content\/uploads\/2022\/09\/Logo-Veronica-Cyrot-Bijoux.svg\",\"width\":160,\"height\":160,\"caption\":\"VERONICA CYROT BIJOUX\"},\"image\":{\"@id\":\"https:\/\/www.vcb-paris.com\/#\/schema\/logo\/image\/\"},\"sameAs\":[\"https:\/\/www.facebook.com\/veronicacyrotbijoux\",\"https:\/\/www.instagram.com\/veronicacyrot_bijoux\/\",\"https:\/\/www.pinterest.fr\/veronicacyrot\/\"]}]}<\/script>\n<!-- \/ Yoast SEO plugin. -->","yoast_head_json":{"title":"BAGUE VITAMINE AM\u00c9THYSTE ET CITRINE - VERONICA CYROT","robots":{"index":"index","follow":"follow","max-snippet":"max-snippet:-1","max-image-preview":"max-image-preview:large","max-video-preview":"max-video-preview:-1"},"canonical":"https:\/\/www.vcb-paris.com\/en\/product\/bague-vitamine-amethyste-et-citrine\/","og_locale":"en_US","og_type":"article","og_title":"BAGUE VITAMINE AM\u00c9THYSTE ET CITRINE - VERONICA CYROT","og_description":"La Bague Vitamine peut \u00e9galement \u00eatre fabriqu\u00e9 \u00ab SUR COMMANDE\u00bb Je vous propose trois magnifiques combinaisons avec des pierres de la m\u00eame taille et forme mais diff\u00e9rents couleurs (Am\u00e9thyste et citrine - P\u00e9ridot et tourmaline - Topaze bleu et am\u00e9thyste). Le temps de fabrication sera d\u2019environ 4 semaines. Pour choisir la couleur de pierres et la taille de votre bague vous pouvez me contacter sur : contact@vcb-paris.com  Temps d'envoi : Le temps d\u2019envoi en France m\u00e9tropolitaine est de 5 jours. Il est de 10 \u00e0 15 jours Pour les envois internationaux La bague sera emball\u00e9e avec soin dans une boite et une enveloppe renforc\u00e9.  Suivez-moi sur les r\u00e9seaux : Instagram\u00a0 @veronicacyrot_bijoux Pinterest \u00a0\u00a0veronicacyrot","og_url":"https:\/\/www.vcb-paris.com\/en\/product\/bague-vitamine-amethyste-et-citrine\/","og_site_name":"VERONICA CYROT","article_publisher":"https:\/\/www.facebook.com\/veronicacyrotbijoux","article_modified_time":"2024-06-25T17:51:38+00:00","og_image":[{"width":1500,"height":1500,"url":"https:\/\/www.vcb-paris.com\/wp-content\/uploads\/2024\/05\/BAGUE-VITAMINE-AMETHYSTE-CITRINE.jpg","type":"image\/jpeg"}],"twitter_card":"summary_large_image","twitter_misc":{"Est. reading time":"1 minute"},"schema":{"@context":"https:\/\/schema.org","@graph":[{"@type":"WebPage","@id":"https:\/\/www.vcb-paris.com\/produit\/bague-vitamine-amethyste-et-citrine\/","url":"https:\/\/www.vcb-paris.com\/produit\/bague-vitamine-amethyste-et-citrine\/","name":"BAGUE VITAMINE AM\u00c9THYSTE ET CITRINE - VERONICA CYROT","isPartOf":{"@id":"https:\/\/www.vcb-paris.com\/#website"},"primaryImageOfPage":{"@id":"https:\/\/www.vcb-paris.com\/produit\/bague-vitamine-amethyste-et-citrine\/#primaryimage"},"image":{"@id":"https:\/\/www.vcb-paris.com\/produit\/bague-vitamine-amethyste-et-citrine\/#primaryimage"},"thumbnailUrl":"https:\/\/www.vcb-paris.com\/wp-content\/uploads\/2024\/05\/BAGUE-VITAMINE-AMETHYSTE-CITRINE.jpg","datePublished":"2024-06-23T08:48:29+00:00","dateModified":"2024-06-25T17:51:38+00:00","breadcrumb":{"@id":"https:\/\/www.vcb-paris.com\/produit\/bague-vitamine-amethyste-et-citrine\/#breadcrumb"},"inLanguage":"en-US","potentialAction":[{"@type":"ReadAction","target":["https:\/\/www.vcb-paris.com\/produit\/bague-vitamine-amethyste-et-citrine\/"]}]},{"@type":"ImageObject","inLanguage":"en-US","@id":"https:\/\/www.vcb-paris.com\/produit\/bague-vitamine-amethyste-et-citrine\/#primaryimage","url":"https:\/\/www.vcb-paris.com\/wp-content\/uploads\/2024\/05\/BAGUE-VITAMINE-AMETHYSTE-CITRINE.jpg","contentUrl":"https:\/\/www.vcb-paris.com\/wp-content\/uploads\/2024\/05\/BAGUE-VITAMINE-AMETHYSTE-CITRINE.jpg","width":1500,"height":1500,"caption":"Bague vitamine or jaune citrine am\u00e9thyste Paris"},{"@type":"BreadcrumbList","@id":"https:\/\/www.vcb-paris.com\/produit\/bague-vitamine-amethyste-et-citrine\/#breadcrumb","itemListElement":[{"@type":"ListItem","position":1,"name":"Accueil","item":"https:\/\/www.vcb-paris.com\/"},{"@type":"ListItem","position":2,"name":"Products","item":"https:\/\/www.vcb-paris.com\/en\/boutique__trashed\/"},{"@type":"ListItem","position":3,"name":"BAGUE VITAMINE AM\u00c9THYSTE ET CITRINE"}]},{"@type":"WebSite","@id":"https:\/\/www.vcb-paris.com\/#website","url":"https:\/\/www.vcb-paris.com\/","name":"VERONICA CYROT BIJOUX","description":"Une id\u00e9e, un dessin, un bijou.","publisher":{"@id":"https:\/\/www.vcb-paris.com\/#organization"},"potentialAction":[{"@type":"SearchAction","target":{"@type":"EntryPoint","urlTemplate":"https:\/\/www.vcb-paris.com\/?s={search_term_string}"},"query-input":{"@type":"PropertyValueSpecification","valueRequired":true,"valueName":"search_term_string"}}],"inLanguage":"en-US"},{"@type":"Organization","@id":"https:\/\/www.vcb-paris.com\/#organization","name":"VERONICA CYROT BIJOUX","url":"https:\/\/www.vcb-paris.com\/","logo":{"@type":"ImageObject","inLanguage":"en-US","@id":"https:\/\/www.vcb-paris.com\/#\/schema\/logo\/image\/","url":"https:\/\/www.vcb-paris.com\/wp-content\/uploads\/2022\/09\/Logo-Veronica-Cyrot-Bijoux.svg","contentUrl":"https:\/\/www.vcb-paris.com\/wp-content\/uploads\/2022\/09\/Logo-Veronica-Cyrot-Bijoux.svg","width":160,"height":160,"caption":"VERONICA CYROT BIJOUX"},"image":{"@id":"https:\/\/www.vcb-paris.com\/#\/schema\/logo\/image\/"},"sameAs":["https:\/\/www.facebook.com\/veronicacyrotbijoux","https:\/\/www.instagram.com\/veronicacyrot_bijoux\/","https:\/\/www.pinterest.fr\/veronicacyrot\/"]}]}},"_links":{"self":[{"href":"https:\/\/www.vcb-paris.com\/en\/wp-json\/wp\/v2\/product\/3557","targetHints":{"allow":["GET"]}}],"collection":[{"href":"https:\/\/www.vcb-paris.com\/en\/wp-json\/wp\/v2\/product"}],"about":[{"href":"https:\/\/www.vcb-paris.com\/en\/wp-json\/wp\/v2\/types\/product"}],"wp:featuredmedia":[{"embeddable":true,"href":"https:\/\/www.vcb-paris.com\/en\/wp-json\/wp\/v2\/media\/3329"}],"wp:attachment":[{"href":"https:\/\/www.vcb-paris.com\/en\/wp-json\/wp\/v2\/media?parent=3557"}],"wp:term":[{"taxonomy":"product_brand","embeddable":true,"href":"https:\/\/www.vcb-paris.com\/en\/wp-json\/wp\/v2\/product_brand?post=3557"},{"taxonomy":"product_cat","embeddable":true,"href":"https:\/\/www.vcb-paris.com\/en\/wp-json\/wp\/v2\/product_cat?post=3557"},{"taxonomy":"product_tag","embeddable":true,"href":"https:\/\/www.vcb-paris.com\/en\/wp-json\/wp\/v2\/product_tag?post=3557"}],"curies":[{"name":"wp","href":"https:\/\/api.w.org\/{rel}","templated":true}]}}