{"id":3179,"date":"2024-05-16T17:12:41","date_gmt":"2024-05-16T17:12:41","guid":{"rendered":"https:\/\/www.vcb-paris.com\/?post_type=product&#038;p=3179"},"modified":"2024-05-31T17:35:30","modified_gmt":"2024-05-31T17:35:30","slug":"bracelet-malachite-tourmaline-pierres-naturelles","status":"publish","type":"product","link":"https:\/\/www.vcb-paris.com\/en\/product\/bracelet-malachite-tourmaline-pierres-naturelles\/","title":{"rendered":"BRACELET MALACHITE TOURMALINE PIERRES NATURELLES"},"content":{"rendered":"<p>BRCOMP00006<\/p>\n<p><strong>Pierre #1 :<\/strong> Malachite<br \/>\n<strong>Couleur :<\/strong> Vert<br \/>\n<strong>Pierre #2 :<\/strong> Onyx<br \/>\n<strong>Couleur :<\/strong> Noir<br \/>\n<strong>Taille de la perle :<\/strong> 8 mm<strong><br \/>\n<\/strong><strong>Largeur :<\/strong> 21 cm<br \/>\n<strong>Accessoires :<\/strong> Argent<br \/>\n<strong>Type de bracelet :<\/strong> Ajustable, \u00e9lastique<br \/>\n<strong>Pays de fabrication :<\/strong> France<\/p>\n<p><strong>Fabriqu\u00e9 en malachite et onyx 100% naturel. <\/strong>Ce bracelet est un bijou moderne qui convient \u00e0 toutes les occasions. L&rsquo;onyx aide \u00e0 la concentration et \u00e0 la stabilit\u00e9. La malachite a des propri\u00e9t\u00e9s de transformation et purification. Cette pierre est un v\u00e9ritable talisman de protection.<\/p>","protected":false},"excerpt":{"rendered":"<p><strong>Shipping time :<\/strong><strong><br \/>\n<\/strong>Le temps d&rsquo;envoi en France m\u00e9tropolitaine est de 5 jours et pour les envois internationales est de 10 \u00e0 15 jours approximativement.<\/p>\n<p><strong>Une question sur ce produit?<\/strong><strong><br \/>\n<\/strong>Vous pouvez me contacter par mail : <a href=\"mailto:contact@vcb-paris.com\">contact@vcb-paris.com<\/a><\/p>\n<p><strong>Follow me on the networks:<\/strong><strong><br \/>\nInstagram<\/strong>\u00a0 <a href=\"https:\/\/www.instagram.com\/veronicacyrot_bijoux\/\">@veronicacyrot_bijoux<\/a><br \/>\n<strong>Pinterest<\/strong> \u00a0\u00a0<a href=\"https:\/\/www.pinterest.fr\/veronicacyrot\/\">veronicacyrot<\/a><\/p>","protected":false},"featured_media":3180,"template":"","meta":{"inline_featured_image":false,"site-sidebar-layout":"default","site-content-layout":"","ast-site-content-layout":"default","site-content-style":"default","site-sidebar-style":"default","ast-global-header-display":"","ast-banner-title-visibility":"","ast-main-header-display":"","ast-hfb-above-header-display":"","ast-hfb-below-header-display":"","ast-hfb-mobile-header-display":"","site-post-title":"","ast-breadcrumbs-content":"","ast-featured-img":"","footer-sml-layout":"","theme-transparent-header-meta":"default","adv-header-id-meta":"","stick-header-meta":"","header-above-stick-meta":"","header-main-stick-meta":"","header-below-stick-meta":"","astra-migrate-meta-layouts":"set","ast-page-background-enabled":"default","ast-page-background-meta":{"desktop":{"background-color":"var(--ast-global-color-4)","background-image":"","background-repeat":"repeat","background-position":"center center","background-size":"auto","background-attachment":"scroll","background-type":"","background-media":"","overlay-type":"","overlay-color":"","overlay-opacity":"","overlay-gradient":""},"tablet":{"background-color":"","background-image":"","background-repeat":"repeat","background-position":"center center","background-size":"auto","background-attachment":"scroll","background-type":"","background-media":"","overlay-type":"","overlay-color":"","overlay-opacity":"","overlay-gradient":""},"mobile":{"background-color":"","background-image":"","background-repeat":"repeat","background-position":"center center","background-size":"auto","background-attachment":"scroll","background-type":"","background-media":"","overlay-type":"","overlay-color":"","overlay-opacity":"","overlay-gradient":""}},"ast-content-background-meta":{"desktop":{"background-color":"var(--ast-global-color-5)","background-image":"","background-repeat":"repeat","background-position":"center center","background-size":"auto","background-attachment":"scroll","background-type":"","background-media":"","overlay-type":"","overlay-color":"","overlay-opacity":"","overlay-gradient":""},"tablet":{"background-color":"var(--ast-global-color-5)","background-image":"","background-repeat":"repeat","background-position":"center center","background-size":"auto","background-attachment":"scroll","background-type":"","background-media":"","overlay-type":"","overlay-color":"","overlay-opacity":"","overlay-gradient":""},"mobile":{"background-color":"var(--ast-global-color-5)","background-image":"","background-repeat":"repeat","background-position":"center center","background-size":"auto","background-attachment":"scroll","background-type":"","background-media":"","overlay-type":"","overlay-color":"","overlay-opacity":"","overlay-gradient":""}}},"product_brand":[],"product_cat":[47],"product_tag":[48],"class_list":{"0":"post-3179","1":"product","2":"type-product","3":"status-publish","4":"has-post-thumbnail","6":"product_cat-bracelet-2","7":"product_tag-bracelet-2","8":"desktop-align-center","9":"tablet-align-left","10":"mobile-align-left","12":"first","13":"instock","14":"shipping-taxable","15":"purchasable","16":"product-type-simple"},"yoast_head":"<!-- This site is optimized with the Yoast SEO plugin v26.5 - https:\/\/yoast.com\/wordpress\/plugins\/seo\/ -->\n<title>BRACELET MALACHITE TOURMALINE PIERRES NATURELLES - VERONICA CYROT<\/title>\n<meta name=\"robots\" content=\"index, follow, max-snippet:-1, max-image-preview:large, max-video-preview:-1\" \/>\n<link rel=\"canonical\" href=\"https:\/\/www.vcb-paris.com\/en\/product\/bracelet-malachite-tourmaline-pierres-naturelles\/\" \/>\n<meta property=\"og:locale\" content=\"en_US\" \/>\n<meta property=\"og:type\" content=\"article\" \/>\n<meta property=\"og:title\" content=\"BRACELET MALACHITE TOURMALINE PIERRES NATURELLES - VERONICA CYROT\" \/>\n<meta property=\"og:description\" content=\"Temps d&#039;envoi : Le temps d&#039;envoi en France m\u00e9tropolitaine est de 5 jours et pour les envois internationales est de 10 \u00e0 15 jours approximativement.  Une question sur ce produit? Vous pouvez me contacter par mail : contact@vcb-paris.com  Suivez-moi sur les r\u00e9seaux : Instagram\u00a0 @veronicacyrot_bijoux Pinterest \u00a0\u00a0veronicacyrot\" \/>\n<meta property=\"og:url\" content=\"https:\/\/www.vcb-paris.com\/en\/product\/bracelet-malachite-tourmaline-pierres-naturelles\/\" \/>\n<meta property=\"og:site_name\" content=\"VERONICA CYROT\" \/>\n<meta property=\"article:publisher\" content=\"https:\/\/www.facebook.com\/veronicacyrotbijoux\" \/>\n<meta property=\"article:modified_time\" content=\"2024-05-31T17:35:30+00:00\" \/>\n<meta property=\"og:image\" content=\"https:\/\/www.vcb-paris.com\/wp-content\/uploads\/2024\/05\/Bracelet-pierre-malachite-onyx-argent.jpg\" \/>\n\t<meta property=\"og:image:width\" content=\"1500\" \/>\n\t<meta property=\"og:image:height\" content=\"1500\" \/>\n\t<meta property=\"og:image:type\" content=\"image\/jpeg\" \/>\n<meta name=\"twitter:card\" content=\"summary_large_image\" \/>\n<script type=\"application\/ld+json\" class=\"yoast-schema-graph\">{\"@context\":\"https:\/\/schema.org\",\"@graph\":[{\"@type\":\"WebPage\",\"@id\":\"https:\/\/www.vcb-paris.com\/produit\/bracelet-malachite-tourmaline-pierres-naturelles\/\",\"url\":\"https:\/\/www.vcb-paris.com\/produit\/bracelet-malachite-tourmaline-pierres-naturelles\/\",\"name\":\"BRACELET MALACHITE TOURMALINE PIERRES NATURELLES - VERONICA CYROT\",\"isPartOf\":{\"@id\":\"https:\/\/www.vcb-paris.com\/#website\"},\"primaryImageOfPage\":{\"@id\":\"https:\/\/www.vcb-paris.com\/produit\/bracelet-malachite-tourmaline-pierres-naturelles\/#primaryimage\"},\"image\":{\"@id\":\"https:\/\/www.vcb-paris.com\/produit\/bracelet-malachite-tourmaline-pierres-naturelles\/#primaryimage\"},\"thumbnailUrl\":\"https:\/\/www.vcb-paris.com\/wp-content\/uploads\/2024\/05\/Bracelet-pierre-malachite-onyx-argent.jpg\",\"datePublished\":\"2024-05-16T17:12:41+00:00\",\"dateModified\":\"2024-05-31T17:35:30+00:00\",\"breadcrumb\":{\"@id\":\"https:\/\/www.vcb-paris.com\/produit\/bracelet-malachite-tourmaline-pierres-naturelles\/#breadcrumb\"},\"inLanguage\":\"en-US\",\"potentialAction\":[{\"@type\":\"ReadAction\",\"target\":[\"https:\/\/www.vcb-paris.com\/produit\/bracelet-malachite-tourmaline-pierres-naturelles\/\"]}]},{\"@type\":\"ImageObject\",\"inLanguage\":\"en-US\",\"@id\":\"https:\/\/www.vcb-paris.com\/produit\/bracelet-malachite-tourmaline-pierres-naturelles\/#primaryimage\",\"url\":\"https:\/\/www.vcb-paris.com\/wp-content\/uploads\/2024\/05\/Bracelet-pierre-malachite-onyx-argent.jpg\",\"contentUrl\":\"https:\/\/www.vcb-paris.com\/wp-content\/uploads\/2024\/05\/Bracelet-pierre-malachite-onyx-argent.jpg\",\"width\":1500,\"height\":1500,\"caption\":\"bracelet malachite onyx pierres naturelles paris\"},{\"@type\":\"BreadcrumbList\",\"@id\":\"https:\/\/www.vcb-paris.com\/produit\/bracelet-malachite-tourmaline-pierres-naturelles\/#breadcrumb\",\"itemListElement\":[{\"@type\":\"ListItem\",\"position\":1,\"name\":\"Accueil\",\"item\":\"https:\/\/www.vcb-paris.com\/\"},{\"@type\":\"ListItem\",\"position\":2,\"name\":\"Products\",\"item\":\"https:\/\/www.vcb-paris.com\/en\/boutique__trashed\/\"},{\"@type\":\"ListItem\",\"position\":3,\"name\":\"BRACELET MALACHITE TOURMALINE PIERRES NATURELLES\"}]},{\"@type\":\"WebSite\",\"@id\":\"https:\/\/www.vcb-paris.com\/#website\",\"url\":\"https:\/\/www.vcb-paris.com\/\",\"name\":\"VERONICA CYROT BIJOUX\",\"description\":\"Une id\u00e9e, un dessin, un bijou.\",\"publisher\":{\"@id\":\"https:\/\/www.vcb-paris.com\/#organization\"},\"potentialAction\":[{\"@type\":\"SearchAction\",\"target\":{\"@type\":\"EntryPoint\",\"urlTemplate\":\"https:\/\/www.vcb-paris.com\/?s={search_term_string}\"},\"query-input\":{\"@type\":\"PropertyValueSpecification\",\"valueRequired\":true,\"valueName\":\"search_term_string\"}}],\"inLanguage\":\"en-US\"},{\"@type\":\"Organization\",\"@id\":\"https:\/\/www.vcb-paris.com\/#organization\",\"name\":\"VERONICA CYROT BIJOUX\",\"url\":\"https:\/\/www.vcb-paris.com\/\",\"logo\":{\"@type\":\"ImageObject\",\"inLanguage\":\"en-US\",\"@id\":\"https:\/\/www.vcb-paris.com\/#\/schema\/logo\/image\/\",\"url\":\"https:\/\/www.vcb-paris.com\/wp-content\/uploads\/2022\/09\/Logo-Veronica-Cyrot-Bijoux.svg\",\"contentUrl\":\"https:\/\/www.vcb-paris.com\/wp-content\/uploads\/2022\/09\/Logo-Veronica-Cyrot-Bijoux.svg\",\"width\":160,\"height\":160,\"caption\":\"VERONICA CYROT BIJOUX\"},\"image\":{\"@id\":\"https:\/\/www.vcb-paris.com\/#\/schema\/logo\/image\/\"},\"sameAs\":[\"https:\/\/www.facebook.com\/veronicacyrotbijoux\",\"https:\/\/www.instagram.com\/veronicacyrot_bijoux\/\",\"https:\/\/www.pinterest.fr\/veronicacyrot\/\"]}]}<\/script>\n<!-- \/ Yoast SEO plugin. -->","yoast_head_json":{"title":"BRACELET MALACHITE TOURMALINE PIERRES NATURELLES - VERONICA CYROT","robots":{"index":"index","follow":"follow","max-snippet":"max-snippet:-1","max-image-preview":"max-image-preview:large","max-video-preview":"max-video-preview:-1"},"canonical":"https:\/\/www.vcb-paris.com\/en\/product\/bracelet-malachite-tourmaline-pierres-naturelles\/","og_locale":"en_US","og_type":"article","og_title":"BRACELET MALACHITE TOURMALINE PIERRES NATURELLES - VERONICA CYROT","og_description":"Temps d'envoi : Le temps d'envoi en France m\u00e9tropolitaine est de 5 jours et pour les envois internationales est de 10 \u00e0 15 jours approximativement.  Une question sur ce produit? Vous pouvez me contacter par mail : contact@vcb-paris.com  Suivez-moi sur les r\u00e9seaux : Instagram\u00a0 @veronicacyrot_bijoux Pinterest \u00a0\u00a0veronicacyrot","og_url":"https:\/\/www.vcb-paris.com\/en\/product\/bracelet-malachite-tourmaline-pierres-naturelles\/","og_site_name":"VERONICA CYROT","article_publisher":"https:\/\/www.facebook.com\/veronicacyrotbijoux","article_modified_time":"2024-05-31T17:35:30+00:00","og_image":[{"width":1500,"height":1500,"url":"https:\/\/www.vcb-paris.com\/wp-content\/uploads\/2024\/05\/Bracelet-pierre-malachite-onyx-argent.jpg","type":"image\/jpeg"}],"twitter_card":"summary_large_image","schema":{"@context":"https:\/\/schema.org","@graph":[{"@type":"WebPage","@id":"https:\/\/www.vcb-paris.com\/produit\/bracelet-malachite-tourmaline-pierres-naturelles\/","url":"https:\/\/www.vcb-paris.com\/produit\/bracelet-malachite-tourmaline-pierres-naturelles\/","name":"BRACELET MALACHITE TOURMALINE PIERRES NATURELLES - VERONICA CYROT","isPartOf":{"@id":"https:\/\/www.vcb-paris.com\/#website"},"primaryImageOfPage":{"@id":"https:\/\/www.vcb-paris.com\/produit\/bracelet-malachite-tourmaline-pierres-naturelles\/#primaryimage"},"image":{"@id":"https:\/\/www.vcb-paris.com\/produit\/bracelet-malachite-tourmaline-pierres-naturelles\/#primaryimage"},"thumbnailUrl":"https:\/\/www.vcb-paris.com\/wp-content\/uploads\/2024\/05\/Bracelet-pierre-malachite-onyx-argent.jpg","datePublished":"2024-05-16T17:12:41+00:00","dateModified":"2024-05-31T17:35:30+00:00","breadcrumb":{"@id":"https:\/\/www.vcb-paris.com\/produit\/bracelet-malachite-tourmaline-pierres-naturelles\/#breadcrumb"},"inLanguage":"en-US","potentialAction":[{"@type":"ReadAction","target":["https:\/\/www.vcb-paris.com\/produit\/bracelet-malachite-tourmaline-pierres-naturelles\/"]}]},{"@type":"ImageObject","inLanguage":"en-US","@id":"https:\/\/www.vcb-paris.com\/produit\/bracelet-malachite-tourmaline-pierres-naturelles\/#primaryimage","url":"https:\/\/www.vcb-paris.com\/wp-content\/uploads\/2024\/05\/Bracelet-pierre-malachite-onyx-argent.jpg","contentUrl":"https:\/\/www.vcb-paris.com\/wp-content\/uploads\/2024\/05\/Bracelet-pierre-malachite-onyx-argent.jpg","width":1500,"height":1500,"caption":"bracelet malachite onyx pierres naturelles paris"},{"@type":"BreadcrumbList","@id":"https:\/\/www.vcb-paris.com\/produit\/bracelet-malachite-tourmaline-pierres-naturelles\/#breadcrumb","itemListElement":[{"@type":"ListItem","position":1,"name":"Accueil","item":"https:\/\/www.vcb-paris.com\/"},{"@type":"ListItem","position":2,"name":"Products","item":"https:\/\/www.vcb-paris.com\/en\/boutique__trashed\/"},{"@type":"ListItem","position":3,"name":"BRACELET MALACHITE TOURMALINE PIERRES NATURELLES"}]},{"@type":"WebSite","@id":"https:\/\/www.vcb-paris.com\/#website","url":"https:\/\/www.vcb-paris.com\/","name":"VERONICA CYROT BIJOUX","description":"Une id\u00e9e, un dessin, un bijou.","publisher":{"@id":"https:\/\/www.vcb-paris.com\/#organization"},"potentialAction":[{"@type":"SearchAction","target":{"@type":"EntryPoint","urlTemplate":"https:\/\/www.vcb-paris.com\/?s={search_term_string}"},"query-input":{"@type":"PropertyValueSpecification","valueRequired":true,"valueName":"search_term_string"}}],"inLanguage":"en-US"},{"@type":"Organization","@id":"https:\/\/www.vcb-paris.com\/#organization","name":"VERONICA CYROT BIJOUX","url":"https:\/\/www.vcb-paris.com\/","logo":{"@type":"ImageObject","inLanguage":"en-US","@id":"https:\/\/www.vcb-paris.com\/#\/schema\/logo\/image\/","url":"https:\/\/www.vcb-paris.com\/wp-content\/uploads\/2022\/09\/Logo-Veronica-Cyrot-Bijoux.svg","contentUrl":"https:\/\/www.vcb-paris.com\/wp-content\/uploads\/2022\/09\/Logo-Veronica-Cyrot-Bijoux.svg","width":160,"height":160,"caption":"VERONICA CYROT BIJOUX"},"image":{"@id":"https:\/\/www.vcb-paris.com\/#\/schema\/logo\/image\/"},"sameAs":["https:\/\/www.facebook.com\/veronicacyrotbijoux","https:\/\/www.instagram.com\/veronicacyrot_bijoux\/","https:\/\/www.pinterest.fr\/veronicacyrot\/"]}]}},"_links":{"self":[{"href":"https:\/\/www.vcb-paris.com\/en\/wp-json\/wp\/v2\/product\/3179","targetHints":{"allow":["GET"]}}],"collection":[{"href":"https:\/\/www.vcb-paris.com\/en\/wp-json\/wp\/v2\/product"}],"about":[{"href":"https:\/\/www.vcb-paris.com\/en\/wp-json\/wp\/v2\/types\/product"}],"wp:featuredmedia":[{"embeddable":true,"href":"https:\/\/www.vcb-paris.com\/en\/wp-json\/wp\/v2\/media\/3180"}],"wp:attachment":[{"href":"https:\/\/www.vcb-paris.com\/en\/wp-json\/wp\/v2\/media?parent=3179"}],"wp:term":[{"taxonomy":"product_brand","embeddable":true,"href":"https:\/\/www.vcb-paris.com\/en\/wp-json\/wp\/v2\/product_brand?post=3179"},{"taxonomy":"product_cat","embeddable":true,"href":"https:\/\/www.vcb-paris.com\/en\/wp-json\/wp\/v2\/product_cat?post=3179"},{"taxonomy":"product_tag","embeddable":true,"href":"https:\/\/www.vcb-paris.com\/en\/wp-json\/wp\/v2\/product_tag?post=3179"}],"curies":[{"name":"wp","href":"https:\/\/api.w.org\/{rel}","templated":true}]}}