{"id":613,"date":"2022-09-17T13:45:19","date_gmt":"2022-09-17T13:45:19","guid":{"rendered":"http:\/\/www.vcb-paris.com\/politique-de-cookies-ue\/"},"modified":"2026-02-11T13:15:14","modified_gmt":"2026-02-11T13:15:14","slug":"politique-de-cookies-ue","status":"publish","type":"page","link":"https:\/\/www.vcb-paris.com\/en\/politique-de-cookies-ue\/","title":{"rendered":"Politique de cookies (UE)"},"content":{"rendered":"<div data-elementor-type=\"wp-page\" data-elementor-id=\"613\" class=\"elementor elementor-613\">\n\t\t\t\t\t\t<section class=\"elementor-section elementor-top-section elementor-element elementor-element-dc5d3e6 elementor-section-boxed elementor-section-height-default elementor-section-height-default\" data-id=\"dc5d3e6\" data-element_type=\"section\">\n\t\t\t\t\t\t<div class=\"elementor-container elementor-column-gap-default\">\n\t\t\t\t\t<div class=\"elementor-column elementor-col-100 elementor-top-column elementor-element elementor-element-6d24a0a\" data-id=\"6d24a0a\" data-element_type=\"column\">\n\t\t\t<div class=\"elementor-widget-wrap elementor-element-populated\">\n\t\t\t\t\t\t<div class=\"elementor-element elementor-element-d9cfbcb elementor-widget elementor-widget-text-editor\" data-id=\"d9cfbcb\" data-element_type=\"widget\" data-widget_type=\"text-editor.default\">\n\t\t\t\t<div class=\"elementor-widget-container\">\n\t\t\t\t\t\t\t\t\t<p style=\"font-weight: 400;\">Lors de la consultation du site <strong>www.vcb-paris.com,<\/strong> des cookies peuvent \u00eatre d\u00e9pos\u00e9s sur votre terminal (ordinateur, tablette, smartphone).<\/p><p style=\"font-weight: 400;\">La pr\u00e9sente politique vous explique ce que sont les cookies, comment nous les utilisons et comment vous pouvez les g\u00e9rer.<\/p><p><strong>1. Qu\u2019est-ce qu\u2019un cookie ?<br \/><\/strong>Un cookie est un petit fichier texte enregistr\u00e9 sur votre appareil lors de la visite d\u2019un site internet. Il permet notamment de reconna\u00eetre votre terminal, de m\u00e9moriser vos pr\u00e9f\u00e9rences ou d\u2019analyser la navigation.<\/p><p style=\"font-weight: 400;\"><strong>2. Types de cookies utilis\u00e9s sur le site<\/strong><br \/><strong><strong style=\"font-size: 18px;\"><br \/>Cookies strictement n\u00e9cessaires : <br \/><\/strong><\/strong><span style=\"font-size: 18px;\">Ces cookies sont indispensables au bon fonctionnement du site et ne peuvent pas \u00eatre d\u00e9sactiv\u00e9s. <\/span><span style=\"font-size: 18px;\">Ils permettent notamment :<\/span><strong><br \/><\/strong><\/p><ul><li style=\"font-weight: 400;\">L\u2019acc\u00e8s s\u00e9curis\u00e9 au site<\/li><li style=\"font-weight: 400;\"><span style=\"font-size: 18px;\">La gestion du panier et du processus de commande<\/span><\/li><li style=\"font-weight: 400;\"><span style=\"font-size: 18px;\">La m\u00e9morisation de vos choix de confidentialit\u00e9<\/span><\/li><li style=\"font-weight: 400;\"><strong style=\"font-size: 18px;\">Base l\u00e9gale :<\/strong><span style=\"font-size: 18px;\"> int\u00e9r\u00eat l\u00e9gitime (article 6.1.f du RGPD)<br \/><\/span><span style=\"font-size: 18px;\"><br \/><\/span><strong><strong style=\"font-size: 18px;\"><span style=\"font-size: 18px;\">Cookies de mesure d\u2019audience : <br \/><\/span><\/strong><\/strong><span style=\"font-size: 18px;\">Ces cookies nous permettent de comprendre comment les visiteurs utilisent le site afin d\u2019en am\u00e9liorer le fonctionnement (pages visit\u00e9es, temps pass\u00e9, erreurs \u00e9ventuelles).<\/span><\/li><li style=\"font-weight: 400;\"><span style=\"font-size: 18px;\">Ces cookies sont d\u00e9pos\u00e9s uniquement apr\u00e8s votre consentement.<\/span><\/li><li style=\"font-weight: 400;\"><span style=\"font-size: 18px;\"><strong>Base l\u00e9gale :<\/strong> consentement (article 6.1.a du RGPD)<br \/><\/span><span style=\"font-size: 18px;\"><br \/><strong>Cookies publicitaires et r\u00e9seaux sociaux : <br \/><\/strong><\/span><span style=\"font-size: 18px;\">Ces cookies peuvent \u00eatre utilis\u00e9s pour :<\/span><\/li><li style=\"font-weight: 400;\"><span style=\"font-size: 18px;\">Afficher des contenus adapt\u00e9s \u00e0 vos centres d\u2019int\u00e9r\u00eat<\/span><\/li><li style=\"font-weight: 400;\"><span style=\"font-size: 18px;\">M<\/span><span style=\"font-size: 18px;\">esurer l\u2019efficacit\u00e9 de nos campagnes publicitaires<\/span><\/li><li style=\"font-weight: 400;\"><span style=\"font-size: 18px;\">Permettre le partage de contenus sur les r\u00e9seaux sociaux (ex. Pinterest)<\/span><\/li><li style=\"font-weight: 400;\"><span style=\"font-size: 18px;\">Ils peuvent \u00eatre d\u00e9pos\u00e9s par des tiers (r\u00e9seaux sociaux ou plateformes publicitaires).<\/span><\/li><li style=\"font-weight: 400;\"><span style=\"font-size: 18px;\">\u00a0Ces cookies ne sont activ\u00e9s qu\u2019apr\u00e8s votre consentement explicite.<\/span><\/li><li style=\"font-weight: 400;\"><span style=\"font-size: 18px;\"><strong>Base l\u00e9gale :<\/strong> consentement (article 6.1.a du RGPD)<\/span><\/li><\/ul><p><strong><span style=\"font-size: 18px;\"><strong style=\"font-size: 18px;\">3. Cookies tiers :<br \/><\/strong><\/span><\/strong><span style=\"font-size: 18px;\">Le site peut utiliser des services propos\u00e9s par des partenaires tiers (ex. outils d\u2019analyse, r\u00e9seaux sociaux). <\/span><span style=\"font-size: 18px;\">Ces tiers peuvent d\u00e9poser leurs propres cookies, soumis \u00e0 leurs politiques de confidentialit\u00e9 respectives. <\/span><span style=\"font-size: 18px;\">Nous n\u2019avons aucun contr\u00f4le direct sur ces cookies tiers.<br \/><br \/><\/span><strong>4. Consentement<br \/><\/strong><span style=\"font-size: 18px;\">Lors de votre premi\u00e8re visite sur le site, un bandeau de cookies vous informe de la pr\u00e9sence de cookies et vous permet :<\/span><\/p><ul><li style=\"font-weight: 400;\"><span style=\"font-size: 18px;\">D\u2019accepter tous les cookies<\/span><\/li><li style=\"font-weight: 400;\"><span style=\"font-size: 18px;\">De refuser les cookies non essentiels<\/span><\/li><li style=\"font-weight: 400;\"><span style=\"font-size: 18px;\">De personnaliser vos choix<\/span><\/li><li style=\"font-weight: 400;\"><span style=\"font-size: 18px;\">Votre consentement est conserv\u00e9 pour une dur\u00e9e maximale de 13 mois, conform\u00e9ment aux recommandations de la CNIL.<\/span><\/li><li style=\"font-weight: 400;\"><span style=\"font-size: 18px;\">Vous pouvez modifier votre choix \u00e0 tout moment via le module de gestion des cookies ou les param\u00e8tres de votre navigateur.<\/span><\/li><\/ul><p style=\"font-weight: 400;\"><strong style=\"font-size: 18px;\"><strong>5. Gestion des cookies via votre navigateur<br \/><\/strong><\/strong>Vous pouvez configurer votre navigateur pour :<\/p><ul><li style=\"font-weight: 400;\">Accepter ou refuser les cookies<\/li><li style=\"font-weight: 400;\"><span style=\"font-size: 18px;\">Supprimer les cookies d\u00e9j\u00e0 enregistr\u00e9s<\/span><\/li><li style=\"font-weight: 400;\"><span style=\"font-size: 18px;\">Chaque navigateur propose des param\u00e8tres sp\u00e9cifiques (Chrome, Firefox, Safari, Edge, etc.).<\/span><\/li><\/ul><p><strong>6. Dur\u00e9e de conservation des cookies<br \/><\/strong><span style=\"font-size: 18px;\">Cookies strictement n\u00e9cessaires : dur\u00e9e de la session<br \/><\/span>Cookies de mesure d\u2019audience et publicitaires : 13 mois maximum<\/p><p><strong>7. Contact<br \/><\/strong>Pour toute question concernant l\u2019utilisation des cookies, vous pouvez nous contacter \u00e0 :<strong><br \/><\/strong><\/p><p style=\"font-weight: 400;\">Mail : contact@vcb-paris.com<\/p>\t\t\t\t\t\t\t\t<\/div>\n\t\t\t\t<\/div>\n\t\t\t\t\t<\/div>\n\t\t<\/div>\n\t\t\t\t\t<\/div>\n\t\t<\/section>\n\t\t\t\t<\/div>","protected":false},"excerpt":{"rendered":"<p>Lors de la consultation du site www.vcb-paris.com, des cookies peuvent \u00eatre d\u00e9pos\u00e9s sur votre terminal (ordinateur, tablette, smartphone). La pr\u00e9sente politique vous explique ce que sont les cookies, comment nous les utilisons et comment vous pouvez les g\u00e9rer. 1. Qu\u2019est-ce qu\u2019un cookie ?Un cookie est un petit fichier texte enregistr\u00e9 sur votre appareil lors de [&hellip;]<\/p>","protected":false},"author":1,"featured_media":0,"parent":0,"menu_order":0,"comment_status":"closed","ping_status":"closed","template":"","meta":{"inline_featured_image":false,"site-sidebar-layout":"default","site-content-layout":"","ast-site-content-layout":"default","site-content-style":"default","site-sidebar-style":"default","ast-global-header-display":"","ast-banner-title-visibility":"","ast-main-header-display":"","ast-hfb-above-header-display":"","ast-hfb-below-header-display":"","ast-hfb-mobile-header-display":"","site-post-title":"disabled","ast-breadcrumbs-content":"","ast-featured-img":"","footer-sml-layout":"","theme-transparent-header-meta":"","adv-header-id-meta":"","stick-header-meta":"","header-above-stick-meta":"","header-main-stick-meta":"","header-below-stick-meta":"","astra-migrate-meta-layouts":"default","ast-page-background-enabled":"default","ast-page-background-meta":{"desktop":{"background-color":"var(--ast-global-color-4)","background-image":"","background-repeat":"repeat","background-position":"center center","background-size":"auto","background-attachment":"scroll","background-type":"","background-media":"","overlay-type":"","overlay-color":"","overlay-opacity":"","overlay-gradient":""},"tablet":{"background-color":"","background-image":"","background-repeat":"repeat","background-position":"center center","background-size":"auto","background-attachment":"scroll","background-type":"","background-media":"","overlay-type":"","overlay-color":"","overlay-opacity":"","overlay-gradient":""},"mobile":{"background-color":"","background-image":"","background-repeat":"repeat","background-position":"center center","background-size":"auto","background-attachment":"scroll","background-type":"","background-media":"","overlay-type":"","overlay-color":"","overlay-opacity":"","overlay-gradient":""}},"ast-content-background-meta":{"desktop":{"background-color":"var(--ast-global-color-5)","background-image":"","background-repeat":"repeat","background-position":"center center","background-size":"auto","background-attachment":"scroll","background-type":"","background-media":"","overlay-type":"","overlay-color":"","overlay-opacity":"","overlay-gradient":""},"tablet":{"background-color":"var(--ast-global-color-5)","background-image":"","background-repeat":"repeat","background-position":"center center","background-size":"auto","background-attachment":"scroll","background-type":"","background-media":"","overlay-type":"","overlay-color":"","overlay-opacity":"","overlay-gradient":""},"mobile":{"background-color":"var(--ast-global-color-5)","background-image":"","background-repeat":"repeat","background-position":"center center","background-size":"auto","background-attachment":"scroll","background-type":"","background-media":"","overlay-type":"","overlay-color":"","overlay-opacity":"","overlay-gradient":""}},"footnotes":""},"class_list":["post-613","page","type-page","status-publish","hentry"],"yoast_head":"<!-- This site is optimized with the Yoast SEO plugin v26.5 - https:\/\/yoast.com\/wordpress\/plugins\/seo\/ -->\n<title>Politique de cookies (UE) - VERONICA CYROT<\/title>\n<meta name=\"robots\" content=\"index, follow, max-snippet:-1, max-image-preview:large, max-video-preview:-1\" \/>\n<link rel=\"canonical\" href=\"https:\/\/www.vcb-paris.com\/en\/politique-de-cookies-ue\/\" \/>\n<meta property=\"og:locale\" content=\"en_US\" \/>\n<meta property=\"og:type\" content=\"article\" \/>\n<meta property=\"og:title\" content=\"Politique de cookies (UE) - VERONICA CYROT\" \/>\n<meta property=\"og:description\" content=\"Lors de la consultation du site www.vcb-paris.com, des cookies peuvent \u00eatre d\u00e9pos\u00e9s sur votre terminal (ordinateur, tablette, smartphone). La pr\u00e9sente politique vous explique ce que sont les cookies, comment nous les utilisons et comment vous pouvez les g\u00e9rer. 1. Qu\u2019est-ce qu\u2019un cookie ?Un cookie est un petit fichier texte enregistr\u00e9 sur votre appareil lors de [&hellip;]\" \/>\n<meta property=\"og:url\" content=\"https:\/\/www.vcb-paris.com\/en\/politique-de-cookies-ue\/\" \/>\n<meta property=\"og:site_name\" content=\"VERONICA CYROT\" \/>\n<meta property=\"article:publisher\" content=\"https:\/\/www.facebook.com\/veronicacyrotbijoux\" \/>\n<meta property=\"article:modified_time\" content=\"2026-02-11T13:15:14+00:00\" \/>\n<meta name=\"twitter:card\" content=\"summary_large_image\" \/>\n<meta name=\"twitter:label1\" content=\"Est. reading time\" \/>\n\t<meta name=\"twitter:data1\" content=\"3 minutes\" \/>\n<script type=\"application\/ld+json\" class=\"yoast-schema-graph\">{\"@context\":\"https:\/\/schema.org\",\"@graph\":[{\"@type\":\"WebPage\",\"@id\":\"https:\/\/www.vcb-paris.com\/politique-de-cookies-ue\/\",\"url\":\"https:\/\/www.vcb-paris.com\/politique-de-cookies-ue\/\",\"name\":\"Politique de cookies (UE) - VERONICA CYROT\",\"isPartOf\":{\"@id\":\"https:\/\/www.vcb-paris.com\/#website\"},\"datePublished\":\"2022-09-17T13:45:19+00:00\",\"dateModified\":\"2026-02-11T13:15:14+00:00\",\"breadcrumb\":{\"@id\":\"https:\/\/www.vcb-paris.com\/politique-de-cookies-ue\/#breadcrumb\"},\"inLanguage\":\"en-US\",\"potentialAction\":[{\"@type\":\"ReadAction\",\"target\":[\"https:\/\/www.vcb-paris.com\/politique-de-cookies-ue\/\"]}]},{\"@type\":\"BreadcrumbList\",\"@id\":\"https:\/\/www.vcb-paris.com\/politique-de-cookies-ue\/#breadcrumb\",\"itemListElement\":[{\"@type\":\"ListItem\",\"position\":1,\"name\":\"Accueil\",\"item\":\"https:\/\/www.vcb-paris.com\/\"},{\"@type\":\"ListItem\",\"position\":2,\"name\":\"Politique de cookies (UE)\"}]},{\"@type\":\"WebSite\",\"@id\":\"https:\/\/www.vcb-paris.com\/#website\",\"url\":\"https:\/\/www.vcb-paris.com\/\",\"name\":\"VERONICA CYROT BIJOUX\",\"description\":\"Une id\u00e9e, un dessin, un bijou.\",\"publisher\":{\"@id\":\"https:\/\/www.vcb-paris.com\/#organization\"},\"potentialAction\":[{\"@type\":\"SearchAction\",\"target\":{\"@type\":\"EntryPoint\",\"urlTemplate\":\"https:\/\/www.vcb-paris.com\/?s={search_term_string}\"},\"query-input\":{\"@type\":\"PropertyValueSpecification\",\"valueRequired\":true,\"valueName\":\"search_term_string\"}}],\"inLanguage\":\"en-US\"},{\"@type\":\"Organization\",\"@id\":\"https:\/\/www.vcb-paris.com\/#organization\",\"name\":\"VERONICA CYROT BIJOUX\",\"url\":\"https:\/\/www.vcb-paris.com\/\",\"logo\":{\"@type\":\"ImageObject\",\"inLanguage\":\"en-US\",\"@id\":\"https:\/\/www.vcb-paris.com\/#\/schema\/logo\/image\/\",\"url\":\"https:\/\/www.vcb-paris.com\/wp-content\/uploads\/2022\/09\/Logo-Veronica-Cyrot-Bijoux.svg\",\"contentUrl\":\"https:\/\/www.vcb-paris.com\/wp-content\/uploads\/2022\/09\/Logo-Veronica-Cyrot-Bijoux.svg\",\"width\":160,\"height\":160,\"caption\":\"VERONICA CYROT BIJOUX\"},\"image\":{\"@id\":\"https:\/\/www.vcb-paris.com\/#\/schema\/logo\/image\/\"},\"sameAs\":[\"https:\/\/www.facebook.com\/veronicacyrotbijoux\",\"https:\/\/www.instagram.com\/veronicacyrot_bijoux\/\",\"https:\/\/www.pinterest.fr\/veronicacyrot\/\"]}]}<\/script>\n<!-- \/ Yoast SEO plugin. -->","yoast_head_json":{"title":"Politique de cookies (UE) - VERONICA CYROT","robots":{"index":"index","follow":"follow","max-snippet":"max-snippet:-1","max-image-preview":"max-image-preview:large","max-video-preview":"max-video-preview:-1"},"canonical":"https:\/\/www.vcb-paris.com\/en\/politique-de-cookies-ue\/","og_locale":"en_US","og_type":"article","og_title":"Politique de cookies (UE) - VERONICA CYROT","og_description":"Lors de la consultation du site www.vcb-paris.com, des cookies peuvent \u00eatre d\u00e9pos\u00e9s sur votre terminal (ordinateur, tablette, smartphone). La pr\u00e9sente politique vous explique ce que sont les cookies, comment nous les utilisons et comment vous pouvez les g\u00e9rer. 1. Qu\u2019est-ce qu\u2019un cookie ?Un cookie est un petit fichier texte enregistr\u00e9 sur votre appareil lors de [&hellip;]","og_url":"https:\/\/www.vcb-paris.com\/en\/politique-de-cookies-ue\/","og_site_name":"VERONICA CYROT","article_publisher":"https:\/\/www.facebook.com\/veronicacyrotbijoux","article_modified_time":"2026-02-11T13:15:14+00:00","twitter_card":"summary_large_image","twitter_misc":{"Est. reading time":"3 minutes"},"schema":{"@context":"https:\/\/schema.org","@graph":[{"@type":"WebPage","@id":"https:\/\/www.vcb-paris.com\/politique-de-cookies-ue\/","url":"https:\/\/www.vcb-paris.com\/politique-de-cookies-ue\/","name":"Politique de cookies (UE) - VERONICA CYROT","isPartOf":{"@id":"https:\/\/www.vcb-paris.com\/#website"},"datePublished":"2022-09-17T13:45:19+00:00","dateModified":"2026-02-11T13:15:14+00:00","breadcrumb":{"@id":"https:\/\/www.vcb-paris.com\/politique-de-cookies-ue\/#breadcrumb"},"inLanguage":"en-US","potentialAction":[{"@type":"ReadAction","target":["https:\/\/www.vcb-paris.com\/politique-de-cookies-ue\/"]}]},{"@type":"BreadcrumbList","@id":"https:\/\/www.vcb-paris.com\/politique-de-cookies-ue\/#breadcrumb","itemListElement":[{"@type":"ListItem","position":1,"name":"Accueil","item":"https:\/\/www.vcb-paris.com\/"},{"@type":"ListItem","position":2,"name":"Politique de cookies (UE)"}]},{"@type":"WebSite","@id":"https:\/\/www.vcb-paris.com\/#website","url":"https:\/\/www.vcb-paris.com\/","name":"VERONICA CYROT BIJOUX","description":"Une id\u00e9e, un dessin, un bijou.","publisher":{"@id":"https:\/\/www.vcb-paris.com\/#organization"},"potentialAction":[{"@type":"SearchAction","target":{"@type":"EntryPoint","urlTemplate":"https:\/\/www.vcb-paris.com\/?s={search_term_string}"},"query-input":{"@type":"PropertyValueSpecification","valueRequired":true,"valueName":"search_term_string"}}],"inLanguage":"en-US"},{"@type":"Organization","@id":"https:\/\/www.vcb-paris.com\/#organization","name":"VERONICA CYROT BIJOUX","url":"https:\/\/www.vcb-paris.com\/","logo":{"@type":"ImageObject","inLanguage":"en-US","@id":"https:\/\/www.vcb-paris.com\/#\/schema\/logo\/image\/","url":"https:\/\/www.vcb-paris.com\/wp-content\/uploads\/2022\/09\/Logo-Veronica-Cyrot-Bijoux.svg","contentUrl":"https:\/\/www.vcb-paris.com\/wp-content\/uploads\/2022\/09\/Logo-Veronica-Cyrot-Bijoux.svg","width":160,"height":160,"caption":"VERONICA CYROT BIJOUX"},"image":{"@id":"https:\/\/www.vcb-paris.com\/#\/schema\/logo\/image\/"},"sameAs":["https:\/\/www.facebook.com\/veronicacyrotbijoux","https:\/\/www.instagram.com\/veronicacyrot_bijoux\/","https:\/\/www.pinterest.fr\/veronicacyrot\/"]}]}},"_links":{"self":[{"href":"https:\/\/www.vcb-paris.com\/en\/wp-json\/wp\/v2\/pages\/613","targetHints":{"allow":["GET"]}}],"collection":[{"href":"https:\/\/www.vcb-paris.com\/en\/wp-json\/wp\/v2\/pages"}],"about":[{"href":"https:\/\/www.vcb-paris.com\/en\/wp-json\/wp\/v2\/types\/page"}],"author":[{"embeddable":true,"href":"https:\/\/www.vcb-paris.com\/en\/wp-json\/wp\/v2\/users\/1"}],"replies":[{"embeddable":true,"href":"https:\/\/www.vcb-paris.com\/en\/wp-json\/wp\/v2\/comments?post=613"}],"version-history":[{"count":10,"href":"https:\/\/www.vcb-paris.com\/en\/wp-json\/wp\/v2\/pages\/613\/revisions"}],"predecessor-version":[{"id":6508,"href":"https:\/\/www.vcb-paris.com\/en\/wp-json\/wp\/v2\/pages\/613\/revisions\/6508"}],"wp:attachment":[{"href":"https:\/\/www.vcb-paris.com\/en\/wp-json\/wp\/v2\/media?parent=613"}],"curies":[{"name":"wp","href":"https:\/\/api.w.org\/{rel}","templated":true}]}}