{"id":47,"date":"2022-09-14T11:27:18","date_gmt":"2022-09-14T11:27:18","guid":{"rendered":"http:\/\/www.vcb-paris.com\/?page_id=47"},"modified":"2026-01-26T10:35:14","modified_gmt":"2026-01-26T10:35:14","slug":"a-propos","status":"publish","type":"page","link":"https:\/\/www.vcb-paris.com\/en\/a-propos\/","title":{"rendered":"The designer"},"content":{"rendered":"<div data-elementor-type=\"wp-page\" data-elementor-id=\"47\" class=\"elementor elementor-47\">\n\t\t\t\t\t\t<section class=\"elementor-section elementor-top-section elementor-element elementor-element-cd74cf0 elementor-section-boxed elementor-section-height-default elementor-section-height-default\" data-id=\"cd74cf0\" data-element_type=\"section\">\n\t\t\t\t\t\t<div class=\"elementor-container elementor-column-gap-default\">\n\t\t\t\t\t<div class=\"elementor-column elementor-col-100 elementor-top-column elementor-element elementor-element-914e3b3\" data-id=\"914e3b3\" data-element_type=\"column\">\n\t\t\t<div class=\"elementor-widget-wrap elementor-element-populated\">\n\t\t\t\t\t\t<div class=\"elementor-element elementor-element-299afbf elementor-widget elementor-widget-image\" data-id=\"299afbf\" data-element_type=\"widget\" data-widget_type=\"image.default\">\n\t\t\t\t<div class=\"elementor-widget-container\">\n\t\t\t\t\t\t\t\t\t\t\t\t\t\t\t<img fetchpriority=\"high\" decoding=\"async\" width=\"960\" height=\"1276\" src=\"https:\/\/www.vcb-paris.com\/wp-content\/uploads\/2022\/09\/VERONICA-CYROT-GOUACHISTE-BIJOUX-SUR-MESURE-VCB.jpg\" class=\"attachment-full size-full wp-image-792\" alt=\"VERONICA CYROT GOUACHISTE BIJOUX SUR MESURE VCB\" srcset=\"https:\/\/www.vcb-paris.com\/wp-content\/uploads\/2022\/09\/VERONICA-CYROT-GOUACHISTE-BIJOUX-SUR-MESURE-VCB.jpg 960w, https:\/\/www.vcb-paris.com\/wp-content\/uploads\/2022\/09\/VERONICA-CYROT-GOUACHISTE-BIJOUX-SUR-MESURE-VCB-600x798.jpg 600w, https:\/\/www.vcb-paris.com\/wp-content\/uploads\/2022\/09\/VERONICA-CYROT-GOUACHISTE-BIJOUX-SUR-MESURE-VCB-226x300.jpg 226w, https:\/\/www.vcb-paris.com\/wp-content\/uploads\/2022\/09\/VERONICA-CYROT-GOUACHISTE-BIJOUX-SUR-MESURE-VCB-770x1024.jpg 770w, https:\/\/www.vcb-paris.com\/wp-content\/uploads\/2022\/09\/VERONICA-CYROT-GOUACHISTE-BIJOUX-SUR-MESURE-VCB-768x1021.jpg 768w\" sizes=\"(max-width: 960px) 100vw, 960px\" \/>\t\t\t\t\t\t\t\t\t\t\t\t\t\t\t<\/div>\n\t\t\t\t<\/div>\n\t\t\t\t\t<\/div>\n\t\t<\/div>\n\t\t\t\t\t<\/div>\n\t\t<\/section>\n\t\t\t\t<section class=\"elementor-section elementor-top-section elementor-element elementor-element-0561c22 elementor-section-boxed elementor-section-height-default elementor-section-height-default\" data-id=\"0561c22\" data-element_type=\"section\">\n\t\t\t\t\t\t<div class=\"elementor-container elementor-column-gap-default\">\n\t\t\t\t\t<div class=\"elementor-column elementor-col-100 elementor-top-column elementor-element elementor-element-9532e2f\" data-id=\"9532e2f\" data-element_type=\"column\">\n\t\t\t<div class=\"elementor-widget-wrap elementor-element-populated\">\n\t\t\t\t\t\t<div class=\"elementor-element elementor-element-6695535 elementor-widget elementor-widget-text-editor\" data-id=\"6695535\" data-element_type=\"widget\" data-widget_type=\"text-editor.default\">\n\t\t\t\t<div class=\"elementor-widget-container\">\n\t\t\t\t\t\t\t\t\t<p>From a young age, I was passionate about art and design. In 1922, I began my graphic design studies in Caracas, Venezuela, specializing in advertising and marketing. Starting in the 2000s, I embarked on a journey to explore many countries, an experience that allowed me to travel and appreciate the uniqueness of each culture I encountered. It was on the island of Borneo, Indonesia, that I fell in love with gemstones and jewelry. In 2016, I settled in France and obtained a diploma in gemology from Gem-A, the School of Gemstones in Paris. Two years later, I discovered gouache, a traditional drawing technique in French high jewelry. In 2018, I took jewelry drawing courses in Paris, and finally, in 2020, in the midst of a health crisis, I decided to become a custom jewelry designer and gouache artist.<\/p><p style=\"font-size: 15px; font-style: normal;\">Nature, color, and movement often influence my jewelry, drawings, and gouaches. My Venezuelan origins play a significant role in this! I emphasize color and free forms. As for learning the French culture, it, in turn, adds an elegant touch to my creations.<\/p><p style=\"font-size: 15px; font-style: normal;\"><a href=\"https:\/\/www.vcb-paris.com\/en\/dessin-gouache\/\">GOUACH\u00c9S<\/a><\/p><p>Gouache was a 'love at first sight' for me; it captivated me because it is a meticulously detailed and beautiful form of drawing. It represents an almost photographic projection of the materials, types of stones, colors, and dimensions of the jewelry even before it is made. All my gouaches are carefully hand-painted with brushes.<\/p><p style=\"font-size: 15px; font-style: normal;\"><a href=\"https:\/\/www.vcb-paris.com\/en\/illustrations\/\">ILLUSTRATIONS<\/a><\/p><p style=\"font-size: 15px; font-style: normal;\">Creating illustrations has always been a tremendous passion for me. They are an excellent means of expression because they have the power to evoke emotions in those who observe them. In my work, I like to take risks and opt for original conceptual artworks using techniques such as gouache, watercolor, or pencil.<\/p><p><a href=\"https:\/\/www.vcb-paris.com\/en\/sur-mesure\/\">CUSTOM-MADE JEWELRY<\/a><\/p><p>Each project is unique and exclusive. Creating custom jewelry allows me to participate in every stage of the manufacturing process while taking into account my clients' ideas, requests, and preferences. We live in a constantly changing world where everything moves extremely fast. Custom design allows me to take the time to listen to my clients' desires, give them the best advice, and thus create high-quality pieces with strong emotional content.<\/p><p style=\"font-size: 15px; font-style: normal;\"><a href=\"https:\/\/www.vcb-paris.com\/en\/enfilage-renfilage-colliers-de-perles-a-paris\/\">STRINGING NATURAL PEARLS<\/a><\/p><p style=\"font-size: 15px; font-style: normal;\">This creative journey has led me to offer jewelry made with natural pearls. I take great pleasure in stringing or restringing necklaces and bracelets, with or without knots, as well as transforming and repairing broken or damaged necklaces. <span style=\"font-size: 1rem;\">Parfois, je me dis qu&rsquo;\u00eatre enfileuse est une vraie chance, parce que je n\u2019enfile pas seulement des colliers\u2026 mais aussi des histoires extraordinaires.<\/span><\/p><p><strong style=\"font-style: inherit;\"><em>Whether you are an individual, a brand, a jeweler, a gemstone dealer, or an art lover, I would be delighted to assist you with your creative projects.<\/em><\/strong><\/p>\t\t\t\t\t\t\t\t<\/div>\n\t\t\t\t<\/div>\n\t\t\t\t\t<\/div>\n\t\t<\/div>\n\t\t\t\t\t<\/div>\n\t\t<\/section>\n\t\t\t\t<\/div>","protected":false},"excerpt":{"rendered":"<p>D\u00e8s mon plus jeune \u00e2ge, j&rsquo;\u00e9tais passionn\u00e9e pour l\u2019art et le design. C\u2019est en 1992 que je commence mes \u00e9tudes de graphisme \u00e0 Caracas, au Venezuela et je me sp\u00e9cialise dans la publicit\u00e9 et le marketing. A partir des ann\u00e9es 2000, je pars \u00e0 la d\u00e9couverte de nombreux pays, une exp\u00e9rience qui m&rsquo;a permis de [&hellip;]<\/p>","protected":false},"author":1,"featured_media":0,"parent":0,"menu_order":0,"comment_status":"closed","ping_status":"closed","template":"","meta":{"inline_featured_image":false,"site-sidebar-layout":"no-sidebar","site-content-layout":"page-builder","ast-site-content-layout":"default","site-content-style":"default","site-sidebar-style":"default","ast-global-header-display":"","ast-banner-title-visibility":"","ast-main-header-display":"","ast-hfb-above-header-display":"","ast-hfb-below-header-display":"","ast-hfb-mobile-header-display":"","site-post-title":"disabled","ast-breadcrumbs-content":"","ast-featured-img":"disabled","footer-sml-layout":"","theme-transparent-header-meta":"","adv-header-id-meta":"","stick-header-meta":"","header-above-stick-meta":"","header-main-stick-meta":"","header-below-stick-meta":"","astra-migrate-meta-layouts":"default","ast-page-background-enabled":"default","ast-page-background-meta":{"desktop":{"background-color":"var(--ast-global-color-4)","background-image":"","background-repeat":"repeat","background-position":"center center","background-size":"auto","background-attachment":"scroll","background-type":"","background-media":"","overlay-type":"","overlay-color":"","overlay-opacity":"","overlay-gradient":""},"tablet":{"background-color":"","background-image":"","background-repeat":"repeat","background-position":"center center","background-size":"auto","background-attachment":"scroll","background-type":"","background-media":"","overlay-type":"","overlay-color":"","overlay-opacity":"","overlay-gradient":""},"mobile":{"background-color":"","background-image":"","background-repeat":"repeat","background-position":"center center","background-size":"auto","background-attachment":"scroll","background-type":"","background-media":"","overlay-type":"","overlay-color":"","overlay-opacity":"","overlay-gradient":""}},"ast-content-background-meta":{"desktop":{"background-color":"var(--ast-global-color-5)","background-image":"","background-repeat":"repeat","background-position":"center center","background-size":"auto","background-attachment":"scroll","background-type":"","background-media":"","overlay-type":"","overlay-color":"","overlay-opacity":"","overlay-gradient":""},"tablet":{"background-color":"var(--ast-global-color-5)","background-image":"","background-repeat":"repeat","background-position":"center center","background-size":"auto","background-attachment":"scroll","background-type":"","background-media":"","overlay-type":"","overlay-color":"","overlay-opacity":"","overlay-gradient":""},"mobile":{"background-color":"var(--ast-global-color-5)","background-image":"","background-repeat":"repeat","background-position":"center center","background-size":"auto","background-attachment":"scroll","background-type":"","background-media":"","overlay-type":"","overlay-color":"","overlay-opacity":"","overlay-gradient":""}},"footnotes":""},"class_list":["post-47","page","type-page","status-publish","hentry"],"yoast_head":"<!-- This site is optimized with the Yoast SEO plugin v26.5 - https:\/\/yoast.com\/wordpress\/plugins\/seo\/ -->\n<title>La cr\u00e9atrice - VERONICA CYROT<\/title>\n<meta name=\"robots\" content=\"index, follow, max-snippet:-1, max-image-preview:large, max-video-preview:-1\" \/>\n<link rel=\"canonical\" href=\"https:\/\/www.vcb-paris.com\/en\/a-propos\/\" \/>\n<meta property=\"og:locale\" content=\"en_US\" \/>\n<meta property=\"og:type\" content=\"article\" \/>\n<meta property=\"og:title\" content=\"La cr\u00e9atrice - VERONICA CYROT\" \/>\n<meta property=\"og:description\" content=\"D\u00e8s mon plus jeune \u00e2ge, j&rsquo;\u00e9tais passionn\u00e9e pour l\u2019art et le design. C\u2019est en 1992 que je commence mes \u00e9tudes de graphisme \u00e0 Caracas, au Venezuela et je me sp\u00e9cialise dans la publicit\u00e9 et le marketing. A partir des ann\u00e9es 2000, je pars \u00e0 la d\u00e9couverte de nombreux pays, une exp\u00e9rience qui m&rsquo;a permis de [&hellip;]\" \/>\n<meta property=\"og:url\" content=\"https:\/\/www.vcb-paris.com\/en\/a-propos\/\" \/>\n<meta property=\"og:site_name\" content=\"VERONICA CYROT\" \/>\n<meta property=\"article:publisher\" content=\"https:\/\/www.facebook.com\/veronicacyrotbijoux\" \/>\n<meta property=\"article:modified_time\" content=\"2026-01-26T10:35:14+00:00\" \/>\n<meta property=\"og:image\" content=\"https:\/\/www.vcb-paris.com\/wp-content\/uploads\/2022\/09\/VERONICA-CYROT-GOUACHISTE-BIJOUX-SUR-MESURE-VCB.jpg\" \/>\n\t<meta property=\"og:image:width\" content=\"960\" \/>\n\t<meta property=\"og:image:height\" content=\"1276\" \/>\n\t<meta property=\"og:image:type\" content=\"image\/jpeg\" \/>\n<meta name=\"twitter:card\" content=\"summary_large_image\" \/>\n<meta name=\"twitter:label1\" content=\"Est. reading time\" \/>\n\t<meta name=\"twitter:data1\" content=\"3 minutes\" \/>\n<script type=\"application\/ld+json\" class=\"yoast-schema-graph\">{\"@context\":\"https:\/\/schema.org\",\"@graph\":[{\"@type\":\"WebPage\",\"@id\":\"https:\/\/www.vcb-paris.com\/a-propos\/\",\"url\":\"https:\/\/www.vcb-paris.com\/a-propos\/\",\"name\":\"La cr\u00e9atrice - VERONICA CYROT\",\"isPartOf\":{\"@id\":\"https:\/\/www.vcb-paris.com\/#website\"},\"primaryImageOfPage\":{\"@id\":\"https:\/\/www.vcb-paris.com\/a-propos\/#primaryimage\"},\"image\":{\"@id\":\"https:\/\/www.vcb-paris.com\/a-propos\/#primaryimage\"},\"thumbnailUrl\":\"https:\/\/www.vcb-paris.com\/wp-content\/uploads\/2022\/09\/VERONICA-CYROT-GOUACHISTE-BIJOUX-SUR-MESURE-VCB.jpg\",\"datePublished\":\"2022-09-14T11:27:18+00:00\",\"dateModified\":\"2026-01-26T10:35:14+00:00\",\"breadcrumb\":{\"@id\":\"https:\/\/www.vcb-paris.com\/a-propos\/#breadcrumb\"},\"inLanguage\":\"en-US\",\"potentialAction\":[{\"@type\":\"ReadAction\",\"target\":[\"https:\/\/www.vcb-paris.com\/a-propos\/\"]}]},{\"@type\":\"ImageObject\",\"inLanguage\":\"en-US\",\"@id\":\"https:\/\/www.vcb-paris.com\/a-propos\/#primaryimage\",\"url\":\"https:\/\/www.vcb-paris.com\/wp-content\/uploads\/2022\/09\/VERONICA-CYROT-GOUACHISTE-BIJOUX-SUR-MESURE-VCB.jpg\",\"contentUrl\":\"https:\/\/www.vcb-paris.com\/wp-content\/uploads\/2022\/09\/VERONICA-CYROT-GOUACHISTE-BIJOUX-SUR-MESURE-VCB.jpg\"},{\"@type\":\"BreadcrumbList\",\"@id\":\"https:\/\/www.vcb-paris.com\/a-propos\/#breadcrumb\",\"itemListElement\":[{\"@type\":\"ListItem\",\"position\":1,\"name\":\"Accueil\",\"item\":\"https:\/\/www.vcb-paris.com\/\"},{\"@type\":\"ListItem\",\"position\":2,\"name\":\"La cr\u00e9atrice\"}]},{\"@type\":\"WebSite\",\"@id\":\"https:\/\/www.vcb-paris.com\/#website\",\"url\":\"https:\/\/www.vcb-paris.com\/\",\"name\":\"VERONICA CYROT BIJOUX\",\"description\":\"Une id\u00e9e, un dessin, un bijou.\",\"publisher\":{\"@id\":\"https:\/\/www.vcb-paris.com\/#organization\"},\"potentialAction\":[{\"@type\":\"SearchAction\",\"target\":{\"@type\":\"EntryPoint\",\"urlTemplate\":\"https:\/\/www.vcb-paris.com\/?s={search_term_string}\"},\"query-input\":{\"@type\":\"PropertyValueSpecification\",\"valueRequired\":true,\"valueName\":\"search_term_string\"}}],\"inLanguage\":\"en-US\"},{\"@type\":\"Organization\",\"@id\":\"https:\/\/www.vcb-paris.com\/#organization\",\"name\":\"VERONICA CYROT BIJOUX\",\"url\":\"https:\/\/www.vcb-paris.com\/\",\"logo\":{\"@type\":\"ImageObject\",\"inLanguage\":\"en-US\",\"@id\":\"https:\/\/www.vcb-paris.com\/#\/schema\/logo\/image\/\",\"url\":\"https:\/\/www.vcb-paris.com\/wp-content\/uploads\/2022\/09\/Logo-Veronica-Cyrot-Bijoux.svg\",\"contentUrl\":\"https:\/\/www.vcb-paris.com\/wp-content\/uploads\/2022\/09\/Logo-Veronica-Cyrot-Bijoux.svg\",\"width\":160,\"height\":160,\"caption\":\"VERONICA CYROT BIJOUX\"},\"image\":{\"@id\":\"https:\/\/www.vcb-paris.com\/#\/schema\/logo\/image\/\"},\"sameAs\":[\"https:\/\/www.facebook.com\/veronicacyrotbijoux\",\"https:\/\/www.instagram.com\/veronicacyrot_bijoux\/\",\"https:\/\/www.pinterest.fr\/veronicacyrot\/\"]}]}<\/script>\n<!-- \/ Yoast SEO plugin. -->","yoast_head_json":{"title":"La cr\u00e9atrice - VERONICA CYROT","robots":{"index":"index","follow":"follow","max-snippet":"max-snippet:-1","max-image-preview":"max-image-preview:large","max-video-preview":"max-video-preview:-1"},"canonical":"https:\/\/www.vcb-paris.com\/en\/a-propos\/","og_locale":"en_US","og_type":"article","og_title":"La cr\u00e9atrice - VERONICA CYROT","og_description":"D\u00e8s mon plus jeune \u00e2ge, j&rsquo;\u00e9tais passionn\u00e9e pour l\u2019art et le design. C\u2019est en 1992 que je commence mes \u00e9tudes de graphisme \u00e0 Caracas, au Venezuela et je me sp\u00e9cialise dans la publicit\u00e9 et le marketing. A partir des ann\u00e9es 2000, je pars \u00e0 la d\u00e9couverte de nombreux pays, une exp\u00e9rience qui m&rsquo;a permis de [&hellip;]","og_url":"https:\/\/www.vcb-paris.com\/en\/a-propos\/","og_site_name":"VERONICA CYROT","article_publisher":"https:\/\/www.facebook.com\/veronicacyrotbijoux","article_modified_time":"2026-01-26T10:35:14+00:00","og_image":[{"width":960,"height":1276,"url":"https:\/\/www.vcb-paris.com\/wp-content\/uploads\/2022\/09\/VERONICA-CYROT-GOUACHISTE-BIJOUX-SUR-MESURE-VCB.jpg","type":"image\/jpeg"}],"twitter_card":"summary_large_image","twitter_misc":{"Est. reading time":"3 minutes"},"schema":{"@context":"https:\/\/schema.org","@graph":[{"@type":"WebPage","@id":"https:\/\/www.vcb-paris.com\/a-propos\/","url":"https:\/\/www.vcb-paris.com\/a-propos\/","name":"La cr\u00e9atrice - VERONICA CYROT","isPartOf":{"@id":"https:\/\/www.vcb-paris.com\/#website"},"primaryImageOfPage":{"@id":"https:\/\/www.vcb-paris.com\/a-propos\/#primaryimage"},"image":{"@id":"https:\/\/www.vcb-paris.com\/a-propos\/#primaryimage"},"thumbnailUrl":"https:\/\/www.vcb-paris.com\/wp-content\/uploads\/2022\/09\/VERONICA-CYROT-GOUACHISTE-BIJOUX-SUR-MESURE-VCB.jpg","datePublished":"2022-09-14T11:27:18+00:00","dateModified":"2026-01-26T10:35:14+00:00","breadcrumb":{"@id":"https:\/\/www.vcb-paris.com\/a-propos\/#breadcrumb"},"inLanguage":"en-US","potentialAction":[{"@type":"ReadAction","target":["https:\/\/www.vcb-paris.com\/a-propos\/"]}]},{"@type":"ImageObject","inLanguage":"en-US","@id":"https:\/\/www.vcb-paris.com\/a-propos\/#primaryimage","url":"https:\/\/www.vcb-paris.com\/wp-content\/uploads\/2022\/09\/VERONICA-CYROT-GOUACHISTE-BIJOUX-SUR-MESURE-VCB.jpg","contentUrl":"https:\/\/www.vcb-paris.com\/wp-content\/uploads\/2022\/09\/VERONICA-CYROT-GOUACHISTE-BIJOUX-SUR-MESURE-VCB.jpg"},{"@type":"BreadcrumbList","@id":"https:\/\/www.vcb-paris.com\/a-propos\/#breadcrumb","itemListElement":[{"@type":"ListItem","position":1,"name":"Accueil","item":"https:\/\/www.vcb-paris.com\/"},{"@type":"ListItem","position":2,"name":"La cr\u00e9atrice"}]},{"@type":"WebSite","@id":"https:\/\/www.vcb-paris.com\/#website","url":"https:\/\/www.vcb-paris.com\/","name":"VERONICA CYROT BIJOUX","description":"Une id\u00e9e, un dessin, un bijou.","publisher":{"@id":"https:\/\/www.vcb-paris.com\/#organization"},"potentialAction":[{"@type":"SearchAction","target":{"@type":"EntryPoint","urlTemplate":"https:\/\/www.vcb-paris.com\/?s={search_term_string}"},"query-input":{"@type":"PropertyValueSpecification","valueRequired":true,"valueName":"search_term_string"}}],"inLanguage":"en-US"},{"@type":"Organization","@id":"https:\/\/www.vcb-paris.com\/#organization","name":"VERONICA CYROT BIJOUX","url":"https:\/\/www.vcb-paris.com\/","logo":{"@type":"ImageObject","inLanguage":"en-US","@id":"https:\/\/www.vcb-paris.com\/#\/schema\/logo\/image\/","url":"https:\/\/www.vcb-paris.com\/wp-content\/uploads\/2022\/09\/Logo-Veronica-Cyrot-Bijoux.svg","contentUrl":"https:\/\/www.vcb-paris.com\/wp-content\/uploads\/2022\/09\/Logo-Veronica-Cyrot-Bijoux.svg","width":160,"height":160,"caption":"VERONICA CYROT BIJOUX"},"image":{"@id":"https:\/\/www.vcb-paris.com\/#\/schema\/logo\/image\/"},"sameAs":["https:\/\/www.facebook.com\/veronicacyrotbijoux","https:\/\/www.instagram.com\/veronicacyrot_bijoux\/","https:\/\/www.pinterest.fr\/veronicacyrot\/"]}]}},"_links":{"self":[{"href":"https:\/\/www.vcb-paris.com\/en\/wp-json\/wp\/v2\/pages\/47","targetHints":{"allow":["GET"]}}],"collection":[{"href":"https:\/\/www.vcb-paris.com\/en\/wp-json\/wp\/v2\/pages"}],"about":[{"href":"https:\/\/www.vcb-paris.com\/en\/wp-json\/wp\/v2\/types\/page"}],"author":[{"embeddable":true,"href":"https:\/\/www.vcb-paris.com\/en\/wp-json\/wp\/v2\/users\/1"}],"replies":[{"embeddable":true,"href":"https:\/\/www.vcb-paris.com\/en\/wp-json\/wp\/v2\/comments?post=47"}],"version-history":[{"count":280,"href":"https:\/\/www.vcb-paris.com\/en\/wp-json\/wp\/v2\/pages\/47\/revisions"}],"predecessor-version":[{"id":6454,"href":"https:\/\/www.vcb-paris.com\/en\/wp-json\/wp\/v2\/pages\/47\/revisions\/6454"}],"wp:attachment":[{"href":"https:\/\/www.vcb-paris.com\/en\/wp-json\/wp\/v2\/media?parent=47"}],"curies":[{"name":"wp","href":"https:\/\/api.w.org\/{rel}","templated":true}]}}