{"id":44,"date":"2022-09-14T11:26:23","date_gmt":"2022-09-14T11:26:23","guid":{"rendered":"http:\/\/www.vcb-paris.com\/?page_id=44"},"modified":"2025-08-18T14:57:29","modified_gmt":"2025-08-18T14:57:29","slug":"sur-mesure","status":"publish","type":"page","link":"https:\/\/www.vcb-paris.com\/en\/sur-mesure\/","title":{"rendered":"Custom Jewelry &amp; Transformation"},"content":{"rendered":"<div data-elementor-type=\"wp-page\" data-elementor-id=\"44\" class=\"elementor elementor-44\">\n\t\t\t\t\t\t<section class=\"elementor-section elementor-top-section elementor-element elementor-element-f28aea0 elementor-section-boxed elementor-section-height-default elementor-section-height-default\" data-id=\"f28aea0\" data-element_type=\"section\">\n\t\t\t\t\t\t<div class=\"elementor-container elementor-column-gap-default\">\n\t\t\t\t\t<div class=\"elementor-column elementor-col-100 elementor-top-column elementor-element elementor-element-873d741\" data-id=\"873d741\" data-element_type=\"column\">\n\t\t\t<div class=\"elementor-widget-wrap elementor-element-populated\">\n\t\t\t\t\t\t<div class=\"elementor-element elementor-element-bc9a319 elementor-widget elementor-widget-heading\" data-id=\"bc9a319\" data-element_type=\"widget\" data-widget_type=\"heading.default\">\n\t\t\t\t<div class=\"elementor-widget-container\">\n\t\t\t\t\t<h2 class=\"elementor-heading-title elementor-size-default\">CUSTOM-MADE JEWELRY<\/h2>\t\t\t\t<\/div>\n\t\t\t\t<\/div>\n\t\t\t\t\t<\/div>\n\t\t<\/div>\n\t\t\t\t\t<\/div>\n\t\t<\/section>\n\t\t\t\t<section class=\"elementor-section elementor-top-section elementor-element elementor-element-39b39ac elementor-section-boxed elementor-section-height-default elementor-section-height-default\" data-id=\"39b39ac\" data-element_type=\"section\">\n\t\t\t\t\t\t<div class=\"elementor-container elementor-column-gap-narrow\">\n\t\t\t\t\t<div class=\"elementor-column elementor-col-50 elementor-top-column elementor-element elementor-element-dd53293\" data-id=\"dd53293\" data-element_type=\"column\">\n\t\t\t<div class=\"elementor-widget-wrap elementor-element-populated\">\n\t\t\t\t\t\t<div class=\"elementor-element elementor-element-0c00b1d elementor-widget elementor-widget-image\" data-id=\"0c00b1d\" data-element_type=\"widget\" data-widget_type=\"image.default\">\n\t\t\t\t<div class=\"elementor-widget-container\">\n\t\t\t\t\t\t\t\t\t\t\t\t\t\t\t<img fetchpriority=\"high\" decoding=\"async\" width=\"300\" height=\"300\" src=\"https:\/\/www.vcb-paris.com\/wp-content\/uploads\/2022\/09\/Sur-mesure-01-300x300.jpg\" class=\"attachment-medium size-medium wp-image-25\" alt=\"Fabrication de bijoux sur mesure en France\" srcset=\"https:\/\/www.vcb-paris.com\/wp-content\/uploads\/2022\/09\/Sur-mesure-01-300x300.jpg 300w, https:\/\/www.vcb-paris.com\/wp-content\/uploads\/2022\/09\/Sur-mesure-01-100x100.jpg 100w, https:\/\/www.vcb-paris.com\/wp-content\/uploads\/2022\/09\/Sur-mesure-01-150x150.jpg 150w, https:\/\/www.vcb-paris.com\/wp-content\/uploads\/2022\/09\/elementor\/thumbs\/Sur-mesure-01-puqlh5n031ozzwcsqoj0pu9uj8op9xuh6dfqjx2380.jpg 200w, https:\/\/www.vcb-paris.com\/wp-content\/uploads\/2022\/09\/elementor\/thumbs\/Sur-mesure-01-puqlh5n0oz37swfny4ylrvp11wsiltgc49qbmmap8k.jpg 250w, https:\/\/www.vcb-paris.com\/wp-content\/uploads\/2022\/09\/Sur-mesure-01.jpg 488w\" sizes=\"(max-width: 300px) 100vw, 300px\" \/>\t\t\t\t\t\t\t\t\t\t\t\t\t\t\t<\/div>\n\t\t\t\t<\/div>\n\t\t\t\t\t<\/div>\n\t\t<\/div>\n\t\t\t\t<div class=\"elementor-column elementor-col-50 elementor-top-column elementor-element elementor-element-96772a8\" data-id=\"96772a8\" data-element_type=\"column\">\n\t\t\t<div class=\"elementor-widget-wrap elementor-element-populated\">\n\t\t\t\t\t\t<div class=\"elementor-element elementor-element-7ce389c elementor-widget elementor-widget-image\" data-id=\"7ce389c\" data-element_type=\"widget\" data-widget_type=\"image.default\">\n\t\t\t\t<div class=\"elementor-widget-container\">\n\t\t\t\t\t\t\t\t\t\t\t\t\t\t\t<img decoding=\"async\" width=\"300\" height=\"300\" src=\"https:\/\/www.vcb-paris.com\/wp-content\/uploads\/2023\/02\/PORTE-MINES-A-GRAPHITE-300x300.jpg\" class=\"attachment-medium size-medium wp-image-1368\" alt=\"Dessin a la main\" srcset=\"https:\/\/www.vcb-paris.com\/wp-content\/uploads\/2023\/02\/PORTE-MINES-A-GRAPHITE-300x300.jpg 300w, https:\/\/www.vcb-paris.com\/wp-content\/uploads\/2023\/02\/PORTE-MINES-A-GRAPHITE-100x100.jpg 100w, https:\/\/www.vcb-paris.com\/wp-content\/uploads\/2023\/02\/PORTE-MINES-A-GRAPHITE-150x150.jpg 150w, https:\/\/www.vcb-paris.com\/wp-content\/uploads\/2023\/02\/elementor\/thumbs\/PORTE-MINES-A-GRAPHITE-q1riqmerq25n77y3oxrehcm7z08jsywtnhqkjpl744.jpg 250w, https:\/\/www.vcb-paris.com\/wp-content\/uploads\/2023\/02\/PORTE-MINES-A-GRAPHITE.jpg 400w\" sizes=\"(max-width: 300px) 100vw, 300px\" \/>\t\t\t\t\t\t\t\t\t\t\t\t\t\t\t<\/div>\n\t\t\t\t<\/div>\n\t\t\t\t\t<\/div>\n\t\t<\/div>\n\t\t\t\t\t<\/div>\n\t\t<\/section>\n\t\t\t\t<section class=\"elementor-section elementor-top-section elementor-element elementor-element-e13ae4c elementor-section-boxed elementor-section-height-default elementor-section-height-default\" data-id=\"e13ae4c\" data-element_type=\"section\">\n\t\t\t\t\t\t<div class=\"elementor-container elementor-column-gap-default\">\n\t\t\t\t\t<div class=\"elementor-column elementor-col-100 elementor-top-column elementor-element elementor-element-c1e5afe\" data-id=\"c1e5afe\" data-element_type=\"column\">\n\t\t\t<div class=\"elementor-widget-wrap elementor-element-populated\">\n\t\t\t\t\t\t<div class=\"elementor-element elementor-element-45b5e3b elementor-widget elementor-widget-heading\" data-id=\"45b5e3b\" data-element_type=\"widget\" data-widget_type=\"heading.default\">\n\t\t\t\t<div class=\"elementor-widget-container\">\n\t\t\t\t\t<h2 class=\"elementor-heading-title elementor-size-default\">An idea, a drawing, a piece of jewelry...\n<\/h2>\t\t\t\t<\/div>\n\t\t\t\t<\/div>\n\t\t\t\t<div class=\"elementor-element elementor-element-3c33e5b elementor-widget elementor-widget-text-editor\" data-id=\"3c33e5b\" data-element_type=\"widget\" data-widget_type=\"text-editor.default\">\n\t\t\t\t<div class=\"elementor-widget-container\">\n\t\t\t\t\t\t\t\t\t<p>Creating a custom piece of jewelry offers you the opportunity to have a unique experience in the finest French style. You can actively participate in every step of its creation to make it a reflection of your personality.<\/p><p>The creative process begins at the very first meeting. It's essential to take the time to listen carefully to what you have in mind. I'll be with you every step of the way, from design and 3D modeling to manufacturing. I'll help you choose materials, select precious or semi-precious stones and find the combinations that will give your jewelry its radiance and elegance.<\/p><p>As each piece is a unique project, I will supervise its manufacture. Many French jewelers will put their talent and know-how at your service.<\/p><p>In addition to creating original pieces, I can also offer you transformations of antique jewelry. You can embrace the new \u201cupcyclage\u201d trend to give a new life to your family heirlooms, preserving their sentimental value while adapting them to your style. <em>upcycling<\/em> pour donner une nouvelle vie \u00e0 vos bijoux de famille, en conservant leur valeur sentimentale tout en les adaptant \u00e0 votre style.<\/p><p>Experience customization in a different way and let's create timeless jewelry together that tells its own story.<\/p><p><em><strong>To start a project click<\/strong><\/em> <a href=\"https:\/\/www.vcb-paris.com\/en\/contact\/\">here<\/a><\/p>\t\t\t\t\t\t\t\t<\/div>\n\t\t\t\t<\/div>\n\t\t\t\t\t<\/div>\n\t\t<\/div>\n\t\t\t\t\t<\/div>\n\t\t<\/section>\n\t\t\t\t<\/div>","protected":false},"excerpt":{"rendered":"<p>BIJOUX SUR MESURE Une id\u00e9e, un dessin, un bijoux&#8230; La cr\u00e9ation d\u2019un bijou sur mesure vous offre la possibilit\u00e9 de vivre une exp\u00e9rience unique et dans le meilleur du style fran\u00e7ais. Vous pouvez participer activement \u00e0 chaque \u00e9tape de sa r\u00e9alisation pour qu\u2019il devienne le reflet de votre personnalit\u00e9. Le processus cr\u00e9atif commence d\u00e8s la [&hellip;]<\/p>","protected":false},"author":1,"featured_media":0,"parent":0,"menu_order":0,"comment_status":"closed","ping_status":"closed","template":"","meta":{"inline_featured_image":false,"site-sidebar-layout":"no-sidebar","site-content-layout":"page-builder","ast-site-content-layout":"full-width-container","site-content-style":"unboxed","site-sidebar-style":"unboxed","ast-global-header-display":"","ast-banner-title-visibility":"","ast-main-header-display":"","ast-hfb-above-header-display":"","ast-hfb-below-header-display":"","ast-hfb-mobile-header-display":"","site-post-title":"disabled","ast-breadcrumbs-content":"","ast-featured-img":"disabled","footer-sml-layout":"","theme-transparent-header-meta":"","adv-header-id-meta":"","stick-header-meta":"","header-above-stick-meta":"","header-main-stick-meta":"","header-below-stick-meta":"","astra-migrate-meta-layouts":"set","ast-page-background-enabled":"default","ast-page-background-meta":{"desktop":{"background-color":"var(--ast-global-color-4)","background-image":"","background-repeat":"repeat","background-position":"center center","background-size":"auto","background-attachment":"scroll","background-type":"","background-media":"","overlay-type":"","overlay-color":"","overlay-opacity":"","overlay-gradient":""},"tablet":{"background-color":"","background-image":"","background-repeat":"repeat","background-position":"center center","background-size":"auto","background-attachment":"scroll","background-type":"","background-media":"","overlay-type":"","overlay-color":"","overlay-opacity":"","overlay-gradient":""},"mobile":{"background-color":"","background-image":"","background-repeat":"repeat","background-position":"center center","background-size":"auto","background-attachment":"scroll","background-type":"","background-media":"","overlay-type":"","overlay-color":"","overlay-opacity":"","overlay-gradient":""}},"ast-content-background-meta":{"desktop":{"background-color":"var(--ast-global-color-5)","background-image":"","background-repeat":"repeat","background-position":"center center","background-size":"auto","background-attachment":"scroll","background-type":"","background-media":"","overlay-type":"","overlay-color":"","overlay-opacity":"","overlay-gradient":""},"tablet":{"background-color":"var(--ast-global-color-5)","background-image":"","background-repeat":"repeat","background-position":"center center","background-size":"auto","background-attachment":"scroll","background-type":"","background-media":"","overlay-type":"","overlay-color":"","overlay-opacity":"","overlay-gradient":""},"mobile":{"background-color":"var(--ast-global-color-5)","background-image":"","background-repeat":"repeat","background-position":"center center","background-size":"auto","background-attachment":"scroll","background-type":"","background-media":"","overlay-type":"","overlay-color":"","overlay-opacity":"","overlay-gradient":""}},"footnotes":""},"class_list":["post-44","page","type-page","status-publish","hentry"],"yoast_head":"<!-- This site is optimized with the Yoast SEO plugin v26.5 - https:\/\/yoast.com\/wordpress\/plugins\/seo\/ -->\n<title>Bijoux sur mesure &amp; Transformation - VERONICA CYROT<\/title>\n<meta name=\"robots\" content=\"index, follow, max-snippet:-1, max-image-preview:large, max-video-preview:-1\" \/>\n<link rel=\"canonical\" href=\"https:\/\/www.vcb-paris.com\/en\/sur-mesure\/\" \/>\n<meta property=\"og:locale\" content=\"en_US\" \/>\n<meta property=\"og:type\" content=\"article\" \/>\n<meta property=\"og:title\" content=\"Bijoux sur mesure &amp; Transformation - VERONICA CYROT\" \/>\n<meta property=\"og:description\" content=\"BIJOUX SUR MESURE Une id\u00e9e, un dessin, un bijoux&#8230; La cr\u00e9ation d\u2019un bijou sur mesure vous offre la possibilit\u00e9 de vivre une exp\u00e9rience unique et dans le meilleur du style fran\u00e7ais. Vous pouvez participer activement \u00e0 chaque \u00e9tape de sa r\u00e9alisation pour qu\u2019il devienne le reflet de votre personnalit\u00e9. Le processus cr\u00e9atif commence d\u00e8s la [&hellip;]\" \/>\n<meta property=\"og:url\" content=\"https:\/\/www.vcb-paris.com\/en\/sur-mesure\/\" \/>\n<meta property=\"og:site_name\" content=\"VERONICA CYROT\" \/>\n<meta property=\"article:publisher\" content=\"https:\/\/www.facebook.com\/veronicacyrotbijoux\" \/>\n<meta property=\"article:modified_time\" content=\"2025-08-18T14:57:29+00:00\" \/>\n<meta property=\"og:image\" content=\"http:\/\/www.vcb-paris.com\/wp-content\/uploads\/2022\/09\/Sur-mesure-01-300x300.jpg\" \/>\n<meta name=\"twitter:card\" content=\"summary_large_image\" \/>\n<meta name=\"twitter:label1\" content=\"Est. reading time\" \/>\n\t<meta name=\"twitter:data1\" content=\"2 minutes\" \/>\n<script type=\"application\/ld+json\" class=\"yoast-schema-graph\">{\"@context\":\"https:\/\/schema.org\",\"@graph\":[{\"@type\":\"WebPage\",\"@id\":\"https:\/\/www.vcb-paris.com\/sur-mesure\/\",\"url\":\"https:\/\/www.vcb-paris.com\/sur-mesure\/\",\"name\":\"Bijoux sur mesure &amp; Transformation - VERONICA CYROT\",\"isPartOf\":{\"@id\":\"https:\/\/www.vcb-paris.com\/#website\"},\"primaryImageOfPage\":{\"@id\":\"https:\/\/www.vcb-paris.com\/sur-mesure\/#primaryimage\"},\"image\":{\"@id\":\"https:\/\/www.vcb-paris.com\/sur-mesure\/#primaryimage\"},\"thumbnailUrl\":\"http:\/\/www.vcb-paris.com\/wp-content\/uploads\/2022\/09\/Sur-mesure-01-300x300.jpg\",\"datePublished\":\"2022-09-14T11:26:23+00:00\",\"dateModified\":\"2025-08-18T14:57:29+00:00\",\"breadcrumb\":{\"@id\":\"https:\/\/www.vcb-paris.com\/sur-mesure\/#breadcrumb\"},\"inLanguage\":\"en-US\",\"potentialAction\":[{\"@type\":\"ReadAction\",\"target\":[\"https:\/\/www.vcb-paris.com\/sur-mesure\/\"]}]},{\"@type\":\"ImageObject\",\"inLanguage\":\"en-US\",\"@id\":\"https:\/\/www.vcb-paris.com\/sur-mesure\/#primaryimage\",\"url\":\"http:\/\/www.vcb-paris.com\/wp-content\/uploads\/2022\/09\/Sur-mesure-01-300x300.jpg\",\"contentUrl\":\"http:\/\/www.vcb-paris.com\/wp-content\/uploads\/2022\/09\/Sur-mesure-01-300x300.jpg\"},{\"@type\":\"BreadcrumbList\",\"@id\":\"https:\/\/www.vcb-paris.com\/sur-mesure\/#breadcrumb\",\"itemListElement\":[{\"@type\":\"ListItem\",\"position\":1,\"name\":\"Accueil\",\"item\":\"https:\/\/www.vcb-paris.com\/\"},{\"@type\":\"ListItem\",\"position\":2,\"name\":\"Bijoux sur mesure &amp; Transformation\"}]},{\"@type\":\"WebSite\",\"@id\":\"https:\/\/www.vcb-paris.com\/#website\",\"url\":\"https:\/\/www.vcb-paris.com\/\",\"name\":\"VERONICA CYROT BIJOUX\",\"description\":\"Une id\u00e9e, un dessin, un bijou.\",\"publisher\":{\"@id\":\"https:\/\/www.vcb-paris.com\/#organization\"},\"potentialAction\":[{\"@type\":\"SearchAction\",\"target\":{\"@type\":\"EntryPoint\",\"urlTemplate\":\"https:\/\/www.vcb-paris.com\/?s={search_term_string}\"},\"query-input\":{\"@type\":\"PropertyValueSpecification\",\"valueRequired\":true,\"valueName\":\"search_term_string\"}}],\"inLanguage\":\"en-US\"},{\"@type\":\"Organization\",\"@id\":\"https:\/\/www.vcb-paris.com\/#organization\",\"name\":\"VERONICA CYROT BIJOUX\",\"url\":\"https:\/\/www.vcb-paris.com\/\",\"logo\":{\"@type\":\"ImageObject\",\"inLanguage\":\"en-US\",\"@id\":\"https:\/\/www.vcb-paris.com\/#\/schema\/logo\/image\/\",\"url\":\"https:\/\/www.vcb-paris.com\/wp-content\/uploads\/2022\/09\/Logo-Veronica-Cyrot-Bijoux.svg\",\"contentUrl\":\"https:\/\/www.vcb-paris.com\/wp-content\/uploads\/2022\/09\/Logo-Veronica-Cyrot-Bijoux.svg\",\"width\":160,\"height\":160,\"caption\":\"VERONICA CYROT BIJOUX\"},\"image\":{\"@id\":\"https:\/\/www.vcb-paris.com\/#\/schema\/logo\/image\/\"},\"sameAs\":[\"https:\/\/www.facebook.com\/veronicacyrotbijoux\",\"https:\/\/www.instagram.com\/veronicacyrot_bijoux\/\",\"https:\/\/www.pinterest.fr\/veronicacyrot\/\"]}]}<\/script>\n<!-- \/ Yoast SEO plugin. -->","yoast_head_json":{"title":"Bijoux sur mesure &amp; Transformation - VERONICA CYROT","robots":{"index":"index","follow":"follow","max-snippet":"max-snippet:-1","max-image-preview":"max-image-preview:large","max-video-preview":"max-video-preview:-1"},"canonical":"https:\/\/www.vcb-paris.com\/en\/sur-mesure\/","og_locale":"en_US","og_type":"article","og_title":"Bijoux sur mesure &amp; Transformation - VERONICA CYROT","og_description":"BIJOUX SUR MESURE Une id\u00e9e, un dessin, un bijoux&#8230; La cr\u00e9ation d\u2019un bijou sur mesure vous offre la possibilit\u00e9 de vivre une exp\u00e9rience unique et dans le meilleur du style fran\u00e7ais. Vous pouvez participer activement \u00e0 chaque \u00e9tape de sa r\u00e9alisation pour qu\u2019il devienne le reflet de votre personnalit\u00e9. Le processus cr\u00e9atif commence d\u00e8s la [&hellip;]","og_url":"https:\/\/www.vcb-paris.com\/en\/sur-mesure\/","og_site_name":"VERONICA CYROT","article_publisher":"https:\/\/www.facebook.com\/veronicacyrotbijoux","article_modified_time":"2025-08-18T14:57:29+00:00","og_image":[{"url":"http:\/\/www.vcb-paris.com\/wp-content\/uploads\/2022\/09\/Sur-mesure-01-300x300.jpg","type":"","width":"","height":""}],"twitter_card":"summary_large_image","twitter_misc":{"Est. reading time":"2 minutes"},"schema":{"@context":"https:\/\/schema.org","@graph":[{"@type":"WebPage","@id":"https:\/\/www.vcb-paris.com\/sur-mesure\/","url":"https:\/\/www.vcb-paris.com\/sur-mesure\/","name":"Bijoux sur mesure &amp; Transformation - VERONICA CYROT","isPartOf":{"@id":"https:\/\/www.vcb-paris.com\/#website"},"primaryImageOfPage":{"@id":"https:\/\/www.vcb-paris.com\/sur-mesure\/#primaryimage"},"image":{"@id":"https:\/\/www.vcb-paris.com\/sur-mesure\/#primaryimage"},"thumbnailUrl":"http:\/\/www.vcb-paris.com\/wp-content\/uploads\/2022\/09\/Sur-mesure-01-300x300.jpg","datePublished":"2022-09-14T11:26:23+00:00","dateModified":"2025-08-18T14:57:29+00:00","breadcrumb":{"@id":"https:\/\/www.vcb-paris.com\/sur-mesure\/#breadcrumb"},"inLanguage":"en-US","potentialAction":[{"@type":"ReadAction","target":["https:\/\/www.vcb-paris.com\/sur-mesure\/"]}]},{"@type":"ImageObject","inLanguage":"en-US","@id":"https:\/\/www.vcb-paris.com\/sur-mesure\/#primaryimage","url":"http:\/\/www.vcb-paris.com\/wp-content\/uploads\/2022\/09\/Sur-mesure-01-300x300.jpg","contentUrl":"http:\/\/www.vcb-paris.com\/wp-content\/uploads\/2022\/09\/Sur-mesure-01-300x300.jpg"},{"@type":"BreadcrumbList","@id":"https:\/\/www.vcb-paris.com\/sur-mesure\/#breadcrumb","itemListElement":[{"@type":"ListItem","position":1,"name":"Accueil","item":"https:\/\/www.vcb-paris.com\/"},{"@type":"ListItem","position":2,"name":"Bijoux sur mesure &amp; Transformation"}]},{"@type":"WebSite","@id":"https:\/\/www.vcb-paris.com\/#website","url":"https:\/\/www.vcb-paris.com\/","name":"VERONICA CYROT BIJOUX","description":"Une id\u00e9e, un dessin, un bijou.","publisher":{"@id":"https:\/\/www.vcb-paris.com\/#organization"},"potentialAction":[{"@type":"SearchAction","target":{"@type":"EntryPoint","urlTemplate":"https:\/\/www.vcb-paris.com\/?s={search_term_string}"},"query-input":{"@type":"PropertyValueSpecification","valueRequired":true,"valueName":"search_term_string"}}],"inLanguage":"en-US"},{"@type":"Organization","@id":"https:\/\/www.vcb-paris.com\/#organization","name":"VERONICA CYROT BIJOUX","url":"https:\/\/www.vcb-paris.com\/","logo":{"@type":"ImageObject","inLanguage":"en-US","@id":"https:\/\/www.vcb-paris.com\/#\/schema\/logo\/image\/","url":"https:\/\/www.vcb-paris.com\/wp-content\/uploads\/2022\/09\/Logo-Veronica-Cyrot-Bijoux.svg","contentUrl":"https:\/\/www.vcb-paris.com\/wp-content\/uploads\/2022\/09\/Logo-Veronica-Cyrot-Bijoux.svg","width":160,"height":160,"caption":"VERONICA CYROT BIJOUX"},"image":{"@id":"https:\/\/www.vcb-paris.com\/#\/schema\/logo\/image\/"},"sameAs":["https:\/\/www.facebook.com\/veronicacyrotbijoux","https:\/\/www.instagram.com\/veronicacyrot_bijoux\/","https:\/\/www.pinterest.fr\/veronicacyrot\/"]}]}},"_links":{"self":[{"href":"https:\/\/www.vcb-paris.com\/en\/wp-json\/wp\/v2\/pages\/44","targetHints":{"allow":["GET"]}}],"collection":[{"href":"https:\/\/www.vcb-paris.com\/en\/wp-json\/wp\/v2\/pages"}],"about":[{"href":"https:\/\/www.vcb-paris.com\/en\/wp-json\/wp\/v2\/types\/page"}],"author":[{"embeddable":true,"href":"https:\/\/www.vcb-paris.com\/en\/wp-json\/wp\/v2\/users\/1"}],"replies":[{"embeddable":true,"href":"https:\/\/www.vcb-paris.com\/en\/wp-json\/wp\/v2\/comments?post=44"}],"version-history":[{"count":142,"href":"https:\/\/www.vcb-paris.com\/en\/wp-json\/wp\/v2\/pages\/44\/revisions"}],"predecessor-version":[{"id":4860,"href":"https:\/\/www.vcb-paris.com\/en\/wp-json\/wp\/v2\/pages\/44\/revisions\/4860"}],"wp:attachment":[{"href":"https:\/\/www.vcb-paris.com\/en\/wp-json\/wp\/v2\/media?parent=44"}],"curies":[{"name":"wp","href":"https:\/\/api.w.org\/{rel}","templated":true}]}}