{"id":3965,"date":"2024-07-01T17:47:38","date_gmt":"2024-07-01T17:47:38","guid":{"rendered":"https:\/\/www.vcb-paris.com\/?page_id=3965"},"modified":"2024-08-28T15:41:38","modified_gmt":"2024-08-28T15:41:38","slug":"reparer-un-collier-de-perles-naturelles","status":"publish","type":"page","link":"https:\/\/www.vcb-paris.com\/en\/reparer-un-collier-de-perles-naturelles\/","title":{"rendered":"R\u00e9parer un collier de perles naturelles"},"content":{"rendered":"<div data-elementor-type=\"wp-page\" data-elementor-id=\"3965\" class=\"elementor elementor-3965\">\n\t\t\t\t\t\t<section class=\"elementor-section elementor-top-section elementor-element elementor-element-035fa89 elementor-section-boxed elementor-section-height-default elementor-section-height-default\" data-id=\"035fa89\" data-element_type=\"section\">\n\t\t\t\t\t\t<div class=\"elementor-container elementor-column-gap-default\">\n\t\t\t\t\t<div class=\"elementor-column elementor-col-100 elementor-top-column elementor-element elementor-element-1bcba48\" data-id=\"1bcba48\" data-element_type=\"column\">\n\t\t\t<div class=\"elementor-widget-wrap elementor-element-populated\">\n\t\t\t\t\t\t<div class=\"elementor-element elementor-element-dc1e1b0 elementor-widget elementor-widget-image\" data-id=\"dc1e1b0\" data-element_type=\"widget\" data-widget_type=\"image.default\">\n\t\t\t\t<div class=\"elementor-widget-container\">\n\t\t\t\t\t\t\t\t\t\t\t\t\t\t\t<img fetchpriority=\"high\" decoding=\"async\" width=\"300\" height=\"300\" src=\"https:\/\/www.vcb-paris.com\/wp-content\/uploads\/2024\/07\/ENFILAGE-REPARATION-COLLIERS-PERLES-NATURELLES--300x300.jpg\" class=\"attachment-medium size-medium wp-image-4172\" alt=\"R\u00c9PARATION ENFILAGE ENFILAGE COLLIER PERLES PARIS\" srcset=\"https:\/\/www.vcb-paris.com\/wp-content\/uploads\/2024\/07\/ENFILAGE-REPARATION-COLLIERS-PERLES-NATURELLES--300x300.jpg 300w, https:\/\/www.vcb-paris.com\/wp-content\/uploads\/2024\/07\/ENFILAGE-REPARATION-COLLIERS-PERLES-NATURELLES--1024x1024.jpg 1024w, https:\/\/www.vcb-paris.com\/wp-content\/uploads\/2024\/07\/ENFILAGE-REPARATION-COLLIERS-PERLES-NATURELLES--150x150.jpg 150w, https:\/\/www.vcb-paris.com\/wp-content\/uploads\/2024\/07\/ENFILAGE-REPARATION-COLLIERS-PERLES-NATURELLES--768x768.jpg 768w, https:\/\/www.vcb-paris.com\/wp-content\/uploads\/2024\/07\/ENFILAGE-REPARATION-COLLIERS-PERLES-NATURELLES--12x12.jpg 12w, https:\/\/www.vcb-paris.com\/wp-content\/uploads\/2024\/07\/ENFILAGE-REPARATION-COLLIERS-PERLES-NATURELLES--600x600.jpg 600w, https:\/\/www.vcb-paris.com\/wp-content\/uploads\/2024\/07\/ENFILAGE-REPARATION-COLLIERS-PERLES-NATURELLES--100x100.jpg 100w, https:\/\/www.vcb-paris.com\/wp-content\/uploads\/2024\/07\/elementor\/thumbs\/ENFILAGE-REPARATION-COLLIERS-PERLES-NATURELLES--qr7fhq9btofkjkdwm0r1k69inq1jjkvm0orekracpc.jpg 200w, https:\/\/www.vcb-paris.com\/wp-content\/uploads\/2024\/07\/elementor\/thumbs\/ENFILAGE-REPARATION-COLLIERS-PERLES-NATURELLES--qr7fhq9evbenkks8nawyuddf92km6ywwq68by9hes4.jpg 450w, https:\/\/www.vcb-paris.com\/wp-content\/uploads\/2024\/07\/ENFILAGE-REPARATION-COLLIERS-PERLES-NATURELLES-.jpg 1080w\" sizes=\"(max-width: 300px) 100vw, 300px\" \/>\t\t\t\t\t\t\t\t\t\t\t\t\t\t\t<\/div>\n\t\t\t\t<\/div>\n\t\t\t\t\t<\/div>\n\t\t<\/div>\n\t\t\t\t\t<\/div>\n\t\t<\/section>\n\t\t\t\t<section class=\"elementor-section elementor-top-section elementor-element elementor-element-edbd44a elementor-section-boxed elementor-section-height-default elementor-section-height-default\" data-id=\"edbd44a\" data-element_type=\"section\">\n\t\t\t\t\t\t<div class=\"elementor-container elementor-column-gap-default\">\n\t\t\t\t\t<div class=\"elementor-column elementor-col-100 elementor-top-column elementor-element elementor-element-93784f2\" data-id=\"93784f2\" data-element_type=\"column\">\n\t\t\t<div class=\"elementor-widget-wrap elementor-element-populated\">\n\t\t\t\t\t\t<div class=\"elementor-element elementor-element-70bea81 elementor-widget elementor-widget-heading\" data-id=\"70bea81\" data-element_type=\"widget\" data-widget_type=\"heading.default\">\n\t\t\t\t<div class=\"elementor-widget-container\">\n\t\t\t\t\t<h2 class=\"elementor-heading-title elementor-size-default\">STEPS IN REPAIRING A PEARL NECKLACE<\/h2>\t\t\t\t<\/div>\n\t\t\t\t<\/div>\n\t\t\t\t<div class=\"elementor-element elementor-element-3553678 elementor-widget elementor-widget-text-editor\" data-id=\"3553678\" data-element_type=\"widget\" data-widget_type=\"text-editor.default\">\n\t\t\t\t<div class=\"elementor-widget-container\">\n\t\t\t\t\t\t\t\t\t<p>A pearl necklace should be repaired every two years or every year, depending on its use. A pearl necklace strung with silk thread can often break, fray or become loose. A good repair will preserve the beauty and durability of your necklaces.<\/p><p><strong>1<br \/>PEARL CONDITION<\/strong><\/p><p>Together, we'll check the condition of your necklace and each individual pearl.<\/p><p><strong>2<\/strong><br \/><strong>COUNTING PEARLS<\/strong><\/p><p>We'll count together the number of pearls the necklace had before repair, as well as the size of the pearls and the width of the necklace (because it may vary after restoration).<\/p><p><strong>3<br \/>PHOTO OF THE PIECE<\/strong><\/p><p>I take a photo of the piece to leave a record of the size and position of the pearls in the necklace.<\/p><p><strong>4<br \/>RESTORATION AND THREADING<\/strong><\/p><p>I start by cleaning the beads, then choose the silk thread best suited to the hole in the bead, and then proceed to thread them with or without knots. Finally, I carefully attach the clasps.<\/p><p><strong>5<br \/><\/strong><strong>CONTACT <br \/><\/strong><\/p><p>I'll let you know by phone or e-mail when the necklace is ready.<\/p><p><strong>6<br \/>PICK UP<\/strong><\/p><p>You can remove your beautiful necklace and wear it again...<\/p><p>\u00a0<\/p><p><em><strong>A BROKEN OR DAMAGED NATURAL PEARL NECKLACE?<\/strong><\/em><\/p><p><strong>ASK FOR A QUOTE<\/strong><br \/><strong>You can contact me by phone +33 0780145185 or by e-mail contac@vcb-paris.com<\/strong><br \/>Individuals and professionals<\/p>\t\t\t\t\t\t\t\t<\/div>\n\t\t\t\t<\/div>\n\t\t\t\t\t<\/div>\n\t\t<\/div>\n\t\t\t\t\t<\/div>\n\t\t<\/section>\n\t\t\t\t<section class=\"elementor-section elementor-top-section elementor-element elementor-element-d6c1723 elementor-section-boxed elementor-section-height-default elementor-section-height-default\" data-id=\"d6c1723\" data-element_type=\"section\">\n\t\t\t\t\t\t<div class=\"elementor-container elementor-column-gap-default\">\n\t\t\t\t\t<div class=\"elementor-column elementor-col-100 elementor-top-column elementor-element elementor-element-c90f402\" data-id=\"c90f402\" data-element_type=\"column\">\n\t\t\t<div class=\"elementor-widget-wrap elementor-element-populated\">\n\t\t\t\t\t\t<div class=\"elementor-element elementor-element-94744e1 elementor-align-center elementor-widget__width-inherit elementor-widget elementor-widget-button\" data-id=\"94744e1\" data-element_type=\"widget\" data-widget_type=\"button.default\">\n\t\t\t\t<div class=\"elementor-widget-container\">\n\t\t\t\t\t\t\t\t\t<div class=\"elementor-button-wrapper\">\n\t\t\t\t\t<a class=\"elementor-button elementor-button-link elementor-size-sm\" href=\"https:\/\/www.vcb-paris.com\/en\/contact\/\">\n\t\t\t\t\t\t<span class=\"elementor-button-content-wrapper\">\n\t\t\t\t\t\t\t\t\t<span class=\"elementor-button-text\">CONTACT-ME<\/span>\n\t\t\t\t\t<\/span>\n\t\t\t\t\t<\/a>\n\t\t\t\t<\/div>\n\t\t\t\t\t\t\t\t<\/div>\n\t\t\t\t<\/div>\n\t\t\t\t\t<\/div>\n\t\t<\/div>\n\t\t\t\t\t<\/div>\n\t\t<\/section>\n\t\t\t\t<section class=\"elementor-section elementor-top-section elementor-element elementor-element-5ee9014 elementor-section-boxed elementor-section-height-default elementor-section-height-default\" data-id=\"5ee9014\" data-element_type=\"section\">\n\t\t\t\t\t\t<div class=\"elementor-container elementor-column-gap-default\">\n\t\t\t\t\t<div class=\"elementor-column elementor-col-100 elementor-top-column elementor-element elementor-element-ae0fc21\" data-id=\"ae0fc21\" data-element_type=\"column\">\n\t\t\t<div class=\"elementor-widget-wrap elementor-element-populated\">\n\t\t\t\t\t\t<div class=\"elementor-element elementor-element-eb69c2c elementor-widget elementor-widget-image\" data-id=\"eb69c2c\" data-element_type=\"widget\" data-widget_type=\"image.default\">\n\t\t\t\t<div class=\"elementor-widget-container\">\n\t\t\t\t\t\t\t\t\t\t\t\t\t\t\t\t<a href=\"https:\/\/www.vcb-paris.com\/en\/enfilage-renfilage-colliers-de-perles-a-paris\/\">\n\t\t\t\t\t\t\t<img decoding=\"async\" width=\"150\" height=\"150\" src=\"https:\/\/www.vcb-paris.com\/wp-content\/uploads\/2024\/07\/ENFILAGE-PERLES-NATURELLES-VERONICA-CYROT-150x150.jpg\" class=\"attachment-thumbnail size-thumbnail wp-image-4032\" alt=\"Enfilage perles naturelles paris haute de seine\" srcset=\"https:\/\/www.vcb-paris.com\/wp-content\/uploads\/2024\/07\/ENFILAGE-PERLES-NATURELLES-VERONICA-CYROT-150x150.jpg 150w, https:\/\/www.vcb-paris.com\/wp-content\/uploads\/2024\/07\/ENFILAGE-PERLES-NATURELLES-VERONICA-CYROT-300x300.jpg 300w, https:\/\/www.vcb-paris.com\/wp-content\/uploads\/2024\/07\/ENFILAGE-PERLES-NATURELLES-VERONICA-CYROT-1024x1024.jpg 1024w, https:\/\/www.vcb-paris.com\/wp-content\/uploads\/2024\/07\/ENFILAGE-PERLES-NATURELLES-VERONICA-CYROT-768x768.jpg 768w, https:\/\/www.vcb-paris.com\/wp-content\/uploads\/2024\/07\/ENFILAGE-PERLES-NATURELLES-VERONICA-CYROT-12x12.jpg 12w, https:\/\/www.vcb-paris.com\/wp-content\/uploads\/2024\/07\/ENFILAGE-PERLES-NATURELLES-VERONICA-CYROT-600x600.jpg 600w, https:\/\/www.vcb-paris.com\/wp-content\/uploads\/2024\/07\/ENFILAGE-PERLES-NATURELLES-VERONICA-CYROT-100x100.jpg 100w, https:\/\/www.vcb-paris.com\/wp-content\/uploads\/2024\/07\/ENFILAGE-PERLES-NATURELLES-VERONICA-CYROT.jpg 1080w\" sizes=\"(max-width: 150px) 100vw, 150px\" \/>\t\t\t\t\t\t\t\t<\/a>\n\t\t\t\t\t\t\t\t\t\t\t\t\t\t\t<\/div>\n\t\t\t\t<\/div>\n\t\t\t\t\t<\/div>\n\t\t<\/div>\n\t\t\t\t\t<\/div>\n\t\t<\/section>\n\t\t\t\t<section class=\"elementor-section elementor-top-section elementor-element elementor-element-6eedc9d elementor-section-boxed elementor-section-height-default elementor-section-height-default\" data-id=\"6eedc9d\" data-element_type=\"section\">\n\t\t\t\t\t\t<div class=\"elementor-container elementor-column-gap-default\">\n\t\t\t\t\t<div class=\"elementor-column elementor-col-100 elementor-top-column elementor-element elementor-element-ce8ee79\" data-id=\"ce8ee79\" data-element_type=\"column\">\n\t\t\t<div class=\"elementor-widget-wrap elementor-element-populated\">\n\t\t\t\t\t\t<div class=\"elementor-element elementor-element-ae8159f elementor-widget elementor-widget-heading\" data-id=\"ae8159f\" data-element_type=\"widget\" data-widget_type=\"heading.default\">\n\t\t\t\t<div class=\"elementor-widget-container\">\n\t\t\t\t\t<h6 class=\"elementor-heading-title elementor-size-default\"><a href=\"https:\/\/www.vcb-paris.com\/en\/enfilage-renfilage-colliers-de-perles-a-paris\/\">Learn more about stringing pearl necklaces in Paris and Hauts-de-Seine<\/a><\/h6>\t\t\t\t<\/div>\n\t\t\t\t<\/div>\n\t\t\t\t\t<\/div>\n\t\t<\/div>\n\t\t\t\t\t<\/div>\n\t\t<\/section>\n\t\t\t\t<\/div>","protected":false},"excerpt":{"rendered":"<p>\u00c9TAPES DANS LA R\u00c9PARATION D&rsquo;UN COLLIER DE PERLES La r\u00e9paration d&rsquo;un collier de perles fines ou de culture se r\u00e9alise r\u00e9guli\u00e8rement tout les deux ans ou chaque ann\u00e9e selon son utilisation. Souvent un collier de perles enfil\u00e9 avec un fil de soie peut se cass\u00e9, effiloch\u00e9 ou bien se d\u00e9tendre. Une bonne r\u00e9paration permets de [&hellip;]<\/p>","protected":false},"author":1,"featured_media":0,"parent":0,"menu_order":0,"comment_status":"closed","ping_status":"closed","template":"","meta":{"inline_featured_image":false,"site-sidebar-layout":"no-sidebar","site-content-layout":"page-builder","ast-site-content-layout":"default","site-content-style":"default","site-sidebar-style":"default","ast-global-header-display":"","ast-banner-title-visibility":"","ast-main-header-display":"","ast-hfb-above-header-display":"","ast-hfb-below-header-display":"","ast-hfb-mobile-header-display":"","site-post-title":"disabled","ast-breadcrumbs-content":"","ast-featured-img":"disabled","footer-sml-layout":"","theme-transparent-header-meta":"","adv-header-id-meta":"","stick-header-meta":"","header-above-stick-meta":"","header-main-stick-meta":"","header-below-stick-meta":"","astra-migrate-meta-layouts":"default","ast-page-background-enabled":"default","ast-page-background-meta":{"desktop":{"background-color":"var(--ast-global-color-4)","background-image":"","background-repeat":"repeat","background-position":"center center","background-size":"auto","background-attachment":"scroll","background-type":"","background-media":"","overlay-type":"","overlay-color":"","overlay-opacity":"","overlay-gradient":""},"tablet":{"background-color":"","background-image":"","background-repeat":"repeat","background-position":"center center","background-size":"auto","background-attachment":"scroll","background-type":"","background-media":"","overlay-type":"","overlay-color":"","overlay-opacity":"","overlay-gradient":""},"mobile":{"background-color":"","background-image":"","background-repeat":"repeat","background-position":"center center","background-size":"auto","background-attachment":"scroll","background-type":"","background-media":"","overlay-type":"","overlay-color":"","overlay-opacity":"","overlay-gradient":""}},"ast-content-background-meta":{"desktop":{"background-color":"var(--ast-global-color-5)","background-image":"","background-repeat":"repeat","background-position":"center center","background-size":"auto","background-attachment":"scroll","background-type":"","background-media":"","overlay-type":"","overlay-color":"","overlay-opacity":"","overlay-gradient":""},"tablet":{"background-color":"var(--ast-global-color-5)","background-image":"","background-repeat":"repeat","background-position":"center center","background-size":"auto","background-attachment":"scroll","background-type":"","background-media":"","overlay-type":"","overlay-color":"","overlay-opacity":"","overlay-gradient":""},"mobile":{"background-color":"var(--ast-global-color-5)","background-image":"","background-repeat":"repeat","background-position":"center center","background-size":"auto","background-attachment":"scroll","background-type":"","background-media":"","overlay-type":"","overlay-color":"","overlay-opacity":"","overlay-gradient":""}},"footnotes":""},"class_list":["post-3965","page","type-page","status-publish","hentry"],"yoast_head":"<!-- This site is optimized with the Yoast SEO plugin v26.5 - https:\/\/yoast.com\/wordpress\/plugins\/seo\/ -->\n<title>R\u00e9parer un collier de perles naturelles - VERONICA CYROT<\/title>\n<meta name=\"robots\" content=\"index, follow, max-snippet:-1, max-image-preview:large, max-video-preview:-1\" \/>\n<link rel=\"canonical\" href=\"https:\/\/www.vcb-paris.com\/en\/reparer-un-collier-de-perles-naturelles\/\" \/>\n<meta property=\"og:locale\" content=\"en_US\" \/>\n<meta property=\"og:type\" content=\"article\" \/>\n<meta property=\"og:title\" content=\"R\u00e9parer un collier de perles naturelles - VERONICA CYROT\" \/>\n<meta property=\"og:description\" content=\"\u00c9TAPES DANS LA R\u00c9PARATION D&rsquo;UN COLLIER DE PERLES La r\u00e9paration d&rsquo;un collier de perles fines ou de culture se r\u00e9alise r\u00e9guli\u00e8rement tout les deux ans ou chaque ann\u00e9e selon son utilisation. Souvent un collier de perles enfil\u00e9 avec un fil de soie peut se cass\u00e9, effiloch\u00e9 ou bien se d\u00e9tendre. Une bonne r\u00e9paration permets de [&hellip;]\" \/>\n<meta property=\"og:url\" content=\"https:\/\/www.vcb-paris.com\/en\/reparer-un-collier-de-perles-naturelles\/\" \/>\n<meta property=\"og:site_name\" content=\"VERONICA CYROT\" \/>\n<meta property=\"article:publisher\" content=\"https:\/\/www.facebook.com\/veronicacyrotbijoux\" \/>\n<meta property=\"article:modified_time\" content=\"2024-08-28T15:41:38+00:00\" \/>\n<meta property=\"og:image\" content=\"http:\/\/www.vcb-paris.com\/wp-content\/uploads\/2024\/07\/ENFILAGE-REPARATION-COLLIERS-PERLES-NATURELLES--300x300.jpg\" \/>\n<meta name=\"twitter:card\" content=\"summary_large_image\" \/>\n<meta name=\"twitter:label1\" content=\"Est. reading time\" \/>\n\t<meta name=\"twitter:data1\" content=\"4 minutes\" \/>\n<script type=\"application\/ld+json\" class=\"yoast-schema-graph\">{\"@context\":\"https:\/\/schema.org\",\"@graph\":[{\"@type\":\"WebPage\",\"@id\":\"https:\/\/www.vcb-paris.com\/en\/reparer-un-collier-de-perles-naturelles\/\",\"url\":\"https:\/\/www.vcb-paris.com\/en\/reparer-un-collier-de-perles-naturelles\/\",\"name\":\"R\u00e9parer un collier de perles naturelles - VERONICA CYROT\",\"isPartOf\":{\"@id\":\"https:\/\/www.vcb-paris.com\/#website\"},\"primaryImageOfPage\":{\"@id\":\"https:\/\/www.vcb-paris.com\/en\/reparer-un-collier-de-perles-naturelles\/#primaryimage\"},\"image\":{\"@id\":\"https:\/\/www.vcb-paris.com\/en\/reparer-un-collier-de-perles-naturelles\/#primaryimage\"},\"thumbnailUrl\":\"http:\/\/www.vcb-paris.com\/wp-content\/uploads\/2024\/07\/ENFILAGE-REPARATION-COLLIERS-PERLES-NATURELLES--300x300.jpg\",\"datePublished\":\"2024-07-01T17:47:38+00:00\",\"dateModified\":\"2024-08-28T15:41:38+00:00\",\"breadcrumb\":{\"@id\":\"https:\/\/www.vcb-paris.com\/en\/reparer-un-collier-de-perles-naturelles\/#breadcrumb\"},\"inLanguage\":\"en-US\",\"potentialAction\":[{\"@type\":\"ReadAction\",\"target\":[\"https:\/\/www.vcb-paris.com\/en\/reparer-un-collier-de-perles-naturelles\/\"]}]},{\"@type\":\"ImageObject\",\"inLanguage\":\"en-US\",\"@id\":\"https:\/\/www.vcb-paris.com\/en\/reparer-un-collier-de-perles-naturelles\/#primaryimage\",\"url\":\"http:\/\/www.vcb-paris.com\/wp-content\/uploads\/2024\/07\/ENFILAGE-REPARATION-COLLIERS-PERLES-NATURELLES--300x300.jpg\",\"contentUrl\":\"http:\/\/www.vcb-paris.com\/wp-content\/uploads\/2024\/07\/ENFILAGE-REPARATION-COLLIERS-PERLES-NATURELLES--300x300.jpg\"},{\"@type\":\"BreadcrumbList\",\"@id\":\"https:\/\/www.vcb-paris.com\/en\/reparer-un-collier-de-perles-naturelles\/#breadcrumb\",\"itemListElement\":[{\"@type\":\"ListItem\",\"position\":1,\"name\":\"Accueil\",\"item\":\"https:\/\/www.vcb-paris.com\/\"},{\"@type\":\"ListItem\",\"position\":2,\"name\":\"R\u00e9parer un collier de perles naturelles\"}]},{\"@type\":\"WebSite\",\"@id\":\"https:\/\/www.vcb-paris.com\/#website\",\"url\":\"https:\/\/www.vcb-paris.com\/\",\"name\":\"VERONICA CYROT BIJOUX\",\"description\":\"Une id\u00e9e, un dessin, un bijou.\",\"publisher\":{\"@id\":\"https:\/\/www.vcb-paris.com\/#organization\"},\"potentialAction\":[{\"@type\":\"SearchAction\",\"target\":{\"@type\":\"EntryPoint\",\"urlTemplate\":\"https:\/\/www.vcb-paris.com\/?s={search_term_string}\"},\"query-input\":{\"@type\":\"PropertyValueSpecification\",\"valueRequired\":true,\"valueName\":\"search_term_string\"}}],\"inLanguage\":\"en-US\"},{\"@type\":\"Organization\",\"@id\":\"https:\/\/www.vcb-paris.com\/#organization\",\"name\":\"VERONICA CYROT BIJOUX\",\"url\":\"https:\/\/www.vcb-paris.com\/\",\"logo\":{\"@type\":\"ImageObject\",\"inLanguage\":\"en-US\",\"@id\":\"https:\/\/www.vcb-paris.com\/#\/schema\/logo\/image\/\",\"url\":\"https:\/\/www.vcb-paris.com\/wp-content\/uploads\/2022\/09\/Logo-Veronica-Cyrot-Bijoux.svg\",\"contentUrl\":\"https:\/\/www.vcb-paris.com\/wp-content\/uploads\/2022\/09\/Logo-Veronica-Cyrot-Bijoux.svg\",\"width\":160,\"height\":160,\"caption\":\"VERONICA CYROT BIJOUX\"},\"image\":{\"@id\":\"https:\/\/www.vcb-paris.com\/#\/schema\/logo\/image\/\"},\"sameAs\":[\"https:\/\/www.facebook.com\/veronicacyrotbijoux\",\"https:\/\/www.instagram.com\/veronicacyrot_bijoux\/\",\"https:\/\/www.pinterest.fr\/veronicacyrot\/\"]}]}<\/script>\n<!-- \/ Yoast SEO plugin. -->","yoast_head_json":{"title":"R\u00e9parer un collier de perles naturelles - VERONICA CYROT","robots":{"index":"index","follow":"follow","max-snippet":"max-snippet:-1","max-image-preview":"max-image-preview:large","max-video-preview":"max-video-preview:-1"},"canonical":"https:\/\/www.vcb-paris.com\/en\/reparer-un-collier-de-perles-naturelles\/","og_locale":"en_US","og_type":"article","og_title":"R\u00e9parer un collier de perles naturelles - VERONICA CYROT","og_description":"\u00c9TAPES DANS LA R\u00c9PARATION D&rsquo;UN COLLIER DE PERLES La r\u00e9paration d&rsquo;un collier de perles fines ou de culture se r\u00e9alise r\u00e9guli\u00e8rement tout les deux ans ou chaque ann\u00e9e selon son utilisation. Souvent un collier de perles enfil\u00e9 avec un fil de soie peut se cass\u00e9, effiloch\u00e9 ou bien se d\u00e9tendre. Une bonne r\u00e9paration permets de [&hellip;]","og_url":"https:\/\/www.vcb-paris.com\/en\/reparer-un-collier-de-perles-naturelles\/","og_site_name":"VERONICA CYROT","article_publisher":"https:\/\/www.facebook.com\/veronicacyrotbijoux","article_modified_time":"2024-08-28T15:41:38+00:00","og_image":[{"url":"http:\/\/www.vcb-paris.com\/wp-content\/uploads\/2024\/07\/ENFILAGE-REPARATION-COLLIERS-PERLES-NATURELLES--300x300.jpg","type":"","width":"","height":""}],"twitter_card":"summary_large_image","twitter_misc":{"Est. reading time":"4 minutes"},"schema":{"@context":"https:\/\/schema.org","@graph":[{"@type":"WebPage","@id":"https:\/\/www.vcb-paris.com\/en\/reparer-un-collier-de-perles-naturelles\/","url":"https:\/\/www.vcb-paris.com\/en\/reparer-un-collier-de-perles-naturelles\/","name":"R\u00e9parer un collier de perles naturelles - VERONICA CYROT","isPartOf":{"@id":"https:\/\/www.vcb-paris.com\/#website"},"primaryImageOfPage":{"@id":"https:\/\/www.vcb-paris.com\/en\/reparer-un-collier-de-perles-naturelles\/#primaryimage"},"image":{"@id":"https:\/\/www.vcb-paris.com\/en\/reparer-un-collier-de-perles-naturelles\/#primaryimage"},"thumbnailUrl":"http:\/\/www.vcb-paris.com\/wp-content\/uploads\/2024\/07\/ENFILAGE-REPARATION-COLLIERS-PERLES-NATURELLES--300x300.jpg","datePublished":"2024-07-01T17:47:38+00:00","dateModified":"2024-08-28T15:41:38+00:00","breadcrumb":{"@id":"https:\/\/www.vcb-paris.com\/en\/reparer-un-collier-de-perles-naturelles\/#breadcrumb"},"inLanguage":"en-US","potentialAction":[{"@type":"ReadAction","target":["https:\/\/www.vcb-paris.com\/en\/reparer-un-collier-de-perles-naturelles\/"]}]},{"@type":"ImageObject","inLanguage":"en-US","@id":"https:\/\/www.vcb-paris.com\/en\/reparer-un-collier-de-perles-naturelles\/#primaryimage","url":"http:\/\/www.vcb-paris.com\/wp-content\/uploads\/2024\/07\/ENFILAGE-REPARATION-COLLIERS-PERLES-NATURELLES--300x300.jpg","contentUrl":"http:\/\/www.vcb-paris.com\/wp-content\/uploads\/2024\/07\/ENFILAGE-REPARATION-COLLIERS-PERLES-NATURELLES--300x300.jpg"},{"@type":"BreadcrumbList","@id":"https:\/\/www.vcb-paris.com\/en\/reparer-un-collier-de-perles-naturelles\/#breadcrumb","itemListElement":[{"@type":"ListItem","position":1,"name":"Accueil","item":"https:\/\/www.vcb-paris.com\/"},{"@type":"ListItem","position":2,"name":"R\u00e9parer un collier de perles naturelles"}]},{"@type":"WebSite","@id":"https:\/\/www.vcb-paris.com\/#website","url":"https:\/\/www.vcb-paris.com\/","name":"VERONICA CYROT BIJOUX","description":"Une id\u00e9e, un dessin, un bijou.","publisher":{"@id":"https:\/\/www.vcb-paris.com\/#organization"},"potentialAction":[{"@type":"SearchAction","target":{"@type":"EntryPoint","urlTemplate":"https:\/\/www.vcb-paris.com\/?s={search_term_string}"},"query-input":{"@type":"PropertyValueSpecification","valueRequired":true,"valueName":"search_term_string"}}],"inLanguage":"en-US"},{"@type":"Organization","@id":"https:\/\/www.vcb-paris.com\/#organization","name":"VERONICA CYROT BIJOUX","url":"https:\/\/www.vcb-paris.com\/","logo":{"@type":"ImageObject","inLanguage":"en-US","@id":"https:\/\/www.vcb-paris.com\/#\/schema\/logo\/image\/","url":"https:\/\/www.vcb-paris.com\/wp-content\/uploads\/2022\/09\/Logo-Veronica-Cyrot-Bijoux.svg","contentUrl":"https:\/\/www.vcb-paris.com\/wp-content\/uploads\/2022\/09\/Logo-Veronica-Cyrot-Bijoux.svg","width":160,"height":160,"caption":"VERONICA CYROT BIJOUX"},"image":{"@id":"https:\/\/www.vcb-paris.com\/#\/schema\/logo\/image\/"},"sameAs":["https:\/\/www.facebook.com\/veronicacyrotbijoux","https:\/\/www.instagram.com\/veronicacyrot_bijoux\/","https:\/\/www.pinterest.fr\/veronicacyrot\/"]}]}},"_links":{"self":[{"href":"https:\/\/www.vcb-paris.com\/en\/wp-json\/wp\/v2\/pages\/3965","targetHints":{"allow":["GET"]}}],"collection":[{"href":"https:\/\/www.vcb-paris.com\/en\/wp-json\/wp\/v2\/pages"}],"about":[{"href":"https:\/\/www.vcb-paris.com\/en\/wp-json\/wp\/v2\/types\/page"}],"author":[{"embeddable":true,"href":"https:\/\/www.vcb-paris.com\/en\/wp-json\/wp\/v2\/users\/1"}],"replies":[{"embeddable":true,"href":"https:\/\/www.vcb-paris.com\/en\/wp-json\/wp\/v2\/comments?post=3965"}],"version-history":[{"count":123,"href":"https:\/\/www.vcb-paris.com\/en\/wp-json\/wp\/v2\/pages\/3965\/revisions"}],"predecessor-version":[{"id":4448,"href":"https:\/\/www.vcb-paris.com\/en\/wp-json\/wp\/v2\/pages\/3965\/revisions\/4448"}],"wp:attachment":[{"href":"https:\/\/www.vcb-paris.com\/en\/wp-json\/wp\/v2\/media?parent=3965"}],"curies":[{"name":"wp","href":"https:\/\/api.w.org\/{rel}","templated":true}]}}