{"id":3561,"date":"2024-06-25T08:55:48","date_gmt":"2024-06-25T08:55:48","guid":{"rendered":"https:\/\/www.vcb-paris.com\/?post_type=product&#038;p=3561"},"modified":"2025-12-26T20:08:29","modified_gmt":"2025-12-26T20:08:29","slug":"bague-rikiki-peridot-copie","status":"publish","type":"product","link":"http:\/\/www.vcb-paris.com\/en\/product\/bague-rikiki-peridot-copie\/","title":{"rendered":"RIKIKI PERIDOT RING"},"content":{"rendered":"<p><strong>Solitaire Or Jaune Fil<\/strong><strong><br \/>\n<\/strong>Demi-Mesure<\/p>\n<p><strong>Finger circumference :<\/strong> 53<br \/>\n<strong>Ring style :<\/strong> Fil<br \/>\n<strong>Setting:<\/strong> With claws<br \/>\n<strong>Material :<\/strong> Yellow gold<br \/>\n<strong>Total weight :<\/strong> 1,34 gr<br \/>\n<strong>Type of stone :<\/strong> P\u00e9ridot<br \/>\n<strong>Form :<\/strong> Rond brillant<br \/>\n<strong>Stone color :<\/strong> Vert pomme<br \/>\n<strong>Measurements : <\/strong>5 mm de diam\u00e8tre<br \/>\n<strong>Poids\u00a0: <\/strong>O,55 ct<strong><br \/>\n<\/strong><strong>Country of manufacture :<\/strong> France<\/p>\n<p>The <strong>Bague Rikiki<\/strong> est une pi\u00e8ce unique qui a \u00e9t\u00e9 r\u00e9alis\u00e9e par des artisans fran\u00e7ais avec grand soin. Moderne, discr\u00e8te et facile \u00e0 porter, seule ou en accumul\u00e9es, elle peut vous apporter de la couleur et de la vari\u00e9t\u00e9 \u00e0 vos tenues de tous les jours. J\u2019ai choisi un p\u00e9ridot d\u2019une couleur tr\u00e8s p\u00e9tillante comme pierre principale avec un serti \u00e0 6 griffes pour une meilleure protection.<\/p>","protected":false},"excerpt":{"rendered":"<p>La Bague Rikiki peut \u00e9galement \u00eatre fabriqu\u00e9 \u00ab <strong>SUR COMMANDE\u00bb<\/strong> avec une pierre de la m\u00eame forme (rond brillant) et m\u00eame taille mais avec une couleur diff\u00e8rent si vous le souhaitez. Je vous propose quelques pierres : zircon, am\u00e9thyste, aig\u00fce marine, tourmalines ou grenat. <strong>Le temps de fabrication sera d\u2019environ 4 semaines.<\/strong> Pour choisir la couleur de votre pierre et la taille de votre bague ou pour plus information vous pouvez me contacter sur : <a href=\"mailto:contact@vcb-paris.com\">contact@vcb-paris.com<\/a><\/p>\n<p><strong>Shipping time :<\/strong><strong><br \/>\n<\/strong>Le temps d\u2019envoi en France m\u00e9tropolitaine est de 5 jours. Pour les envois internationaux me contacter.<br \/>\nLe collier sera emball\u00e9 avec soin dans une boite et une enveloppe renforc\u00e9e.<\/p>\n<p><strong>Follow me on the networks:<\/strong><strong><br \/>\nInstagram<\/strong>\u00a0 <a href=\"https:\/\/www.instagram.com\/veronicacyrot_bijoux\/\">@veronicacyrot_bijoux<\/a><br \/>\n<strong>Pinterest<\/strong> \u00a0\u00a0<a href=\"https:\/\/www.pinterest.fr\/veronicacyrot\/\">veronicacyrot<\/a><\/p>","protected":false},"featured_media":2881,"template":"","meta":{"inline_featured_image":false,"site-sidebar-layout":"default","site-content-layout":"","ast-site-content-layout":"default","site-content-style":"default","site-sidebar-style":"default","ast-global-header-display":"","ast-banner-title-visibility":"","ast-main-header-display":"","ast-hfb-above-header-display":"","ast-hfb-below-header-display":"","ast-hfb-mobile-header-display":"","site-post-title":"","ast-breadcrumbs-content":"","ast-featured-img":"","footer-sml-layout":"","theme-transparent-header-meta":"default","adv-header-id-meta":"","stick-header-meta":"","header-above-stick-meta":"","header-main-stick-meta":"","header-below-stick-meta":"","astra-migrate-meta-layouts":"set","ast-page-background-enabled":"default","ast-page-background-meta":{"desktop":{"background-color":"var(--ast-global-color-4)","background-image":"","background-repeat":"repeat","background-position":"center center","background-size":"auto","background-attachment":"scroll","background-type":"","background-media":"","overlay-type":"","overlay-color":"","overlay-opacity":"","overlay-gradient":""},"tablet":{"background-color":"","background-image":"","background-repeat":"repeat","background-position":"center center","background-size":"auto","background-attachment":"scroll","background-type":"","background-media":"","overlay-type":"","overlay-color":"","overlay-opacity":"","overlay-gradient":""},"mobile":{"background-color":"","background-image":"","background-repeat":"repeat","background-position":"center center","background-size":"auto","background-attachment":"scroll","background-type":"","background-media":"","overlay-type":"","overlay-color":"","overlay-opacity":"","overlay-gradient":""}},"ast-content-background-meta":{"desktop":{"background-color":"var(--ast-global-color-5)","background-image":"","background-repeat":"repeat","background-position":"center center","background-size":"auto","background-attachment":"scroll","background-type":"","background-media":"","overlay-type":"","overlay-color":"","overlay-opacity":"","overlay-gradient":""},"tablet":{"background-color":"var(--ast-global-color-5)","background-image":"","background-repeat":"repeat","background-position":"center center","background-size":"auto","background-attachment":"scroll","background-type":"","background-media":"","overlay-type":"","overlay-color":"","overlay-opacity":"","overlay-gradient":""},"mobile":{"background-color":"var(--ast-global-color-5)","background-image":"","background-repeat":"repeat","background-position":"center center","background-size":"auto","background-attachment":"scroll","background-type":"","background-media":"","overlay-type":"","overlay-color":"","overlay-opacity":"","overlay-gradient":""}}},"product_brand":[],"product_cat":[27],"product_tag":[40],"class_list":{"0":"post-3561","1":"product","2":"type-product","3":"status-publish","4":"has-post-thumbnail","6":"product_cat-bijoux","7":"product_tag-bijoux","8":"desktop-align-center","9":"tablet-align-left","10":"mobile-align-left","12":"first","13":"instock","14":"sold-individually","15":"shipping-taxable","16":"purchasable","17":"product-type-simple"},"yoast_head":"<!-- This site is optimized with the Yoast SEO plugin v26.5 - https:\/\/yoast.com\/wordpress\/plugins\/seo\/ -->\n<title>BAGUE RIKIKI PERIDOT - VERONICA CYROT<\/title>\n<meta name=\"robots\" content=\"index, follow, max-snippet:-1, max-image-preview:large, max-video-preview:-1\" \/>\n<link rel=\"canonical\" href=\"https:\/\/www.vcb-paris.com\/en\/product\/bague-rikiki-peridot-copie\/\" \/>\n<meta property=\"og:locale\" content=\"en_US\" \/>\n<meta property=\"og:type\" content=\"article\" \/>\n<meta property=\"og:title\" content=\"BAGUE RIKIKI PERIDOT - VERONICA CYROT\" \/>\n<meta property=\"og:description\" content=\"La Bague Rikiki peut \u00e9galement \u00eatre fabriqu\u00e9 \u00ab SUR COMMANDE\u00bb avec une pierre de la m\u00eame forme (rond brillant) et m\u00eame taille mais avec une couleur diff\u00e8rent si vous le souhaitez. Je vous propose quelques pierres : zircon, am\u00e9thyste, aig\u00fce marine, tourmalines ou grenat. Le temps de fabrication sera d\u2019environ 4 semaines. Pour choisir la couleur de votre pierre et la taille de votre bague ou pour plus information vous pouvez me contacter sur : contact@vcb-paris.com  Temps d&#039;envoi : Le temps d\u2019envoi en France m\u00e9tropolitaine est de 5 jours. Pour les envois internationaux me contacter. Le collier sera emball\u00e9 avec soin dans une boite et une enveloppe renforc\u00e9e.  Suivez-moi sur les r\u00e9seaux : Instagram\u00a0 @veronicacyrot_bijoux Pinterest \u00a0\u00a0veronicacyrot\" \/>\n<meta property=\"og:url\" content=\"https:\/\/www.vcb-paris.com\/en\/product\/bague-rikiki-peridot-copie\/\" \/>\n<meta property=\"og:site_name\" content=\"VERONICA CYROT\" \/>\n<meta property=\"article:publisher\" content=\"https:\/\/www.facebook.com\/veronicacyrotbijoux\" \/>\n<meta property=\"article:modified_time\" content=\"2025-12-26T20:08:29+00:00\" \/>\n<meta property=\"og:image\" content=\"https:\/\/www.vcb-paris.com\/wp-content\/uploads\/2024\/03\/BAGUE-RIKIKI-PERIDOT_01.jpg\" \/>\n\t<meta property=\"og:image:width\" content=\"1500\" \/>\n\t<meta property=\"og:image:height\" content=\"1500\" \/>\n\t<meta property=\"og:image:type\" content=\"image\/jpeg\" \/>\n<meta name=\"twitter:card\" content=\"summary_large_image\" \/>\n<meta name=\"twitter:label1\" content=\"Est. reading time\" \/>\n\t<meta name=\"twitter:data1\" content=\"1 minute\" \/>\n<script type=\"application\/ld+json\" class=\"yoast-schema-graph\">{\"@context\":\"https:\/\/schema.org\",\"@graph\":[{\"@type\":\"WebPage\",\"@id\":\"https:\/\/www.vcb-paris.com\/produit\/bague-rikiki-peridot-copie\/\",\"url\":\"https:\/\/www.vcb-paris.com\/produit\/bague-rikiki-peridot-copie\/\",\"name\":\"BAGUE RIKIKI PERIDOT - VERONICA CYROT\",\"isPartOf\":{\"@id\":\"https:\/\/www.vcb-paris.com\/#website\"},\"primaryImageOfPage\":{\"@id\":\"https:\/\/www.vcb-paris.com\/produit\/bague-rikiki-peridot-copie\/#primaryimage\"},\"image\":{\"@id\":\"https:\/\/www.vcb-paris.com\/produit\/bague-rikiki-peridot-copie\/#primaryimage\"},\"thumbnailUrl\":\"https:\/\/www.vcb-paris.com\/wp-content\/uploads\/2024\/03\/BAGUE-RIKIKI-PERIDOT_01.jpg\",\"datePublished\":\"2024-06-25T08:55:48+00:00\",\"dateModified\":\"2025-12-26T20:08:29+00:00\",\"breadcrumb\":{\"@id\":\"https:\/\/www.vcb-paris.com\/produit\/bague-rikiki-peridot-copie\/#breadcrumb\"},\"inLanguage\":\"en-US\",\"potentialAction\":[{\"@type\":\"ReadAction\",\"target\":[\"https:\/\/www.vcb-paris.com\/produit\/bague-rikiki-peridot-copie\/\"]}]},{\"@type\":\"ImageObject\",\"inLanguage\":\"en-US\",\"@id\":\"https:\/\/www.vcb-paris.com\/produit\/bague-rikiki-peridot-copie\/#primaryimage\",\"url\":\"https:\/\/www.vcb-paris.com\/wp-content\/uploads\/2024\/03\/BAGUE-RIKIKI-PERIDOT_01.jpg\",\"contentUrl\":\"https:\/\/www.vcb-paris.com\/wp-content\/uploads\/2024\/03\/BAGUE-RIKIKI-PERIDOT_01.jpg\",\"width\":1500,\"height\":1500,\"caption\":\"Bague rikiki or jaune p\u00e9ridot\"},{\"@type\":\"BreadcrumbList\",\"@id\":\"https:\/\/www.vcb-paris.com\/produit\/bague-rikiki-peridot-copie\/#breadcrumb\",\"itemListElement\":[{\"@type\":\"ListItem\",\"position\":1,\"name\":\"Accueil\",\"item\":\"https:\/\/www.vcb-paris.com\/\"},{\"@type\":\"ListItem\",\"position\":2,\"name\":\"Products\",\"item\":\"https:\/\/www.vcb-paris.com\/en\/boutique__trashed\/\"},{\"@type\":\"ListItem\",\"position\":3,\"name\":\"BAGUE RIKIKI PERIDOT\"}]},{\"@type\":\"WebSite\",\"@id\":\"https:\/\/www.vcb-paris.com\/#website\",\"url\":\"https:\/\/www.vcb-paris.com\/\",\"name\":\"VERONICA CYROT BIJOUX\",\"description\":\"Une id\u00e9e, un dessin, un bijou.\",\"publisher\":{\"@id\":\"https:\/\/www.vcb-paris.com\/#organization\"},\"potentialAction\":[{\"@type\":\"SearchAction\",\"target\":{\"@type\":\"EntryPoint\",\"urlTemplate\":\"https:\/\/www.vcb-paris.com\/?s={search_term_string}\"},\"query-input\":{\"@type\":\"PropertyValueSpecification\",\"valueRequired\":true,\"valueName\":\"search_term_string\"}}],\"inLanguage\":\"en-US\"},{\"@type\":\"Organization\",\"@id\":\"https:\/\/www.vcb-paris.com\/#organization\",\"name\":\"VERONICA CYROT BIJOUX\",\"url\":\"https:\/\/www.vcb-paris.com\/\",\"logo\":{\"@type\":\"ImageObject\",\"inLanguage\":\"en-US\",\"@id\":\"https:\/\/www.vcb-paris.com\/#\/schema\/logo\/image\/\",\"url\":\"https:\/\/www.vcb-paris.com\/wp-content\/uploads\/2022\/09\/Logo-Veronica-Cyrot-Bijoux.svg\",\"contentUrl\":\"https:\/\/www.vcb-paris.com\/wp-content\/uploads\/2022\/09\/Logo-Veronica-Cyrot-Bijoux.svg\",\"width\":160,\"height\":160,\"caption\":\"VERONICA CYROT BIJOUX\"},\"image\":{\"@id\":\"https:\/\/www.vcb-paris.com\/#\/schema\/logo\/image\/\"},\"sameAs\":[\"https:\/\/www.facebook.com\/veronicacyrotbijoux\",\"https:\/\/www.instagram.com\/veronicacyrot_bijoux\/\",\"https:\/\/www.pinterest.fr\/veronicacyrot\/\"]}]}<\/script>\n<!-- \/ Yoast SEO plugin. -->","yoast_head_json":{"title":"BAGUE RIKIKI PERIDOT - VERONICA CYROT","robots":{"index":"index","follow":"follow","max-snippet":"max-snippet:-1","max-image-preview":"max-image-preview:large","max-video-preview":"max-video-preview:-1"},"canonical":"https:\/\/www.vcb-paris.com\/en\/product\/bague-rikiki-peridot-copie\/","og_locale":"en_US","og_type":"article","og_title":"BAGUE RIKIKI PERIDOT - VERONICA CYROT","og_description":"La Bague Rikiki peut \u00e9galement \u00eatre fabriqu\u00e9 \u00ab SUR COMMANDE\u00bb avec une pierre de la m\u00eame forme (rond brillant) et m\u00eame taille mais avec une couleur diff\u00e8rent si vous le souhaitez. Je vous propose quelques pierres : zircon, am\u00e9thyste, aig\u00fce marine, tourmalines ou grenat. Le temps de fabrication sera d\u2019environ 4 semaines. Pour choisir la couleur de votre pierre et la taille de votre bague ou pour plus information vous pouvez me contacter sur : contact@vcb-paris.com  Temps d'envoi : Le temps d\u2019envoi en France m\u00e9tropolitaine est de 5 jours. Pour les envois internationaux me contacter. Le collier sera emball\u00e9 avec soin dans une boite et une enveloppe renforc\u00e9e.  Suivez-moi sur les r\u00e9seaux : Instagram\u00a0 @veronicacyrot_bijoux Pinterest \u00a0\u00a0veronicacyrot","og_url":"https:\/\/www.vcb-paris.com\/en\/product\/bague-rikiki-peridot-copie\/","og_site_name":"VERONICA CYROT","article_publisher":"https:\/\/www.facebook.com\/veronicacyrotbijoux","article_modified_time":"2025-12-26T20:08:29+00:00","og_image":[{"width":1500,"height":1500,"url":"https:\/\/www.vcb-paris.com\/wp-content\/uploads\/2024\/03\/BAGUE-RIKIKI-PERIDOT_01.jpg","type":"image\/jpeg"}],"twitter_card":"summary_large_image","twitter_misc":{"Est. reading time":"1 minute"},"schema":{"@context":"https:\/\/schema.org","@graph":[{"@type":"WebPage","@id":"https:\/\/www.vcb-paris.com\/produit\/bague-rikiki-peridot-copie\/","url":"https:\/\/www.vcb-paris.com\/produit\/bague-rikiki-peridot-copie\/","name":"BAGUE RIKIKI PERIDOT - VERONICA CYROT","isPartOf":{"@id":"https:\/\/www.vcb-paris.com\/#website"},"primaryImageOfPage":{"@id":"https:\/\/www.vcb-paris.com\/produit\/bague-rikiki-peridot-copie\/#primaryimage"},"image":{"@id":"https:\/\/www.vcb-paris.com\/produit\/bague-rikiki-peridot-copie\/#primaryimage"},"thumbnailUrl":"https:\/\/www.vcb-paris.com\/wp-content\/uploads\/2024\/03\/BAGUE-RIKIKI-PERIDOT_01.jpg","datePublished":"2024-06-25T08:55:48+00:00","dateModified":"2025-12-26T20:08:29+00:00","breadcrumb":{"@id":"https:\/\/www.vcb-paris.com\/produit\/bague-rikiki-peridot-copie\/#breadcrumb"},"inLanguage":"en-US","potentialAction":[{"@type":"ReadAction","target":["https:\/\/www.vcb-paris.com\/produit\/bague-rikiki-peridot-copie\/"]}]},{"@type":"ImageObject","inLanguage":"en-US","@id":"https:\/\/www.vcb-paris.com\/produit\/bague-rikiki-peridot-copie\/#primaryimage","url":"https:\/\/www.vcb-paris.com\/wp-content\/uploads\/2024\/03\/BAGUE-RIKIKI-PERIDOT_01.jpg","contentUrl":"https:\/\/www.vcb-paris.com\/wp-content\/uploads\/2024\/03\/BAGUE-RIKIKI-PERIDOT_01.jpg","width":1500,"height":1500,"caption":"Bague rikiki or jaune p\u00e9ridot"},{"@type":"BreadcrumbList","@id":"https:\/\/www.vcb-paris.com\/produit\/bague-rikiki-peridot-copie\/#breadcrumb","itemListElement":[{"@type":"ListItem","position":1,"name":"Accueil","item":"https:\/\/www.vcb-paris.com\/"},{"@type":"ListItem","position":2,"name":"Products","item":"https:\/\/www.vcb-paris.com\/en\/boutique__trashed\/"},{"@type":"ListItem","position":3,"name":"BAGUE RIKIKI PERIDOT"}]},{"@type":"WebSite","@id":"https:\/\/www.vcb-paris.com\/#website","url":"https:\/\/www.vcb-paris.com\/","name":"VERONICA CYROT BIJOUX","description":"Une id\u00e9e, un dessin, un bijou.","publisher":{"@id":"https:\/\/www.vcb-paris.com\/#organization"},"potentialAction":[{"@type":"SearchAction","target":{"@type":"EntryPoint","urlTemplate":"https:\/\/www.vcb-paris.com\/?s={search_term_string}"},"query-input":{"@type":"PropertyValueSpecification","valueRequired":true,"valueName":"search_term_string"}}],"inLanguage":"en-US"},{"@type":"Organization","@id":"https:\/\/www.vcb-paris.com\/#organization","name":"VERONICA CYROT BIJOUX","url":"https:\/\/www.vcb-paris.com\/","logo":{"@type":"ImageObject","inLanguage":"en-US","@id":"https:\/\/www.vcb-paris.com\/#\/schema\/logo\/image\/","url":"https:\/\/www.vcb-paris.com\/wp-content\/uploads\/2022\/09\/Logo-Veronica-Cyrot-Bijoux.svg","contentUrl":"https:\/\/www.vcb-paris.com\/wp-content\/uploads\/2022\/09\/Logo-Veronica-Cyrot-Bijoux.svg","width":160,"height":160,"caption":"VERONICA CYROT BIJOUX"},"image":{"@id":"https:\/\/www.vcb-paris.com\/#\/schema\/logo\/image\/"},"sameAs":["https:\/\/www.facebook.com\/veronicacyrotbijoux","https:\/\/www.instagram.com\/veronicacyrot_bijoux\/","https:\/\/www.pinterest.fr\/veronicacyrot\/"]}]}},"_links":{"self":[{"href":"http:\/\/www.vcb-paris.com\/en\/wp-json\/wp\/v2\/product\/3561","targetHints":{"allow":["GET"]}}],"collection":[{"href":"http:\/\/www.vcb-paris.com\/en\/wp-json\/wp\/v2\/product"}],"about":[{"href":"http:\/\/www.vcb-paris.com\/en\/wp-json\/wp\/v2\/types\/product"}],"wp:featuredmedia":[{"embeddable":true,"href":"http:\/\/www.vcb-paris.com\/en\/wp-json\/wp\/v2\/media\/2881"}],"wp:attachment":[{"href":"http:\/\/www.vcb-paris.com\/en\/wp-json\/wp\/v2\/media?parent=3561"}],"wp:term":[{"taxonomy":"product_brand","embeddable":true,"href":"http:\/\/www.vcb-paris.com\/en\/wp-json\/wp\/v2\/product_brand?post=3561"},{"taxonomy":"product_cat","embeddable":true,"href":"http:\/\/www.vcb-paris.com\/en\/wp-json\/wp\/v2\/product_cat?post=3561"},{"taxonomy":"product_tag","embeddable":true,"href":"http:\/\/www.vcb-paris.com\/en\/wp-json\/wp\/v2\/product_tag?post=3561"}],"curies":[{"name":"wp","href":"https:\/\/api.w.org\/{rel}","templated":true}]}}