{"id":3143,"date":"2024-05-31T09:59:42","date_gmt":"2024-05-31T09:59:42","guid":{"rendered":"https:\/\/www.vcb-paris.com\/?post_type=product&#038;p=3143"},"modified":"2025-08-18T15:08:05","modified_gmt":"2025-08-18T15:08:05","slug":"bracelet-zoisite-rubis-pierres-naturelles","status":"publish","type":"product","link":"http:\/\/www.vcb-paris.com\/en\/product\/bracelet-zoisite-rubis-pierres-naturelles\/","title":{"rendered":"BRACELET ZO\u00cfSITE RUBIS PIERRES NATURELLES"},"content":{"rendered":"<p>BRSIMP00004<\/p>\n<p><strong>Pierre :<\/strong> Zo\u00efsite-rubis<br \/>\n<strong>Couleur :<\/strong> Vert et rouge<br \/>\n<strong>Taille de la perle :<\/strong> 8 mm<strong><br \/>\n<\/strong><strong>Largeur :<\/strong> 21 cm<br \/>\n<strong>Accessoires :<\/strong><br \/>\n<strong>Type de bracelet :<\/strong> Ajustable, \u00e9lastique<br \/>\n<strong>Pays de fabrication :<\/strong> France<\/p>\n<p><strong>Ce bracelet a \u00e9t\u00e9 fabriqu\u00e9 avec Zo\u00efsite-rubis 100% naturelle. <\/strong>La Zo\u00efsite est une pierre tr\u00e8s rare et tr\u00e8s recherch\u00e9 pour les collectionneurs. C&rsquo;est une source d\u2019\u00e9nergie vitale et elle peux aider \u00e0 r\u00e9guler le flux sanguin. Vous pouvez utiliser ce bracelet seul ou combin\u00e9 avec des autres pierres comme l&rsquo;agate mousse, le jade vert ou la pr\u00e9hnite.<\/p>","protected":false},"excerpt":{"rendered":"<p><strong>Shipping time :<\/strong><strong><br \/>\n<\/strong>Le temps d&rsquo;envoi en France m\u00e9tropolitaine est de 5 jours et pour les envois internationales est de 10 \u00e0 15 jours approximativement.<\/p>\n<p><strong>Une question sur ce produit?<\/strong><strong><br \/>\n<\/strong>Vous pouvez me contacter par mail : <a href=\"mailto:contact@vcb-paris.com\">contact@vcb-paris.com<\/a><\/p>\n<p><strong>Follow me on the networks:<\/strong><strong><br \/>\nInstagram<\/strong>\u00a0 <a href=\"https:\/\/www.instagram.com\/veronicacyrot_bijoux\/\">@veronicacyrot_bijoux<\/a><br \/>\n<strong>Pinterest<\/strong> \u00a0\u00a0<a href=\"https:\/\/www.pinterest.fr\/veronicacyrot\/\">veronicacyrot<\/a><\/p>","protected":false},"featured_media":3072,"template":"","meta":{"inline_featured_image":false,"site-sidebar-layout":"default","site-content-layout":"","ast-site-content-layout":"default","site-content-style":"default","site-sidebar-style":"default","ast-global-header-display":"","ast-banner-title-visibility":"","ast-main-header-display":"","ast-hfb-above-header-display":"","ast-hfb-below-header-display":"","ast-hfb-mobile-header-display":"","site-post-title":"","ast-breadcrumbs-content":"","ast-featured-img":"","footer-sml-layout":"","theme-transparent-header-meta":"default","adv-header-id-meta":"","stick-header-meta":"","header-above-stick-meta":"","header-main-stick-meta":"","header-below-stick-meta":"","astra-migrate-meta-layouts":"set","ast-page-background-enabled":"default","ast-page-background-meta":{"desktop":{"background-color":"var(--ast-global-color-4)","background-image":"","background-repeat":"repeat","background-position":"center center","background-size":"auto","background-attachment":"scroll","background-type":"","background-media":"","overlay-type":"","overlay-color":"","overlay-opacity":"","overlay-gradient":""},"tablet":{"background-color":"","background-image":"","background-repeat":"repeat","background-position":"center center","background-size":"auto","background-attachment":"scroll","background-type":"","background-media":"","overlay-type":"","overlay-color":"","overlay-opacity":"","overlay-gradient":""},"mobile":{"background-color":"","background-image":"","background-repeat":"repeat","background-position":"center center","background-size":"auto","background-attachment":"scroll","background-type":"","background-media":"","overlay-type":"","overlay-color":"","overlay-opacity":"","overlay-gradient":""}},"ast-content-background-meta":{"desktop":{"background-color":"var(--ast-global-color-5)","background-image":"","background-repeat":"repeat","background-position":"center center","background-size":"auto","background-attachment":"scroll","background-type":"","background-media":"","overlay-type":"","overlay-color":"","overlay-opacity":"","overlay-gradient":""},"tablet":{"background-color":"var(--ast-global-color-5)","background-image":"","background-repeat":"repeat","background-position":"center center","background-size":"auto","background-attachment":"scroll","background-type":"","background-media":"","overlay-type":"","overlay-color":"","overlay-opacity":"","overlay-gradient":""},"mobile":{"background-color":"var(--ast-global-color-5)","background-image":"","background-repeat":"repeat","background-position":"center center","background-size":"auto","background-attachment":"scroll","background-type":"","background-media":"","overlay-type":"","overlay-color":"","overlay-opacity":"","overlay-gradient":""}}},"product_brand":[],"product_cat":[38],"product_tag":[39],"class_list":{"0":"post-3143","1":"product","2":"type-product","3":"status-publish","4":"has-post-thumbnail","6":"product_cat-bracelet","7":"product_tag-bracelet","8":"desktop-align-center","9":"tablet-align-left","10":"mobile-align-left","12":"first","13":"instock","14":"shipping-taxable","15":"purchasable","16":"product-type-simple"},"yoast_head":"<!-- This site is optimized with the Yoast SEO plugin v26.5 - https:\/\/yoast.com\/wordpress\/plugins\/seo\/ -->\n<title>BRACELET ZO\u00cfSITE RUBIS PIERRES NATURELLES - VERONICA CYROT<\/title>\n<meta name=\"robots\" content=\"index, follow, max-snippet:-1, max-image-preview:large, max-video-preview:-1\" \/>\n<link rel=\"canonical\" href=\"https:\/\/www.vcb-paris.com\/en\/product\/bracelet-zoisite-rubis-pierres-naturelles\/\" \/>\n<meta property=\"og:locale\" content=\"en_US\" \/>\n<meta property=\"og:type\" content=\"article\" \/>\n<meta property=\"og:title\" content=\"BRACELET ZO\u00cfSITE RUBIS PIERRES NATURELLES - VERONICA CYROT\" \/>\n<meta property=\"og:description\" content=\"Temps d&#039;envoi : Le temps d&#039;envoi en France m\u00e9tropolitaine est de 5 jours et pour les envois internationales est de 10 \u00e0 15 jours approximativement.  Une question sur ce produit? Vous pouvez me contacter par mail : contact@vcb-paris.com  Suivez-moi sur les r\u00e9seaux : Instagram\u00a0 @veronicacyrot_bijoux Pinterest \u00a0\u00a0veronicacyrot\" \/>\n<meta property=\"og:url\" content=\"https:\/\/www.vcb-paris.com\/en\/product\/bracelet-zoisite-rubis-pierres-naturelles\/\" \/>\n<meta property=\"og:site_name\" content=\"VERONICA CYROT\" \/>\n<meta property=\"article:publisher\" content=\"https:\/\/www.facebook.com\/veronicacyrotbijoux\" \/>\n<meta property=\"article:modified_time\" content=\"2025-08-18T15:08:05+00:00\" \/>\n<meta property=\"og:image\" content=\"https:\/\/www.vcb-paris.com\/wp-content\/uploads\/2024\/05\/Bracelet-pierre-zoisite-rubis-2.jpg\" \/>\n\t<meta property=\"og:image:width\" content=\"1500\" \/>\n\t<meta property=\"og:image:height\" content=\"1500\" \/>\n\t<meta property=\"og:image:type\" content=\"image\/jpeg\" \/>\n<meta name=\"twitter:card\" content=\"summary_large_image\" \/>\n<meta name=\"twitter:label1\" content=\"Est. reading time\" \/>\n\t<meta name=\"twitter:data1\" content=\"1 minute\" \/>\n<script type=\"application\/ld+json\" class=\"yoast-schema-graph\">{\"@context\":\"https:\/\/schema.org\",\"@graph\":[{\"@type\":\"WebPage\",\"@id\":\"https:\/\/www.vcb-paris.com\/produit\/bracelet-zoisite-rubis-pierres-naturelles\/\",\"url\":\"https:\/\/www.vcb-paris.com\/produit\/bracelet-zoisite-rubis-pierres-naturelles\/\",\"name\":\"BRACELET ZO\u00cfSITE RUBIS PIERRES NATURELLES - VERONICA CYROT\",\"isPartOf\":{\"@id\":\"https:\/\/www.vcb-paris.com\/#website\"},\"primaryImageOfPage\":{\"@id\":\"https:\/\/www.vcb-paris.com\/produit\/bracelet-zoisite-rubis-pierres-naturelles\/#primaryimage\"},\"image\":{\"@id\":\"https:\/\/www.vcb-paris.com\/produit\/bracelet-zoisite-rubis-pierres-naturelles\/#primaryimage\"},\"thumbnailUrl\":\"https:\/\/www.vcb-paris.com\/wp-content\/uploads\/2024\/05\/Bracelet-pierre-zoisite-rubis-2.jpg\",\"datePublished\":\"2024-05-31T09:59:42+00:00\",\"dateModified\":\"2025-08-18T15:08:05+00:00\",\"breadcrumb\":{\"@id\":\"https:\/\/www.vcb-paris.com\/produit\/bracelet-zoisite-rubis-pierres-naturelles\/#breadcrumb\"},\"inLanguage\":\"en-US\",\"potentialAction\":[{\"@type\":\"ReadAction\",\"target\":[\"https:\/\/www.vcb-paris.com\/produit\/bracelet-zoisite-rubis-pierres-naturelles\/\"]}]},{\"@type\":\"ImageObject\",\"inLanguage\":\"en-US\",\"@id\":\"https:\/\/www.vcb-paris.com\/produit\/bracelet-zoisite-rubis-pierres-naturelles\/#primaryimage\",\"url\":\"https:\/\/www.vcb-paris.com\/wp-content\/uploads\/2024\/05\/Bracelet-pierre-zoisite-rubis-2.jpg\",\"contentUrl\":\"https:\/\/www.vcb-paris.com\/wp-content\/uploads\/2024\/05\/Bracelet-pierre-zoisite-rubis-2.jpg\",\"width\":1500,\"height\":1500,\"caption\":\"Bracelet Zoisite rubis pierres naturelles paris\"},{\"@type\":\"BreadcrumbList\",\"@id\":\"https:\/\/www.vcb-paris.com\/produit\/bracelet-zoisite-rubis-pierres-naturelles\/#breadcrumb\",\"itemListElement\":[{\"@type\":\"ListItem\",\"position\":1,\"name\":\"Accueil\",\"item\":\"https:\/\/www.vcb-paris.com\/\"},{\"@type\":\"ListItem\",\"position\":2,\"name\":\"Products\",\"item\":\"https:\/\/www.vcb-paris.com\/en\/boutique__trashed\/\"},{\"@type\":\"ListItem\",\"position\":3,\"name\":\"BRACELET ZO\u00cfSITE RUBIS PIERRES NATURELLES\"}]},{\"@type\":\"WebSite\",\"@id\":\"https:\/\/www.vcb-paris.com\/#website\",\"url\":\"https:\/\/www.vcb-paris.com\/\",\"name\":\"VERONICA CYROT BIJOUX\",\"description\":\"Une id\u00e9e, un dessin, un bijou.\",\"publisher\":{\"@id\":\"https:\/\/www.vcb-paris.com\/#organization\"},\"potentialAction\":[{\"@type\":\"SearchAction\",\"target\":{\"@type\":\"EntryPoint\",\"urlTemplate\":\"https:\/\/www.vcb-paris.com\/?s={search_term_string}\"},\"query-input\":{\"@type\":\"PropertyValueSpecification\",\"valueRequired\":true,\"valueName\":\"search_term_string\"}}],\"inLanguage\":\"en-US\"},{\"@type\":\"Organization\",\"@id\":\"https:\/\/www.vcb-paris.com\/#organization\",\"name\":\"VERONICA CYROT BIJOUX\",\"url\":\"https:\/\/www.vcb-paris.com\/\",\"logo\":{\"@type\":\"ImageObject\",\"inLanguage\":\"en-US\",\"@id\":\"https:\/\/www.vcb-paris.com\/#\/schema\/logo\/image\/\",\"url\":\"https:\/\/www.vcb-paris.com\/wp-content\/uploads\/2022\/09\/Logo-Veronica-Cyrot-Bijoux.svg\",\"contentUrl\":\"https:\/\/www.vcb-paris.com\/wp-content\/uploads\/2022\/09\/Logo-Veronica-Cyrot-Bijoux.svg\",\"width\":160,\"height\":160,\"caption\":\"VERONICA CYROT BIJOUX\"},\"image\":{\"@id\":\"https:\/\/www.vcb-paris.com\/#\/schema\/logo\/image\/\"},\"sameAs\":[\"https:\/\/www.facebook.com\/veronicacyrotbijoux\",\"https:\/\/www.instagram.com\/veronicacyrot_bijoux\/\",\"https:\/\/www.pinterest.fr\/veronicacyrot\/\"]}]}<\/script>\n<!-- \/ Yoast SEO plugin. -->","yoast_head_json":{"title":"BRACELET ZO\u00cfSITE RUBIS PIERRES NATURELLES - VERONICA CYROT","robots":{"index":"index","follow":"follow","max-snippet":"max-snippet:-1","max-image-preview":"max-image-preview:large","max-video-preview":"max-video-preview:-1"},"canonical":"https:\/\/www.vcb-paris.com\/en\/product\/bracelet-zoisite-rubis-pierres-naturelles\/","og_locale":"en_US","og_type":"article","og_title":"BRACELET ZO\u00cfSITE RUBIS PIERRES NATURELLES - VERONICA CYROT","og_description":"Temps d'envoi : Le temps d'envoi en France m\u00e9tropolitaine est de 5 jours et pour les envois internationales est de 10 \u00e0 15 jours approximativement.  Une question sur ce produit? Vous pouvez me contacter par mail : contact@vcb-paris.com  Suivez-moi sur les r\u00e9seaux : Instagram\u00a0 @veronicacyrot_bijoux Pinterest \u00a0\u00a0veronicacyrot","og_url":"https:\/\/www.vcb-paris.com\/en\/product\/bracelet-zoisite-rubis-pierres-naturelles\/","og_site_name":"VERONICA CYROT","article_publisher":"https:\/\/www.facebook.com\/veronicacyrotbijoux","article_modified_time":"2025-08-18T15:08:05+00:00","og_image":[{"width":1500,"height":1500,"url":"https:\/\/www.vcb-paris.com\/wp-content\/uploads\/2024\/05\/Bracelet-pierre-zoisite-rubis-2.jpg","type":"image\/jpeg"}],"twitter_card":"summary_large_image","twitter_misc":{"Est. reading time":"1 minute"},"schema":{"@context":"https:\/\/schema.org","@graph":[{"@type":"WebPage","@id":"https:\/\/www.vcb-paris.com\/produit\/bracelet-zoisite-rubis-pierres-naturelles\/","url":"https:\/\/www.vcb-paris.com\/produit\/bracelet-zoisite-rubis-pierres-naturelles\/","name":"BRACELET ZO\u00cfSITE RUBIS PIERRES NATURELLES - VERONICA CYROT","isPartOf":{"@id":"https:\/\/www.vcb-paris.com\/#website"},"primaryImageOfPage":{"@id":"https:\/\/www.vcb-paris.com\/produit\/bracelet-zoisite-rubis-pierres-naturelles\/#primaryimage"},"image":{"@id":"https:\/\/www.vcb-paris.com\/produit\/bracelet-zoisite-rubis-pierres-naturelles\/#primaryimage"},"thumbnailUrl":"https:\/\/www.vcb-paris.com\/wp-content\/uploads\/2024\/05\/Bracelet-pierre-zoisite-rubis-2.jpg","datePublished":"2024-05-31T09:59:42+00:00","dateModified":"2025-08-18T15:08:05+00:00","breadcrumb":{"@id":"https:\/\/www.vcb-paris.com\/produit\/bracelet-zoisite-rubis-pierres-naturelles\/#breadcrumb"},"inLanguage":"en-US","potentialAction":[{"@type":"ReadAction","target":["https:\/\/www.vcb-paris.com\/produit\/bracelet-zoisite-rubis-pierres-naturelles\/"]}]},{"@type":"ImageObject","inLanguage":"en-US","@id":"https:\/\/www.vcb-paris.com\/produit\/bracelet-zoisite-rubis-pierres-naturelles\/#primaryimage","url":"https:\/\/www.vcb-paris.com\/wp-content\/uploads\/2024\/05\/Bracelet-pierre-zoisite-rubis-2.jpg","contentUrl":"https:\/\/www.vcb-paris.com\/wp-content\/uploads\/2024\/05\/Bracelet-pierre-zoisite-rubis-2.jpg","width":1500,"height":1500,"caption":"Bracelet Zoisite rubis pierres naturelles paris"},{"@type":"BreadcrumbList","@id":"https:\/\/www.vcb-paris.com\/produit\/bracelet-zoisite-rubis-pierres-naturelles\/#breadcrumb","itemListElement":[{"@type":"ListItem","position":1,"name":"Accueil","item":"https:\/\/www.vcb-paris.com\/"},{"@type":"ListItem","position":2,"name":"Products","item":"https:\/\/www.vcb-paris.com\/en\/boutique__trashed\/"},{"@type":"ListItem","position":3,"name":"BRACELET ZO\u00cfSITE RUBIS PIERRES NATURELLES"}]},{"@type":"WebSite","@id":"https:\/\/www.vcb-paris.com\/#website","url":"https:\/\/www.vcb-paris.com\/","name":"VERONICA CYROT BIJOUX","description":"Une id\u00e9e, un dessin, un bijou.","publisher":{"@id":"https:\/\/www.vcb-paris.com\/#organization"},"potentialAction":[{"@type":"SearchAction","target":{"@type":"EntryPoint","urlTemplate":"https:\/\/www.vcb-paris.com\/?s={search_term_string}"},"query-input":{"@type":"PropertyValueSpecification","valueRequired":true,"valueName":"search_term_string"}}],"inLanguage":"en-US"},{"@type":"Organization","@id":"https:\/\/www.vcb-paris.com\/#organization","name":"VERONICA CYROT BIJOUX","url":"https:\/\/www.vcb-paris.com\/","logo":{"@type":"ImageObject","inLanguage":"en-US","@id":"https:\/\/www.vcb-paris.com\/#\/schema\/logo\/image\/","url":"https:\/\/www.vcb-paris.com\/wp-content\/uploads\/2022\/09\/Logo-Veronica-Cyrot-Bijoux.svg","contentUrl":"https:\/\/www.vcb-paris.com\/wp-content\/uploads\/2022\/09\/Logo-Veronica-Cyrot-Bijoux.svg","width":160,"height":160,"caption":"VERONICA CYROT BIJOUX"},"image":{"@id":"https:\/\/www.vcb-paris.com\/#\/schema\/logo\/image\/"},"sameAs":["https:\/\/www.facebook.com\/veronicacyrotbijoux","https:\/\/www.instagram.com\/veronicacyrot_bijoux\/","https:\/\/www.pinterest.fr\/veronicacyrot\/"]}]}},"_links":{"self":[{"href":"http:\/\/www.vcb-paris.com\/en\/wp-json\/wp\/v2\/product\/3143","targetHints":{"allow":["GET"]}}],"collection":[{"href":"http:\/\/www.vcb-paris.com\/en\/wp-json\/wp\/v2\/product"}],"about":[{"href":"http:\/\/www.vcb-paris.com\/en\/wp-json\/wp\/v2\/types\/product"}],"wp:featuredmedia":[{"embeddable":true,"href":"http:\/\/www.vcb-paris.com\/en\/wp-json\/wp\/v2\/media\/3072"}],"wp:attachment":[{"href":"http:\/\/www.vcb-paris.com\/en\/wp-json\/wp\/v2\/media?parent=3143"}],"wp:term":[{"taxonomy":"product_brand","embeddable":true,"href":"http:\/\/www.vcb-paris.com\/en\/wp-json\/wp\/v2\/product_brand?post=3143"},{"taxonomy":"product_cat","embeddable":true,"href":"http:\/\/www.vcb-paris.com\/en\/wp-json\/wp\/v2\/product_cat?post=3143"},{"taxonomy":"product_tag","embeddable":true,"href":"http:\/\/www.vcb-paris.com\/en\/wp-json\/wp\/v2\/product_tag?post=3143"}],"curies":[{"name":"wp","href":"https:\/\/api.w.org\/{rel}","templated":true}]}}