{"id":2931,"date":"2024-03-24T23:11:47","date_gmt":"2024-03-24T23:11:47","guid":{"rendered":"https:\/\/www.vcb-paris.com\/?post_type=product&#038;p=2931"},"modified":"2025-09-23T08:48:45","modified_gmt":"2025-09-23T08:48:45","slug":"gouache-original-tourmaline-a5","status":"publish","type":"product","link":"http:\/\/www.vcb-paris.com\/en\/product\/gouache-original-tourmaline-a5\/","title":{"rendered":"GOUACH\u00c9 ORIGINAL TOURMALINE A5"},"content":{"rendered":"<p><strong>Dessin traditionnel fran\u00e7ais<br \/>\n<\/strong>Fait \u00e0 la main<\/p>\n<p><strong>Description\u00a0: <\/strong>Gouach\u00e9 pierre TOURMALINE<br \/>\n<strong>Dimensions : <\/strong>A5 (210 mm x 48 mm)<br \/>\n<strong>Mat\u00e9riau\u00a0:<\/strong> Papier Canson Gris<br \/>\n<strong>Orientation\u00a0:<\/strong> Portrait<br \/>\n<strong>Form :<\/strong> Rectangulaire<br \/>\n<strong>Type de cadre\u00a0:<\/strong> Sans cadre<br \/>\n<strong>Country of manufacture : <\/strong>France<\/p>\n<p><strong>Le gouach\u00e9<\/strong> est un dessin traditionnel de l\u2019 haute joaillerie fran\u00e7aise qui se r\u00e9alise avec un pinceau et une peinture \u00e0 base d\u2019eau appel\u00e9 : la gouache. Un gouach\u00e9 est un excellent cadeau pour la famille, amis ou collaborateurs. <strong>Il est bien appr\u00e9ci\u00e9 pour les amants de la peinture et de l\u2019art, la gemmologie, la g\u00e9ologie et les bijoux.<\/strong> Il s\u2019adapte parfaitement \u00e0 la d\u00e9co du bureau, de la chambre, du salon et il peut surement embellir les murs de votre atelier, magasin ou bijouterie.<\/p>","protected":false},"excerpt":{"rendered":"<p><strong>Shipping time :<\/strong><strong><br \/>\n<\/strong>Le temps d&rsquo;envoi en France m\u00e9tropolitaine est de 5 jours et pour les envois internationales est de 10 \u00e0 15 jours approximativement.<br \/>\nLe gouach\u00e9 sera livr\u00e9 sans cadre. Il sera emball\u00e9 avec soin dans une enveloppe renforc\u00e9e.<\/p>\n<p><strong>Commander un Gouach\u00e9 personnalis\u00e9 :<\/strong><strong><br \/>\n<\/strong>Vous pouvez commander le dessin de votre pierre pr\u00e9f\u00e9r\u00e9e, d\u2019une pierre de famille ou bien d&rsquo;une pierre de naissance si vous le souhaitez. Le temps de fabrication sera d\u2019environ 2 semaines. Mon gouach\u00e9 personnalis\u00e9 <a href=\"https:\/\/www.vcb-paris.com\/en\/contact\/\"><strong>Here<\/strong><\/a><\/p>\n<p><strong>Plus information :<\/strong><strong><br \/>\n<\/strong>Vous pouvez me contacter sur : <a href=\"mailto:contact@vcb-paris.com\">contact@vcb-paris.com<\/a><\/p>\n<p><strong>Follow me on the networks:<\/strong><strong><br \/>\nInstagram<\/strong>\u00a0 <a href=\"https:\/\/www.instagram.com\/veronicacyrot_bijoux\/\">@veronicacyrot_bijoux<\/a><br \/>\n<strong>Pinterest<\/strong> \u00a0\u00a0<a href=\"https:\/\/www.pinterest.fr\/veronicacyrot\/\">veronicacyrot<\/a><\/p>\n<p><a href=\"https:\/\/www.vcb-paris.com\/en\/gouaches\/\">VOIR MES GOUACH\u00c9S JOAILLIERS<\/a><\/p>\n<p>&nbsp;<\/p>","protected":false},"featured_media":2927,"template":"","meta":{"inline_featured_image":false,"site-sidebar-layout":"default","site-content-layout":"","ast-site-content-layout":"default","site-content-style":"default","site-sidebar-style":"default","ast-global-header-display":"","ast-banner-title-visibility":"","ast-main-header-display":"","ast-hfb-above-header-display":"","ast-hfb-below-header-display":"","ast-hfb-mobile-header-display":"","site-post-title":"","ast-breadcrumbs-content":"","ast-featured-img":"","footer-sml-layout":"","theme-transparent-header-meta":"default","adv-header-id-meta":"","stick-header-meta":"","header-above-stick-meta":"","header-main-stick-meta":"","header-below-stick-meta":"","astra-migrate-meta-layouts":"set","ast-page-background-enabled":"default","ast-page-background-meta":{"desktop":{"background-color":"var(--ast-global-color-4)","background-image":"","background-repeat":"repeat","background-position":"center center","background-size":"auto","background-attachment":"scroll","background-type":"","background-media":"","overlay-type":"","overlay-color":"","overlay-opacity":"","overlay-gradient":""},"tablet":{"background-color":"","background-image":"","background-repeat":"repeat","background-position":"center center","background-size":"auto","background-attachment":"scroll","background-type":"","background-media":"","overlay-type":"","overlay-color":"","overlay-opacity":"","overlay-gradient":""},"mobile":{"background-color":"","background-image":"","background-repeat":"repeat","background-position":"center center","background-size":"auto","background-attachment":"scroll","background-type":"","background-media":"","overlay-type":"","overlay-color":"","overlay-opacity":"","overlay-gradient":""}},"ast-content-background-meta":{"desktop":{"background-color":"var(--ast-global-color-5)","background-image":"","background-repeat":"repeat","background-position":"center center","background-size":"auto","background-attachment":"scroll","background-type":"","background-media":"","overlay-type":"","overlay-color":"","overlay-opacity":"","overlay-gradient":""},"tablet":{"background-color":"var(--ast-global-color-5)","background-image":"","background-repeat":"repeat","background-position":"center center","background-size":"auto","background-attachment":"scroll","background-type":"","background-media":"","overlay-type":"","overlay-color":"","overlay-opacity":"","overlay-gradient":""},"mobile":{"background-color":"var(--ast-global-color-5)","background-image":"","background-repeat":"repeat","background-position":"center center","background-size":"auto","background-attachment":"scroll","background-type":"","background-media":"","overlay-type":"","overlay-color":"","overlay-opacity":"","overlay-gradient":""}}},"product_brand":[],"product_cat":[34],"product_tag":[49],"class_list":{"0":"post-2931","1":"product","2":"type-product","3":"status-publish","4":"has-post-thumbnail","6":"product_cat-gouaches","7":"product_tag-gouaches","8":"desktop-align-center","9":"tablet-align-left","10":"mobile-align-left","12":"first","13":"outofstock","14":"shipping-taxable","15":"purchasable","16":"product-type-simple"},"yoast_head":"<!-- This site is optimized with the Yoast SEO plugin v26.5 - https:\/\/yoast.com\/wordpress\/plugins\/seo\/ -->\n<title>GOUACH\u00c9 ORIGINAL TOURMALINE A5 - VERONICA CYROT<\/title>\n<meta name=\"robots\" content=\"index, follow, max-snippet:-1, max-image-preview:large, max-video-preview:-1\" \/>\n<link rel=\"canonical\" href=\"http:\/\/www.vcb-paris.com\/en\/product\/gouache-original-tourmaline-a5\/\" \/>\n<meta property=\"og:locale\" content=\"en_US\" \/>\n<meta property=\"og:type\" content=\"article\" \/>\n<meta property=\"og:title\" content=\"GOUACH\u00c9 ORIGINAL TOURMALINE A5 - VERONICA CYROT\" \/>\n<meta property=\"og:description\" content=\"Temps d&#039;envoi : Le temps d&#039;envoi en France m\u00e9tropolitaine est de 5 jours et pour les envois internationales est de 10 \u00e0 15 jours approximativement. Le gouach\u00e9 sera livr\u00e9 sans cadre. Il sera emball\u00e9 avec soin dans une enveloppe renforc\u00e9e.  Commander un Gouach\u00e9 personnalis\u00e9 : Vous pouvez commander le dessin de votre pierre pr\u00e9f\u00e9r\u00e9e, d\u2019une pierre de famille ou bien d&#039;une pierre de naissance si vous le souhaitez. Le temps de fabrication sera d\u2019environ 2 semaines. Mon gouach\u00e9 personnalis\u00e9 Ici  Plus information : Vous pouvez me contacter sur : contact@vcb-paris.com  Suivez-moi sur les r\u00e9seaux : Instagram\u00a0 @veronicacyrot_bijoux Pinterest \u00a0\u00a0veronicacyrot  VOIR MES GOUACH\u00c9S JOAILLIERS  &nbsp;\" \/>\n<meta property=\"og:url\" content=\"http:\/\/www.vcb-paris.com\/en\/product\/gouache-original-tourmaline-a5\/\" \/>\n<meta property=\"og:site_name\" content=\"VERONICA CYROT\" \/>\n<meta property=\"article:publisher\" content=\"https:\/\/www.facebook.com\/veronicacyrotbijoux\" \/>\n<meta property=\"article:modified_time\" content=\"2025-09-23T08:48:45+00:00\" \/>\n<meta property=\"og:image\" content=\"https:\/\/www.vcb-paris.com\/wp-content\/uploads\/2024\/03\/Gouache-Original_-Tourmaline_A5.jpg\" \/>\n\t<meta property=\"og:image:width\" content=\"1500\" \/>\n\t<meta property=\"og:image:height\" content=\"1500\" \/>\n\t<meta property=\"og:image:type\" content=\"image\/jpeg\" \/>\n<meta name=\"twitter:card\" content=\"summary_large_image\" \/>\n<meta name=\"twitter:label1\" content=\"Est. reading time\" \/>\n\t<meta name=\"twitter:data1\" content=\"1 minute\" \/>\n<script type=\"application\/ld+json\" class=\"yoast-schema-graph\">{\"@context\":\"https:\/\/schema.org\",\"@graph\":[{\"@type\":\"WebPage\",\"@id\":\"http:\/\/www.vcb-paris.com\/en\/product\/gouache-original-tourmaline-a5\/\",\"url\":\"http:\/\/www.vcb-paris.com\/en\/product\/gouache-original-tourmaline-a5\/\",\"name\":\"GOUACH\u00c9 ORIGINAL TOURMALINE A5 - VERONICA CYROT\",\"isPartOf\":{\"@id\":\"https:\/\/www.vcb-paris.com\/#website\"},\"primaryImageOfPage\":{\"@id\":\"http:\/\/www.vcb-paris.com\/en\/product\/gouache-original-tourmaline-a5\/#primaryimage\"},\"image\":{\"@id\":\"http:\/\/www.vcb-paris.com\/en\/product\/gouache-original-tourmaline-a5\/#primaryimage\"},\"thumbnailUrl\":\"https:\/\/www.vcb-paris.com\/wp-content\/uploads\/2024\/03\/Gouache-Original_-Tourmaline_A5.jpg\",\"datePublished\":\"2024-03-24T23:11:47+00:00\",\"dateModified\":\"2025-09-23T08:48:45+00:00\",\"breadcrumb\":{\"@id\":\"http:\/\/www.vcb-paris.com\/en\/product\/gouache-original-tourmaline-a5\/#breadcrumb\"},\"inLanguage\":\"en-US\",\"potentialAction\":[{\"@type\":\"ReadAction\",\"target\":[\"http:\/\/www.vcb-paris.com\/en\/product\/gouache-original-tourmaline-a5\/\"]}]},{\"@type\":\"ImageObject\",\"inLanguage\":\"en-US\",\"@id\":\"http:\/\/www.vcb-paris.com\/en\/product\/gouache-original-tourmaline-a5\/#primaryimage\",\"url\":\"https:\/\/www.vcb-paris.com\/wp-content\/uploads\/2024\/03\/Gouache-Original_-Tourmaline_A5.jpg\",\"contentUrl\":\"https:\/\/www.vcb-paris.com\/wp-content\/uploads\/2024\/03\/Gouache-Original_-Tourmaline_A5.jpg\",\"width\":1500,\"height\":1500,\"caption\":\"Dessin gouach\u00e9 Tourmaline rose A5 Canson\"},{\"@type\":\"BreadcrumbList\",\"@id\":\"http:\/\/www.vcb-paris.com\/en\/product\/gouache-original-tourmaline-a5\/#breadcrumb\",\"itemListElement\":[{\"@type\":\"ListItem\",\"position\":1,\"name\":\"Accueil\",\"item\":\"https:\/\/www.vcb-paris.com\/\"},{\"@type\":\"ListItem\",\"position\":2,\"name\":\"Products\",\"item\":\"https:\/\/www.vcb-paris.com\/en\/boutique__trashed\/\"},{\"@type\":\"ListItem\",\"position\":3,\"name\":\"GOUACH\u00c9 ORIGINAL TOURMALINE A5\"}]},{\"@type\":\"WebSite\",\"@id\":\"https:\/\/www.vcb-paris.com\/#website\",\"url\":\"https:\/\/www.vcb-paris.com\/\",\"name\":\"VERONICA CYROT BIJOUX\",\"description\":\"Une id\u00e9e, un dessin, un bijou.\",\"publisher\":{\"@id\":\"https:\/\/www.vcb-paris.com\/#organization\"},\"potentialAction\":[{\"@type\":\"SearchAction\",\"target\":{\"@type\":\"EntryPoint\",\"urlTemplate\":\"https:\/\/www.vcb-paris.com\/?s={search_term_string}\"},\"query-input\":{\"@type\":\"PropertyValueSpecification\",\"valueRequired\":true,\"valueName\":\"search_term_string\"}}],\"inLanguage\":\"en-US\"},{\"@type\":\"Organization\",\"@id\":\"https:\/\/www.vcb-paris.com\/#organization\",\"name\":\"VERONICA CYROT BIJOUX\",\"url\":\"https:\/\/www.vcb-paris.com\/\",\"logo\":{\"@type\":\"ImageObject\",\"inLanguage\":\"en-US\",\"@id\":\"https:\/\/www.vcb-paris.com\/#\/schema\/logo\/image\/\",\"url\":\"https:\/\/www.vcb-paris.com\/wp-content\/uploads\/2022\/09\/Logo-Veronica-Cyrot-Bijoux.svg\",\"contentUrl\":\"https:\/\/www.vcb-paris.com\/wp-content\/uploads\/2022\/09\/Logo-Veronica-Cyrot-Bijoux.svg\",\"width\":160,\"height\":160,\"caption\":\"VERONICA CYROT BIJOUX\"},\"image\":{\"@id\":\"https:\/\/www.vcb-paris.com\/#\/schema\/logo\/image\/\"},\"sameAs\":[\"https:\/\/www.facebook.com\/veronicacyrotbijoux\",\"https:\/\/www.instagram.com\/veronicacyrot_bijoux\/\",\"https:\/\/www.pinterest.fr\/veronicacyrot\/\"]}]}<\/script>\n<!-- \/ Yoast SEO plugin. -->","yoast_head_json":{"title":"GOUACH\u00c9 ORIGINAL TOURMALINE A5 - VERONICA CYROT","robots":{"index":"index","follow":"follow","max-snippet":"max-snippet:-1","max-image-preview":"max-image-preview:large","max-video-preview":"max-video-preview:-1"},"canonical":"http:\/\/www.vcb-paris.com\/en\/product\/gouache-original-tourmaline-a5\/","og_locale":"en_US","og_type":"article","og_title":"GOUACH\u00c9 ORIGINAL TOURMALINE A5 - VERONICA CYROT","og_description":"Temps d'envoi : Le temps d'envoi en France m\u00e9tropolitaine est de 5 jours et pour les envois internationales est de 10 \u00e0 15 jours approximativement. Le gouach\u00e9 sera livr\u00e9 sans cadre. Il sera emball\u00e9 avec soin dans une enveloppe renforc\u00e9e.  Commander un Gouach\u00e9 personnalis\u00e9 : Vous pouvez commander le dessin de votre pierre pr\u00e9f\u00e9r\u00e9e, d\u2019une pierre de famille ou bien d'une pierre de naissance si vous le souhaitez. Le temps de fabrication sera d\u2019environ 2 semaines. Mon gouach\u00e9 personnalis\u00e9 Ici  Plus information : Vous pouvez me contacter sur : contact@vcb-paris.com  Suivez-moi sur les r\u00e9seaux : Instagram\u00a0 @veronicacyrot_bijoux Pinterest \u00a0\u00a0veronicacyrot  VOIR MES GOUACH\u00c9S JOAILLIERS  &nbsp;","og_url":"http:\/\/www.vcb-paris.com\/en\/product\/gouache-original-tourmaline-a5\/","og_site_name":"VERONICA CYROT","article_publisher":"https:\/\/www.facebook.com\/veronicacyrotbijoux","article_modified_time":"2025-09-23T08:48:45+00:00","og_image":[{"width":1500,"height":1500,"url":"https:\/\/www.vcb-paris.com\/wp-content\/uploads\/2024\/03\/Gouache-Original_-Tourmaline_A5.jpg","type":"image\/jpeg"}],"twitter_card":"summary_large_image","twitter_misc":{"Est. reading time":"1 minute"},"schema":{"@context":"https:\/\/schema.org","@graph":[{"@type":"WebPage","@id":"http:\/\/www.vcb-paris.com\/en\/product\/gouache-original-tourmaline-a5\/","url":"http:\/\/www.vcb-paris.com\/en\/product\/gouache-original-tourmaline-a5\/","name":"GOUACH\u00c9 ORIGINAL TOURMALINE A5 - VERONICA CYROT","isPartOf":{"@id":"https:\/\/www.vcb-paris.com\/#website"},"primaryImageOfPage":{"@id":"http:\/\/www.vcb-paris.com\/en\/product\/gouache-original-tourmaline-a5\/#primaryimage"},"image":{"@id":"http:\/\/www.vcb-paris.com\/en\/product\/gouache-original-tourmaline-a5\/#primaryimage"},"thumbnailUrl":"https:\/\/www.vcb-paris.com\/wp-content\/uploads\/2024\/03\/Gouache-Original_-Tourmaline_A5.jpg","datePublished":"2024-03-24T23:11:47+00:00","dateModified":"2025-09-23T08:48:45+00:00","breadcrumb":{"@id":"http:\/\/www.vcb-paris.com\/en\/product\/gouache-original-tourmaline-a5\/#breadcrumb"},"inLanguage":"en-US","potentialAction":[{"@type":"ReadAction","target":["http:\/\/www.vcb-paris.com\/en\/product\/gouache-original-tourmaline-a5\/"]}]},{"@type":"ImageObject","inLanguage":"en-US","@id":"http:\/\/www.vcb-paris.com\/en\/product\/gouache-original-tourmaline-a5\/#primaryimage","url":"https:\/\/www.vcb-paris.com\/wp-content\/uploads\/2024\/03\/Gouache-Original_-Tourmaline_A5.jpg","contentUrl":"https:\/\/www.vcb-paris.com\/wp-content\/uploads\/2024\/03\/Gouache-Original_-Tourmaline_A5.jpg","width":1500,"height":1500,"caption":"Dessin gouach\u00e9 Tourmaline rose A5 Canson"},{"@type":"BreadcrumbList","@id":"http:\/\/www.vcb-paris.com\/en\/product\/gouache-original-tourmaline-a5\/#breadcrumb","itemListElement":[{"@type":"ListItem","position":1,"name":"Accueil","item":"https:\/\/www.vcb-paris.com\/"},{"@type":"ListItem","position":2,"name":"Products","item":"https:\/\/www.vcb-paris.com\/en\/boutique__trashed\/"},{"@type":"ListItem","position":3,"name":"GOUACH\u00c9 ORIGINAL TOURMALINE A5"}]},{"@type":"WebSite","@id":"https:\/\/www.vcb-paris.com\/#website","url":"https:\/\/www.vcb-paris.com\/","name":"VERONICA CYROT BIJOUX","description":"Une id\u00e9e, un dessin, un bijou.","publisher":{"@id":"https:\/\/www.vcb-paris.com\/#organization"},"potentialAction":[{"@type":"SearchAction","target":{"@type":"EntryPoint","urlTemplate":"https:\/\/www.vcb-paris.com\/?s={search_term_string}"},"query-input":{"@type":"PropertyValueSpecification","valueRequired":true,"valueName":"search_term_string"}}],"inLanguage":"en-US"},{"@type":"Organization","@id":"https:\/\/www.vcb-paris.com\/#organization","name":"VERONICA CYROT BIJOUX","url":"https:\/\/www.vcb-paris.com\/","logo":{"@type":"ImageObject","inLanguage":"en-US","@id":"https:\/\/www.vcb-paris.com\/#\/schema\/logo\/image\/","url":"https:\/\/www.vcb-paris.com\/wp-content\/uploads\/2022\/09\/Logo-Veronica-Cyrot-Bijoux.svg","contentUrl":"https:\/\/www.vcb-paris.com\/wp-content\/uploads\/2022\/09\/Logo-Veronica-Cyrot-Bijoux.svg","width":160,"height":160,"caption":"VERONICA CYROT BIJOUX"},"image":{"@id":"https:\/\/www.vcb-paris.com\/#\/schema\/logo\/image\/"},"sameAs":["https:\/\/www.facebook.com\/veronicacyrotbijoux","https:\/\/www.instagram.com\/veronicacyrot_bijoux\/","https:\/\/www.pinterest.fr\/veronicacyrot\/"]}]}},"_links":{"self":[{"href":"http:\/\/www.vcb-paris.com\/en\/wp-json\/wp\/v2\/product\/2931","targetHints":{"allow":["GET"]}}],"collection":[{"href":"http:\/\/www.vcb-paris.com\/en\/wp-json\/wp\/v2\/product"}],"about":[{"href":"http:\/\/www.vcb-paris.com\/en\/wp-json\/wp\/v2\/types\/product"}],"wp:featuredmedia":[{"embeddable":true,"href":"http:\/\/www.vcb-paris.com\/en\/wp-json\/wp\/v2\/media\/2927"}],"wp:attachment":[{"href":"http:\/\/www.vcb-paris.com\/en\/wp-json\/wp\/v2\/media?parent=2931"}],"wp:term":[{"taxonomy":"product_brand","embeddable":true,"href":"http:\/\/www.vcb-paris.com\/en\/wp-json\/wp\/v2\/product_brand?post=2931"},{"taxonomy":"product_cat","embeddable":true,"href":"http:\/\/www.vcb-paris.com\/en\/wp-json\/wp\/v2\/product_cat?post=2931"},{"taxonomy":"product_tag","embeddable":true,"href":"http:\/\/www.vcb-paris.com\/en\/wp-json\/wp\/v2\/product_tag?post=2931"}],"curies":[{"name":"wp","href":"https:\/\/api.w.org\/{rel}","templated":true}]}}